{"id":9689,"date":"2025-04-14T10:07:30","date_gmt":"2025-04-14T08:07:30","guid":{"rendered":"https:\/\/hrdays.net\/?page_id=9689"},"modified":"2025-04-15T14:12:05","modified_gmt":"2025-04-15T12:12:05","slug":"case-study-rasprava-kreiranje-inkluzivnih-okruzenja","status":"publish","type":"page","link":"https:\/\/hrdays.net\/en\/case-study-rasprava-kreiranje-inkluzivnih-okruzenja\/","title":{"rendered":"Case Study &amp; Rasprava: Kreiranje inkluzivnih okru\u017eenja"},"content":{"rendered":"<p>Join us for a panel dedicated to one of the most important challenges and opportunities in the modern business world \u2013 creating inclusive work environments that promote diversity and equality.<\/p>\n\n\n\n<p>In the company of renowned Croatian businesses and their HR experts, you will discover concrete steps, experiences, and strategies they have successfully implemented to create inclusive environments for their employees. Their stories of change, aimed at building better and fairer workplaces, will serve as inspiration and guidance for all attendees.<\/p>\n\n\n\n<p><strong>Ana Josipovi\u0107<br><\/strong>Head Of Human Resources<br>METRO Cash&amp;Carry<\/p>\n\n\n\n<p><strong>Kristijan Cinotti<br><\/strong>Managing Partner<br>Forvis Mazars<\/p>\n\n\n\n<p><strong>Sara Posavec<br><\/strong>Director of People Development<br>Terme Sv. Martin<\/p>\n\n\n\n<p>Don't miss the opportunity to ask questions and participate in a discussion shaping the future of workplace environments!<\/p>\n\n\n\n<p><\/p>","protected":false},"excerpt":{"rendered":"<p>Pridru\u017eite nam se na panelu posve\u0107enom jednom od najva\u017enijih izazova i prilika modernog poslovnog svijeta \u2013 kreiranju inkluzivnih radnih okru\u017eenja koja poti\u010du razli\u010ditost i ravnopravnost. U dru\u0161tvu renomiranih hrvatskih tvrtki i njihovih HR stru\u010dnjaka, otkrit \u0107ete konkretne korake, iskustva i&#8230;<\/p>","protected":false},"author":119,"featured_media":0,"parent":0,"menu_order":0,"comment_status":"closed","ping_status":"closed","template":"","meta":{"_monsterinsights_skip_tracking":false,"_monsterinsights_sitenote_active":false,"_monsterinsights_sitenote_note":"","_monsterinsights_sitenote_category":0,"footnotes":""},"categories":[],"tags":[],"class_list":["post-9689","page","type-page","status-publish","hentry"],"yoast_head":"<!-- This site is optimized with the Yoast SEO plugin v25.3 - https:\/\/yoast.com\/wordpress\/plugins\/seo\/ -->\n<title>Case Study &amp; Rasprava: Kreiranje inkluzivnih okru\u017eenja - HR Days<\/title>\n<meta name=\"robots\" content=\"index, follow, max-snippet:-1, max-image-preview:large, max-video-preview:-1\" \/>\n<link rel=\"canonical\" href=\"https:\/\/hrdays.net\/en\/case-study-rasprava-kreiranje-inkluzivnih-okruzenja\/\" \/>\n<meta property=\"og:locale\" content=\"en_GB\" \/>\n<meta property=\"og:type\" content=\"article\" \/>\n<meta property=\"og:title\" content=\"Case Study &amp; Rasprava: Kreiranje inkluzivnih okru\u017eenja - HR Days\" \/>\n<meta property=\"og:description\" content=\"Pridru\u017eite nam se na panelu posve\u0107enom jednom od najva\u017enijih izazova i prilika modernog poslovnog svijeta \u2013 kreiranju inkluzivnih radnih okru\u017eenja koja poti\u010du razli\u010ditost i ravnopravnost. U dru\u0161tvu renomiranih hrvatskih tvrtki i njihovih HR stru\u010dnjaka, otkrit \u0107ete konkretne korake, iskustva i...\" \/>\n<meta property=\"og:url\" content=\"https:\/\/hrdays.net\/en\/case-study-rasprava-kreiranje-inkluzivnih-okruzenja\/\" \/>\n<meta property=\"og:site_name\" content=\"HR Days\" \/>\n<meta property=\"article:modified_time\" content=\"2025-04-15T12:12:05+00:00\" \/>\n<meta property=\"og:image\" content=\"https:\/\/hrdays.net\/wp-content\/uploads\/2021\/03\/rovinj-conference-2.jpg\" \/>\n\t<meta property=\"og:image:width\" content=\"1200\" \/>\n\t<meta property=\"og:image:height\" content=\"573\" \/>\n\t<meta property=\"og:image:type\" content=\"image\/jpeg\" \/>\n<meta name=\"twitter:card\" content=\"summary_large_image\" \/>\n<meta name=\"twitter:label1\" content=\"Estimated reading time\" \/>\n\t<meta name=\"twitter:data1\" content=\"1 minute\" \/>\n<script type=\"application\/ld+json\" class=\"yoast-schema-graph\">{\"@context\":\"https:\/\/schema.org\",\"@graph\":[{\"@type\":\"WebPage\",\"@id\":\"https:\/\/hrdays.net\/case-study-rasprava-kreiranje-inkluzivnih-okruzenja\/\",\"url\":\"https:\/\/hrdays.net\/case-study-rasprava-kreiranje-inkluzivnih-okruzenja\/\",\"name\":\"Case Study &amp; Rasprava: Kreiranje inkluzivnih okru\u017eenja - HR Days\",\"isPartOf\":{\"@id\":\"https:\/\/hrdays.net\/#website\"},\"datePublished\":\"2025-04-14T08:07:30+00:00\",\"dateModified\":\"2025-04-15T12:12:05+00:00\",\"breadcrumb\":{\"@id\":\"https:\/\/hrdays.net\/case-study-rasprava-kreiranje-inkluzivnih-okruzenja\/#breadcrumb\"},\"inLanguage\":\"en-GB\",\"potentialAction\":[{\"@type\":\"ReadAction\",\"target\":[\"https:\/\/hrdays.net\/case-study-rasprava-kreiranje-inkluzivnih-okruzenja\/\"]}]},{\"@type\":\"BreadcrumbList\",\"@id\":\"https:\/\/hrdays.net\/case-study-rasprava-kreiranje-inkluzivnih-okruzenja\/#breadcrumb\",\"itemListElement\":[{\"@type\":\"ListItem\",\"position\":1,\"name\":\"Home\",\"item\":\"https:\/\/hrdays.net\/\"},{\"@type\":\"ListItem\",\"position\":2,\"name\":\"Case Study &amp; Rasprava: Kreiranje inkluzivnih okru\u017eenja\"}]},{\"@type\":\"WebSite\",\"@id\":\"https:\/\/hrdays.net\/#website\",\"url\":\"https:\/\/hrdays.net\/\",\"name\":\"HR Days\",\"description\":\"HRDays - konferencija o upravljanju ljudskim resursima\",\"potentialAction\":[{\"@type\":\"SearchAction\",\"target\":{\"@type\":\"EntryPoint\",\"urlTemplate\":\"https:\/\/hrdays.net\/?s={search_term_string}\"},\"query-input\":{\"@type\":\"PropertyValueSpecification\",\"valueRequired\":true,\"valueName\":\"search_term_string\"}}],\"inLanguage\":\"en-GB\"}]}<\/script>\n<!-- \/ Yoast SEO plugin. -->","yoast_head_json":{"title":"Case Study &amp; Rasprava: Kreiranje inkluzivnih okru\u017eenja - HR Days","robots":{"index":"index","follow":"follow","max-snippet":"max-snippet:-1","max-image-preview":"max-image-preview:large","max-video-preview":"max-video-preview:-1"},"canonical":"https:\/\/hrdays.net\/en\/case-study-rasprava-kreiranje-inkluzivnih-okruzenja\/","og_locale":"en_GB","og_type":"article","og_title":"Case Study &amp; Rasprava: Kreiranje inkluzivnih okru\u017eenja - HR Days","og_description":"Pridru\u017eite nam se na panelu posve\u0107enom jednom od najva\u017enijih izazova i prilika modernog poslovnog svijeta \u2013 kreiranju inkluzivnih radnih okru\u017eenja koja poti\u010du razli\u010ditost i ravnopravnost. U dru\u0161tvu renomiranih hrvatskih tvrtki i njihovih HR stru\u010dnjaka, otkrit \u0107ete konkretne korake, iskustva i...","og_url":"https:\/\/hrdays.net\/en\/case-study-rasprava-kreiranje-inkluzivnih-okruzenja\/","og_site_name":"HR Days","article_modified_time":"2025-04-15T12:12:05+00:00","og_image":[{"width":1200,"height":573,"url":"https:\/\/hrdays.net\/wp-content\/uploads\/2021\/03\/rovinj-conference-2.jpg","type":"image\/jpeg"}],"twitter_card":"summary_large_image","twitter_misc":{"Estimated reading time":"1 minute"},"schema":{"@context":"https:\/\/schema.org","@graph":[{"@type":"WebPage","@id":"https:\/\/hrdays.net\/case-study-rasprava-kreiranje-inkluzivnih-okruzenja\/","url":"https:\/\/hrdays.net\/case-study-rasprava-kreiranje-inkluzivnih-okruzenja\/","name":"Case Study &amp; Rasprava: Kreiranje inkluzivnih okru\u017eenja - HR Days","isPartOf":{"@id":"https:\/\/hrdays.net\/#website"},"datePublished":"2025-04-14T08:07:30+00:00","dateModified":"2025-04-15T12:12:05+00:00","breadcrumb":{"@id":"https:\/\/hrdays.net\/case-study-rasprava-kreiranje-inkluzivnih-okruzenja\/#breadcrumb"},"inLanguage":"en-GB","potentialAction":[{"@type":"ReadAction","target":["https:\/\/hrdays.net\/case-study-rasprava-kreiranje-inkluzivnih-okruzenja\/"]}]},{"@type":"BreadcrumbList","@id":"https:\/\/hrdays.net\/case-study-rasprava-kreiranje-inkluzivnih-okruzenja\/#breadcrumb","itemListElement":[{"@type":"ListItem","position":1,"name":"Home","item":"https:\/\/hrdays.net\/"},{"@type":"ListItem","position":2,"name":"Case Study &amp; Rasprava: Kreiranje inkluzivnih okru\u017eenja"}]},{"@type":"WebSite","@id":"https:\/\/hrdays.net\/#website","url":"https:\/\/hrdays.net\/","name":"HR Days","description":"HRDays - konferencija o upravljanju ljudskim resursima","potentialAction":[{"@type":"SearchAction","target":{"@type":"EntryPoint","urlTemplate":"https:\/\/hrdays.net\/?s={search_term_string}"},"query-input":{"@type":"PropertyValueSpecification","valueRequired":true,"valueName":"search_term_string"}}],"inLanguage":"en-GB"}]}},"_links":{"self":[{"href":"https:\/\/hrdays.net\/en\/wp-json\/wp\/v2\/pages\/9689","targetHints":{"allow":["GET"]}}],"collection":[{"href":"https:\/\/hrdays.net\/en\/wp-json\/wp\/v2\/pages"}],"about":[{"href":"https:\/\/hrdays.net\/en\/wp-json\/wp\/v2\/types\/page"}],"author":[{"embeddable":true,"href":"https:\/\/hrdays.net\/en\/wp-json\/wp\/v2\/users\/119"}],"replies":[{"embeddable":true,"href":"https:\/\/hrdays.net\/en\/wp-json\/wp\/v2\/comments?post=9689"}],"version-history":[{"count":3,"href":"https:\/\/hrdays.net\/en\/wp-json\/wp\/v2\/pages\/9689\/revisions"}],"predecessor-version":[{"id":9725,"href":"https:\/\/hrdays.net\/en\/wp-json\/wp\/v2\/pages\/9689\/revisions\/9725"}],"wp:attachment":[{"href":"https:\/\/hrdays.net\/en\/wp-json\/wp\/v2\/media?parent=9689"}],"wp:term":[{"taxonomy":"category","embeddable":true,"href":"https:\/\/hrdays.net\/en\/wp-json\/wp\/v2\/categories?post=9689"},{"taxonomy":"post_tag","embeddable":true,"href":"https:\/\/hrdays.net\/en\/wp-json\/wp\/v2\/tags?post=9689"}],"curies":[{"name":"wp","href":"https:\/\/api.w.org\/{rel}","templated":true}]}}