{"id":9685,"date":"2025-04-14T09:26:58","date_gmt":"2025-04-14T07:26:58","guid":{"rendered":"https:\/\/hrdays.net\/?page_id=9685"},"modified":"2025-04-14T09:26:58","modified_gmt":"2025-04-14T07:26:58","slug":"predavanje-odmor-kao-investicija-istrazivanja-oporavka-od-posla-na-hrvatskim-zaposlenicima","status":"publish","type":"page","link":"https:\/\/hrdays.net\/en\/predavanje-odmor-kao-investicija-istrazivanja-oporavka-od-posla-na-hrvatskim-zaposlenicima\/","title":{"rendered":"PREDAVANJE: Odmor kao investicija: Istra\u017eivanja oporavka od posla na hrvatskim zaposlenicima"},"content":{"rendered":"<p>Ma\u0161a will discuss the importance of how employees spend their free time\u2014not just for their well-being but also for their job performance. She will share findings from multiple studies on this topic conducted over the past 10 years with colleagues and students from the University of Zagreb. The results, based on a sample of a few thousand participants, clearly highlight the positive impact of work recovery strategies, such as reduced stress and burnout, alongside increased work engagement and job satisfaction. The lecture will also explore group differences in specific recovery strategies: psychological detachment, relaxation, skill-enhancing activities, and control over free time, emphasizing the factors that contribute to more effective recovery. It will conclude with practical guidelines for improving work recovery at both individual and organizational levels.<\/p>","protected":false},"excerpt":{"rendered":"<p>Ove \u0107e godine na HR Days Ma\u0161a pri\u010dati o va\u017enosti toga kako zaposlenici provode svoje slobodno vrijeme, ne samo za njihovu dobrobit ve\u0107 i za radnu uspje\u0161nost. S publikom \u0107e podijeliti nalaze vi\u0161estrukih istra\u017eivanja na tu temu, koja zadnjih 10&#8230;<\/p>","protected":false},"author":119,"featured_media":0,"parent":0,"menu_order":0,"comment_status":"closed","ping_status":"closed","template":"","meta":{"_monsterinsights_skip_tracking":false,"_monsterinsights_sitenote_active":false,"_monsterinsights_sitenote_note":"","_monsterinsights_sitenote_category":0,"footnotes":""},"categories":[],"tags":[],"class_list":["post-9685","page","type-page","status-publish","hentry"],"yoast_head":"<!-- This site is optimized with the Yoast SEO plugin v25.3 - https:\/\/yoast.com\/wordpress\/plugins\/seo\/ -->\n<title>PREDAVANJE: Odmor kao investicija: Istra\u017eivanja oporavka od posla na hrvatskim zaposlenicima - HR Days<\/title>\n<meta name=\"robots\" content=\"index, follow, max-snippet:-1, max-image-preview:large, max-video-preview:-1\" \/>\n<link rel=\"canonical\" href=\"https:\/\/hrdays.net\/en\/predavanje-odmor-kao-investicija-istrazivanja-oporavka-od-posla-na-hrvatskim-zaposlenicima\/\" \/>\n<meta property=\"og:locale\" content=\"en_GB\" \/>\n<meta property=\"og:type\" content=\"article\" \/>\n<meta property=\"og:title\" content=\"PREDAVANJE: Odmor kao investicija: Istra\u017eivanja oporavka od posla na hrvatskim zaposlenicima - HR Days\" \/>\n<meta property=\"og:description\" content=\"Ove \u0107e godine na HR Days Ma\u0161a pri\u010dati o va\u017enosti toga kako zaposlenici provode svoje slobodno vrijeme, ne samo za njihovu dobrobit ve\u0107 i za radnu uspje\u0161nost. S publikom \u0107e podijeliti nalaze vi\u0161estrukih istra\u017eivanja na tu temu, koja zadnjih 10...\" \/>\n<meta property=\"og:url\" content=\"https:\/\/hrdays.net\/en\/predavanje-odmor-kao-investicija-istrazivanja-oporavka-od-posla-na-hrvatskim-zaposlenicima\/\" \/>\n<meta property=\"og:site_name\" content=\"HR Days\" \/>\n<meta property=\"og:image\" content=\"https:\/\/hrdays.net\/wp-content\/uploads\/2021\/03\/rovinj-conference-2.jpg\" \/>\n\t<meta property=\"og:image:width\" content=\"1200\" \/>\n\t<meta property=\"og:image:height\" content=\"573\" \/>\n\t<meta property=\"og:image:type\" content=\"image\/jpeg\" \/>\n<meta name=\"twitter:card\" content=\"summary_large_image\" \/>\n<meta name=\"twitter:label1\" content=\"Estimated reading time\" \/>\n\t<meta name=\"twitter:data1\" content=\"1 minute\" \/>\n<script type=\"application\/ld+json\" class=\"yoast-schema-graph\">{\"@context\":\"https:\/\/schema.org\",\"@graph\":[{\"@type\":\"WebPage\",\"@id\":\"https:\/\/hrdays.net\/en\/predavanje-odmor-kao-investicija-istrazivanja-oporavka-od-posla-na-hrvatskim-zaposlenicima\/\",\"url\":\"https:\/\/hrdays.net\/en\/predavanje-odmor-kao-investicija-istrazivanja-oporavka-od-posla-na-hrvatskim-zaposlenicima\/\",\"name\":\"PREDAVANJE: Odmor kao investicija: Istra\u017eivanja oporavka od posla na hrvatskim zaposlenicima - HR Days\",\"isPartOf\":{\"@id\":\"https:\/\/hrdays.net\/#website\"},\"datePublished\":\"2025-04-14T07:26:58+00:00\",\"breadcrumb\":{\"@id\":\"https:\/\/hrdays.net\/en\/predavanje-odmor-kao-investicija-istrazivanja-oporavka-od-posla-na-hrvatskim-zaposlenicima\/#breadcrumb\"},\"inLanguage\":\"en-GB\",\"potentialAction\":[{\"@type\":\"ReadAction\",\"target\":[\"https:\/\/hrdays.net\/en\/predavanje-odmor-kao-investicija-istrazivanja-oporavka-od-posla-na-hrvatskim-zaposlenicima\/\"]}]},{\"@type\":\"BreadcrumbList\",\"@id\":\"https:\/\/hrdays.net\/en\/predavanje-odmor-kao-investicija-istrazivanja-oporavka-od-posla-na-hrvatskim-zaposlenicima\/#breadcrumb\",\"itemListElement\":[{\"@type\":\"ListItem\",\"position\":1,\"name\":\"Home\",\"item\":\"https:\/\/hrdays.net\/\"},{\"@type\":\"ListItem\",\"position\":2,\"name\":\"PREDAVANJE: Odmor kao investicija: Istra\u017eivanja oporavka od posla na hrvatskim zaposlenicima\"}]},{\"@type\":\"WebSite\",\"@id\":\"https:\/\/hrdays.net\/#website\",\"url\":\"https:\/\/hrdays.net\/\",\"name\":\"HR Days\",\"description\":\"HRDays - konferencija o upravljanju ljudskim resursima\",\"potentialAction\":[{\"@type\":\"SearchAction\",\"target\":{\"@type\":\"EntryPoint\",\"urlTemplate\":\"https:\/\/hrdays.net\/?s={search_term_string}\"},\"query-input\":{\"@type\":\"PropertyValueSpecification\",\"valueRequired\":true,\"valueName\":\"search_term_string\"}}],\"inLanguage\":\"en-GB\"}]}<\/script>\n<!-- \/ Yoast SEO plugin. -->","yoast_head_json":{"title":"PREDAVANJE: Odmor kao investicija: Istra\u017eivanja oporavka od posla na hrvatskim zaposlenicima - HR Days","robots":{"index":"index","follow":"follow","max-snippet":"max-snippet:-1","max-image-preview":"max-image-preview:large","max-video-preview":"max-video-preview:-1"},"canonical":"https:\/\/hrdays.net\/en\/predavanje-odmor-kao-investicija-istrazivanja-oporavka-od-posla-na-hrvatskim-zaposlenicima\/","og_locale":"en_GB","og_type":"article","og_title":"PREDAVANJE: Odmor kao investicija: Istra\u017eivanja oporavka od posla na hrvatskim zaposlenicima - HR Days","og_description":"Ove \u0107e godine na HR Days Ma\u0161a pri\u010dati o va\u017enosti toga kako zaposlenici provode svoje slobodno vrijeme, ne samo za njihovu dobrobit ve\u0107 i za radnu uspje\u0161nost. S publikom \u0107e podijeliti nalaze vi\u0161estrukih istra\u017eivanja na tu temu, koja zadnjih 10...","og_url":"https:\/\/hrdays.net\/en\/predavanje-odmor-kao-investicija-istrazivanja-oporavka-od-posla-na-hrvatskim-zaposlenicima\/","og_site_name":"HR Days","og_image":[{"width":1200,"height":573,"url":"https:\/\/hrdays.net\/wp-content\/uploads\/2021\/03\/rovinj-conference-2.jpg","type":"image\/jpeg"}],"twitter_card":"summary_large_image","twitter_misc":{"Estimated reading time":"1 minute"},"schema":{"@context":"https:\/\/schema.org","@graph":[{"@type":"WebPage","@id":"https:\/\/hrdays.net\/en\/predavanje-odmor-kao-investicija-istrazivanja-oporavka-od-posla-na-hrvatskim-zaposlenicima\/","url":"https:\/\/hrdays.net\/en\/predavanje-odmor-kao-investicija-istrazivanja-oporavka-od-posla-na-hrvatskim-zaposlenicima\/","name":"PREDAVANJE: Odmor kao investicija: Istra\u017eivanja oporavka od posla na hrvatskim zaposlenicima - HR Days","isPartOf":{"@id":"https:\/\/hrdays.net\/#website"},"datePublished":"2025-04-14T07:26:58+00:00","breadcrumb":{"@id":"https:\/\/hrdays.net\/en\/predavanje-odmor-kao-investicija-istrazivanja-oporavka-od-posla-na-hrvatskim-zaposlenicima\/#breadcrumb"},"inLanguage":"en-GB","potentialAction":[{"@type":"ReadAction","target":["https:\/\/hrdays.net\/en\/predavanje-odmor-kao-investicija-istrazivanja-oporavka-od-posla-na-hrvatskim-zaposlenicima\/"]}]},{"@type":"BreadcrumbList","@id":"https:\/\/hrdays.net\/en\/predavanje-odmor-kao-investicija-istrazivanja-oporavka-od-posla-na-hrvatskim-zaposlenicima\/#breadcrumb","itemListElement":[{"@type":"ListItem","position":1,"name":"Home","item":"https:\/\/hrdays.net\/"},{"@type":"ListItem","position":2,"name":"PREDAVANJE: Odmor kao investicija: Istra\u017eivanja oporavka od posla na hrvatskim zaposlenicima"}]},{"@type":"WebSite","@id":"https:\/\/hrdays.net\/#website","url":"https:\/\/hrdays.net\/","name":"HR Days","description":"HRDays - konferencija o upravljanju ljudskim resursima","potentialAction":[{"@type":"SearchAction","target":{"@type":"EntryPoint","urlTemplate":"https:\/\/hrdays.net\/?s={search_term_string}"},"query-input":{"@type":"PropertyValueSpecification","valueRequired":true,"valueName":"search_term_string"}}],"inLanguage":"en-GB"}]}},"_links":{"self":[{"href":"https:\/\/hrdays.net\/en\/wp-json\/wp\/v2\/pages\/9685","targetHints":{"allow":["GET"]}}],"collection":[{"href":"https:\/\/hrdays.net\/en\/wp-json\/wp\/v2\/pages"}],"about":[{"href":"https:\/\/hrdays.net\/en\/wp-json\/wp\/v2\/types\/page"}],"author":[{"embeddable":true,"href":"https:\/\/hrdays.net\/en\/wp-json\/wp\/v2\/users\/119"}],"replies":[{"embeddable":true,"href":"https:\/\/hrdays.net\/en\/wp-json\/wp\/v2\/comments?post=9685"}],"version-history":[{"count":1,"href":"https:\/\/hrdays.net\/en\/wp-json\/wp\/v2\/pages\/9685\/revisions"}],"predecessor-version":[{"id":9686,"href":"https:\/\/hrdays.net\/en\/wp-json\/wp\/v2\/pages\/9685\/revisions\/9686"}],"wp:attachment":[{"href":"https:\/\/hrdays.net\/en\/wp-json\/wp\/v2\/media?parent=9685"}],"wp:term":[{"taxonomy":"category","embeddable":true,"href":"https:\/\/hrdays.net\/en\/wp-json\/wp\/v2\/categories?post=9685"},{"taxonomy":"post_tag","embeddable":true,"href":"https:\/\/hrdays.net\/en\/wp-json\/wp\/v2\/tags?post=9685"}],"curies":[{"name":"wp","href":"https:\/\/api.w.org\/{rel}","templated":true}]}}