{"id":9647,"date":"2025-04-09T14:10:14","date_gmt":"2025-04-09T12:10:14","guid":{"rendered":"https:\/\/hrdays.net\/?page_id=9647"},"modified":"2025-04-09T14:10:14","modified_gmt":"2025-04-09T12:10:14","slug":"hr-parlaonica-svijet-mogucnosti-ili-svijet-izazova-domaci-i-strani-zaposlenici","status":"publish","type":"page","link":"https:\/\/hrdays.net\/en\/hr-parlaonica-svijet-mogucnosti-ili-svijet-izazova-domaci-i-strani-zaposlenici\/","title":{"rendered":"HR PARLAONICA \u201cSvijet mogu\u0107nosti ili svijet izazova \u2013 doma\u0107i i strani zaposlenici\u201c"},"content":{"rendered":"<p>Ulazimo u svijet razli\u010ditosti i prilika! Moderatorica <a href=\"https:\/\/hrdays.net\/en\/speaker\/nada-kozina\/\"><strong>Nada Kozina<\/strong><\/a>, HR direktor u M\u00f6venpick Hotel &amp; Residences Kvarner Bay, vodi nas kroz aktualnu i va\u017enu temu \u2013 kako doma\u0107i i strani zaposlenici zajedno stvaraju uspje\u0161ne timove u dinami\u010dnim radnim okru\u017eenjima.<\/p>\n\n\n\n<p>At this interactive event, local HR experts will share their successful strategies and inspiring stories, while we will explore together:<\/p>\n\n\n\n<ul class=\"wp-block-list\">\n<li>How to effectively integrate foreign employees into local teams?<\/li>\n\n\n\n<li>How to enrich workplace culture through diversity?<\/li>\n\n\n\n<li>What challenges and opportunities await the global labor market?<\/li>\n<\/ul>\n\n\n\n<p>This is an opportunity to create concrete solutions for the future and learn from various perspectives.<\/p>","protected":false},"excerpt":{"rendered":"<p>Ulazimo u svijet razli\u010ditosti i prilika! Moderatorica Nada Kozina, HR direktor u M\u00f6venpick Hotel &amp; Residences Kvarner Bay, vodi nas kroz aktualnu i va\u017enu temu \u2013 kako doma\u0107i i strani zaposlenici zajedno stvaraju uspje\u0161ne timove u dinami\u010dnim radnim okru\u017eenjima. Na&#8230;<\/p>","protected":false},"author":119,"featured_media":0,"parent":0,"menu_order":0,"comment_status":"closed","ping_status":"closed","template":"","meta":{"_monsterinsights_skip_tracking":false,"_monsterinsights_sitenote_active":false,"_monsterinsights_sitenote_note":"","_monsterinsights_sitenote_category":0,"footnotes":""},"categories":[],"tags":[],"class_list":["post-9647","page","type-page","status-publish","hentry"],"yoast_head":"<!-- This site is optimized with the Yoast SEO plugin v25.3 - https:\/\/yoast.com\/wordpress\/plugins\/seo\/ -->\n<title>HR PARLAONICA \u201cSvijet mogu\u0107nosti ili svijet izazova \u2013 doma\u0107i i strani zaposlenici\u201c - HR Days<\/title>\n<meta name=\"robots\" content=\"index, follow, max-snippet:-1, max-image-preview:large, max-video-preview:-1\" \/>\n<link rel=\"canonical\" href=\"https:\/\/hrdays.net\/en\/hr-parlaonica-svijet-mogucnosti-ili-svijet-izazova-domaci-i-strani-zaposlenici\/\" \/>\n<meta property=\"og:locale\" content=\"en_GB\" \/>\n<meta property=\"og:type\" content=\"article\" \/>\n<meta property=\"og:title\" content=\"HR PARLAONICA \u201cSvijet mogu\u0107nosti ili svijet izazova \u2013 doma\u0107i i strani zaposlenici\u201c - HR Days\" \/>\n<meta property=\"og:description\" content=\"Ulazimo u svijet razli\u010ditosti i prilika! Moderatorica Nada Kozina, HR direktor u M\u00f6venpick Hotel &amp; Residences Kvarner Bay, vodi nas kroz aktualnu i va\u017enu temu \u2013 kako doma\u0107i i strani zaposlenici zajedno stvaraju uspje\u0161ne timove u dinami\u010dnim radnim okru\u017eenjima. Na...\" \/>\n<meta property=\"og:url\" content=\"https:\/\/hrdays.net\/en\/hr-parlaonica-svijet-mogucnosti-ili-svijet-izazova-domaci-i-strani-zaposlenici\/\" \/>\n<meta property=\"og:site_name\" content=\"HR Days\" \/>\n<meta property=\"og:image\" content=\"https:\/\/hrdays.net\/wp-content\/uploads\/2021\/03\/rovinj-conference-2.jpg\" \/>\n\t<meta property=\"og:image:width\" content=\"1200\" \/>\n\t<meta property=\"og:image:height\" content=\"573\" \/>\n\t<meta property=\"og:image:type\" content=\"image\/jpeg\" \/>\n<meta name=\"twitter:card\" content=\"summary_large_image\" \/>\n<meta name=\"twitter:label1\" content=\"Estimated reading time\" \/>\n\t<meta name=\"twitter:data1\" content=\"1 minute\" \/>\n<script type=\"application\/ld+json\" class=\"yoast-schema-graph\">{\"@context\":\"https:\/\/schema.org\",\"@graph\":[{\"@type\":\"WebPage\",\"@id\":\"https:\/\/hrdays.net\/hr-parlaonica-svijet-mogucnosti-ili-svijet-izazova-domaci-i-strani-zaposlenici\/\",\"url\":\"https:\/\/hrdays.net\/hr-parlaonica-svijet-mogucnosti-ili-svijet-izazova-domaci-i-strani-zaposlenici\/\",\"name\":\"HR PARLAONICA \u201cSvijet mogu\u0107nosti ili svijet izazova \u2013 doma\u0107i i strani zaposlenici\u201c - HR Days\",\"isPartOf\":{\"@id\":\"https:\/\/hrdays.net\/#website\"},\"datePublished\":\"2025-04-09T12:10:14+00:00\",\"breadcrumb\":{\"@id\":\"https:\/\/hrdays.net\/hr-parlaonica-svijet-mogucnosti-ili-svijet-izazova-domaci-i-strani-zaposlenici\/#breadcrumb\"},\"inLanguage\":\"en-GB\",\"potentialAction\":[{\"@type\":\"ReadAction\",\"target\":[\"https:\/\/hrdays.net\/hr-parlaonica-svijet-mogucnosti-ili-svijet-izazova-domaci-i-strani-zaposlenici\/\"]}]},{\"@type\":\"BreadcrumbList\",\"@id\":\"https:\/\/hrdays.net\/hr-parlaonica-svijet-mogucnosti-ili-svijet-izazova-domaci-i-strani-zaposlenici\/#breadcrumb\",\"itemListElement\":[{\"@type\":\"ListItem\",\"position\":1,\"name\":\"Home\",\"item\":\"https:\/\/hrdays.net\/\"},{\"@type\":\"ListItem\",\"position\":2,\"name\":\"HR PARLAONICA \u201cSvijet mogu\u0107nosti ili svijet izazova \u2013 doma\u0107i i strani zaposlenici\u201c\"}]},{\"@type\":\"WebSite\",\"@id\":\"https:\/\/hrdays.net\/#website\",\"url\":\"https:\/\/hrdays.net\/\",\"name\":\"HR Days\",\"description\":\"HRDays - konferencija o upravljanju ljudskim resursima\",\"potentialAction\":[{\"@type\":\"SearchAction\",\"target\":{\"@type\":\"EntryPoint\",\"urlTemplate\":\"https:\/\/hrdays.net\/?s={search_term_string}\"},\"query-input\":{\"@type\":\"PropertyValueSpecification\",\"valueRequired\":true,\"valueName\":\"search_term_string\"}}],\"inLanguage\":\"en-GB\"}]}<\/script>\n<!-- \/ Yoast SEO plugin. -->","yoast_head_json":{"title":"HR PARLAONICA \u201cSvijet mogu\u0107nosti ili svijet izazova \u2013 doma\u0107i i strani zaposlenici\u201c - HR Days","robots":{"index":"index","follow":"follow","max-snippet":"max-snippet:-1","max-image-preview":"max-image-preview:large","max-video-preview":"max-video-preview:-1"},"canonical":"https:\/\/hrdays.net\/en\/hr-parlaonica-svijet-mogucnosti-ili-svijet-izazova-domaci-i-strani-zaposlenici\/","og_locale":"en_GB","og_type":"article","og_title":"HR PARLAONICA \u201cSvijet mogu\u0107nosti ili svijet izazova \u2013 doma\u0107i i strani zaposlenici\u201c - HR Days","og_description":"Ulazimo u svijet razli\u010ditosti i prilika! Moderatorica Nada Kozina, HR direktor u M\u00f6venpick Hotel &amp; Residences Kvarner Bay, vodi nas kroz aktualnu i va\u017enu temu \u2013 kako doma\u0107i i strani zaposlenici zajedno stvaraju uspje\u0161ne timove u dinami\u010dnim radnim okru\u017eenjima. Na...","og_url":"https:\/\/hrdays.net\/en\/hr-parlaonica-svijet-mogucnosti-ili-svijet-izazova-domaci-i-strani-zaposlenici\/","og_site_name":"HR Days","og_image":[{"width":1200,"height":573,"url":"https:\/\/hrdays.net\/wp-content\/uploads\/2021\/03\/rovinj-conference-2.jpg","type":"image\/jpeg"}],"twitter_card":"summary_large_image","twitter_misc":{"Estimated reading time":"1 minute"},"schema":{"@context":"https:\/\/schema.org","@graph":[{"@type":"WebPage","@id":"https:\/\/hrdays.net\/hr-parlaonica-svijet-mogucnosti-ili-svijet-izazova-domaci-i-strani-zaposlenici\/","url":"https:\/\/hrdays.net\/hr-parlaonica-svijet-mogucnosti-ili-svijet-izazova-domaci-i-strani-zaposlenici\/","name":"HR PARLAONICA \u201cSvijet mogu\u0107nosti ili svijet izazova \u2013 doma\u0107i i strani zaposlenici\u201c - HR Days","isPartOf":{"@id":"https:\/\/hrdays.net\/#website"},"datePublished":"2025-04-09T12:10:14+00:00","breadcrumb":{"@id":"https:\/\/hrdays.net\/hr-parlaonica-svijet-mogucnosti-ili-svijet-izazova-domaci-i-strani-zaposlenici\/#breadcrumb"},"inLanguage":"en-GB","potentialAction":[{"@type":"ReadAction","target":["https:\/\/hrdays.net\/hr-parlaonica-svijet-mogucnosti-ili-svijet-izazova-domaci-i-strani-zaposlenici\/"]}]},{"@type":"BreadcrumbList","@id":"https:\/\/hrdays.net\/hr-parlaonica-svijet-mogucnosti-ili-svijet-izazova-domaci-i-strani-zaposlenici\/#breadcrumb","itemListElement":[{"@type":"ListItem","position":1,"name":"Home","item":"https:\/\/hrdays.net\/"},{"@type":"ListItem","position":2,"name":"HR PARLAONICA \u201cSvijet mogu\u0107nosti ili svijet izazova \u2013 doma\u0107i i strani zaposlenici\u201c"}]},{"@type":"WebSite","@id":"https:\/\/hrdays.net\/#website","url":"https:\/\/hrdays.net\/","name":"HR Days","description":"HRDays - konferencija o upravljanju ljudskim resursima","potentialAction":[{"@type":"SearchAction","target":{"@type":"EntryPoint","urlTemplate":"https:\/\/hrdays.net\/?s={search_term_string}"},"query-input":{"@type":"PropertyValueSpecification","valueRequired":true,"valueName":"search_term_string"}}],"inLanguage":"en-GB"}]}},"_links":{"self":[{"href":"https:\/\/hrdays.net\/en\/wp-json\/wp\/v2\/pages\/9647","targetHints":{"allow":["GET"]}}],"collection":[{"href":"https:\/\/hrdays.net\/en\/wp-json\/wp\/v2\/pages"}],"about":[{"href":"https:\/\/hrdays.net\/en\/wp-json\/wp\/v2\/types\/page"}],"author":[{"embeddable":true,"href":"https:\/\/hrdays.net\/en\/wp-json\/wp\/v2\/users\/119"}],"replies":[{"embeddable":true,"href":"https:\/\/hrdays.net\/en\/wp-json\/wp\/v2\/comments?post=9647"}],"version-history":[{"count":1,"href":"https:\/\/hrdays.net\/en\/wp-json\/wp\/v2\/pages\/9647\/revisions"}],"predecessor-version":[{"id":9648,"href":"https:\/\/hrdays.net\/en\/wp-json\/wp\/v2\/pages\/9647\/revisions\/9648"}],"wp:attachment":[{"href":"https:\/\/hrdays.net\/en\/wp-json\/wp\/v2\/media?parent=9647"}],"wp:term":[{"taxonomy":"category","embeddable":true,"href":"https:\/\/hrdays.net\/en\/wp-json\/wp\/v2\/categories?post=9647"},{"taxonomy":"post_tag","embeddable":true,"href":"https:\/\/hrdays.net\/en\/wp-json\/wp\/v2\/tags?post=9647"}],"curies":[{"name":"wp","href":"https:\/\/api.w.org\/{rel}","templated":true}]}}