{"id":9645,"date":"2025-04-09T14:09:55","date_gmt":"2025-04-09T12:09:55","guid":{"rendered":"https:\/\/hrdays.net\/?page_id=9645"},"modified":"2025-04-09T14:09:56","modified_gmt":"2025-04-09T12:09:56","slug":"hr-parlaonica-transparentnost-placa-kamen-temeljac-pravednosti-ili-teret-za-poslodavce-by-selectio-grupa","status":"publish","type":"page","link":"https:\/\/hrdays.net\/en\/hr-parlaonica-transparentnost-placa-kamen-temeljac-pravednosti-ili-teret-za-poslodavce-by-selectio-grupa\/","title":{"rendered":"HR PARLAONICA: \u201cTransparentnost pla\u0107a: Kamen temeljac pravednosti ili teret za poslodavce?\u201d by SELECTIO GRUPA"},"content":{"rendered":"<p>We invite you to the HR Talk, where we will discuss one of the most current topics with HR experts from leading companies \u2013 EU directives on salary transparency and gender equality in leadership positions.<\/p>\n\n\n\n<p>How will these directives impact business operations and HR strategies? Will they increase fairness or bring new challenges?<\/p>\n\n\n\n<p>On this topic, the following experts will share their views, reflections, and practical solutions:<\/p>\n\n\n\n<p><strong>Mojca Domiter<\/strong><br>People and Culture Senior Executive Director<br>Atlantic Grupa<\/p>\n\n\n\n<p><strong>Danijela Govor\u010dinovi\u0107<\/strong><br>HR Director<br>Heineken Croatia<\/p>\n\n\n\n<p><strong>Andrija Vrhovnik<\/strong><br>Senior People Analytics Specialist<br>A1 Croatia<\/p>\n\n\n\n<p><strong>Ivna Lona\u010dari\u0107<\/strong><br>Learning and Development Manager<br>Infinum<\/p>\n\n\n\n<p>Parlaonicu \u0107e moderirati&nbsp;<a href=\"https:\/\/hrdays.net\/en\/speaker\/lara-subic-susa\/\"><strong>Lara \u0160ubi\u0107 \u0160u\u0161a<\/strong><\/a>, voditeljica certifikata Employer Partner i Equal Pay Champion iz SELECTIO Grupe.<\/p>\n\n\n\n<p>If you are interested in this topic and want to participate in the discussion, join us for a dynamic debate on the future of the labor market and corporate responsibility!<\/p>","protected":false},"excerpt":{"rendered":"<p>Pozivamo vas na HR Parlaonicu, gdje \u0107emo s HR stru\u010dnjacima vode\u0107ih kompanija raspraviti jednu od najaktualnijih tema \u2013 EU direktive o transparentnosti pla\u0107a i rodnoj ravnopravnosti na rukovode\u0107im pozicijama. Kako \u0107e ove direktive utjecati na poslovanje i HR strategije? Ho\u0107e&#8230;<\/p>","protected":false},"author":119,"featured_media":0,"parent":0,"menu_order":0,"comment_status":"closed","ping_status":"closed","template":"","meta":{"_monsterinsights_skip_tracking":false,"_monsterinsights_sitenote_active":false,"_monsterinsights_sitenote_note":"","_monsterinsights_sitenote_category":0,"footnotes":""},"categories":[],"tags":[],"class_list":["post-9645","page","type-page","status-publish","hentry"],"yoast_head":"<!-- This site is optimized with the Yoast SEO plugin v25.3 - https:\/\/yoast.com\/wordpress\/plugins\/seo\/ -->\n<title>HR PARLAONICA: \u201cTransparentnost pla\u0107a: Kamen temeljac pravednosti ili teret za poslodavce?\u201d by SELECTIO GRUPA - HR Days<\/title>\n<meta name=\"robots\" content=\"index, follow, max-snippet:-1, max-image-preview:large, max-video-preview:-1\" \/>\n<link rel=\"canonical\" href=\"https:\/\/hrdays.net\/en\/hr-parlaonica-transparentnost-placa-kamen-temeljac-pravednosti-ili-teret-za-poslodavce-by-selectio-grupa\/\" \/>\n<meta property=\"og:locale\" content=\"en_GB\" \/>\n<meta property=\"og:type\" content=\"article\" \/>\n<meta property=\"og:title\" content=\"HR PARLAONICA: \u201cTransparentnost pla\u0107a: Kamen temeljac pravednosti ili teret za poslodavce?\u201d by SELECTIO GRUPA - HR Days\" \/>\n<meta property=\"og:description\" content=\"Pozivamo vas na HR Parlaonicu, gdje \u0107emo s HR stru\u010dnjacima vode\u0107ih kompanija raspraviti jednu od najaktualnijih tema \u2013 EU direktive o transparentnosti pla\u0107a i rodnoj ravnopravnosti na rukovode\u0107im pozicijama. Kako \u0107e ove direktive utjecati na poslovanje i HR strategije? Ho\u0107e...\" \/>\n<meta property=\"og:url\" content=\"https:\/\/hrdays.net\/en\/hr-parlaonica-transparentnost-placa-kamen-temeljac-pravednosti-ili-teret-za-poslodavce-by-selectio-grupa\/\" \/>\n<meta property=\"og:site_name\" content=\"HR Days\" \/>\n<meta property=\"article:modified_time\" content=\"2025-04-09T12:09:56+00:00\" \/>\n<meta property=\"og:image\" content=\"https:\/\/hrdays.net\/wp-content\/uploads\/2021\/03\/rovinj-conference-2.jpg\" \/>\n\t<meta property=\"og:image:width\" content=\"1200\" \/>\n\t<meta property=\"og:image:height\" content=\"573\" \/>\n\t<meta property=\"og:image:type\" content=\"image\/jpeg\" \/>\n<meta name=\"twitter:card\" content=\"summary_large_image\" \/>\n<meta name=\"twitter:label1\" content=\"Estimated reading time\" \/>\n\t<meta name=\"twitter:data1\" content=\"1 minute\" \/>\n<script type=\"application\/ld+json\" class=\"yoast-schema-graph\">{\"@context\":\"https:\/\/schema.org\",\"@graph\":[{\"@type\":\"WebPage\",\"@id\":\"https:\/\/hrdays.net\/hr-parlaonica-transparentnost-placa-kamen-temeljac-pravednosti-ili-teret-za-poslodavce-by-selectio-grupa\/\",\"url\":\"https:\/\/hrdays.net\/hr-parlaonica-transparentnost-placa-kamen-temeljac-pravednosti-ili-teret-za-poslodavce-by-selectio-grupa\/\",\"name\":\"HR PARLAONICA: \u201cTransparentnost pla\u0107a: Kamen temeljac pravednosti ili teret za poslodavce?\u201d by SELECTIO GRUPA - HR Days\",\"isPartOf\":{\"@id\":\"https:\/\/hrdays.net\/#website\"},\"datePublished\":\"2025-04-09T12:09:55+00:00\",\"dateModified\":\"2025-04-09T12:09:56+00:00\",\"breadcrumb\":{\"@id\":\"https:\/\/hrdays.net\/hr-parlaonica-transparentnost-placa-kamen-temeljac-pravednosti-ili-teret-za-poslodavce-by-selectio-grupa\/#breadcrumb\"},\"inLanguage\":\"en-GB\",\"potentialAction\":[{\"@type\":\"ReadAction\",\"target\":[\"https:\/\/hrdays.net\/hr-parlaonica-transparentnost-placa-kamen-temeljac-pravednosti-ili-teret-za-poslodavce-by-selectio-grupa\/\"]}]},{\"@type\":\"BreadcrumbList\",\"@id\":\"https:\/\/hrdays.net\/hr-parlaonica-transparentnost-placa-kamen-temeljac-pravednosti-ili-teret-za-poslodavce-by-selectio-grupa\/#breadcrumb\",\"itemListElement\":[{\"@type\":\"ListItem\",\"position\":1,\"name\":\"Home\",\"item\":\"https:\/\/hrdays.net\/\"},{\"@type\":\"ListItem\",\"position\":2,\"name\":\"HR PARLAONICA: \u201cTransparentnost pla\u0107a: Kamen temeljac pravednosti ili teret za poslodavce?\u201d by SELECTIO GRUPA\"}]},{\"@type\":\"WebSite\",\"@id\":\"https:\/\/hrdays.net\/#website\",\"url\":\"https:\/\/hrdays.net\/\",\"name\":\"HR Days\",\"description\":\"HRDays - konferencija o upravljanju ljudskim resursima\",\"potentialAction\":[{\"@type\":\"SearchAction\",\"target\":{\"@type\":\"EntryPoint\",\"urlTemplate\":\"https:\/\/hrdays.net\/?s={search_term_string}\"},\"query-input\":{\"@type\":\"PropertyValueSpecification\",\"valueRequired\":true,\"valueName\":\"search_term_string\"}}],\"inLanguage\":\"en-GB\"}]}<\/script>\n<!-- \/ Yoast SEO plugin. -->","yoast_head_json":{"title":"HR PARLAONICA: \u201cTransparentnost pla\u0107a: Kamen temeljac pravednosti ili teret za poslodavce?\u201d by SELECTIO GRUPA - HR Days","robots":{"index":"index","follow":"follow","max-snippet":"max-snippet:-1","max-image-preview":"max-image-preview:large","max-video-preview":"max-video-preview:-1"},"canonical":"https:\/\/hrdays.net\/en\/hr-parlaonica-transparentnost-placa-kamen-temeljac-pravednosti-ili-teret-za-poslodavce-by-selectio-grupa\/","og_locale":"en_GB","og_type":"article","og_title":"HR PARLAONICA: \u201cTransparentnost pla\u0107a: Kamen temeljac pravednosti ili teret za poslodavce?\u201d by SELECTIO GRUPA - HR Days","og_description":"Pozivamo vas na HR Parlaonicu, gdje \u0107emo s HR stru\u010dnjacima vode\u0107ih kompanija raspraviti jednu od najaktualnijih tema \u2013 EU direktive o transparentnosti pla\u0107a i rodnoj ravnopravnosti na rukovode\u0107im pozicijama. Kako \u0107e ove direktive utjecati na poslovanje i HR strategije? Ho\u0107e...","og_url":"https:\/\/hrdays.net\/en\/hr-parlaonica-transparentnost-placa-kamen-temeljac-pravednosti-ili-teret-za-poslodavce-by-selectio-grupa\/","og_site_name":"HR Days","article_modified_time":"2025-04-09T12:09:56+00:00","og_image":[{"width":1200,"height":573,"url":"https:\/\/hrdays.net\/wp-content\/uploads\/2021\/03\/rovinj-conference-2.jpg","type":"image\/jpeg"}],"twitter_card":"summary_large_image","twitter_misc":{"Estimated reading time":"1 minute"},"schema":{"@context":"https:\/\/schema.org","@graph":[{"@type":"WebPage","@id":"https:\/\/hrdays.net\/hr-parlaonica-transparentnost-placa-kamen-temeljac-pravednosti-ili-teret-za-poslodavce-by-selectio-grupa\/","url":"https:\/\/hrdays.net\/hr-parlaonica-transparentnost-placa-kamen-temeljac-pravednosti-ili-teret-za-poslodavce-by-selectio-grupa\/","name":"HR PARLAONICA: \u201cTransparentnost pla\u0107a: Kamen temeljac pravednosti ili teret za poslodavce?\u201d by SELECTIO GRUPA - HR Days","isPartOf":{"@id":"https:\/\/hrdays.net\/#website"},"datePublished":"2025-04-09T12:09:55+00:00","dateModified":"2025-04-09T12:09:56+00:00","breadcrumb":{"@id":"https:\/\/hrdays.net\/hr-parlaonica-transparentnost-placa-kamen-temeljac-pravednosti-ili-teret-za-poslodavce-by-selectio-grupa\/#breadcrumb"},"inLanguage":"en-GB","potentialAction":[{"@type":"ReadAction","target":["https:\/\/hrdays.net\/hr-parlaonica-transparentnost-placa-kamen-temeljac-pravednosti-ili-teret-za-poslodavce-by-selectio-grupa\/"]}]},{"@type":"BreadcrumbList","@id":"https:\/\/hrdays.net\/hr-parlaonica-transparentnost-placa-kamen-temeljac-pravednosti-ili-teret-za-poslodavce-by-selectio-grupa\/#breadcrumb","itemListElement":[{"@type":"ListItem","position":1,"name":"Home","item":"https:\/\/hrdays.net\/"},{"@type":"ListItem","position":2,"name":"HR PARLAONICA: \u201cTransparentnost pla\u0107a: Kamen temeljac pravednosti ili teret za poslodavce?\u201d by SELECTIO GRUPA"}]},{"@type":"WebSite","@id":"https:\/\/hrdays.net\/#website","url":"https:\/\/hrdays.net\/","name":"HR Days","description":"HRDays - konferencija o upravljanju ljudskim resursima","potentialAction":[{"@type":"SearchAction","target":{"@type":"EntryPoint","urlTemplate":"https:\/\/hrdays.net\/?s={search_term_string}"},"query-input":{"@type":"PropertyValueSpecification","valueRequired":true,"valueName":"search_term_string"}}],"inLanguage":"en-GB"}]}},"_links":{"self":[{"href":"https:\/\/hrdays.net\/en\/wp-json\/wp\/v2\/pages\/9645","targetHints":{"allow":["GET"]}}],"collection":[{"href":"https:\/\/hrdays.net\/en\/wp-json\/wp\/v2\/pages"}],"about":[{"href":"https:\/\/hrdays.net\/en\/wp-json\/wp\/v2\/types\/page"}],"author":[{"embeddable":true,"href":"https:\/\/hrdays.net\/en\/wp-json\/wp\/v2\/users\/119"}],"replies":[{"embeddable":true,"href":"https:\/\/hrdays.net\/en\/wp-json\/wp\/v2\/comments?post=9645"}],"version-history":[{"count":1,"href":"https:\/\/hrdays.net\/en\/wp-json\/wp\/v2\/pages\/9645\/revisions"}],"predecessor-version":[{"id":9646,"href":"https:\/\/hrdays.net\/en\/wp-json\/wp\/v2\/pages\/9645\/revisions\/9646"}],"wp:attachment":[{"href":"https:\/\/hrdays.net\/en\/wp-json\/wp\/v2\/media?parent=9645"}],"wp:term":[{"taxonomy":"category","embeddable":true,"href":"https:\/\/hrdays.net\/en\/wp-json\/wp\/v2\/categories?post=9645"},{"taxonomy":"post_tag","embeddable":true,"href":"https:\/\/hrdays.net\/en\/wp-json\/wp\/v2\/tags?post=9645"}],"curies":[{"name":"wp","href":"https:\/\/api.w.org\/{rel}","templated":true}]}}