{"id":9643,"date":"2025-04-09T14:09:27","date_gmt":"2025-04-09T12:09:27","guid":{"rendered":"https:\/\/hrdays.net\/?page_id=9643"},"modified":"2025-04-24T09:11:26","modified_gmt":"2025-04-24T07:11:26","slug":"radionica-organizacijska-kultura-najveci-neiskoristeni-poslovni-resurs-ili-tihi-ubojica-rasta-by-razum","status":"publish","type":"page","link":"https:\/\/hrdays.net\/en\/radionica-organizacijska-kultura-najveci-neiskoristeni-poslovni-resurs-ili-tihi-ubojica-rasta-by-razum\/","title":{"rendered":"RADIONICA: \u201cOrganizacijska kultura \u2013 najve\u0107i neiskori\u0161teni poslovni resurs ili tihi ubojica rasta?\u201d by RAZUM"},"content":{"rendered":"<p><strong>If you are a CEO, board member or senior HR expert who wants clear and applicable strategies for culture development, this workshop is an opportunity you don't want to miss!<\/strong><\/p>\n\n\n\n<p>Culture is not an abstract concept - it can be measured, managed and strategically shaped.<\/p>\n\n\n\n<p class=\"translation-block\">At this interactive and dynamic workshop led by <a href=\"https:\/\/hrdays.net\/en\/speaker\/jasna-horvat\/\" target=\"_self\">Jasna Horvat<\/a> and <a href=\"https:\/\/hrdays.net\/en\/speaker\/natalija-kordic\/\" target=\"_self\">Natalija Kordi\u0107<\/a> from the company Razum, along with <a href=\"https:\/\/hrdays.net\/en\/speaker\/zachary-merfert\/\" target=\"_self\">Zachary Merfert<\/a> from Denison Consulting, we will explore how the world\u2019s most successful companies use the Denison Model of effective culture to ensure sustainable growth, high employee engagement, and adaptability in the age of AI disruption.<\/p>\n\n\n\n<p>This workshop is not just a theory. You'll get specific tools and insights to help you start working on your culture right away. Through benchmarking, case study analyses and reflective exercises, you will learn how to recognize the strengths and weaknesses of your own organizational culture and how to start transforming it into a driver of business success.<\/p>\n\n\n\n<p><\/p>","protected":false},"excerpt":{"rendered":"<p>Ako ste CEO, \u010dlan uprave ili senior HR stru\u010dnjak koji \u017eeli jasne i primjenjive strategije za razvoj kulture, ova radionica je prilika koju ne \u017eelite propustiti! Kultura nije apstraktan pojam \u2013 ona se mo\u017ee mjeriti, upravljati i strate\u0161ki oblikovati. Na&#8230;<\/p>","protected":false},"author":119,"featured_media":0,"parent":0,"menu_order":0,"comment_status":"closed","ping_status":"closed","template":"","meta":{"_monsterinsights_skip_tracking":false,"_monsterinsights_sitenote_active":false,"_monsterinsights_sitenote_note":"","_monsterinsights_sitenote_category":0,"footnotes":""},"categories":[],"tags":[],"class_list":["post-9643","page","type-page","status-publish","hentry"],"yoast_head":"<!-- This site is optimized with the Yoast SEO plugin v25.3 - https:\/\/yoast.com\/wordpress\/plugins\/seo\/ -->\n<title>RADIONICA: \u201cOrganizacijska kultura \u2013 najve\u0107i neiskori\u0161teni poslovni resurs ili tihi ubojica rasta?\u201d by RAZUM - HR Days<\/title>\n<meta name=\"robots\" content=\"index, follow, max-snippet:-1, max-image-preview:large, max-video-preview:-1\" \/>\n<link rel=\"canonical\" href=\"https:\/\/hrdays.net\/en\/radionica-organizacijska-kultura-najveci-neiskoristeni-poslovni-resurs-ili-tihi-ubojica-rasta-by-razum\/\" \/>\n<meta property=\"og:locale\" content=\"en_GB\" \/>\n<meta property=\"og:type\" content=\"article\" \/>\n<meta property=\"og:title\" content=\"RADIONICA: \u201cOrganizacijska kultura \u2013 najve\u0107i neiskori\u0161teni poslovni resurs ili tihi ubojica rasta?\u201d by RAZUM - HR Days\" \/>\n<meta property=\"og:description\" content=\"Ako ste CEO, \u010dlan uprave ili senior HR stru\u010dnjak koji \u017eeli jasne i primjenjive strategije za razvoj kulture, ova radionica je prilika koju ne \u017eelite propustiti! Kultura nije apstraktan pojam \u2013 ona se mo\u017ee mjeriti, upravljati i strate\u0161ki oblikovati. Na...\" \/>\n<meta property=\"og:url\" content=\"https:\/\/hrdays.net\/en\/radionica-organizacijska-kultura-najveci-neiskoristeni-poslovni-resurs-ili-tihi-ubojica-rasta-by-razum\/\" \/>\n<meta property=\"og:site_name\" content=\"HR Days\" \/>\n<meta property=\"article:modified_time\" content=\"2025-04-24T07:11:26+00:00\" \/>\n<meta property=\"og:image\" content=\"https:\/\/hrdays.net\/wp-content\/uploads\/2021\/03\/rovinj-conference-2.jpg\" \/>\n\t<meta property=\"og:image:width\" content=\"1200\" \/>\n\t<meta property=\"og:image:height\" content=\"573\" \/>\n\t<meta property=\"og:image:type\" content=\"image\/jpeg\" \/>\n<meta name=\"twitter:card\" content=\"summary_large_image\" \/>\n<meta name=\"twitter:label1\" content=\"Estimated reading time\" \/>\n\t<meta name=\"twitter:data1\" content=\"1 minute\" \/>\n<script type=\"application\/ld+json\" class=\"yoast-schema-graph\">{\"@context\":\"https:\/\/schema.org\",\"@graph\":[{\"@type\":\"WebPage\",\"@id\":\"https:\/\/hrdays.net\/radionica-organizacijska-kultura-najveci-neiskoristeni-poslovni-resurs-ili-tihi-ubojica-rasta-by-razum\/\",\"url\":\"https:\/\/hrdays.net\/radionica-organizacijska-kultura-najveci-neiskoristeni-poslovni-resurs-ili-tihi-ubojica-rasta-by-razum\/\",\"name\":\"RADIONICA: \u201cOrganizacijska kultura \u2013 najve\u0107i neiskori\u0161teni poslovni resurs ili tihi ubojica rasta?\u201d by RAZUM - HR Days\",\"isPartOf\":{\"@id\":\"https:\/\/hrdays.net\/#website\"},\"datePublished\":\"2025-04-09T12:09:27+00:00\",\"dateModified\":\"2025-04-24T07:11:26+00:00\",\"breadcrumb\":{\"@id\":\"https:\/\/hrdays.net\/radionica-organizacijska-kultura-najveci-neiskoristeni-poslovni-resurs-ili-tihi-ubojica-rasta-by-razum\/#breadcrumb\"},\"inLanguage\":\"en-GB\",\"potentialAction\":[{\"@type\":\"ReadAction\",\"target\":[\"https:\/\/hrdays.net\/radionica-organizacijska-kultura-najveci-neiskoristeni-poslovni-resurs-ili-tihi-ubojica-rasta-by-razum\/\"]}]},{\"@type\":\"BreadcrumbList\",\"@id\":\"https:\/\/hrdays.net\/radionica-organizacijska-kultura-najveci-neiskoristeni-poslovni-resurs-ili-tihi-ubojica-rasta-by-razum\/#breadcrumb\",\"itemListElement\":[{\"@type\":\"ListItem\",\"position\":1,\"name\":\"Home\",\"item\":\"https:\/\/hrdays.net\/\"},{\"@type\":\"ListItem\",\"position\":2,\"name\":\"RADIONICA: \u201cOrganizacijska kultura \u2013 najve\u0107i neiskori\u0161teni poslovni resurs ili tihi ubojica rasta?\u201d by RAZUM\"}]},{\"@type\":\"WebSite\",\"@id\":\"https:\/\/hrdays.net\/#website\",\"url\":\"https:\/\/hrdays.net\/\",\"name\":\"HR Days\",\"description\":\"HRDays - konferencija o upravljanju ljudskim resursima\",\"potentialAction\":[{\"@type\":\"SearchAction\",\"target\":{\"@type\":\"EntryPoint\",\"urlTemplate\":\"https:\/\/hrdays.net\/?s={search_term_string}\"},\"query-input\":{\"@type\":\"PropertyValueSpecification\",\"valueRequired\":true,\"valueName\":\"search_term_string\"}}],\"inLanguage\":\"en-GB\"}]}<\/script>\n<!-- \/ Yoast SEO plugin. -->","yoast_head_json":{"title":"RADIONICA: \u201cOrganizacijska kultura \u2013 najve\u0107i neiskori\u0161teni poslovni resurs ili tihi ubojica rasta?\u201d by RAZUM - HR Days","robots":{"index":"index","follow":"follow","max-snippet":"max-snippet:-1","max-image-preview":"max-image-preview:large","max-video-preview":"max-video-preview:-1"},"canonical":"https:\/\/hrdays.net\/en\/radionica-organizacijska-kultura-najveci-neiskoristeni-poslovni-resurs-ili-tihi-ubojica-rasta-by-razum\/","og_locale":"en_GB","og_type":"article","og_title":"RADIONICA: \u201cOrganizacijska kultura \u2013 najve\u0107i neiskori\u0161teni poslovni resurs ili tihi ubojica rasta?\u201d by RAZUM - HR Days","og_description":"Ako ste CEO, \u010dlan uprave ili senior HR stru\u010dnjak koji \u017eeli jasne i primjenjive strategije za razvoj kulture, ova radionica je prilika koju ne \u017eelite propustiti! Kultura nije apstraktan pojam \u2013 ona se mo\u017ee mjeriti, upravljati i strate\u0161ki oblikovati. Na...","og_url":"https:\/\/hrdays.net\/en\/radionica-organizacijska-kultura-najveci-neiskoristeni-poslovni-resurs-ili-tihi-ubojica-rasta-by-razum\/","og_site_name":"HR Days","article_modified_time":"2025-04-24T07:11:26+00:00","og_image":[{"width":1200,"height":573,"url":"https:\/\/hrdays.net\/wp-content\/uploads\/2021\/03\/rovinj-conference-2.jpg","type":"image\/jpeg"}],"twitter_card":"summary_large_image","twitter_misc":{"Estimated reading time":"1 minute"},"schema":{"@context":"https:\/\/schema.org","@graph":[{"@type":"WebPage","@id":"https:\/\/hrdays.net\/radionica-organizacijska-kultura-najveci-neiskoristeni-poslovni-resurs-ili-tihi-ubojica-rasta-by-razum\/","url":"https:\/\/hrdays.net\/radionica-organizacijska-kultura-najveci-neiskoristeni-poslovni-resurs-ili-tihi-ubojica-rasta-by-razum\/","name":"RADIONICA: \u201cOrganizacijska kultura \u2013 najve\u0107i neiskori\u0161teni poslovni resurs ili tihi ubojica rasta?\u201d by RAZUM - HR Days","isPartOf":{"@id":"https:\/\/hrdays.net\/#website"},"datePublished":"2025-04-09T12:09:27+00:00","dateModified":"2025-04-24T07:11:26+00:00","breadcrumb":{"@id":"https:\/\/hrdays.net\/radionica-organizacijska-kultura-najveci-neiskoristeni-poslovni-resurs-ili-tihi-ubojica-rasta-by-razum\/#breadcrumb"},"inLanguage":"en-GB","potentialAction":[{"@type":"ReadAction","target":["https:\/\/hrdays.net\/radionica-organizacijska-kultura-najveci-neiskoristeni-poslovni-resurs-ili-tihi-ubojica-rasta-by-razum\/"]}]},{"@type":"BreadcrumbList","@id":"https:\/\/hrdays.net\/radionica-organizacijska-kultura-najveci-neiskoristeni-poslovni-resurs-ili-tihi-ubojica-rasta-by-razum\/#breadcrumb","itemListElement":[{"@type":"ListItem","position":1,"name":"Home","item":"https:\/\/hrdays.net\/"},{"@type":"ListItem","position":2,"name":"RADIONICA: \u201cOrganizacijska kultura \u2013 najve\u0107i neiskori\u0161teni poslovni resurs ili tihi ubojica rasta?\u201d by RAZUM"}]},{"@type":"WebSite","@id":"https:\/\/hrdays.net\/#website","url":"https:\/\/hrdays.net\/","name":"HR Days","description":"HRDays - konferencija o upravljanju ljudskim resursima","potentialAction":[{"@type":"SearchAction","target":{"@type":"EntryPoint","urlTemplate":"https:\/\/hrdays.net\/?s={search_term_string}"},"query-input":{"@type":"PropertyValueSpecification","valueRequired":true,"valueName":"search_term_string"}}],"inLanguage":"en-GB"}]}},"_links":{"self":[{"href":"https:\/\/hrdays.net\/en\/wp-json\/wp\/v2\/pages\/9643","targetHints":{"allow":["GET"]}}],"collection":[{"href":"https:\/\/hrdays.net\/en\/wp-json\/wp\/v2\/pages"}],"about":[{"href":"https:\/\/hrdays.net\/en\/wp-json\/wp\/v2\/types\/page"}],"author":[{"embeddable":true,"href":"https:\/\/hrdays.net\/en\/wp-json\/wp\/v2\/users\/119"}],"replies":[{"embeddable":true,"href":"https:\/\/hrdays.net\/en\/wp-json\/wp\/v2\/comments?post=9643"}],"version-history":[{"count":2,"href":"https:\/\/hrdays.net\/en\/wp-json\/wp\/v2\/pages\/9643\/revisions"}],"predecessor-version":[{"id":9762,"href":"https:\/\/hrdays.net\/en\/wp-json\/wp\/v2\/pages\/9643\/revisions\/9762"}],"wp:attachment":[{"href":"https:\/\/hrdays.net\/en\/wp-json\/wp\/v2\/media?parent=9643"}],"wp:term":[{"taxonomy":"category","embeddable":true,"href":"https:\/\/hrdays.net\/en\/wp-json\/wp\/v2\/categories?post=9643"},{"taxonomy":"post_tag","embeddable":true,"href":"https:\/\/hrdays.net\/en\/wp-json\/wp\/v2\/tags?post=9643"}],"curies":[{"name":"wp","href":"https:\/\/api.w.org\/{rel}","templated":true}]}}