{"id":9641,"date":"2025-04-09T14:09:12","date_gmt":"2025-04-09T12:09:12","guid":{"rendered":"https:\/\/hrdays.net\/?page_id=9641"},"modified":"2025-04-09T14:09:12","modified_gmt":"2025-04-09T12:09:12","slug":"radionica-the-heart-of-employee-happiness-communication","status":"publish","type":"page","link":"https:\/\/hrdays.net\/en\/radionica-the-heart-of-employee-happiness-communication\/","title":{"rendered":"RADIONICA: \u201cThe Heart of Employee Happiness: Communication\u201c"},"content":{"rendered":"<p><strong>Key topics and discussion points:<\/strong><\/p>\n\n\n\n<p>\u2022&nbsp;<strong>Principles of Successful Communication<\/strong>&nbsp;We will start by discussing the fundamental principles that make communication truly effective. From active listening to clear messaging, we\u2019ll cover strategies that foster open dialogue and trust within teams.<\/p>\n\n\n\n<p>\u2022&nbsp;<strong>Can Communication Boost Employee Satisfaction?<\/strong>&nbsp;Communication is not just about sharing information \u2013 it\u2019s about creating an environment where employees feel heard, valued, and supported.<\/p>\n\n\n\n<p>\u2022&nbsp;<strong>How to Communicate During Transformation?<\/strong>&nbsp;Organizational change can be a challenging time for employees. During periods of transformation, clear and consistent communication is key to managing uncertainty, aligning teams with new goals, and maintaining morale.<\/p>\n\n\n\n<p>&nbsp;\u2022&nbsp;<strong>How to Build an Inclusive Workplace Culture Through Communication?<\/strong>&nbsp;Inclusion starts with communication. We\u2019ll look at how to create an inclusive environment by promoting diversity of thought, ensuring all voices are heard, and overcoming potential barriers to open communication.<\/p>\n\n\n\n<p>Na kraju ove radionice pod vodstvom <a href=\"https:\/\/hrdays.net\/en\/speaker\/jozef-plsko\/\">Jozefa Pl\u0161ko<\/a> sudionici \u0107e ste\u0107i prakti\u010dne alate i uvid u pobolj\u0161anje komunikacije unutar svojih organizacija, stvaraju\u0107i radno okru\u017eenje u kojem se zaposlenici osje\u0107aju povezano, osna\u017eeno i sretnije.<\/p>","protected":false},"excerpt":{"rendered":"<p>Klju\u010dne stavke i teme za raspravu: \u2022&nbsp;Principi uspje\u0161ne komunikacije:&nbsp;Po\u010det \u0107emo raspravom o temeljim principima koji \u010dine komunikaciju zaista u\u010dinkovitom. Od aktivnog slu\u0161anja do jasnog preno\u0161enja poruka, obradit \u0107emo strategije koje podupiru otvoreni dijalog i povjerenje unutar timova. \u2022&nbsp;Mo\u017ee li komunikacija&#8230;<\/p>","protected":false},"author":119,"featured_media":0,"parent":0,"menu_order":0,"comment_status":"closed","ping_status":"closed","template":"","meta":{"_monsterinsights_skip_tracking":false,"_monsterinsights_sitenote_active":false,"_monsterinsights_sitenote_note":"","_monsterinsights_sitenote_category":0,"footnotes":""},"categories":[],"tags":[],"class_list":["post-9641","page","type-page","status-publish","hentry"],"yoast_head":"<!-- This site is optimized with the Yoast SEO plugin v25.3 - https:\/\/yoast.com\/wordpress\/plugins\/seo\/ -->\n<title>RADIONICA: \u201cThe Heart of Employee Happiness: Communication\u201c - HR Days<\/title>\n<meta name=\"robots\" content=\"index, follow, max-snippet:-1, max-image-preview:large, max-video-preview:-1\" \/>\n<link rel=\"canonical\" href=\"https:\/\/hrdays.net\/en\/radionica-the-heart-of-employee-happiness-communication\/\" \/>\n<meta property=\"og:locale\" content=\"en_GB\" \/>\n<meta property=\"og:type\" content=\"article\" \/>\n<meta property=\"og:title\" content=\"RADIONICA: \u201cThe Heart of Employee Happiness: Communication\u201c - HR Days\" \/>\n<meta property=\"og:description\" content=\"Klju\u010dne stavke i teme za raspravu: \u2022&nbsp;Principi uspje\u0161ne komunikacije:&nbsp;Po\u010det \u0107emo raspravom o temeljim principima koji \u010dine komunikaciju zaista u\u010dinkovitom. Od aktivnog slu\u0161anja do jasnog preno\u0161enja poruka, obradit \u0107emo strategije koje podupiru otvoreni dijalog i povjerenje unutar timova. \u2022&nbsp;Mo\u017ee li komunikacija...\" \/>\n<meta property=\"og:url\" content=\"https:\/\/hrdays.net\/en\/radionica-the-heart-of-employee-happiness-communication\/\" \/>\n<meta property=\"og:site_name\" content=\"HR Days\" \/>\n<meta property=\"og:image\" content=\"https:\/\/hrdays.net\/wp-content\/uploads\/2021\/03\/rovinj-conference-2.jpg\" \/>\n\t<meta property=\"og:image:width\" content=\"1200\" \/>\n\t<meta property=\"og:image:height\" content=\"573\" \/>\n\t<meta property=\"og:image:type\" content=\"image\/jpeg\" \/>\n<meta name=\"twitter:card\" content=\"summary_large_image\" \/>\n<meta name=\"twitter:label1\" content=\"Estimated reading time\" \/>\n\t<meta name=\"twitter:data1\" content=\"1 minute\" \/>\n<script type=\"application\/ld+json\" class=\"yoast-schema-graph\">{\"@context\":\"https:\/\/schema.org\",\"@graph\":[{\"@type\":\"WebPage\",\"@id\":\"https:\/\/hrdays.net\/radionica-the-heart-of-employee-happiness-communication\/\",\"url\":\"https:\/\/hrdays.net\/radionica-the-heart-of-employee-happiness-communication\/\",\"name\":\"RADIONICA: \u201cThe Heart of Employee Happiness: Communication\u201c - HR Days\",\"isPartOf\":{\"@id\":\"https:\/\/hrdays.net\/#website\"},\"datePublished\":\"2025-04-09T12:09:12+00:00\",\"breadcrumb\":{\"@id\":\"https:\/\/hrdays.net\/radionica-the-heart-of-employee-happiness-communication\/#breadcrumb\"},\"inLanguage\":\"en-GB\",\"potentialAction\":[{\"@type\":\"ReadAction\",\"target\":[\"https:\/\/hrdays.net\/radionica-the-heart-of-employee-happiness-communication\/\"]}]},{\"@type\":\"BreadcrumbList\",\"@id\":\"https:\/\/hrdays.net\/radionica-the-heart-of-employee-happiness-communication\/#breadcrumb\",\"itemListElement\":[{\"@type\":\"ListItem\",\"position\":1,\"name\":\"Home\",\"item\":\"https:\/\/hrdays.net\/\"},{\"@type\":\"ListItem\",\"position\":2,\"name\":\"RADIONICA: \u201cThe Heart of Employee Happiness: Communication\u201c\"}]},{\"@type\":\"WebSite\",\"@id\":\"https:\/\/hrdays.net\/#website\",\"url\":\"https:\/\/hrdays.net\/\",\"name\":\"HR Days\",\"description\":\"HRDays - konferencija o upravljanju ljudskim resursima\",\"potentialAction\":[{\"@type\":\"SearchAction\",\"target\":{\"@type\":\"EntryPoint\",\"urlTemplate\":\"https:\/\/hrdays.net\/?s={search_term_string}\"},\"query-input\":{\"@type\":\"PropertyValueSpecification\",\"valueRequired\":true,\"valueName\":\"search_term_string\"}}],\"inLanguage\":\"en-GB\"}]}<\/script>\n<!-- \/ Yoast SEO plugin. -->","yoast_head_json":{"title":"RADIONICA: \u201cThe Heart of Employee Happiness: Communication\u201c - HR Days","robots":{"index":"index","follow":"follow","max-snippet":"max-snippet:-1","max-image-preview":"max-image-preview:large","max-video-preview":"max-video-preview:-1"},"canonical":"https:\/\/hrdays.net\/en\/radionica-the-heart-of-employee-happiness-communication\/","og_locale":"en_GB","og_type":"article","og_title":"RADIONICA: \u201cThe Heart of Employee Happiness: Communication\u201c - HR Days","og_description":"Klju\u010dne stavke i teme za raspravu: \u2022&nbsp;Principi uspje\u0161ne komunikacije:&nbsp;Po\u010det \u0107emo raspravom o temeljim principima koji \u010dine komunikaciju zaista u\u010dinkovitom. Od aktivnog slu\u0161anja do jasnog preno\u0161enja poruka, obradit \u0107emo strategije koje podupiru otvoreni dijalog i povjerenje unutar timova. \u2022&nbsp;Mo\u017ee li komunikacija...","og_url":"https:\/\/hrdays.net\/en\/radionica-the-heart-of-employee-happiness-communication\/","og_site_name":"HR Days","og_image":[{"width":1200,"height":573,"url":"https:\/\/hrdays.net\/wp-content\/uploads\/2021\/03\/rovinj-conference-2.jpg","type":"image\/jpeg"}],"twitter_card":"summary_large_image","twitter_misc":{"Estimated reading time":"1 minute"},"schema":{"@context":"https:\/\/schema.org","@graph":[{"@type":"WebPage","@id":"https:\/\/hrdays.net\/radionica-the-heart-of-employee-happiness-communication\/","url":"https:\/\/hrdays.net\/radionica-the-heart-of-employee-happiness-communication\/","name":"RADIONICA: \u201cThe Heart of Employee Happiness: Communication\u201c - HR Days","isPartOf":{"@id":"https:\/\/hrdays.net\/#website"},"datePublished":"2025-04-09T12:09:12+00:00","breadcrumb":{"@id":"https:\/\/hrdays.net\/radionica-the-heart-of-employee-happiness-communication\/#breadcrumb"},"inLanguage":"en-GB","potentialAction":[{"@type":"ReadAction","target":["https:\/\/hrdays.net\/radionica-the-heart-of-employee-happiness-communication\/"]}]},{"@type":"BreadcrumbList","@id":"https:\/\/hrdays.net\/radionica-the-heart-of-employee-happiness-communication\/#breadcrumb","itemListElement":[{"@type":"ListItem","position":1,"name":"Home","item":"https:\/\/hrdays.net\/"},{"@type":"ListItem","position":2,"name":"RADIONICA: \u201cThe Heart of Employee Happiness: Communication\u201c"}]},{"@type":"WebSite","@id":"https:\/\/hrdays.net\/#website","url":"https:\/\/hrdays.net\/","name":"HR Days","description":"HRDays - konferencija o upravljanju ljudskim resursima","potentialAction":[{"@type":"SearchAction","target":{"@type":"EntryPoint","urlTemplate":"https:\/\/hrdays.net\/?s={search_term_string}"},"query-input":{"@type":"PropertyValueSpecification","valueRequired":true,"valueName":"search_term_string"}}],"inLanguage":"en-GB"}]}},"_links":{"self":[{"href":"https:\/\/hrdays.net\/en\/wp-json\/wp\/v2\/pages\/9641","targetHints":{"allow":["GET"]}}],"collection":[{"href":"https:\/\/hrdays.net\/en\/wp-json\/wp\/v2\/pages"}],"about":[{"href":"https:\/\/hrdays.net\/en\/wp-json\/wp\/v2\/types\/page"}],"author":[{"embeddable":true,"href":"https:\/\/hrdays.net\/en\/wp-json\/wp\/v2\/users\/119"}],"replies":[{"embeddable":true,"href":"https:\/\/hrdays.net\/en\/wp-json\/wp\/v2\/comments?post=9641"}],"version-history":[{"count":1,"href":"https:\/\/hrdays.net\/en\/wp-json\/wp\/v2\/pages\/9641\/revisions"}],"predecessor-version":[{"id":9642,"href":"https:\/\/hrdays.net\/en\/wp-json\/wp\/v2\/pages\/9641\/revisions\/9642"}],"wp:attachment":[{"href":"https:\/\/hrdays.net\/en\/wp-json\/wp\/v2\/media?parent=9641"}],"wp:term":[{"taxonomy":"category","embeddable":true,"href":"https:\/\/hrdays.net\/en\/wp-json\/wp\/v2\/categories?post=9641"},{"taxonomy":"post_tag","embeddable":true,"href":"https:\/\/hrdays.net\/en\/wp-json\/wp\/v2\/tags?post=9641"}],"curies":[{"name":"wp","href":"https:\/\/api.w.org\/{rel}","templated":true}]}}