{"id":9635,"date":"2025-04-09T14:07:40","date_gmt":"2025-04-09T12:07:40","guid":{"rendered":"https:\/\/hrdays.net\/?page_id=9635"},"modified":"2025-04-09T14:07:41","modified_gmt":"2025-04-09T12:07:41","slug":"radionica-make-your-inner-imposter-an-imposter-zene-samopouzdanje-i-vodenje","status":"publish","type":"page","link":"https:\/\/hrdays.net\/en\/radionica-make-your-inner-imposter-an-imposter-zene-samopouzdanje-i-vodenje\/","title":{"rendered":"RADIONICA: \u201cMake your Inner Imposter \u2013 an Imposter (\u017eene, samopouzdanje i vo\u0111enje)\u201c"},"content":{"rendered":"<p>Despite their qualifications and achievements, many women in leadership positions struggle with self-doubt, perfectionism, and the pressure to constantly prove themselves. Impostor syndrome is more prevalent in work environments where biases, unrealistic expectations, and stress are present. In addition to systemic factors, self-doubt often holds women back from seizing the opportunities they rightfully deserve.<\/p>\n\n\n\n<p>Ova radionica pod vodstvom <a href=\"https:\/\/hrdays.net\/en\/speaker\/mirna-korican-lajtman\/\">Mirne Kori\u010dan Lajtman<\/a> povezat \u0107e podatke iz DEI podru\u010dja i istra\u017eivanja o \u017eenama kao lidericama povezuju\u0107i teme poput karijernih aspiracija, stresa te sindroma uljeza s temama inovacije, profitabilnosti kao i odr\u017eivosti. Na radionici \u0107emo kroz upitnike, samo-refleksiju i raspravu redefinirati neuspjeh te kognitivno preformulirati negativne sheme. Orijentirat \u0107emo se na vlastite barijere, ali \u0107emo i dati odgovore na sistemske barijere. Cilj radionice je vlastitog uljeza napraviti uljezom i umanjiti njegov utjecaj na djelovanje, rezultate i zadovoljstvo.<\/p>","protected":false},"excerpt":{"rendered":"<p>Unato\u010d svojim kvalifikacijama i postignu\u0107ima, mnoge \u017eene na rukovode\u0107im pozicijama bore se sa sumnjom u vlastite sposobnosti, perfekcionizmom i pritiskom da se stalno dokazuju. Sindrom uljeza prisutniji je u radnim okru\u017eenjima gdje se susre\u0107u pristranosti, nerealna o\u010dekivanja i stres. Uz&#8230;<\/p>","protected":false},"author":119,"featured_media":0,"parent":0,"menu_order":0,"comment_status":"closed","ping_status":"closed","template":"","meta":{"_monsterinsights_skip_tracking":false,"_monsterinsights_sitenote_active":false,"_monsterinsights_sitenote_note":"","_monsterinsights_sitenote_category":0,"footnotes":""},"categories":[],"tags":[],"class_list":["post-9635","page","type-page","status-publish","hentry"],"yoast_head":"<!-- This site is optimized with the Yoast SEO plugin v25.3 - https:\/\/yoast.com\/wordpress\/plugins\/seo\/ -->\n<title>RADIONICA: \u201cMake your Inner Imposter \u2013 an Imposter (\u017eene, samopouzdanje i vo\u0111enje)\u201c - HR Days<\/title>\n<meta name=\"robots\" content=\"index, follow, max-snippet:-1, max-image-preview:large, max-video-preview:-1\" \/>\n<link rel=\"canonical\" href=\"https:\/\/hrdays.net\/en\/radionica-make-your-inner-imposter-an-imposter-zene-samopouzdanje-i-vodenje\/\" \/>\n<meta property=\"og:locale\" content=\"en_GB\" \/>\n<meta property=\"og:type\" content=\"article\" \/>\n<meta property=\"og:title\" content=\"RADIONICA: \u201cMake your Inner Imposter \u2013 an Imposter (\u017eene, samopouzdanje i vo\u0111enje)\u201c - HR Days\" \/>\n<meta property=\"og:description\" content=\"Unato\u010d svojim kvalifikacijama i postignu\u0107ima, mnoge \u017eene na rukovode\u0107im pozicijama bore se sa sumnjom u vlastite sposobnosti, perfekcionizmom i pritiskom da se stalno dokazuju. Sindrom uljeza prisutniji je u radnim okru\u017eenjima gdje se susre\u0107u pristranosti, nerealna o\u010dekivanja i stres. Uz...\" \/>\n<meta property=\"og:url\" content=\"https:\/\/hrdays.net\/en\/radionica-make-your-inner-imposter-an-imposter-zene-samopouzdanje-i-vodenje\/\" \/>\n<meta property=\"og:site_name\" content=\"HR Days\" \/>\n<meta property=\"article:modified_time\" content=\"2025-04-09T12:07:41+00:00\" \/>\n<meta property=\"og:image\" content=\"https:\/\/hrdays.net\/wp-content\/uploads\/2021\/03\/rovinj-conference-2.jpg\" \/>\n\t<meta property=\"og:image:width\" content=\"1200\" \/>\n\t<meta property=\"og:image:height\" content=\"573\" \/>\n\t<meta property=\"og:image:type\" content=\"image\/jpeg\" \/>\n<meta name=\"twitter:card\" content=\"summary_large_image\" \/>\n<meta name=\"twitter:label1\" content=\"Estimated reading time\" \/>\n\t<meta name=\"twitter:data1\" content=\"1 minute\" \/>\n<script type=\"application\/ld+json\" class=\"yoast-schema-graph\">{\"@context\":\"https:\/\/schema.org\",\"@graph\":[{\"@type\":\"WebPage\",\"@id\":\"https:\/\/hrdays.net\/radionica-make-your-inner-imposter-an-imposter-zene-samopouzdanje-i-vodenje\/\",\"url\":\"https:\/\/hrdays.net\/radionica-make-your-inner-imposter-an-imposter-zene-samopouzdanje-i-vodenje\/\",\"name\":\"RADIONICA: \u201cMake your Inner Imposter \u2013 an Imposter (\u017eene, samopouzdanje i vo\u0111enje)\u201c - HR Days\",\"isPartOf\":{\"@id\":\"https:\/\/hrdays.net\/#website\"},\"datePublished\":\"2025-04-09T12:07:40+00:00\",\"dateModified\":\"2025-04-09T12:07:41+00:00\",\"breadcrumb\":{\"@id\":\"https:\/\/hrdays.net\/radionica-make-your-inner-imposter-an-imposter-zene-samopouzdanje-i-vodenje\/#breadcrumb\"},\"inLanguage\":\"en-GB\",\"potentialAction\":[{\"@type\":\"ReadAction\",\"target\":[\"https:\/\/hrdays.net\/radionica-make-your-inner-imposter-an-imposter-zene-samopouzdanje-i-vodenje\/\"]}]},{\"@type\":\"BreadcrumbList\",\"@id\":\"https:\/\/hrdays.net\/radionica-make-your-inner-imposter-an-imposter-zene-samopouzdanje-i-vodenje\/#breadcrumb\",\"itemListElement\":[{\"@type\":\"ListItem\",\"position\":1,\"name\":\"Home\",\"item\":\"https:\/\/hrdays.net\/\"},{\"@type\":\"ListItem\",\"position\":2,\"name\":\"RADIONICA: \u201cMake your Inner Imposter \u2013 an Imposter (\u017eene, samopouzdanje i vo\u0111enje)\u201c\"}]},{\"@type\":\"WebSite\",\"@id\":\"https:\/\/hrdays.net\/#website\",\"url\":\"https:\/\/hrdays.net\/\",\"name\":\"HR Days\",\"description\":\"HRDays - konferencija o upravljanju ljudskim resursima\",\"potentialAction\":[{\"@type\":\"SearchAction\",\"target\":{\"@type\":\"EntryPoint\",\"urlTemplate\":\"https:\/\/hrdays.net\/?s={search_term_string}\"},\"query-input\":{\"@type\":\"PropertyValueSpecification\",\"valueRequired\":true,\"valueName\":\"search_term_string\"}}],\"inLanguage\":\"en-GB\"}]}<\/script>\n<!-- \/ Yoast SEO plugin. -->","yoast_head_json":{"title":"RADIONICA: \u201cMake your Inner Imposter \u2013 an Imposter (\u017eene, samopouzdanje i vo\u0111enje)\u201c - HR Days","robots":{"index":"index","follow":"follow","max-snippet":"max-snippet:-1","max-image-preview":"max-image-preview:large","max-video-preview":"max-video-preview:-1"},"canonical":"https:\/\/hrdays.net\/en\/radionica-make-your-inner-imposter-an-imposter-zene-samopouzdanje-i-vodenje\/","og_locale":"en_GB","og_type":"article","og_title":"RADIONICA: \u201cMake your Inner Imposter \u2013 an Imposter (\u017eene, samopouzdanje i vo\u0111enje)\u201c - HR Days","og_description":"Unato\u010d svojim kvalifikacijama i postignu\u0107ima, mnoge \u017eene na rukovode\u0107im pozicijama bore se sa sumnjom u vlastite sposobnosti, perfekcionizmom i pritiskom da se stalno dokazuju. Sindrom uljeza prisutniji je u radnim okru\u017eenjima gdje se susre\u0107u pristranosti, nerealna o\u010dekivanja i stres. Uz...","og_url":"https:\/\/hrdays.net\/en\/radionica-make-your-inner-imposter-an-imposter-zene-samopouzdanje-i-vodenje\/","og_site_name":"HR Days","article_modified_time":"2025-04-09T12:07:41+00:00","og_image":[{"width":1200,"height":573,"url":"https:\/\/hrdays.net\/wp-content\/uploads\/2021\/03\/rovinj-conference-2.jpg","type":"image\/jpeg"}],"twitter_card":"summary_large_image","twitter_misc":{"Estimated reading time":"1 minute"},"schema":{"@context":"https:\/\/schema.org","@graph":[{"@type":"WebPage","@id":"https:\/\/hrdays.net\/radionica-make-your-inner-imposter-an-imposter-zene-samopouzdanje-i-vodenje\/","url":"https:\/\/hrdays.net\/radionica-make-your-inner-imposter-an-imposter-zene-samopouzdanje-i-vodenje\/","name":"RADIONICA: \u201cMake your Inner Imposter \u2013 an Imposter (\u017eene, samopouzdanje i vo\u0111enje)\u201c - HR Days","isPartOf":{"@id":"https:\/\/hrdays.net\/#website"},"datePublished":"2025-04-09T12:07:40+00:00","dateModified":"2025-04-09T12:07:41+00:00","breadcrumb":{"@id":"https:\/\/hrdays.net\/radionica-make-your-inner-imposter-an-imposter-zene-samopouzdanje-i-vodenje\/#breadcrumb"},"inLanguage":"en-GB","potentialAction":[{"@type":"ReadAction","target":["https:\/\/hrdays.net\/radionica-make-your-inner-imposter-an-imposter-zene-samopouzdanje-i-vodenje\/"]}]},{"@type":"BreadcrumbList","@id":"https:\/\/hrdays.net\/radionica-make-your-inner-imposter-an-imposter-zene-samopouzdanje-i-vodenje\/#breadcrumb","itemListElement":[{"@type":"ListItem","position":1,"name":"Home","item":"https:\/\/hrdays.net\/"},{"@type":"ListItem","position":2,"name":"RADIONICA: \u201cMake your Inner Imposter \u2013 an Imposter (\u017eene, samopouzdanje i vo\u0111enje)\u201c"}]},{"@type":"WebSite","@id":"https:\/\/hrdays.net\/#website","url":"https:\/\/hrdays.net\/","name":"HR Days","description":"HRDays - konferencija o upravljanju ljudskim resursima","potentialAction":[{"@type":"SearchAction","target":{"@type":"EntryPoint","urlTemplate":"https:\/\/hrdays.net\/?s={search_term_string}"},"query-input":{"@type":"PropertyValueSpecification","valueRequired":true,"valueName":"search_term_string"}}],"inLanguage":"en-GB"}]}},"_links":{"self":[{"href":"https:\/\/hrdays.net\/en\/wp-json\/wp\/v2\/pages\/9635","targetHints":{"allow":["GET"]}}],"collection":[{"href":"https:\/\/hrdays.net\/en\/wp-json\/wp\/v2\/pages"}],"about":[{"href":"https:\/\/hrdays.net\/en\/wp-json\/wp\/v2\/types\/page"}],"author":[{"embeddable":true,"href":"https:\/\/hrdays.net\/en\/wp-json\/wp\/v2\/users\/119"}],"replies":[{"embeddable":true,"href":"https:\/\/hrdays.net\/en\/wp-json\/wp\/v2\/comments?post=9635"}],"version-history":[{"count":1,"href":"https:\/\/hrdays.net\/en\/wp-json\/wp\/v2\/pages\/9635\/revisions"}],"predecessor-version":[{"id":9636,"href":"https:\/\/hrdays.net\/en\/wp-json\/wp\/v2\/pages\/9635\/revisions\/9636"}],"wp:attachment":[{"href":"https:\/\/hrdays.net\/en\/wp-json\/wp\/v2\/media?parent=9635"}],"wp:term":[{"taxonomy":"category","embeddable":true,"href":"https:\/\/hrdays.net\/en\/wp-json\/wp\/v2\/categories?post=9635"},{"taxonomy":"post_tag","embeddable":true,"href":"https:\/\/hrdays.net\/en\/wp-json\/wp\/v2\/tags?post=9635"}],"curies":[{"name":"wp","href":"https:\/\/api.w.org\/{rel}","templated":true}]}}