{"id":9633,"date":"2025-04-09T14:07:19","date_gmt":"2025-04-09T12:07:19","guid":{"rendered":"https:\/\/hrdays.net\/?page_id=9633"},"modified":"2025-04-09T14:07:20","modified_gmt":"2025-04-09T12:07:20","slug":"radionica-kako-razviti-autentican-stil-vodenja-by-selectio-grupa","status":"publish","type":"page","link":"https:\/\/hrdays.net\/en\/radionica-kako-razviti-autentican-stil-vodenja-by-selectio-grupa\/","title":{"rendered":"RADIONICA: \u201cKako razviti autenti\u010dan stil vo\u0111enja?\u201c by SELECTIO GRUPA"},"content":{"rendered":"<p>Before you can become an authentic leader, you have to know who you are.In order to discover what is authentic in successful managers, SELECTIO Group experts use numerous assessment tools in practice, including Belbin\u00ae. This world-famous tool has been used for years, but in Croatia it has become popular very recently when organizations focused on hiring managers who are self-aware, adaptable and agile.<\/p>\n\n\n\n<p>Na ovoj \u0107ete radionici pod vodstvom <a href=\"https:\/\/hrdays.net\/en\/speaker\/ana-petelinsek\/\">Ana Petelin\u0161ek<\/a>, Head of Assessment department i <a href=\"https:\/\/hrdays.net\/en\/speaker\/ana-frlan-bajer\/\">Ana Frlan Bajer<\/a>, Organizacijski coach, krenut \u0107ete na put otkrivanja svog autenti\u010dnog stila vo\u0111enja!<\/p>\n\n\n\n<p>Saznat \u0107ete koji su va\u0161i obrasci do\u017eivljavanja i pona\u0161anja te koje su prednosti i nedostatci va\u0161e uloge u vo\u0111enju. Ako \u017eelite bolje upoznati sebe i saznati koju ulogu imate u suradnji s timom prijavite se i osigurajte svoje mjesto na ovoj zanimljivoj i interaktivnoj radionici!<\/p>","protected":false},"excerpt":{"rendered":"<p>Da biste postali autenti\u010dan voditelj, najprije morate upoznati sebe. Kako bi otkrili \u0161to je autenti\u010dno kod uspje\u0161nih menad\u017eera, stru\u010dnjaci SELECTIO Grupe u praksi koriste brojne assessment alate me\u0111u kojima se nalazi i Belbin\u00ae. Ovaj svjetski poznat alat koristi se \u0161irom&#8230;<\/p>","protected":false},"author":119,"featured_media":0,"parent":0,"menu_order":0,"comment_status":"closed","ping_status":"closed","template":"","meta":{"_monsterinsights_skip_tracking":false,"_monsterinsights_sitenote_active":false,"_monsterinsights_sitenote_note":"","_monsterinsights_sitenote_category":0,"footnotes":""},"categories":[],"tags":[],"class_list":["post-9633","page","type-page","status-publish","hentry"],"yoast_head":"<!-- This site is optimized with the Yoast SEO plugin v25.3 - https:\/\/yoast.com\/wordpress\/plugins\/seo\/ -->\n<title>RADIONICA: \u201cKako razviti autenti\u010dan stil vo\u0111enja?\u201c by SELECTIO GRUPA - HR Days<\/title>\n<meta name=\"robots\" content=\"index, follow, max-snippet:-1, max-image-preview:large, max-video-preview:-1\" \/>\n<link rel=\"canonical\" href=\"https:\/\/hrdays.net\/en\/radionica-kako-razviti-autentican-stil-vodenja-by-selectio-grupa\/\" \/>\n<meta property=\"og:locale\" content=\"en_GB\" \/>\n<meta property=\"og:type\" content=\"article\" \/>\n<meta property=\"og:title\" content=\"RADIONICA: \u201cKako razviti autenti\u010dan stil vo\u0111enja?\u201c by SELECTIO GRUPA - HR Days\" \/>\n<meta property=\"og:description\" content=\"Da biste postali autenti\u010dan voditelj, najprije morate upoznati sebe. Kako bi otkrili \u0161to je autenti\u010dno kod uspje\u0161nih menad\u017eera, stru\u010dnjaci SELECTIO Grupe u praksi koriste brojne assessment alate me\u0111u kojima se nalazi i Belbin\u00ae. Ovaj svjetski poznat alat koristi se \u0161irom...\" \/>\n<meta property=\"og:url\" content=\"https:\/\/hrdays.net\/en\/radionica-kako-razviti-autentican-stil-vodenja-by-selectio-grupa\/\" \/>\n<meta property=\"og:site_name\" content=\"HR Days\" \/>\n<meta property=\"article:modified_time\" content=\"2025-04-09T12:07:20+00:00\" \/>\n<meta property=\"og:image\" content=\"https:\/\/hrdays.net\/wp-content\/uploads\/2021\/03\/rovinj-conference-2.jpg\" \/>\n\t<meta property=\"og:image:width\" content=\"1200\" \/>\n\t<meta property=\"og:image:height\" content=\"573\" \/>\n\t<meta property=\"og:image:type\" content=\"image\/jpeg\" \/>\n<meta name=\"twitter:card\" content=\"summary_large_image\" \/>\n<meta name=\"twitter:label1\" content=\"Estimated reading time\" \/>\n\t<meta name=\"twitter:data1\" content=\"1 minute\" \/>\n<script type=\"application\/ld+json\" class=\"yoast-schema-graph\">{\"@context\":\"https:\/\/schema.org\",\"@graph\":[{\"@type\":\"WebPage\",\"@id\":\"https:\/\/hrdays.net\/radionica-kako-razviti-autentican-stil-vodenja-by-selectio-grupa\/\",\"url\":\"https:\/\/hrdays.net\/radionica-kako-razviti-autentican-stil-vodenja-by-selectio-grupa\/\",\"name\":\"RADIONICA: \u201cKako razviti autenti\u010dan stil vo\u0111enja?\u201c by SELECTIO GRUPA - HR Days\",\"isPartOf\":{\"@id\":\"https:\/\/hrdays.net\/#website\"},\"datePublished\":\"2025-04-09T12:07:19+00:00\",\"dateModified\":\"2025-04-09T12:07:20+00:00\",\"breadcrumb\":{\"@id\":\"https:\/\/hrdays.net\/radionica-kako-razviti-autentican-stil-vodenja-by-selectio-grupa\/#breadcrumb\"},\"inLanguage\":\"en-GB\",\"potentialAction\":[{\"@type\":\"ReadAction\",\"target\":[\"https:\/\/hrdays.net\/radionica-kako-razviti-autentican-stil-vodenja-by-selectio-grupa\/\"]}]},{\"@type\":\"BreadcrumbList\",\"@id\":\"https:\/\/hrdays.net\/radionica-kako-razviti-autentican-stil-vodenja-by-selectio-grupa\/#breadcrumb\",\"itemListElement\":[{\"@type\":\"ListItem\",\"position\":1,\"name\":\"Home\",\"item\":\"https:\/\/hrdays.net\/\"},{\"@type\":\"ListItem\",\"position\":2,\"name\":\"RADIONICA: \u201cKako razviti autenti\u010dan stil vo\u0111enja?\u201c by SELECTIO GRUPA\"}]},{\"@type\":\"WebSite\",\"@id\":\"https:\/\/hrdays.net\/#website\",\"url\":\"https:\/\/hrdays.net\/\",\"name\":\"HR Days\",\"description\":\"HRDays - konferencija o upravljanju ljudskim resursima\",\"potentialAction\":[{\"@type\":\"SearchAction\",\"target\":{\"@type\":\"EntryPoint\",\"urlTemplate\":\"https:\/\/hrdays.net\/?s={search_term_string}\"},\"query-input\":{\"@type\":\"PropertyValueSpecification\",\"valueRequired\":true,\"valueName\":\"search_term_string\"}}],\"inLanguage\":\"en-GB\"}]}<\/script>\n<!-- \/ Yoast SEO plugin. -->","yoast_head_json":{"title":"RADIONICA: \u201cKako razviti autenti\u010dan stil vo\u0111enja?\u201c by SELECTIO GRUPA - HR Days","robots":{"index":"index","follow":"follow","max-snippet":"max-snippet:-1","max-image-preview":"max-image-preview:large","max-video-preview":"max-video-preview:-1"},"canonical":"https:\/\/hrdays.net\/en\/radionica-kako-razviti-autentican-stil-vodenja-by-selectio-grupa\/","og_locale":"en_GB","og_type":"article","og_title":"RADIONICA: \u201cKako razviti autenti\u010dan stil vo\u0111enja?\u201c by SELECTIO GRUPA - HR Days","og_description":"Da biste postali autenti\u010dan voditelj, najprije morate upoznati sebe. Kako bi otkrili \u0161to je autenti\u010dno kod uspje\u0161nih menad\u017eera, stru\u010dnjaci SELECTIO Grupe u praksi koriste brojne assessment alate me\u0111u kojima se nalazi i Belbin\u00ae. Ovaj svjetski poznat alat koristi se \u0161irom...","og_url":"https:\/\/hrdays.net\/en\/radionica-kako-razviti-autentican-stil-vodenja-by-selectio-grupa\/","og_site_name":"HR Days","article_modified_time":"2025-04-09T12:07:20+00:00","og_image":[{"width":1200,"height":573,"url":"https:\/\/hrdays.net\/wp-content\/uploads\/2021\/03\/rovinj-conference-2.jpg","type":"image\/jpeg"}],"twitter_card":"summary_large_image","twitter_misc":{"Estimated reading time":"1 minute"},"schema":{"@context":"https:\/\/schema.org","@graph":[{"@type":"WebPage","@id":"https:\/\/hrdays.net\/radionica-kako-razviti-autentican-stil-vodenja-by-selectio-grupa\/","url":"https:\/\/hrdays.net\/radionica-kako-razviti-autentican-stil-vodenja-by-selectio-grupa\/","name":"RADIONICA: \u201cKako razviti autenti\u010dan stil vo\u0111enja?\u201c by SELECTIO GRUPA - HR Days","isPartOf":{"@id":"https:\/\/hrdays.net\/#website"},"datePublished":"2025-04-09T12:07:19+00:00","dateModified":"2025-04-09T12:07:20+00:00","breadcrumb":{"@id":"https:\/\/hrdays.net\/radionica-kako-razviti-autentican-stil-vodenja-by-selectio-grupa\/#breadcrumb"},"inLanguage":"en-GB","potentialAction":[{"@type":"ReadAction","target":["https:\/\/hrdays.net\/radionica-kako-razviti-autentican-stil-vodenja-by-selectio-grupa\/"]}]},{"@type":"BreadcrumbList","@id":"https:\/\/hrdays.net\/radionica-kako-razviti-autentican-stil-vodenja-by-selectio-grupa\/#breadcrumb","itemListElement":[{"@type":"ListItem","position":1,"name":"Home","item":"https:\/\/hrdays.net\/"},{"@type":"ListItem","position":2,"name":"RADIONICA: \u201cKako razviti autenti\u010dan stil vo\u0111enja?\u201c by SELECTIO GRUPA"}]},{"@type":"WebSite","@id":"https:\/\/hrdays.net\/#website","url":"https:\/\/hrdays.net\/","name":"HR Days","description":"HRDays - konferencija o upravljanju ljudskim resursima","potentialAction":[{"@type":"SearchAction","target":{"@type":"EntryPoint","urlTemplate":"https:\/\/hrdays.net\/?s={search_term_string}"},"query-input":{"@type":"PropertyValueSpecification","valueRequired":true,"valueName":"search_term_string"}}],"inLanguage":"en-GB"}]}},"_links":{"self":[{"href":"https:\/\/hrdays.net\/en\/wp-json\/wp\/v2\/pages\/9633","targetHints":{"allow":["GET"]}}],"collection":[{"href":"https:\/\/hrdays.net\/en\/wp-json\/wp\/v2\/pages"}],"about":[{"href":"https:\/\/hrdays.net\/en\/wp-json\/wp\/v2\/types\/page"}],"author":[{"embeddable":true,"href":"https:\/\/hrdays.net\/en\/wp-json\/wp\/v2\/users\/119"}],"replies":[{"embeddable":true,"href":"https:\/\/hrdays.net\/en\/wp-json\/wp\/v2\/comments?post=9633"}],"version-history":[{"count":1,"href":"https:\/\/hrdays.net\/en\/wp-json\/wp\/v2\/pages\/9633\/revisions"}],"predecessor-version":[{"id":9634,"href":"https:\/\/hrdays.net\/en\/wp-json\/wp\/v2\/pages\/9633\/revisions\/9634"}],"wp:attachment":[{"href":"https:\/\/hrdays.net\/en\/wp-json\/wp\/v2\/media?parent=9633"}],"wp:term":[{"taxonomy":"category","embeddable":true,"href":"https:\/\/hrdays.net\/en\/wp-json\/wp\/v2\/categories?post=9633"},{"taxonomy":"post_tag","embeddable":true,"href":"https:\/\/hrdays.net\/en\/wp-json\/wp\/v2\/tags?post=9633"}],"curies":[{"name":"wp","href":"https:\/\/api.w.org\/{rel}","templated":true}]}}