{"id":9631,"date":"2025-04-09T14:06:55","date_gmt":"2025-04-09T12:06:55","guid":{"rendered":"https:\/\/hrdays.net\/?page_id=9631"},"modified":"2025-04-09T14:06:56","modified_gmt":"2025-04-09T12:06:56","slug":"radionica-goal-mapping-tvoj-osobni-navigator-ka-uspjehu-by-tremolo","status":"publish","type":"page","link":"https:\/\/hrdays.net\/en\/radionica-goal-mapping-tvoj-osobni-navigator-ka-uspjehu-by-tremolo\/","title":{"rendered":"RADIONICA: \u201cGoal Mapping \u2013 tvoj osobni navigator ka uspjehu\u201c by TREMOLO"},"content":{"rendered":"<p>We all set goals in life, both personal and professional, short-term and long-term. Do we achieve all of them? Goal Mapping is an innovative tool for setting and achieving goals. Through a specific combination of key messages and visuals, it helps us create a deep connection with our subconscious, thereby influencing our focus, motivation, and inner determination, which are essential for goal achievement.<\/p>\n\n\n\n<p>Ako imate viziju, Goal Mapping \u0107e vam pomo\u0107i da je pretvorite u stvarnost! Kroz radionicu vodit \u0107e vas <a href=\"https:\/\/hrdays.net\/en\/speaker\/davorka-tolic\/\"><strong>Davorka Toli\u0107<\/strong><\/a><strong>,<\/strong> razvojna trenerica, coach, savjetnica tvrtke TREMOLO.<\/p>\n\n\n\n<p><strong>Why Should You Participate?<\/strong><\/p>\n\n\n\n<p>If you are...<\/p>\n\n\n\n<p>... an HR professional \u2013 Discover a tool that fosters engagement, motivation, and team productivity.<\/p>\n\n\n\n<p>... a business owner \u2013 Learn how to set clear goals for business growth and long-term success.<\/p>\n\n\n\n<p>... a team leader \u2013 Strengthen your leadership skills and inspire teams towards top results.<\/p>\n\n\n\n<p>... an ambitious individual \u2013 Enhance your focus, strengthen your motivation, and achieve your personal and professional dreams.<\/p>\n\n\n\n<p>At this transformative workshop, each participant will create their own Goal Map and will have the opportunity to receive a free one-year access to the Goal Mapping online system (worth \u20ac108).<\/p>","protected":false},"excerpt":{"rendered":"<p>Svi u \u017eivotu postavljamo ciljevi, privatne i poslovne, kratkoro\u010dne i dugoro\u010dne. Da li ih sve i ostvarimo? Goal Mapping je inovativan alat za postavljanje i ostvarivanje ciljeva. Kroz specifi\u010dnu kombinaciju klju\u010dnih poruka i vizuala nam poma\u017ee ostvariti duboku poveznicu s&#8230;<\/p>","protected":false},"author":119,"featured_media":0,"parent":0,"menu_order":0,"comment_status":"closed","ping_status":"closed","template":"","meta":{"_monsterinsights_skip_tracking":false,"_monsterinsights_sitenote_active":false,"_monsterinsights_sitenote_note":"","_monsterinsights_sitenote_category":0,"footnotes":""},"categories":[],"tags":[],"class_list":["post-9631","page","type-page","status-publish","hentry"],"yoast_head":"<!-- This site is optimized with the Yoast SEO plugin v25.3 - https:\/\/yoast.com\/wordpress\/plugins\/seo\/ -->\n<title>RADIONICA: \u201cGoal Mapping \u2013 tvoj osobni navigator ka uspjehu\u201c by TREMOLO - HR Days<\/title>\n<meta name=\"robots\" content=\"index, follow, max-snippet:-1, max-image-preview:large, max-video-preview:-1\" \/>\n<link rel=\"canonical\" href=\"https:\/\/hrdays.net\/en\/radionica-goal-mapping-tvoj-osobni-navigator-ka-uspjehu-by-tremolo\/\" \/>\n<meta property=\"og:locale\" content=\"en_GB\" \/>\n<meta property=\"og:type\" content=\"article\" \/>\n<meta property=\"og:title\" content=\"RADIONICA: \u201cGoal Mapping \u2013 tvoj osobni navigator ka uspjehu\u201c by TREMOLO - HR Days\" \/>\n<meta property=\"og:description\" content=\"Svi u \u017eivotu postavljamo ciljevi, privatne i poslovne, kratkoro\u010dne i dugoro\u010dne. Da li ih sve i ostvarimo? Goal Mapping je inovativan alat za postavljanje i ostvarivanje ciljeva. Kroz specifi\u010dnu kombinaciju klju\u010dnih poruka i vizuala nam poma\u017ee ostvariti duboku poveznicu s...\" \/>\n<meta property=\"og:url\" content=\"https:\/\/hrdays.net\/en\/radionica-goal-mapping-tvoj-osobni-navigator-ka-uspjehu-by-tremolo\/\" \/>\n<meta property=\"og:site_name\" content=\"HR Days\" \/>\n<meta property=\"article:modified_time\" content=\"2025-04-09T12:06:56+00:00\" \/>\n<meta property=\"og:image\" content=\"https:\/\/hrdays.net\/wp-content\/uploads\/2021\/03\/rovinj-conference-2.jpg\" \/>\n\t<meta property=\"og:image:width\" content=\"1200\" \/>\n\t<meta property=\"og:image:height\" content=\"573\" \/>\n\t<meta property=\"og:image:type\" content=\"image\/jpeg\" \/>\n<meta name=\"twitter:card\" content=\"summary_large_image\" \/>\n<meta name=\"twitter:label1\" content=\"Estimated reading time\" \/>\n\t<meta name=\"twitter:data1\" content=\"1 minute\" \/>\n<script type=\"application\/ld+json\" class=\"yoast-schema-graph\">{\"@context\":\"https:\/\/schema.org\",\"@graph\":[{\"@type\":\"WebPage\",\"@id\":\"https:\/\/hrdays.net\/radionica-goal-mapping-tvoj-osobni-navigator-ka-uspjehu-by-tremolo\/\",\"url\":\"https:\/\/hrdays.net\/radionica-goal-mapping-tvoj-osobni-navigator-ka-uspjehu-by-tremolo\/\",\"name\":\"RADIONICA: \u201cGoal Mapping \u2013 tvoj osobni navigator ka uspjehu\u201c by TREMOLO - HR Days\",\"isPartOf\":{\"@id\":\"https:\/\/hrdays.net\/#website\"},\"datePublished\":\"2025-04-09T12:06:55+00:00\",\"dateModified\":\"2025-04-09T12:06:56+00:00\",\"breadcrumb\":{\"@id\":\"https:\/\/hrdays.net\/radionica-goal-mapping-tvoj-osobni-navigator-ka-uspjehu-by-tremolo\/#breadcrumb\"},\"inLanguage\":\"en-GB\",\"potentialAction\":[{\"@type\":\"ReadAction\",\"target\":[\"https:\/\/hrdays.net\/radionica-goal-mapping-tvoj-osobni-navigator-ka-uspjehu-by-tremolo\/\"]}]},{\"@type\":\"BreadcrumbList\",\"@id\":\"https:\/\/hrdays.net\/radionica-goal-mapping-tvoj-osobni-navigator-ka-uspjehu-by-tremolo\/#breadcrumb\",\"itemListElement\":[{\"@type\":\"ListItem\",\"position\":1,\"name\":\"Home\",\"item\":\"https:\/\/hrdays.net\/\"},{\"@type\":\"ListItem\",\"position\":2,\"name\":\"RADIONICA: \u201cGoal Mapping \u2013 tvoj osobni navigator ka uspjehu\u201c by TREMOLO\"}]},{\"@type\":\"WebSite\",\"@id\":\"https:\/\/hrdays.net\/#website\",\"url\":\"https:\/\/hrdays.net\/\",\"name\":\"HR Days\",\"description\":\"HRDays - konferencija o upravljanju ljudskim resursima\",\"potentialAction\":[{\"@type\":\"SearchAction\",\"target\":{\"@type\":\"EntryPoint\",\"urlTemplate\":\"https:\/\/hrdays.net\/?s={search_term_string}\"},\"query-input\":{\"@type\":\"PropertyValueSpecification\",\"valueRequired\":true,\"valueName\":\"search_term_string\"}}],\"inLanguage\":\"en-GB\"}]}<\/script>\n<!-- \/ Yoast SEO plugin. -->","yoast_head_json":{"title":"RADIONICA: \u201cGoal Mapping \u2013 tvoj osobni navigator ka uspjehu\u201c by TREMOLO - HR Days","robots":{"index":"index","follow":"follow","max-snippet":"max-snippet:-1","max-image-preview":"max-image-preview:large","max-video-preview":"max-video-preview:-1"},"canonical":"https:\/\/hrdays.net\/en\/radionica-goal-mapping-tvoj-osobni-navigator-ka-uspjehu-by-tremolo\/","og_locale":"en_GB","og_type":"article","og_title":"RADIONICA: \u201cGoal Mapping \u2013 tvoj osobni navigator ka uspjehu\u201c by TREMOLO - HR Days","og_description":"Svi u \u017eivotu postavljamo ciljevi, privatne i poslovne, kratkoro\u010dne i dugoro\u010dne. Da li ih sve i ostvarimo? Goal Mapping je inovativan alat za postavljanje i ostvarivanje ciljeva. Kroz specifi\u010dnu kombinaciju klju\u010dnih poruka i vizuala nam poma\u017ee ostvariti duboku poveznicu s...","og_url":"https:\/\/hrdays.net\/en\/radionica-goal-mapping-tvoj-osobni-navigator-ka-uspjehu-by-tremolo\/","og_site_name":"HR Days","article_modified_time":"2025-04-09T12:06:56+00:00","og_image":[{"width":1200,"height":573,"url":"https:\/\/hrdays.net\/wp-content\/uploads\/2021\/03\/rovinj-conference-2.jpg","type":"image\/jpeg"}],"twitter_card":"summary_large_image","twitter_misc":{"Estimated reading time":"1 minute"},"schema":{"@context":"https:\/\/schema.org","@graph":[{"@type":"WebPage","@id":"https:\/\/hrdays.net\/radionica-goal-mapping-tvoj-osobni-navigator-ka-uspjehu-by-tremolo\/","url":"https:\/\/hrdays.net\/radionica-goal-mapping-tvoj-osobni-navigator-ka-uspjehu-by-tremolo\/","name":"RADIONICA: \u201cGoal Mapping \u2013 tvoj osobni navigator ka uspjehu\u201c by TREMOLO - HR Days","isPartOf":{"@id":"https:\/\/hrdays.net\/#website"},"datePublished":"2025-04-09T12:06:55+00:00","dateModified":"2025-04-09T12:06:56+00:00","breadcrumb":{"@id":"https:\/\/hrdays.net\/radionica-goal-mapping-tvoj-osobni-navigator-ka-uspjehu-by-tremolo\/#breadcrumb"},"inLanguage":"en-GB","potentialAction":[{"@type":"ReadAction","target":["https:\/\/hrdays.net\/radionica-goal-mapping-tvoj-osobni-navigator-ka-uspjehu-by-tremolo\/"]}]},{"@type":"BreadcrumbList","@id":"https:\/\/hrdays.net\/radionica-goal-mapping-tvoj-osobni-navigator-ka-uspjehu-by-tremolo\/#breadcrumb","itemListElement":[{"@type":"ListItem","position":1,"name":"Home","item":"https:\/\/hrdays.net\/"},{"@type":"ListItem","position":2,"name":"RADIONICA: \u201cGoal Mapping \u2013 tvoj osobni navigator ka uspjehu\u201c by TREMOLO"}]},{"@type":"WebSite","@id":"https:\/\/hrdays.net\/#website","url":"https:\/\/hrdays.net\/","name":"HR Days","description":"HRDays - konferencija o upravljanju ljudskim resursima","potentialAction":[{"@type":"SearchAction","target":{"@type":"EntryPoint","urlTemplate":"https:\/\/hrdays.net\/?s={search_term_string}"},"query-input":{"@type":"PropertyValueSpecification","valueRequired":true,"valueName":"search_term_string"}}],"inLanguage":"en-GB"}]}},"_links":{"self":[{"href":"https:\/\/hrdays.net\/en\/wp-json\/wp\/v2\/pages\/9631","targetHints":{"allow":["GET"]}}],"collection":[{"href":"https:\/\/hrdays.net\/en\/wp-json\/wp\/v2\/pages"}],"about":[{"href":"https:\/\/hrdays.net\/en\/wp-json\/wp\/v2\/types\/page"}],"author":[{"embeddable":true,"href":"https:\/\/hrdays.net\/en\/wp-json\/wp\/v2\/users\/119"}],"replies":[{"embeddable":true,"href":"https:\/\/hrdays.net\/en\/wp-json\/wp\/v2\/comments?post=9631"}],"version-history":[{"count":1,"href":"https:\/\/hrdays.net\/en\/wp-json\/wp\/v2\/pages\/9631\/revisions"}],"predecessor-version":[{"id":9632,"href":"https:\/\/hrdays.net\/en\/wp-json\/wp\/v2\/pages\/9631\/revisions\/9632"}],"wp:attachment":[{"href":"https:\/\/hrdays.net\/en\/wp-json\/wp\/v2\/media?parent=9631"}],"wp:term":[{"taxonomy":"category","embeddable":true,"href":"https:\/\/hrdays.net\/en\/wp-json\/wp\/v2\/categories?post=9631"},{"taxonomy":"post_tag","embeddable":true,"href":"https:\/\/hrdays.net\/en\/wp-json\/wp\/v2\/tags?post=9631"}],"curies":[{"name":"wp","href":"https:\/\/api.w.org\/{rel}","templated":true}]}}