{"id":9525,"date":"2025-04-02T10:38:25","date_gmt":"2025-04-02T08:38:25","guid":{"rendered":"https:\/\/hrdays.net\/?page_id=9525"},"modified":"2025-04-24T15:51:34","modified_gmt":"2025-04-24T13:51:34","slug":"plesna-latino-radionica-by-nika-jelic","status":"publish","type":"page","link":"https:\/\/hrdays.net\/en\/plesna-latino-radionica-by-nika-jelic\/","title":{"rendered":"Latin Dance Workshop by Nika Jeli\u0107"},"content":{"rendered":"<p>At the HR Days conference, in addition to expert topics on human resources, you can also look forward to a unique Latin dance workshop that will completely relax and inspire you. The connection between human resources and Latin dance might seem unusual, but both worlds have a lot in common \u2013 passion, energy, teamwork, and personal development.<\/p>\n\n\n\n<p>In this workshop, led by Nika Jeli\u0107, a professional dancer with over 16 years of experience and a participant in Dancing with the Stars and her partner Matija Smolec, you won\u2019t just be learning steps; you'll discover how dance can be an expression of your personality and emotions, much like a successful team in a business environment. We will dance solo \u2013 all you need is enthusiasm and the willingness to relax and let go with the movement. Dance is like an HR strategy \u2013 with the right energy and authenticity, it can lead you to great success!<\/p>","protected":false},"excerpt":{"rendered":"<p>Na HR Days konferenciji, osim stru\u010dnih tema o ljudskim resursima, o\u010dekuje vas i jedinstvena plesna latino radionica koja \u0107e vas potpuno opustiti i inspirirati. Povezivanje ljudskih resursa i latino plesova mo\u017ee se \u010diniti neuobi\u010dajeno, ali oba svijeta imaju mnogo zajedni\u010dkog&#8230;<\/p>","protected":false},"author":119,"featured_media":0,"parent":0,"menu_order":0,"comment_status":"closed","ping_status":"closed","template":"","meta":{"_monsterinsights_skip_tracking":false,"_monsterinsights_sitenote_active":false,"_monsterinsights_sitenote_note":"","_monsterinsights_sitenote_category":0,"footnotes":""},"categories":[],"tags":[],"class_list":["post-9525","page","type-page","status-publish","hentry"],"yoast_head":"<!-- This site is optimized with the Yoast SEO plugin v25.3 - https:\/\/yoast.com\/wordpress\/plugins\/seo\/ -->\n<title>Plesna latino radionica by Nika Jeli\u0107 - HR Days<\/title>\n<meta name=\"robots\" content=\"index, follow, max-snippet:-1, max-image-preview:large, max-video-preview:-1\" \/>\n<link rel=\"canonical\" href=\"https:\/\/hrdays.net\/en\/plesna-latino-radionica-by-nika-jelic\/\" \/>\n<meta property=\"og:locale\" content=\"en_GB\" \/>\n<meta property=\"og:type\" content=\"article\" \/>\n<meta property=\"og:title\" content=\"Plesna latino radionica by Nika Jeli\u0107 - HR Days\" \/>\n<meta property=\"og:description\" content=\"Na HR Days konferenciji, osim stru\u010dnih tema o ljudskim resursima, o\u010dekuje vas i jedinstvena plesna latino radionica koja \u0107e vas potpuno opustiti i inspirirati. Povezivanje ljudskih resursa i latino plesova mo\u017ee se \u010diniti neuobi\u010dajeno, ali oba svijeta imaju mnogo zajedni\u010dkog...\" \/>\n<meta property=\"og:url\" content=\"https:\/\/hrdays.net\/en\/plesna-latino-radionica-by-nika-jelic\/\" \/>\n<meta property=\"og:site_name\" content=\"HR Days\" \/>\n<meta property=\"article:modified_time\" content=\"2025-04-24T13:51:34+00:00\" \/>\n<meta property=\"og:image\" content=\"https:\/\/hrdays.net\/wp-content\/uploads\/2021\/03\/rovinj-conference-2.jpg\" \/>\n\t<meta property=\"og:image:width\" content=\"1200\" \/>\n\t<meta property=\"og:image:height\" content=\"573\" \/>\n\t<meta property=\"og:image:type\" content=\"image\/jpeg\" \/>\n<meta name=\"twitter:card\" content=\"summary_large_image\" \/>\n<meta name=\"twitter:label1\" content=\"Estimated reading time\" \/>\n\t<meta name=\"twitter:data1\" content=\"1 minute\" \/>\n<script type=\"application\/ld+json\" class=\"yoast-schema-graph\">{\"@context\":\"https:\/\/schema.org\",\"@graph\":[{\"@type\":\"WebPage\",\"@id\":\"https:\/\/hrdays.net\/plesna-latino-radionica-by-nika-jelic\/\",\"url\":\"https:\/\/hrdays.net\/plesna-latino-radionica-by-nika-jelic\/\",\"name\":\"Plesna latino radionica by Nika Jeli\u0107 - HR Days\",\"isPartOf\":{\"@id\":\"https:\/\/hrdays.net\/#website\"},\"datePublished\":\"2025-04-02T08:38:25+00:00\",\"dateModified\":\"2025-04-24T13:51:34+00:00\",\"breadcrumb\":{\"@id\":\"https:\/\/hrdays.net\/plesna-latino-radionica-by-nika-jelic\/#breadcrumb\"},\"inLanguage\":\"en-GB\",\"potentialAction\":[{\"@type\":\"ReadAction\",\"target\":[\"https:\/\/hrdays.net\/plesna-latino-radionica-by-nika-jelic\/\"]}]},{\"@type\":\"BreadcrumbList\",\"@id\":\"https:\/\/hrdays.net\/plesna-latino-radionica-by-nika-jelic\/#breadcrumb\",\"itemListElement\":[{\"@type\":\"ListItem\",\"position\":1,\"name\":\"Home\",\"item\":\"https:\/\/hrdays.net\/\"},{\"@type\":\"ListItem\",\"position\":2,\"name\":\"Plesna latino radionica by Nika Jeli\u0107\"}]},{\"@type\":\"WebSite\",\"@id\":\"https:\/\/hrdays.net\/#website\",\"url\":\"https:\/\/hrdays.net\/\",\"name\":\"HR Days\",\"description\":\"HRDays - konferencija o upravljanju ljudskim resursima\",\"potentialAction\":[{\"@type\":\"SearchAction\",\"target\":{\"@type\":\"EntryPoint\",\"urlTemplate\":\"https:\/\/hrdays.net\/?s={search_term_string}\"},\"query-input\":{\"@type\":\"PropertyValueSpecification\",\"valueRequired\":true,\"valueName\":\"search_term_string\"}}],\"inLanguage\":\"en-GB\"}]}<\/script>\n<!-- \/ Yoast SEO plugin. -->","yoast_head_json":{"title":"Plesna latino radionica by Nika Jeli\u0107 - HR Days","robots":{"index":"index","follow":"follow","max-snippet":"max-snippet:-1","max-image-preview":"max-image-preview:large","max-video-preview":"max-video-preview:-1"},"canonical":"https:\/\/hrdays.net\/en\/plesna-latino-radionica-by-nika-jelic\/","og_locale":"en_GB","og_type":"article","og_title":"Plesna latino radionica by Nika Jeli\u0107 - HR Days","og_description":"Na HR Days konferenciji, osim stru\u010dnih tema o ljudskim resursima, o\u010dekuje vas i jedinstvena plesna latino radionica koja \u0107e vas potpuno opustiti i inspirirati. Povezivanje ljudskih resursa i latino plesova mo\u017ee se \u010diniti neuobi\u010dajeno, ali oba svijeta imaju mnogo zajedni\u010dkog...","og_url":"https:\/\/hrdays.net\/en\/plesna-latino-radionica-by-nika-jelic\/","og_site_name":"HR Days","article_modified_time":"2025-04-24T13:51:34+00:00","og_image":[{"width":1200,"height":573,"url":"https:\/\/hrdays.net\/wp-content\/uploads\/2021\/03\/rovinj-conference-2.jpg","type":"image\/jpeg"}],"twitter_card":"summary_large_image","twitter_misc":{"Estimated reading time":"1 minute"},"schema":{"@context":"https:\/\/schema.org","@graph":[{"@type":"WebPage","@id":"https:\/\/hrdays.net\/plesna-latino-radionica-by-nika-jelic\/","url":"https:\/\/hrdays.net\/plesna-latino-radionica-by-nika-jelic\/","name":"Plesna latino radionica by Nika Jeli\u0107 - HR Days","isPartOf":{"@id":"https:\/\/hrdays.net\/#website"},"datePublished":"2025-04-02T08:38:25+00:00","dateModified":"2025-04-24T13:51:34+00:00","breadcrumb":{"@id":"https:\/\/hrdays.net\/plesna-latino-radionica-by-nika-jelic\/#breadcrumb"},"inLanguage":"en-GB","potentialAction":[{"@type":"ReadAction","target":["https:\/\/hrdays.net\/plesna-latino-radionica-by-nika-jelic\/"]}]},{"@type":"BreadcrumbList","@id":"https:\/\/hrdays.net\/plesna-latino-radionica-by-nika-jelic\/#breadcrumb","itemListElement":[{"@type":"ListItem","position":1,"name":"Home","item":"https:\/\/hrdays.net\/"},{"@type":"ListItem","position":2,"name":"Plesna latino radionica by Nika Jeli\u0107"}]},{"@type":"WebSite","@id":"https:\/\/hrdays.net\/#website","url":"https:\/\/hrdays.net\/","name":"HR Days","description":"HRDays - konferencija o upravljanju ljudskim resursima","potentialAction":[{"@type":"SearchAction","target":{"@type":"EntryPoint","urlTemplate":"https:\/\/hrdays.net\/?s={search_term_string}"},"query-input":{"@type":"PropertyValueSpecification","valueRequired":true,"valueName":"search_term_string"}}],"inLanguage":"en-GB"}]}},"_links":{"self":[{"href":"https:\/\/hrdays.net\/en\/wp-json\/wp\/v2\/pages\/9525","targetHints":{"allow":["GET"]}}],"collection":[{"href":"https:\/\/hrdays.net\/en\/wp-json\/wp\/v2\/pages"}],"about":[{"href":"https:\/\/hrdays.net\/en\/wp-json\/wp\/v2\/types\/page"}],"author":[{"embeddable":true,"href":"https:\/\/hrdays.net\/en\/wp-json\/wp\/v2\/users\/119"}],"replies":[{"embeddable":true,"href":"https:\/\/hrdays.net\/en\/wp-json\/wp\/v2\/comments?post=9525"}],"version-history":[{"count":2,"href":"https:\/\/hrdays.net\/en\/wp-json\/wp\/v2\/pages\/9525\/revisions"}],"predecessor-version":[{"id":9766,"href":"https:\/\/hrdays.net\/en\/wp-json\/wp\/v2\/pages\/9525\/revisions\/9766"}],"wp:attachment":[{"href":"https:\/\/hrdays.net\/en\/wp-json\/wp\/v2\/media?parent=9525"}],"wp:term":[{"taxonomy":"category","embeddable":true,"href":"https:\/\/hrdays.net\/en\/wp-json\/wp\/v2\/categories?post=9525"},{"taxonomy":"post_tag","embeddable":true,"href":"https:\/\/hrdays.net\/en\/wp-json\/wp\/v2\/tags?post=9525"}],"curies":[{"name":"wp","href":"https:\/\/api.w.org\/{rel}","templated":true}]}}