{"id":8579,"date":"2024-04-18T11:17:26","date_gmt":"2024-04-18T09:17:26","guid":{"rendered":"https:\/\/hrdays.net\/?page_id=8579"},"modified":"2024-04-18T11:18:11","modified_gmt":"2024-04-18T09:18:11","slug":"panel-cultural-fusion-na-trzistu-rada-kako-gradimo-mostove-inkluzije-prema-stranim-radnicima","status":"publish","type":"page","link":"https:\/\/hrdays.net\/en\/panel-cultural-fusion-na-trzistu-rada-kako-gradimo-mostove-inkluzije-prema-stranim-radnicima\/","title":{"rendered":"PANEL: Cultural fusion in the labor market \u2013 how we build bridges of inclusion towards foreign workers"},"content":{"rendered":"<p>In today's globalized world, the workforce is becoming increasingly diverse, with individuals from different cultural backgrounds contributing to the fabric of organizations. As companies expand their operations internationally and seek talent from around the world, it becomes essential to build an inclusive environment that embraces cultural diversity.<br><br>Our panel aims to explore the concept of cultural fusion in the labor market and thoroughly discuss strategies for building bridges of inclusion towards foreign workers. We will examine the challenges and opportunities associated with integrating individuals from different cultural backgrounds into the workforce, as well as the importance of fostering a supportive and inclusive work culture.<br><br>Together, we will explore how we can harness the richness of cultural diversity to foster innovation, collaboration, and success in the workplace.<\/p>","protected":false},"excerpt":{"rendered":"<p>U suvremenom globaliziranom svijetu radna snaga postaje sve raznolikija, a poslovne sredine mjesta okupljanja pojedinaca razli\u010ditih kulturnih pozadina. S obzirom na to da uslijed nedostatka doma\u0107eg kadra, kao i \u0161irenja poslovanja na me\u0111unarodno tr\u017ei\u0161te, tvrtke tra\u017ee i zapo\u0161ljavaju talente diljem&#8230;<\/p>","protected":false},"author":119,"featured_media":0,"parent":0,"menu_order":0,"comment_status":"closed","ping_status":"closed","template":"","meta":{"_monsterinsights_skip_tracking":false,"_monsterinsights_sitenote_active":false,"_monsterinsights_sitenote_note":"","_monsterinsights_sitenote_category":0,"footnotes":""},"categories":[],"tags":[],"class_list":["post-8579","page","type-page","status-publish","hentry"],"yoast_head":"<!-- This site is optimized with the Yoast SEO plugin v25.3 - https:\/\/yoast.com\/wordpress\/plugins\/seo\/ -->\n<title>PANEL: Cultural fusion na tr\u017ei\u0161tu rada \u2013 kako gradimo mostove inkluzije prema stranim radnicima - HR Days<\/title>\n<meta name=\"robots\" content=\"index, follow, max-snippet:-1, max-image-preview:large, max-video-preview:-1\" \/>\n<link rel=\"canonical\" href=\"https:\/\/hrdays.net\/en\/panel-cultural-fusion-na-trzistu-rada-kako-gradimo-mostove-inkluzije-prema-stranim-radnicima\/\" \/>\n<meta property=\"og:locale\" content=\"en_GB\" \/>\n<meta property=\"og:type\" content=\"article\" \/>\n<meta property=\"og:title\" content=\"PANEL: Cultural fusion na tr\u017ei\u0161tu rada \u2013 kako gradimo mostove inkluzije prema stranim radnicima - HR Days\" \/>\n<meta property=\"og:description\" content=\"U suvremenom globaliziranom svijetu radna snaga postaje sve raznolikija, a poslovne sredine mjesta okupljanja pojedinaca razli\u010ditih kulturnih pozadina. S obzirom na to da uslijed nedostatka doma\u0107eg kadra, kao i \u0161irenja poslovanja na me\u0111unarodno tr\u017ei\u0161te, tvrtke tra\u017ee i zapo\u0161ljavaju talente diljem...\" \/>\n<meta property=\"og:url\" content=\"https:\/\/hrdays.net\/en\/panel-cultural-fusion-na-trzistu-rada-kako-gradimo-mostove-inkluzije-prema-stranim-radnicima\/\" \/>\n<meta property=\"og:site_name\" content=\"HR Days\" \/>\n<meta property=\"article:modified_time\" content=\"2024-04-18T09:18:11+00:00\" \/>\n<meta property=\"og:image\" content=\"https:\/\/hrdays.net\/wp-content\/uploads\/2021\/03\/rovinj-conference-2.jpg\" \/>\n\t<meta property=\"og:image:width\" content=\"1200\" \/>\n\t<meta property=\"og:image:height\" content=\"573\" \/>\n\t<meta property=\"og:image:type\" content=\"image\/jpeg\" \/>\n<meta name=\"twitter:card\" content=\"summary_large_image\" \/>\n<meta name=\"twitter:label1\" content=\"Estimated reading time\" \/>\n\t<meta name=\"twitter:data1\" content=\"1 minute\" \/>\n<script type=\"application\/ld+json\" class=\"yoast-schema-graph\">{\"@context\":\"https:\/\/schema.org\",\"@graph\":[{\"@type\":\"WebPage\",\"@id\":\"https:\/\/hrdays.net\/en\/panel-cultural-fusion-na-trzistu-rada-kako-gradimo-mostove-inkluzije-prema-stranim-radnicima\/\",\"url\":\"https:\/\/hrdays.net\/en\/panel-cultural-fusion-na-trzistu-rada-kako-gradimo-mostove-inkluzije-prema-stranim-radnicima\/\",\"name\":\"PANEL: Cultural fusion na tr\u017ei\u0161tu rada \u2013 kako gradimo mostove inkluzije prema stranim radnicima - HR Days\",\"isPartOf\":{\"@id\":\"https:\/\/hrdays.net\/#website\"},\"datePublished\":\"2024-04-18T09:17:26+00:00\",\"dateModified\":\"2024-04-18T09:18:11+00:00\",\"breadcrumb\":{\"@id\":\"https:\/\/hrdays.net\/en\/panel-cultural-fusion-na-trzistu-rada-kako-gradimo-mostove-inkluzije-prema-stranim-radnicima\/#breadcrumb\"},\"inLanguage\":\"en-GB\",\"potentialAction\":[{\"@type\":\"ReadAction\",\"target\":[\"https:\/\/hrdays.net\/en\/panel-cultural-fusion-na-trzistu-rada-kako-gradimo-mostove-inkluzije-prema-stranim-radnicima\/\"]}]},{\"@type\":\"BreadcrumbList\",\"@id\":\"https:\/\/hrdays.net\/en\/panel-cultural-fusion-na-trzistu-rada-kako-gradimo-mostove-inkluzije-prema-stranim-radnicima\/#breadcrumb\",\"itemListElement\":[{\"@type\":\"ListItem\",\"position\":1,\"name\":\"Home\",\"item\":\"https:\/\/hrdays.net\/\"},{\"@type\":\"ListItem\",\"position\":2,\"name\":\"PANEL: Cultural fusion na tr\u017ei\u0161tu rada \u2013 kako gradimo mostove inkluzije prema stranim radnicima\"}]},{\"@type\":\"WebSite\",\"@id\":\"https:\/\/hrdays.net\/#website\",\"url\":\"https:\/\/hrdays.net\/\",\"name\":\"HR Days\",\"description\":\"HRDays - konferencija o upravljanju ljudskim resursima\",\"potentialAction\":[{\"@type\":\"SearchAction\",\"target\":{\"@type\":\"EntryPoint\",\"urlTemplate\":\"https:\/\/hrdays.net\/?s={search_term_string}\"},\"query-input\":{\"@type\":\"PropertyValueSpecification\",\"valueRequired\":true,\"valueName\":\"search_term_string\"}}],\"inLanguage\":\"en-GB\"}]}<\/script>\n<!-- \/ Yoast SEO plugin. -->","yoast_head_json":{"title":"PANEL: Cultural fusion na tr\u017ei\u0161tu rada \u2013 kako gradimo mostove inkluzije prema stranim radnicima - HR Days","robots":{"index":"index","follow":"follow","max-snippet":"max-snippet:-1","max-image-preview":"max-image-preview:large","max-video-preview":"max-video-preview:-1"},"canonical":"https:\/\/hrdays.net\/en\/panel-cultural-fusion-na-trzistu-rada-kako-gradimo-mostove-inkluzije-prema-stranim-radnicima\/","og_locale":"en_GB","og_type":"article","og_title":"PANEL: Cultural fusion na tr\u017ei\u0161tu rada \u2013 kako gradimo mostove inkluzije prema stranim radnicima - HR Days","og_description":"U suvremenom globaliziranom svijetu radna snaga postaje sve raznolikija, a poslovne sredine mjesta okupljanja pojedinaca razli\u010ditih kulturnih pozadina. S obzirom na to da uslijed nedostatka doma\u0107eg kadra, kao i \u0161irenja poslovanja na me\u0111unarodno tr\u017ei\u0161te, tvrtke tra\u017ee i zapo\u0161ljavaju talente diljem...","og_url":"https:\/\/hrdays.net\/en\/panel-cultural-fusion-na-trzistu-rada-kako-gradimo-mostove-inkluzije-prema-stranim-radnicima\/","og_site_name":"HR Days","article_modified_time":"2024-04-18T09:18:11+00:00","og_image":[{"width":1200,"height":573,"url":"https:\/\/hrdays.net\/wp-content\/uploads\/2021\/03\/rovinj-conference-2.jpg","type":"image\/jpeg"}],"twitter_card":"summary_large_image","twitter_misc":{"Estimated reading time":"1 minute"},"schema":{"@context":"https:\/\/schema.org","@graph":[{"@type":"WebPage","@id":"https:\/\/hrdays.net\/en\/panel-cultural-fusion-na-trzistu-rada-kako-gradimo-mostove-inkluzije-prema-stranim-radnicima\/","url":"https:\/\/hrdays.net\/en\/panel-cultural-fusion-na-trzistu-rada-kako-gradimo-mostove-inkluzije-prema-stranim-radnicima\/","name":"PANEL: Cultural fusion na tr\u017ei\u0161tu rada \u2013 kako gradimo mostove inkluzije prema stranim radnicima - HR Days","isPartOf":{"@id":"https:\/\/hrdays.net\/#website"},"datePublished":"2024-04-18T09:17:26+00:00","dateModified":"2024-04-18T09:18:11+00:00","breadcrumb":{"@id":"https:\/\/hrdays.net\/en\/panel-cultural-fusion-na-trzistu-rada-kako-gradimo-mostove-inkluzije-prema-stranim-radnicima\/#breadcrumb"},"inLanguage":"en-GB","potentialAction":[{"@type":"ReadAction","target":["https:\/\/hrdays.net\/en\/panel-cultural-fusion-na-trzistu-rada-kako-gradimo-mostove-inkluzije-prema-stranim-radnicima\/"]}]},{"@type":"BreadcrumbList","@id":"https:\/\/hrdays.net\/en\/panel-cultural-fusion-na-trzistu-rada-kako-gradimo-mostove-inkluzije-prema-stranim-radnicima\/#breadcrumb","itemListElement":[{"@type":"ListItem","position":1,"name":"Home","item":"https:\/\/hrdays.net\/"},{"@type":"ListItem","position":2,"name":"PANEL: Cultural fusion na tr\u017ei\u0161tu rada \u2013 kako gradimo mostove inkluzije prema stranim radnicima"}]},{"@type":"WebSite","@id":"https:\/\/hrdays.net\/#website","url":"https:\/\/hrdays.net\/","name":"HR Days","description":"HRDays - konferencija o upravljanju ljudskim resursima","potentialAction":[{"@type":"SearchAction","target":{"@type":"EntryPoint","urlTemplate":"https:\/\/hrdays.net\/?s={search_term_string}"},"query-input":{"@type":"PropertyValueSpecification","valueRequired":true,"valueName":"search_term_string"}}],"inLanguage":"en-GB"}]}},"_links":{"self":[{"href":"https:\/\/hrdays.net\/en\/wp-json\/wp\/v2\/pages\/8579","targetHints":{"allow":["GET"]}}],"collection":[{"href":"https:\/\/hrdays.net\/en\/wp-json\/wp\/v2\/pages"}],"about":[{"href":"https:\/\/hrdays.net\/en\/wp-json\/wp\/v2\/types\/page"}],"author":[{"embeddable":true,"href":"https:\/\/hrdays.net\/en\/wp-json\/wp\/v2\/users\/119"}],"replies":[{"embeddable":true,"href":"https:\/\/hrdays.net\/en\/wp-json\/wp\/v2\/comments?post=8579"}],"version-history":[{"count":3,"href":"https:\/\/hrdays.net\/en\/wp-json\/wp\/v2\/pages\/8579\/revisions"}],"predecessor-version":[{"id":8582,"href":"https:\/\/hrdays.net\/en\/wp-json\/wp\/v2\/pages\/8579\/revisions\/8582"}],"wp:attachment":[{"href":"https:\/\/hrdays.net\/en\/wp-json\/wp\/v2\/media?parent=8579"}],"wp:term":[{"taxonomy":"category","embeddable":true,"href":"https:\/\/hrdays.net\/en\/wp-json\/wp\/v2\/categories?post=8579"},{"taxonomy":"post_tag","embeddable":true,"href":"https:\/\/hrdays.net\/en\/wp-json\/wp\/v2\/tags?post=8579"}],"curies":[{"name":"wp","href":"https:\/\/api.w.org\/{rel}","templated":true}]}}