{"id":8468,"date":"2024-04-04T09:32:32","date_gmt":"2024-04-04T07:32:32","guid":{"rendered":"https:\/\/hrdays.net\/?page_id=8468"},"modified":"2024-04-04T09:32:33","modified_gmt":"2024-04-04T07:32:33","slug":"radionica-kako-bolje-zaposliti-it-strucnjaka","status":"publish","type":"page","link":"https:\/\/hrdays.net\/en\/radionica-kako-bolje-zaposliti-it-strucnjaka\/","title":{"rendered":"WORKSHOP: How to Better Hire IT Professionals"},"content":{"rendered":"<p>Join us at the workshop \"How to Better Hire IT Professionals\" which is designed for HR professionals who want to better understand IT professionals in order to communicate more effectively with them.<\/p>\n\n\n\n<p>Learn how to approach IT professionals, how to interest them in your company, and how to build a reputation that attracts top candidates.<\/p>\n\n\n\n<p><strong>What will you learn about IT professionals?<\/strong><\/p>\n\n\n\n<ul class=\"wp-block-list\">\n<li>How they think about employment<\/li>\n\n\n\n<li>How to write job ads that are interesting to them<\/li>\n\n\n\n<li>What is important to them in a company and team they work in?<\/li>\n<\/ul>\n\n\n\n<p><strong>Why join?<\/strong><\/p>\n\n\n\n<ul class=\"wp-block-list\">\n<li>Interactive activities with experts on the topic of employment in IT<\/li>\n\n\n\n<li>Opportunity to network with colleagues and share experiences<\/li>\n\n\n\n<li>Practical advice that you can apply immediately<\/li>\n<\/ul>\n\n\n\n<p>Don't miss the opportunity to improve your skills and attract the desired IT talent.<\/p>","protected":false},"excerpt":{"rendered":"<p>Pridru\u017eite nam se na radionici \u201cKako bolje zaposliti IT stru\u010dnjaka\u201d koja je namijenjena HR profesionalcima koji \u017eele bolje razumjeti IT stru\u010dnjake kako bi efikasnije komunicirali s njima. Saznajte kako pristupiti IT-evcima, kako ih zainteresirati za va\u0161u tvrtku i kako izgraditi&#8230;<\/p>","protected":false},"author":119,"featured_media":0,"parent":0,"menu_order":0,"comment_status":"closed","ping_status":"closed","template":"","meta":{"_monsterinsights_skip_tracking":false,"_monsterinsights_sitenote_active":false,"_monsterinsights_sitenote_note":"","_monsterinsights_sitenote_category":0,"footnotes":""},"categories":[],"tags":[],"class_list":["post-8468","page","type-page","status-publish","hentry"],"yoast_head":"<!-- This site is optimized with the Yoast SEO plugin v25.3 - https:\/\/yoast.com\/wordpress\/plugins\/seo\/ -->\n<title>RADIONICA: Kako bolje zaposliti IT stru\u010dnjaka - HR Days<\/title>\n<meta name=\"robots\" content=\"index, follow, max-snippet:-1, max-image-preview:large, max-video-preview:-1\" \/>\n<link rel=\"canonical\" href=\"https:\/\/hrdays.net\/en\/radionica-kako-bolje-zaposliti-it-strucnjaka\/\" \/>\n<meta property=\"og:locale\" content=\"en_GB\" \/>\n<meta property=\"og:type\" content=\"article\" \/>\n<meta property=\"og:title\" content=\"RADIONICA: Kako bolje zaposliti IT stru\u010dnjaka - HR Days\" \/>\n<meta property=\"og:description\" content=\"Pridru\u017eite nam se na radionici \u201cKako bolje zaposliti IT stru\u010dnjaka\u201d koja je namijenjena HR profesionalcima koji \u017eele bolje razumjeti IT stru\u010dnjake kako bi efikasnije komunicirali s njima. Saznajte kako pristupiti IT-evcima, kako ih zainteresirati za va\u0161u tvrtku i kako izgraditi...\" \/>\n<meta property=\"og:url\" content=\"https:\/\/hrdays.net\/en\/radionica-kako-bolje-zaposliti-it-strucnjaka\/\" \/>\n<meta property=\"og:site_name\" content=\"HR Days\" \/>\n<meta property=\"article:modified_time\" content=\"2024-04-04T07:32:33+00:00\" \/>\n<meta property=\"og:image\" content=\"https:\/\/hrdays.net\/wp-content\/uploads\/2021\/03\/rovinj-conference-2.jpg\" \/>\n\t<meta property=\"og:image:width\" content=\"1200\" \/>\n\t<meta property=\"og:image:height\" content=\"573\" \/>\n\t<meta property=\"og:image:type\" content=\"image\/jpeg\" \/>\n<meta name=\"twitter:card\" content=\"summary_large_image\" \/>\n<meta name=\"twitter:label1\" content=\"Estimated reading time\" \/>\n\t<meta name=\"twitter:data1\" content=\"1 minute\" \/>\n<script type=\"application\/ld+json\" class=\"yoast-schema-graph\">{\"@context\":\"https:\/\/schema.org\",\"@graph\":[{\"@type\":\"WebPage\",\"@id\":\"https:\/\/hrdays.net\/radionica-kako-bolje-zaposliti-it-strucnjaka\/\",\"url\":\"https:\/\/hrdays.net\/radionica-kako-bolje-zaposliti-it-strucnjaka\/\",\"name\":\"RADIONICA: Kako bolje zaposliti IT stru\u010dnjaka - HR Days\",\"isPartOf\":{\"@id\":\"https:\/\/hrdays.net\/#website\"},\"datePublished\":\"2024-04-04T07:32:32+00:00\",\"dateModified\":\"2024-04-04T07:32:33+00:00\",\"breadcrumb\":{\"@id\":\"https:\/\/hrdays.net\/radionica-kako-bolje-zaposliti-it-strucnjaka\/#breadcrumb\"},\"inLanguage\":\"en-GB\",\"potentialAction\":[{\"@type\":\"ReadAction\",\"target\":[\"https:\/\/hrdays.net\/radionica-kako-bolje-zaposliti-it-strucnjaka\/\"]}]},{\"@type\":\"BreadcrumbList\",\"@id\":\"https:\/\/hrdays.net\/radionica-kako-bolje-zaposliti-it-strucnjaka\/#breadcrumb\",\"itemListElement\":[{\"@type\":\"ListItem\",\"position\":1,\"name\":\"Home\",\"item\":\"https:\/\/hrdays.net\/\"},{\"@type\":\"ListItem\",\"position\":2,\"name\":\"RADIONICA: Kako bolje zaposliti IT stru\u010dnjaka\"}]},{\"@type\":\"WebSite\",\"@id\":\"https:\/\/hrdays.net\/#website\",\"url\":\"https:\/\/hrdays.net\/\",\"name\":\"HR Days\",\"description\":\"HRDays - konferencija o upravljanju ljudskim resursima\",\"potentialAction\":[{\"@type\":\"SearchAction\",\"target\":{\"@type\":\"EntryPoint\",\"urlTemplate\":\"https:\/\/hrdays.net\/?s={search_term_string}\"},\"query-input\":{\"@type\":\"PropertyValueSpecification\",\"valueRequired\":true,\"valueName\":\"search_term_string\"}}],\"inLanguage\":\"en-GB\"}]}<\/script>\n<!-- \/ Yoast SEO plugin. -->","yoast_head_json":{"title":"RADIONICA: Kako bolje zaposliti IT stru\u010dnjaka - HR Days","robots":{"index":"index","follow":"follow","max-snippet":"max-snippet:-1","max-image-preview":"max-image-preview:large","max-video-preview":"max-video-preview:-1"},"canonical":"https:\/\/hrdays.net\/en\/radionica-kako-bolje-zaposliti-it-strucnjaka\/","og_locale":"en_GB","og_type":"article","og_title":"RADIONICA: Kako bolje zaposliti IT stru\u010dnjaka - HR Days","og_description":"Pridru\u017eite nam se na radionici \u201cKako bolje zaposliti IT stru\u010dnjaka\u201d koja je namijenjena HR profesionalcima koji \u017eele bolje razumjeti IT stru\u010dnjake kako bi efikasnije komunicirali s njima. Saznajte kako pristupiti IT-evcima, kako ih zainteresirati za va\u0161u tvrtku i kako izgraditi...","og_url":"https:\/\/hrdays.net\/en\/radionica-kako-bolje-zaposliti-it-strucnjaka\/","og_site_name":"HR Days","article_modified_time":"2024-04-04T07:32:33+00:00","og_image":[{"width":1200,"height":573,"url":"https:\/\/hrdays.net\/wp-content\/uploads\/2021\/03\/rovinj-conference-2.jpg","type":"image\/jpeg"}],"twitter_card":"summary_large_image","twitter_misc":{"Estimated reading time":"1 minute"},"schema":{"@context":"https:\/\/schema.org","@graph":[{"@type":"WebPage","@id":"https:\/\/hrdays.net\/radionica-kako-bolje-zaposliti-it-strucnjaka\/","url":"https:\/\/hrdays.net\/radionica-kako-bolje-zaposliti-it-strucnjaka\/","name":"RADIONICA: Kako bolje zaposliti IT stru\u010dnjaka - HR Days","isPartOf":{"@id":"https:\/\/hrdays.net\/#website"},"datePublished":"2024-04-04T07:32:32+00:00","dateModified":"2024-04-04T07:32:33+00:00","breadcrumb":{"@id":"https:\/\/hrdays.net\/radionica-kako-bolje-zaposliti-it-strucnjaka\/#breadcrumb"},"inLanguage":"en-GB","potentialAction":[{"@type":"ReadAction","target":["https:\/\/hrdays.net\/radionica-kako-bolje-zaposliti-it-strucnjaka\/"]}]},{"@type":"BreadcrumbList","@id":"https:\/\/hrdays.net\/radionica-kako-bolje-zaposliti-it-strucnjaka\/#breadcrumb","itemListElement":[{"@type":"ListItem","position":1,"name":"Home","item":"https:\/\/hrdays.net\/"},{"@type":"ListItem","position":2,"name":"RADIONICA: Kako bolje zaposliti IT stru\u010dnjaka"}]},{"@type":"WebSite","@id":"https:\/\/hrdays.net\/#website","url":"https:\/\/hrdays.net\/","name":"HR Days","description":"HRDays - konferencija o upravljanju ljudskim resursima","potentialAction":[{"@type":"SearchAction","target":{"@type":"EntryPoint","urlTemplate":"https:\/\/hrdays.net\/?s={search_term_string}"},"query-input":{"@type":"PropertyValueSpecification","valueRequired":true,"valueName":"search_term_string"}}],"inLanguage":"en-GB"}]}},"_links":{"self":[{"href":"https:\/\/hrdays.net\/en\/wp-json\/wp\/v2\/pages\/8468","targetHints":{"allow":["GET"]}}],"collection":[{"href":"https:\/\/hrdays.net\/en\/wp-json\/wp\/v2\/pages"}],"about":[{"href":"https:\/\/hrdays.net\/en\/wp-json\/wp\/v2\/types\/page"}],"author":[{"embeddable":true,"href":"https:\/\/hrdays.net\/en\/wp-json\/wp\/v2\/users\/119"}],"replies":[{"embeddable":true,"href":"https:\/\/hrdays.net\/en\/wp-json\/wp\/v2\/comments?post=8468"}],"version-history":[{"count":1,"href":"https:\/\/hrdays.net\/en\/wp-json\/wp\/v2\/pages\/8468\/revisions"}],"predecessor-version":[{"id":8469,"href":"https:\/\/hrdays.net\/en\/wp-json\/wp\/v2\/pages\/8468\/revisions\/8469"}],"wp:attachment":[{"href":"https:\/\/hrdays.net\/en\/wp-json\/wp\/v2\/media?parent=8468"}],"wp:term":[{"taxonomy":"category","embeddable":true,"href":"https:\/\/hrdays.net\/en\/wp-json\/wp\/v2\/categories?post=8468"},{"taxonomy":"post_tag","embeddable":true,"href":"https:\/\/hrdays.net\/en\/wp-json\/wp\/v2\/tags?post=8468"}],"curies":[{"name":"wp","href":"https:\/\/api.w.org\/{rel}","templated":true}]}}