{"id":8384,"date":"2025-04-02T14:57:46","date_gmt":"2025-04-02T12:57:46","guid":{"rendered":"https:\/\/hrdays.net\/?page_id=8384"},"modified":"2025-04-03T13:15:10","modified_gmt":"2025-04-03T11:15:10","slug":"cocktail-tasting-hr-speed-dating","status":"publish","type":"page","link":"https:\/\/hrdays.net\/en\/cocktail-tasting-hr-speed-dating\/","title":{"rendered":"Cocktail Tasting &amp; HR Speed Dating"},"content":{"rendered":"<p>For all participants of the HR Days conference, we have prepared a special evening that combines enjoyment and business networking \u2013 Cocktail Tasting &amp; HR Speed Dating. This event will not only be an opportunity to discuss business topics but also to create new connections in a relaxed atmosphere. At several tables, you will have the chance to share your experiences, challenges, and life moments with colleagues, while discovering new friendships and collaborations.<\/p>\n\n\n\n<p class=\"translation-block\">The top-notch cocktail experience will be provided by the experts from <a href=\"https:\/\/barmen.hr\/\" target=\"_blank\" rel=\"noreferrer noopener nofollow\">barmen.hr<\/a>, an association that brings together the best team of bartenders and cocktail enthusiasts. They will guide you through innovative cocktail combinations that will delight your taste buds. You can learn more about their expertise at <a href=\"https:\/\/barmen.hr\/\" target=\"_blank\" rel=\"noreferrer noopener nofollow\">barmen.hr<\/a>.<\/p>\n\n\n\n<p>On this unique evening, you will enjoy cocktails that will amaze you with their creativity and flavors, all while mingling with inspiring people with whom you can talk, laugh, and perhaps even find new business opportunities. Relax, connect, and enjoy every moment of this special evening \u2013 because Cocktail Tasting &amp; HR Speed Dating is not just about cocktails, but about creating lasting connections.<\/p>","protected":false},"excerpt":{"rendered":"<p>Za sve sudionike HR Days konferencije pripremili smo posebnu ve\u010der koja spaja u\u017eivanje i poslovno umre\u017eavanje \u2013 Cocktail Tasting &amp; HR Speed Dating. Ovaj doga\u0111aj ne\u0107e biti samo prilika za razgovor o poslovnim temama, ve\u0107 i za stvaranje novih veza&#8230;<\/p>","protected":false},"author":119,"featured_media":0,"parent":0,"menu_order":0,"comment_status":"closed","ping_status":"closed","template":"","meta":{"_monsterinsights_skip_tracking":false,"_monsterinsights_sitenote_active":false,"_monsterinsights_sitenote_note":"","_monsterinsights_sitenote_category":0,"footnotes":""},"categories":[],"tags":[],"class_list":["post-8384","page","type-page","status-publish","hentry"],"yoast_head":"<!-- This site is optimized with the Yoast SEO plugin v25.3 - https:\/\/yoast.com\/wordpress\/plugins\/seo\/ -->\n<title>Cocktail Tasting &amp; HR Speed Dating - HR Days<\/title>\n<meta name=\"robots\" content=\"index, follow, max-snippet:-1, max-image-preview:large, max-video-preview:-1\" \/>\n<link rel=\"canonical\" href=\"https:\/\/hrdays.net\/en\/cocktail-tasting-hr-speed-dating\/\" \/>\n<meta property=\"og:locale\" content=\"en_GB\" \/>\n<meta property=\"og:type\" content=\"article\" \/>\n<meta property=\"og:title\" content=\"Cocktail Tasting &amp; HR Speed Dating - HR Days\" \/>\n<meta property=\"og:description\" content=\"Za sve sudionike HR Days konferencije pripremili smo posebnu ve\u010der koja spaja u\u017eivanje i poslovno umre\u017eavanje \u2013 Cocktail Tasting &amp; HR Speed Dating. Ovaj doga\u0111aj ne\u0107e biti samo prilika za razgovor o poslovnim temama, ve\u0107 i za stvaranje novih veza...\" \/>\n<meta property=\"og:url\" content=\"https:\/\/hrdays.net\/en\/cocktail-tasting-hr-speed-dating\/\" \/>\n<meta property=\"og:site_name\" content=\"HR Days\" \/>\n<meta property=\"article:modified_time\" content=\"2025-04-03T11:15:10+00:00\" \/>\n<meta property=\"og:image\" content=\"https:\/\/hrdays.net\/wp-content\/uploads\/2021\/03\/rovinj-conference-2.jpg\" \/>\n\t<meta property=\"og:image:width\" content=\"1200\" \/>\n\t<meta property=\"og:image:height\" content=\"573\" \/>\n\t<meta property=\"og:image:type\" content=\"image\/jpeg\" \/>\n<meta name=\"twitter:card\" content=\"summary_large_image\" \/>\n<meta name=\"twitter:label1\" content=\"Estimated reading time\" \/>\n\t<meta name=\"twitter:data1\" content=\"1 minute\" \/>\n<script type=\"application\/ld+json\" class=\"yoast-schema-graph\">{\"@context\":\"https:\/\/schema.org\",\"@graph\":[{\"@type\":\"WebPage\",\"@id\":\"https:\/\/hrdays.net\/cocktail-tasting-hr-speed-dating\/\",\"url\":\"https:\/\/hrdays.net\/cocktail-tasting-hr-speed-dating\/\",\"name\":\"Cocktail Tasting &amp; HR Speed Dating - HR Days\",\"isPartOf\":{\"@id\":\"https:\/\/hrdays.net\/#website\"},\"datePublished\":\"2025-04-02T12:57:46+00:00\",\"dateModified\":\"2025-04-03T11:15:10+00:00\",\"breadcrumb\":{\"@id\":\"https:\/\/hrdays.net\/cocktail-tasting-hr-speed-dating\/#breadcrumb\"},\"inLanguage\":\"en-GB\",\"potentialAction\":[{\"@type\":\"ReadAction\",\"target\":[\"https:\/\/hrdays.net\/cocktail-tasting-hr-speed-dating\/\"]}]},{\"@type\":\"BreadcrumbList\",\"@id\":\"https:\/\/hrdays.net\/cocktail-tasting-hr-speed-dating\/#breadcrumb\",\"itemListElement\":[{\"@type\":\"ListItem\",\"position\":1,\"name\":\"Home\",\"item\":\"https:\/\/hrdays.net\/\"},{\"@type\":\"ListItem\",\"position\":2,\"name\":\"Cocktail Tasting &amp; HR Speed Dating\"}]},{\"@type\":\"WebSite\",\"@id\":\"https:\/\/hrdays.net\/#website\",\"url\":\"https:\/\/hrdays.net\/\",\"name\":\"HR Days\",\"description\":\"HRDays - konferencija o upravljanju ljudskim resursima\",\"potentialAction\":[{\"@type\":\"SearchAction\",\"target\":{\"@type\":\"EntryPoint\",\"urlTemplate\":\"https:\/\/hrdays.net\/?s={search_term_string}\"},\"query-input\":{\"@type\":\"PropertyValueSpecification\",\"valueRequired\":true,\"valueName\":\"search_term_string\"}}],\"inLanguage\":\"en-GB\"}]}<\/script>\n<!-- \/ Yoast SEO plugin. -->","yoast_head_json":{"title":"Cocktail Tasting &amp; HR Speed Dating - HR Days","robots":{"index":"index","follow":"follow","max-snippet":"max-snippet:-1","max-image-preview":"max-image-preview:large","max-video-preview":"max-video-preview:-1"},"canonical":"https:\/\/hrdays.net\/en\/cocktail-tasting-hr-speed-dating\/","og_locale":"en_GB","og_type":"article","og_title":"Cocktail Tasting &amp; HR Speed Dating - HR Days","og_description":"Za sve sudionike HR Days konferencije pripremili smo posebnu ve\u010der koja spaja u\u017eivanje i poslovno umre\u017eavanje \u2013 Cocktail Tasting &amp; HR Speed Dating. Ovaj doga\u0111aj ne\u0107e biti samo prilika za razgovor o poslovnim temama, ve\u0107 i za stvaranje novih veza...","og_url":"https:\/\/hrdays.net\/en\/cocktail-tasting-hr-speed-dating\/","og_site_name":"HR Days","article_modified_time":"2025-04-03T11:15:10+00:00","og_image":[{"width":1200,"height":573,"url":"https:\/\/hrdays.net\/wp-content\/uploads\/2021\/03\/rovinj-conference-2.jpg","type":"image\/jpeg"}],"twitter_card":"summary_large_image","twitter_misc":{"Estimated reading time":"1 minute"},"schema":{"@context":"https:\/\/schema.org","@graph":[{"@type":"WebPage","@id":"https:\/\/hrdays.net\/cocktail-tasting-hr-speed-dating\/","url":"https:\/\/hrdays.net\/cocktail-tasting-hr-speed-dating\/","name":"Cocktail Tasting &amp; HR Speed Dating - HR Days","isPartOf":{"@id":"https:\/\/hrdays.net\/#website"},"datePublished":"2025-04-02T12:57:46+00:00","dateModified":"2025-04-03T11:15:10+00:00","breadcrumb":{"@id":"https:\/\/hrdays.net\/cocktail-tasting-hr-speed-dating\/#breadcrumb"},"inLanguage":"en-GB","potentialAction":[{"@type":"ReadAction","target":["https:\/\/hrdays.net\/cocktail-tasting-hr-speed-dating\/"]}]},{"@type":"BreadcrumbList","@id":"https:\/\/hrdays.net\/cocktail-tasting-hr-speed-dating\/#breadcrumb","itemListElement":[{"@type":"ListItem","position":1,"name":"Home","item":"https:\/\/hrdays.net\/"},{"@type":"ListItem","position":2,"name":"Cocktail Tasting &amp; HR Speed Dating"}]},{"@type":"WebSite","@id":"https:\/\/hrdays.net\/#website","url":"https:\/\/hrdays.net\/","name":"HR Days","description":"HRDays - konferencija o upravljanju ljudskim resursima","potentialAction":[{"@type":"SearchAction","target":{"@type":"EntryPoint","urlTemplate":"https:\/\/hrdays.net\/?s={search_term_string}"},"query-input":{"@type":"PropertyValueSpecification","valueRequired":true,"valueName":"search_term_string"}}],"inLanguage":"en-GB"}]}},"_links":{"self":[{"href":"https:\/\/hrdays.net\/en\/wp-json\/wp\/v2\/pages\/8384","targetHints":{"allow":["GET"]}}],"collection":[{"href":"https:\/\/hrdays.net\/en\/wp-json\/wp\/v2\/pages"}],"about":[{"href":"https:\/\/hrdays.net\/en\/wp-json\/wp\/v2\/types\/page"}],"author":[{"embeddable":true,"href":"https:\/\/hrdays.net\/en\/wp-json\/wp\/v2\/users\/119"}],"replies":[{"embeddable":true,"href":"https:\/\/hrdays.net\/en\/wp-json\/wp\/v2\/comments?post=8384"}],"version-history":[{"count":6,"href":"https:\/\/hrdays.net\/en\/wp-json\/wp\/v2\/pages\/8384\/revisions"}],"predecessor-version":[{"id":9566,"href":"https:\/\/hrdays.net\/en\/wp-json\/wp\/v2\/pages\/8384\/revisions\/9566"}],"wp:attachment":[{"href":"https:\/\/hrdays.net\/en\/wp-json\/wp\/v2\/media?parent=8384"}],"wp:term":[{"taxonomy":"category","embeddable":true,"href":"https:\/\/hrdays.net\/en\/wp-json\/wp\/v2\/categories?post=8384"},{"taxonomy":"post_tag","embeddable":true,"href":"https:\/\/hrdays.net\/en\/wp-json\/wp\/v2\/tags?post=8384"}],"curies":[{"name":"wp","href":"https:\/\/api.w.org\/{rel}","templated":true}]}}