{"id":8377,"date":"2024-03-14T12:38:52","date_gmt":"2024-03-14T11:38:52","guid":{"rendered":"https:\/\/hrdays.net\/?page_id=8377"},"modified":"2024-05-02T08:29:47","modified_gmt":"2024-05-02T06:29:47","slug":"radionica-put-do-uspjeha-poplocen-je-akcijskim-planovima-by-alma-career-croatia","status":"publish","type":"page","link":"https:\/\/hrdays.net\/en\/radionica-put-do-uspjeha-poplocen-je-akcijskim-planovima-by-alma-career-croatia\/","title":{"rendered":"WORKSHOP : The Road to Success is Paved with Action Plans by Alma Career Croatia"},"content":{"rendered":"<p>In today's whirlwind of constant changes in the business world, where challenges and the need for new directions and knowledge have become quite common, action plans are the foundation for achieving (business) success. Effectively recognizing the pulse of employee satisfaction, discovering key points that can lift or break organizational spirit, or at least unravel the mysterious puzzle - who are those key players needed to achieve the set goals?<\/p>\n<p class=\"translation-block\">In the workshop titled <b>\"The Road to Success is Paved with Action Plans\"<\/b>, Antonija Bu\u0161i\u0107 Crnkovi\u0107, an experienced researcher from the MojPosao jobsite, invites you to discover the formula for success through data and processes. Expect not only guidance but also a dose of inspiration that will push you forward, even through the most challenging business mazes.<\/p>\n<p>A da ne po\u017ealite \u0161to se niste prijavili za Wine tasting i mi \u0107emo degustirati vina Vinarije Fuhtar.<\/p>","protected":false},"excerpt":{"rendered":"<p>U dana\u0161njem vrtlogu stalnih promjena u poslovnom svijetu, gdje su izazovi i potrebe za novim smjerom i znanjima postali sasvim uobi\u010dajena pojava, akcijski planovi su temelj za ostvarenje (poslovnog) uspjeha. Kako u\u010dinkovito prepoznati puls zadovoljstva zaposlenika, otkriti klju\u010dne to\u010dke koje&#8230;<\/p>","protected":false},"author":119,"featured_media":0,"parent":0,"menu_order":0,"comment_status":"closed","ping_status":"closed","template":"","meta":{"_monsterinsights_skip_tracking":false,"_monsterinsights_sitenote_active":false,"_monsterinsights_sitenote_note":"","_monsterinsights_sitenote_category":0,"footnotes":""},"categories":[],"tags":[],"class_list":["post-8377","page","type-page","status-publish","hentry"],"yoast_head":"<!-- This site is optimized with the Yoast SEO plugin v25.3 - https:\/\/yoast.com\/wordpress\/plugins\/seo\/ -->\n<title>RADIONICA: Put do uspjeha poplo\u010den je akcijskim planovima by Alma Career Croatia - HR Days<\/title>\n<meta name=\"robots\" content=\"index, follow, max-snippet:-1, max-image-preview:large, max-video-preview:-1\" \/>\n<link rel=\"canonical\" href=\"https:\/\/hrdays.net\/en\/radionica-put-do-uspjeha-poplocen-je-akcijskim-planovima-by-alma-career-croatia\/\" \/>\n<meta property=\"og:locale\" content=\"en_GB\" \/>\n<meta property=\"og:type\" content=\"article\" \/>\n<meta property=\"og:title\" content=\"RADIONICA: Put do uspjeha poplo\u010den je akcijskim planovima by Alma Career Croatia - HR Days\" \/>\n<meta property=\"og:description\" content=\"U dana\u0161njem vrtlogu stalnih promjena u poslovnom svijetu, gdje su izazovi i potrebe za novim smjerom i znanjima postali sasvim uobi\u010dajena pojava, akcijski planovi su temelj za ostvarenje (poslovnog) uspjeha. Kako u\u010dinkovito prepoznati puls zadovoljstva zaposlenika, otkriti klju\u010dne to\u010dke koje...\" \/>\n<meta property=\"og:url\" content=\"https:\/\/hrdays.net\/en\/radionica-put-do-uspjeha-poplocen-je-akcijskim-planovima-by-alma-career-croatia\/\" \/>\n<meta property=\"og:site_name\" content=\"HR Days\" \/>\n<meta property=\"article:modified_time\" content=\"2024-05-02T06:29:47+00:00\" \/>\n<meta property=\"og:image\" content=\"https:\/\/hrdays.net\/wp-content\/uploads\/2021\/03\/rovinj-conference-2.jpg\" \/>\n\t<meta property=\"og:image:width\" content=\"1200\" \/>\n\t<meta property=\"og:image:height\" content=\"573\" \/>\n\t<meta property=\"og:image:type\" content=\"image\/jpeg\" \/>\n<meta name=\"twitter:card\" content=\"summary_large_image\" \/>\n<meta name=\"twitter:label1\" content=\"Estimated reading time\" \/>\n\t<meta name=\"twitter:data1\" content=\"1 minute\" \/>\n<script type=\"application\/ld+json\" class=\"yoast-schema-graph\">{\"@context\":\"https:\/\/schema.org\",\"@graph\":[{\"@type\":\"WebPage\",\"@id\":\"https:\/\/hrdays.net\/radionica-put-do-uspjeha-poplocen-je-akcijskim-planovima-by-alma-career-croatia\/\",\"url\":\"https:\/\/hrdays.net\/radionica-put-do-uspjeha-poplocen-je-akcijskim-planovima-by-alma-career-croatia\/\",\"name\":\"RADIONICA: Put do uspjeha poplo\u010den je akcijskim planovima by Alma Career Croatia - HR Days\",\"isPartOf\":{\"@id\":\"https:\/\/hrdays.net\/#website\"},\"datePublished\":\"2024-03-14T11:38:52+00:00\",\"dateModified\":\"2024-05-02T06:29:47+00:00\",\"breadcrumb\":{\"@id\":\"https:\/\/hrdays.net\/radionica-put-do-uspjeha-poplocen-je-akcijskim-planovima-by-alma-career-croatia\/#breadcrumb\"},\"inLanguage\":\"en-GB\",\"potentialAction\":[{\"@type\":\"ReadAction\",\"target\":[\"https:\/\/hrdays.net\/radionica-put-do-uspjeha-poplocen-je-akcijskim-planovima-by-alma-career-croatia\/\"]}]},{\"@type\":\"BreadcrumbList\",\"@id\":\"https:\/\/hrdays.net\/radionica-put-do-uspjeha-poplocen-je-akcijskim-planovima-by-alma-career-croatia\/#breadcrumb\",\"itemListElement\":[{\"@type\":\"ListItem\",\"position\":1,\"name\":\"Home\",\"item\":\"https:\/\/hrdays.net\/\"},{\"@type\":\"ListItem\",\"position\":2,\"name\":\"RADIONICA: Put do uspjeha poplo\u010den je akcijskim planovima by Alma Career Croatia\"}]},{\"@type\":\"WebSite\",\"@id\":\"https:\/\/hrdays.net\/#website\",\"url\":\"https:\/\/hrdays.net\/\",\"name\":\"HR Days\",\"description\":\"HRDays - konferencija o upravljanju ljudskim resursima\",\"potentialAction\":[{\"@type\":\"SearchAction\",\"target\":{\"@type\":\"EntryPoint\",\"urlTemplate\":\"https:\/\/hrdays.net\/?s={search_term_string}\"},\"query-input\":{\"@type\":\"PropertyValueSpecification\",\"valueRequired\":true,\"valueName\":\"search_term_string\"}}],\"inLanguage\":\"en-GB\"}]}<\/script>\n<!-- \/ Yoast SEO plugin. -->","yoast_head_json":{"title":"RADIONICA: Put do uspjeha poplo\u010den je akcijskim planovima by Alma Career Croatia - HR Days","robots":{"index":"index","follow":"follow","max-snippet":"max-snippet:-1","max-image-preview":"max-image-preview:large","max-video-preview":"max-video-preview:-1"},"canonical":"https:\/\/hrdays.net\/en\/radionica-put-do-uspjeha-poplocen-je-akcijskim-planovima-by-alma-career-croatia\/","og_locale":"en_GB","og_type":"article","og_title":"RADIONICA: Put do uspjeha poplo\u010den je akcijskim planovima by Alma Career Croatia - HR Days","og_description":"U dana\u0161njem vrtlogu stalnih promjena u poslovnom svijetu, gdje su izazovi i potrebe za novim smjerom i znanjima postali sasvim uobi\u010dajena pojava, akcijski planovi su temelj za ostvarenje (poslovnog) uspjeha. Kako u\u010dinkovito prepoznati puls zadovoljstva zaposlenika, otkriti klju\u010dne to\u010dke koje...","og_url":"https:\/\/hrdays.net\/en\/radionica-put-do-uspjeha-poplocen-je-akcijskim-planovima-by-alma-career-croatia\/","og_site_name":"HR Days","article_modified_time":"2024-05-02T06:29:47+00:00","og_image":[{"width":1200,"height":573,"url":"https:\/\/hrdays.net\/wp-content\/uploads\/2021\/03\/rovinj-conference-2.jpg","type":"image\/jpeg"}],"twitter_card":"summary_large_image","twitter_misc":{"Estimated reading time":"1 minute"},"schema":{"@context":"https:\/\/schema.org","@graph":[{"@type":"WebPage","@id":"https:\/\/hrdays.net\/radionica-put-do-uspjeha-poplocen-je-akcijskim-planovima-by-alma-career-croatia\/","url":"https:\/\/hrdays.net\/radionica-put-do-uspjeha-poplocen-je-akcijskim-planovima-by-alma-career-croatia\/","name":"RADIONICA: Put do uspjeha poplo\u010den je akcijskim planovima by Alma Career Croatia - HR Days","isPartOf":{"@id":"https:\/\/hrdays.net\/#website"},"datePublished":"2024-03-14T11:38:52+00:00","dateModified":"2024-05-02T06:29:47+00:00","breadcrumb":{"@id":"https:\/\/hrdays.net\/radionica-put-do-uspjeha-poplocen-je-akcijskim-planovima-by-alma-career-croatia\/#breadcrumb"},"inLanguage":"en-GB","potentialAction":[{"@type":"ReadAction","target":["https:\/\/hrdays.net\/radionica-put-do-uspjeha-poplocen-je-akcijskim-planovima-by-alma-career-croatia\/"]}]},{"@type":"BreadcrumbList","@id":"https:\/\/hrdays.net\/radionica-put-do-uspjeha-poplocen-je-akcijskim-planovima-by-alma-career-croatia\/#breadcrumb","itemListElement":[{"@type":"ListItem","position":1,"name":"Home","item":"https:\/\/hrdays.net\/"},{"@type":"ListItem","position":2,"name":"RADIONICA: Put do uspjeha poplo\u010den je akcijskim planovima by Alma Career Croatia"}]},{"@type":"WebSite","@id":"https:\/\/hrdays.net\/#website","url":"https:\/\/hrdays.net\/","name":"HR Days","description":"HRDays - konferencija o upravljanju ljudskim resursima","potentialAction":[{"@type":"SearchAction","target":{"@type":"EntryPoint","urlTemplate":"https:\/\/hrdays.net\/?s={search_term_string}"},"query-input":{"@type":"PropertyValueSpecification","valueRequired":true,"valueName":"search_term_string"}}],"inLanguage":"en-GB"}]}},"_links":{"self":[{"href":"https:\/\/hrdays.net\/en\/wp-json\/wp\/v2\/pages\/8377","targetHints":{"allow":["GET"]}}],"collection":[{"href":"https:\/\/hrdays.net\/en\/wp-json\/wp\/v2\/pages"}],"about":[{"href":"https:\/\/hrdays.net\/en\/wp-json\/wp\/v2\/types\/page"}],"author":[{"embeddable":true,"href":"https:\/\/hrdays.net\/en\/wp-json\/wp\/v2\/users\/119"}],"replies":[{"embeddable":true,"href":"https:\/\/hrdays.net\/en\/wp-json\/wp\/v2\/comments?post=8377"}],"version-history":[{"count":4,"href":"https:\/\/hrdays.net\/en\/wp-json\/wp\/v2\/pages\/8377\/revisions"}],"predecessor-version":[{"id":8657,"href":"https:\/\/hrdays.net\/en\/wp-json\/wp\/v2\/pages\/8377\/revisions\/8657"}],"wp:attachment":[{"href":"https:\/\/hrdays.net\/en\/wp-json\/wp\/v2\/media?parent=8377"}],"wp:term":[{"taxonomy":"category","embeddable":true,"href":"https:\/\/hrdays.net\/en\/wp-json\/wp\/v2\/categories?post=8377"},{"taxonomy":"post_tag","embeddable":true,"href":"https:\/\/hrdays.net\/en\/wp-json\/wp\/v2\/tags?post=8377"}],"curies":[{"name":"wp","href":"https:\/\/api.w.org\/{rel}","templated":true}]}}