{"id":8375,"date":"2024-03-14T12:37:15","date_gmt":"2024-03-14T11:37:15","guid":{"rendered":"https:\/\/hrdays.net\/?page_id=8375"},"modified":"2024-10-21T10:57:45","modified_gmt":"2024-10-21T08:57:45","slug":"radionica-agilnost-ucenja-ima-li-znanje-rok-trajanja-i-zasto-je-vazno-znati-ne-znati","status":"publish","type":"page","link":"https:\/\/hrdays.net\/en\/radionica-agilnost-ucenja-ima-li-znanje-rok-trajanja-i-zasto-je-vazno-znati-ne-znati\/","title":{"rendered":"WORKSHOP: Learning Agility - Does Knowledge Have an Expiration Date and Why it's Important to Know Not Knowing"},"content":{"rendered":"<p>Variability, uncertainty, indeterminacy and unpredictability are increasingly present in our personal and business context, and thus the need to develop our ability to navigate the complex nature of the problems and tasks we face.<\/p>\n<p>What is learning agility, and why is it so important? What exactly is knowledge and does this knowledge have an expiration date? What is more important for success in today's world - our ability to learn or the ability to release acquired knowledge? Is it more important to know knowledge or to know how to be ignorant?<\/p>\n<p>The workshop \"How good are you at \"I don't know\"?\" will help you explore your relationship to uncertainty and the unknown, stimulate awareness of the importance of skills in dealing with uncertainty and instability of the environment, and accepting the fact that we don't always have the answers we need and we can't predict with the desired certainty actual outcomes.<\/p>\n<p>We will get to know the concepts of emotional and mental agility, learn to distinguish between situations in which (lack of) knowledge is a danger and those in which (lack of) knowledge is an opportunity, get to know the techniques of conscious and deliberate change in the way of thinking and perspective, and how to use them as a source of new ideas and possibilities.<\/p>","protected":false},"excerpt":{"rendered":"<p>Promjenjivost, nesigurnost, neodre\u0111enost i nepredvidivost sve su sna\u017enije prisutni u na\u0161em osobnom i poslovnom kontekstu, a time i potreba za razvojem na\u0161e sposobnosti navigacije kompleksne prirode problema i zadataka sa kojima se suo\u010davamo. \u0160to je agilnost u\u010denja, i za\u0161to je&#8230;<\/p>","protected":false},"author":119,"featured_media":0,"parent":0,"menu_order":0,"comment_status":"closed","ping_status":"closed","template":"","meta":{"_monsterinsights_skip_tracking":false,"_monsterinsights_sitenote_active":false,"_monsterinsights_sitenote_note":"","_monsterinsights_sitenote_category":0,"footnotes":""},"categories":[],"tags":[],"class_list":["post-8375","page","type-page","status-publish","hentry"],"yoast_head":"<!-- This site is optimized with the Yoast SEO plugin v25.3 - https:\/\/yoast.com\/wordpress\/plugins\/seo\/ -->\n<title>RADIONICA: Agilnost u\u010denja \u2013 ima li znanje rok trajanja i za\u0161to je va\u017eno znati ne znati - HR Days<\/title>\n<meta name=\"robots\" content=\"index, follow, max-snippet:-1, max-image-preview:large, max-video-preview:-1\" \/>\n<link rel=\"canonical\" href=\"https:\/\/hrdays.net\/en\/radionica-agilnost-ucenja-ima-li-znanje-rok-trajanja-i-zasto-je-vazno-znati-ne-znati\/\" \/>\n<meta property=\"og:locale\" content=\"en_GB\" \/>\n<meta property=\"og:type\" content=\"article\" \/>\n<meta property=\"og:title\" content=\"RADIONICA: Agilnost u\u010denja \u2013 ima li znanje rok trajanja i za\u0161to je va\u017eno znati ne znati - HR Days\" \/>\n<meta property=\"og:description\" content=\"Promjenjivost, nesigurnost, neodre\u0111enost i nepredvidivost sve su sna\u017enije prisutni u na\u0161em osobnom i poslovnom kontekstu, a time i potreba za razvojem na\u0161e sposobnosti navigacije kompleksne prirode problema i zadataka sa kojima se suo\u010davamo. \u0160to je agilnost u\u010denja, i za\u0161to je...\" \/>\n<meta property=\"og:url\" content=\"https:\/\/hrdays.net\/en\/radionica-agilnost-ucenja-ima-li-znanje-rok-trajanja-i-zasto-je-vazno-znati-ne-znati\/\" \/>\n<meta property=\"og:site_name\" content=\"HR Days\" \/>\n<meta property=\"article:modified_time\" content=\"2024-10-21T08:57:45+00:00\" \/>\n<meta property=\"og:image\" content=\"https:\/\/hrdays.net\/wp-content\/uploads\/2021\/03\/rovinj-conference-2.jpg\" \/>\n\t<meta property=\"og:image:width\" content=\"1200\" \/>\n\t<meta property=\"og:image:height\" content=\"573\" \/>\n\t<meta property=\"og:image:type\" content=\"image\/jpeg\" \/>\n<meta name=\"twitter:card\" content=\"summary_large_image\" \/>\n<meta name=\"twitter:label1\" content=\"Estimated reading time\" \/>\n\t<meta name=\"twitter:data1\" content=\"1 minute\" \/>\n<script type=\"application\/ld+json\" class=\"yoast-schema-graph\">{\"@context\":\"https:\/\/schema.org\",\"@graph\":[{\"@type\":\"WebPage\",\"@id\":\"https:\/\/hrdays.net\/en\/radionica-agilnost-ucenja-ima-li-znanje-rok-trajanja-i-zasto-je-vazno-znati-ne-znati\/\",\"url\":\"https:\/\/hrdays.net\/en\/radionica-agilnost-ucenja-ima-li-znanje-rok-trajanja-i-zasto-je-vazno-znati-ne-znati\/\",\"name\":\"RADIONICA: Agilnost u\u010denja \u2013 ima li znanje rok trajanja i za\u0161to je va\u017eno znati ne znati - HR Days\",\"isPartOf\":{\"@id\":\"https:\/\/hrdays.net\/#website\"},\"datePublished\":\"2024-03-14T11:37:15+00:00\",\"dateModified\":\"2024-10-21T08:57:45+00:00\",\"breadcrumb\":{\"@id\":\"https:\/\/hrdays.net\/en\/radionica-agilnost-ucenja-ima-li-znanje-rok-trajanja-i-zasto-je-vazno-znati-ne-znati\/#breadcrumb\"},\"inLanguage\":\"en-GB\",\"potentialAction\":[{\"@type\":\"ReadAction\",\"target\":[\"https:\/\/hrdays.net\/en\/radionica-agilnost-ucenja-ima-li-znanje-rok-trajanja-i-zasto-je-vazno-znati-ne-znati\/\"]}]},{\"@type\":\"BreadcrumbList\",\"@id\":\"https:\/\/hrdays.net\/en\/radionica-agilnost-ucenja-ima-li-znanje-rok-trajanja-i-zasto-je-vazno-znati-ne-znati\/#breadcrumb\",\"itemListElement\":[{\"@type\":\"ListItem\",\"position\":1,\"name\":\"Home\",\"item\":\"https:\/\/hrdays.net\/\"},{\"@type\":\"ListItem\",\"position\":2,\"name\":\"RADIONICA: Agilnost u\u010denja \u2013 ima li znanje rok trajanja i za\u0161to je va\u017eno znati ne znati\"}]},{\"@type\":\"WebSite\",\"@id\":\"https:\/\/hrdays.net\/#website\",\"url\":\"https:\/\/hrdays.net\/\",\"name\":\"HR Days\",\"description\":\"HRDays - konferencija o upravljanju ljudskim resursima\",\"potentialAction\":[{\"@type\":\"SearchAction\",\"target\":{\"@type\":\"EntryPoint\",\"urlTemplate\":\"https:\/\/hrdays.net\/?s={search_term_string}\"},\"query-input\":{\"@type\":\"PropertyValueSpecification\",\"valueRequired\":true,\"valueName\":\"search_term_string\"}}],\"inLanguage\":\"en-GB\"}]}<\/script>\n<!-- \/ Yoast SEO plugin. -->","yoast_head_json":{"title":"RADIONICA: Agilnost u\u010denja \u2013 ima li znanje rok trajanja i za\u0161to je va\u017eno znati ne znati - HR Days","robots":{"index":"index","follow":"follow","max-snippet":"max-snippet:-1","max-image-preview":"max-image-preview:large","max-video-preview":"max-video-preview:-1"},"canonical":"https:\/\/hrdays.net\/en\/radionica-agilnost-ucenja-ima-li-znanje-rok-trajanja-i-zasto-je-vazno-znati-ne-znati\/","og_locale":"en_GB","og_type":"article","og_title":"RADIONICA: Agilnost u\u010denja \u2013 ima li znanje rok trajanja i za\u0161to je va\u017eno znati ne znati - HR Days","og_description":"Promjenjivost, nesigurnost, neodre\u0111enost i nepredvidivost sve su sna\u017enije prisutni u na\u0161em osobnom i poslovnom kontekstu, a time i potreba za razvojem na\u0161e sposobnosti navigacije kompleksne prirode problema i zadataka sa kojima se suo\u010davamo. \u0160to je agilnost u\u010denja, i za\u0161to je...","og_url":"https:\/\/hrdays.net\/en\/radionica-agilnost-ucenja-ima-li-znanje-rok-trajanja-i-zasto-je-vazno-znati-ne-znati\/","og_site_name":"HR Days","article_modified_time":"2024-10-21T08:57:45+00:00","og_image":[{"width":1200,"height":573,"url":"https:\/\/hrdays.net\/wp-content\/uploads\/2021\/03\/rovinj-conference-2.jpg","type":"image\/jpeg"}],"twitter_card":"summary_large_image","twitter_misc":{"Estimated reading time":"1 minute"},"schema":{"@context":"https:\/\/schema.org","@graph":[{"@type":"WebPage","@id":"https:\/\/hrdays.net\/en\/radionica-agilnost-ucenja-ima-li-znanje-rok-trajanja-i-zasto-je-vazno-znati-ne-znati\/","url":"https:\/\/hrdays.net\/en\/radionica-agilnost-ucenja-ima-li-znanje-rok-trajanja-i-zasto-je-vazno-znati-ne-znati\/","name":"RADIONICA: Agilnost u\u010denja \u2013 ima li znanje rok trajanja i za\u0161to je va\u017eno znati ne znati - HR Days","isPartOf":{"@id":"https:\/\/hrdays.net\/#website"},"datePublished":"2024-03-14T11:37:15+00:00","dateModified":"2024-10-21T08:57:45+00:00","breadcrumb":{"@id":"https:\/\/hrdays.net\/en\/radionica-agilnost-ucenja-ima-li-znanje-rok-trajanja-i-zasto-je-vazno-znati-ne-znati\/#breadcrumb"},"inLanguage":"en-GB","potentialAction":[{"@type":"ReadAction","target":["https:\/\/hrdays.net\/en\/radionica-agilnost-ucenja-ima-li-znanje-rok-trajanja-i-zasto-je-vazno-znati-ne-znati\/"]}]},{"@type":"BreadcrumbList","@id":"https:\/\/hrdays.net\/en\/radionica-agilnost-ucenja-ima-li-znanje-rok-trajanja-i-zasto-je-vazno-znati-ne-znati\/#breadcrumb","itemListElement":[{"@type":"ListItem","position":1,"name":"Home","item":"https:\/\/hrdays.net\/"},{"@type":"ListItem","position":2,"name":"RADIONICA: Agilnost u\u010denja \u2013 ima li znanje rok trajanja i za\u0161to je va\u017eno znati ne znati"}]},{"@type":"WebSite","@id":"https:\/\/hrdays.net\/#website","url":"https:\/\/hrdays.net\/","name":"HR Days","description":"HRDays - konferencija o upravljanju ljudskim resursima","potentialAction":[{"@type":"SearchAction","target":{"@type":"EntryPoint","urlTemplate":"https:\/\/hrdays.net\/?s={search_term_string}"},"query-input":{"@type":"PropertyValueSpecification","valueRequired":true,"valueName":"search_term_string"}}],"inLanguage":"en-GB"}]}},"_links":{"self":[{"href":"https:\/\/hrdays.net\/en\/wp-json\/wp\/v2\/pages\/8375","targetHints":{"allow":["GET"]}}],"collection":[{"href":"https:\/\/hrdays.net\/en\/wp-json\/wp\/v2\/pages"}],"about":[{"href":"https:\/\/hrdays.net\/en\/wp-json\/wp\/v2\/types\/page"}],"author":[{"embeddable":true,"href":"https:\/\/hrdays.net\/en\/wp-json\/wp\/v2\/users\/119"}],"replies":[{"embeddable":true,"href":"https:\/\/hrdays.net\/en\/wp-json\/wp\/v2\/comments?post=8375"}],"version-history":[{"count":1,"href":"https:\/\/hrdays.net\/en\/wp-json\/wp\/v2\/pages\/8375\/revisions"}],"predecessor-version":[{"id":8376,"href":"https:\/\/hrdays.net\/en\/wp-json\/wp\/v2\/pages\/8375\/revisions\/8376"}],"wp:attachment":[{"href":"https:\/\/hrdays.net\/en\/wp-json\/wp\/v2\/media?parent=8375"}],"wp:term":[{"taxonomy":"category","embeddable":true,"href":"https:\/\/hrdays.net\/en\/wp-json\/wp\/v2\/categories?post=8375"},{"taxonomy":"post_tag","embeddable":true,"href":"https:\/\/hrdays.net\/en\/wp-json\/wp\/v2\/tags?post=8375"}],"curies":[{"name":"wp","href":"https:\/\/api.w.org\/{rel}","templated":true}]}}