{"id":8373,"date":"2024-03-14T12:35:28","date_gmt":"2024-03-14T11:35:28","guid":{"rendered":"https:\/\/hrdays.net\/?page_id=8373"},"modified":"2024-03-26T09:38:58","modified_gmt":"2024-03-26T08:38:58","slug":"predavanje-neuroznanost-u-stvaranju-visoko-funkcionalnih-timova-by-deep-project","status":"publish","type":"page","link":"https:\/\/hrdays.net\/en\/predavanje-neuroznanost-u-stvaranju-visoko-funkcionalnih-timova-by-deep-project\/","title":{"rendered":"LECTURE: Neuroscience in Creating High-Functioning Teams by Deep Project"},"content":{"rendered":"<p>Engagement, productivity, and employee retention are terms that are increasingly heard in the context of human resource management today. However, the issue of employee retention was also present at Ford's early in the 20th century. Ford raised wages to an unprecedented $5 per eight-hour workday (compared to the norm of $2.25 for a nine-hour workday), but didn't rely solely on external motivation. Hence, the company had a \"Sociological Department\" tasked with \"employee standardization\". Today, we cannot \"standardize\" employees, nor can we standardize knowledge. But perhaps we can do something else.  <\/p>\n<p>Has the era of \"banana time\" and seven types of coffee passed? Is it normal for the average job tenure to be one year? Is the problem with \"old\" or \"new\" generations? Is the reason for job change external validation, the pursuit of higher pay, or sometimes an escape from the unknown? What can we learn from Henry Ford? <\/p>\n<p>According to Gallup's State of the Global Workplace: 2023 Report, 13% of people are engaged, 72% are not engaged, and 15% are actively disengaged.<br \/>\nShould all efforts be directed towards employer branding or employee retention? How do we balance between the two? Is there a common denominator in all these questions and statements, and what can science, or neuroscience, tell us about it? <\/p>\n<p>Does the answer lie in metacognition and cognitive motivation? <\/p>\n<p>Can we consider true the claim that members of the \"older\" generations, who had to rely on traditional learning methods, thereby encouraged the development of metacognitive skills in terms of planning, monitoring, and evaluating learning (books, manuals), while today's generations are skilled in finding information online, but the question arises of how deeply they understand and process that information and ultimately apply it to make informed decisions, and so on? <\/p>\n<p>This lecture will reveal how science can transform work environments, improve team dynamics, and set new standards in human resource management.<\/p>","protected":false},"excerpt":{"rendered":"<p>Anga\u017eiranost, produktivnost i zadr\u017eavanje zaposlenika, termini su koji se danas sve \u010de\u0161\u0107e \u010duju u kontekstu upravljanja ljudskim potencijalima. Me\u0111utim, problem sa zadr\u017eavanjem zaposlenika je imao i Ford po\u010detkom 20.-tog stolje\u0107a. Ford je podigao pla\u0107u na, tada nevi\u0111enih, 5 dolara po&#8230;<\/p>","protected":false},"author":119,"featured_media":0,"parent":0,"menu_order":0,"comment_status":"closed","ping_status":"closed","template":"","meta":{"_monsterinsights_skip_tracking":false,"_monsterinsights_sitenote_active":false,"_monsterinsights_sitenote_note":"","_monsterinsights_sitenote_category":0,"footnotes":""},"categories":[],"tags":[],"class_list":["post-8373","page","type-page","status-publish","hentry"],"yoast_head":"<!-- This site is optimized with the Yoast SEO plugin v25.3 - https:\/\/yoast.com\/wordpress\/plugins\/seo\/ -->\n<title>PREDAVANJE: Neuroznanost u stvaranju visoko funkcionalnih timova by Deep Project - HR Days<\/title>\n<meta name=\"robots\" content=\"index, follow, max-snippet:-1, max-image-preview:large, max-video-preview:-1\" \/>\n<link rel=\"canonical\" href=\"https:\/\/hrdays.net\/en\/predavanje-neuroznanost-u-stvaranju-visoko-funkcionalnih-timova-by-deep-project\/\" \/>\n<meta property=\"og:locale\" content=\"en_GB\" \/>\n<meta property=\"og:type\" content=\"article\" \/>\n<meta property=\"og:title\" content=\"PREDAVANJE: Neuroznanost u stvaranju visoko funkcionalnih timova by Deep Project - HR Days\" \/>\n<meta property=\"og:description\" content=\"Anga\u017eiranost, produktivnost i zadr\u017eavanje zaposlenika, termini su koji se danas sve \u010de\u0161\u0107e \u010duju u kontekstu upravljanja ljudskim potencijalima. Me\u0111utim, problem sa zadr\u017eavanjem zaposlenika je imao i Ford po\u010detkom 20.-tog stolje\u0107a. Ford je podigao pla\u0107u na, tada nevi\u0111enih, 5 dolara po...\" \/>\n<meta property=\"og:url\" content=\"https:\/\/hrdays.net\/en\/predavanje-neuroznanost-u-stvaranju-visoko-funkcionalnih-timova-by-deep-project\/\" \/>\n<meta property=\"og:site_name\" content=\"HR Days\" \/>\n<meta property=\"article:modified_time\" content=\"2024-03-26T08:38:58+00:00\" \/>\n<meta property=\"og:image\" content=\"https:\/\/hrdays.net\/wp-content\/uploads\/2021\/03\/rovinj-conference-2.jpg\" \/>\n\t<meta property=\"og:image:width\" content=\"1200\" \/>\n\t<meta property=\"og:image:height\" content=\"573\" \/>\n\t<meta property=\"og:image:type\" content=\"image\/jpeg\" \/>\n<meta name=\"twitter:card\" content=\"summary_large_image\" \/>\n<meta name=\"twitter:label1\" content=\"Estimated reading time\" \/>\n\t<meta name=\"twitter:data1\" content=\"2 minutes\" \/>\n<script type=\"application\/ld+json\" class=\"yoast-schema-graph\">{\"@context\":\"https:\/\/schema.org\",\"@graph\":[{\"@type\":\"WebPage\",\"@id\":\"https:\/\/hrdays.net\/predavanje-neuroznanost-u-stvaranju-visoko-funkcionalnih-timova-by-deep-project\/\",\"url\":\"https:\/\/hrdays.net\/predavanje-neuroznanost-u-stvaranju-visoko-funkcionalnih-timova-by-deep-project\/\",\"name\":\"PREDAVANJE: Neuroznanost u stvaranju visoko funkcionalnih timova by Deep Project - HR Days\",\"isPartOf\":{\"@id\":\"https:\/\/hrdays.net\/#website\"},\"datePublished\":\"2024-03-14T11:35:28+00:00\",\"dateModified\":\"2024-03-26T08:38:58+00:00\",\"breadcrumb\":{\"@id\":\"https:\/\/hrdays.net\/predavanje-neuroznanost-u-stvaranju-visoko-funkcionalnih-timova-by-deep-project\/#breadcrumb\"},\"inLanguage\":\"en-GB\",\"potentialAction\":[{\"@type\":\"ReadAction\",\"target\":[\"https:\/\/hrdays.net\/predavanje-neuroznanost-u-stvaranju-visoko-funkcionalnih-timova-by-deep-project\/\"]}]},{\"@type\":\"BreadcrumbList\",\"@id\":\"https:\/\/hrdays.net\/predavanje-neuroznanost-u-stvaranju-visoko-funkcionalnih-timova-by-deep-project\/#breadcrumb\",\"itemListElement\":[{\"@type\":\"ListItem\",\"position\":1,\"name\":\"Home\",\"item\":\"https:\/\/hrdays.net\/\"},{\"@type\":\"ListItem\",\"position\":2,\"name\":\"PREDAVANJE: Neuroznanost u stvaranju visoko funkcionalnih timova by Deep Project\"}]},{\"@type\":\"WebSite\",\"@id\":\"https:\/\/hrdays.net\/#website\",\"url\":\"https:\/\/hrdays.net\/\",\"name\":\"HR Days\",\"description\":\"HRDays - konferencija o upravljanju ljudskim resursima\",\"potentialAction\":[{\"@type\":\"SearchAction\",\"target\":{\"@type\":\"EntryPoint\",\"urlTemplate\":\"https:\/\/hrdays.net\/?s={search_term_string}\"},\"query-input\":{\"@type\":\"PropertyValueSpecification\",\"valueRequired\":true,\"valueName\":\"search_term_string\"}}],\"inLanguage\":\"en-GB\"}]}<\/script>\n<!-- \/ Yoast SEO plugin. -->","yoast_head_json":{"title":"PREDAVANJE: Neuroznanost u stvaranju visoko funkcionalnih timova by Deep Project - HR Days","robots":{"index":"index","follow":"follow","max-snippet":"max-snippet:-1","max-image-preview":"max-image-preview:large","max-video-preview":"max-video-preview:-1"},"canonical":"https:\/\/hrdays.net\/en\/predavanje-neuroznanost-u-stvaranju-visoko-funkcionalnih-timova-by-deep-project\/","og_locale":"en_GB","og_type":"article","og_title":"PREDAVANJE: Neuroznanost u stvaranju visoko funkcionalnih timova by Deep Project - HR Days","og_description":"Anga\u017eiranost, produktivnost i zadr\u017eavanje zaposlenika, termini su koji se danas sve \u010de\u0161\u0107e \u010duju u kontekstu upravljanja ljudskim potencijalima. Me\u0111utim, problem sa zadr\u017eavanjem zaposlenika je imao i Ford po\u010detkom 20.-tog stolje\u0107a. Ford je podigao pla\u0107u na, tada nevi\u0111enih, 5 dolara po...","og_url":"https:\/\/hrdays.net\/en\/predavanje-neuroznanost-u-stvaranju-visoko-funkcionalnih-timova-by-deep-project\/","og_site_name":"HR Days","article_modified_time":"2024-03-26T08:38:58+00:00","og_image":[{"width":1200,"height":573,"url":"https:\/\/hrdays.net\/wp-content\/uploads\/2021\/03\/rovinj-conference-2.jpg","type":"image\/jpeg"}],"twitter_card":"summary_large_image","twitter_misc":{"Estimated reading time":"2 minutes"},"schema":{"@context":"https:\/\/schema.org","@graph":[{"@type":"WebPage","@id":"https:\/\/hrdays.net\/predavanje-neuroznanost-u-stvaranju-visoko-funkcionalnih-timova-by-deep-project\/","url":"https:\/\/hrdays.net\/predavanje-neuroznanost-u-stvaranju-visoko-funkcionalnih-timova-by-deep-project\/","name":"PREDAVANJE: Neuroznanost u stvaranju visoko funkcionalnih timova by Deep Project - HR Days","isPartOf":{"@id":"https:\/\/hrdays.net\/#website"},"datePublished":"2024-03-14T11:35:28+00:00","dateModified":"2024-03-26T08:38:58+00:00","breadcrumb":{"@id":"https:\/\/hrdays.net\/predavanje-neuroznanost-u-stvaranju-visoko-funkcionalnih-timova-by-deep-project\/#breadcrumb"},"inLanguage":"en-GB","potentialAction":[{"@type":"ReadAction","target":["https:\/\/hrdays.net\/predavanje-neuroznanost-u-stvaranju-visoko-funkcionalnih-timova-by-deep-project\/"]}]},{"@type":"BreadcrumbList","@id":"https:\/\/hrdays.net\/predavanje-neuroznanost-u-stvaranju-visoko-funkcionalnih-timova-by-deep-project\/#breadcrumb","itemListElement":[{"@type":"ListItem","position":1,"name":"Home","item":"https:\/\/hrdays.net\/"},{"@type":"ListItem","position":2,"name":"PREDAVANJE: Neuroznanost u stvaranju visoko funkcionalnih timova by Deep Project"}]},{"@type":"WebSite","@id":"https:\/\/hrdays.net\/#website","url":"https:\/\/hrdays.net\/","name":"HR Days","description":"HRDays - konferencija o upravljanju ljudskim resursima","potentialAction":[{"@type":"SearchAction","target":{"@type":"EntryPoint","urlTemplate":"https:\/\/hrdays.net\/?s={search_term_string}"},"query-input":{"@type":"PropertyValueSpecification","valueRequired":true,"valueName":"search_term_string"}}],"inLanguage":"en-GB"}]}},"_links":{"self":[{"href":"https:\/\/hrdays.net\/en\/wp-json\/wp\/v2\/pages\/8373","targetHints":{"allow":["GET"]}}],"collection":[{"href":"https:\/\/hrdays.net\/en\/wp-json\/wp\/v2\/pages"}],"about":[{"href":"https:\/\/hrdays.net\/en\/wp-json\/wp\/v2\/types\/page"}],"author":[{"embeddable":true,"href":"https:\/\/hrdays.net\/en\/wp-json\/wp\/v2\/users\/119"}],"replies":[{"embeddable":true,"href":"https:\/\/hrdays.net\/en\/wp-json\/wp\/v2\/comments?post=8373"}],"version-history":[{"count":2,"href":"https:\/\/hrdays.net\/en\/wp-json\/wp\/v2\/pages\/8373\/revisions"}],"predecessor-version":[{"id":8439,"href":"https:\/\/hrdays.net\/en\/wp-json\/wp\/v2\/pages\/8373\/revisions\/8439"}],"wp:attachment":[{"href":"https:\/\/hrdays.net\/en\/wp-json\/wp\/v2\/media?parent=8373"}],"wp:term":[{"taxonomy":"category","embeddable":true,"href":"https:\/\/hrdays.net\/en\/wp-json\/wp\/v2\/categories?post=8373"},{"taxonomy":"post_tag","embeddable":true,"href":"https:\/\/hrdays.net\/en\/wp-json\/wp\/v2\/tags?post=8373"}],"curies":[{"name":"wp","href":"https:\/\/api.w.org\/{rel}","templated":true}]}}