{"id":8369,"date":"2024-03-14T12:28:08","date_gmt":"2024-03-14T11:28:08","guid":{"rendered":"https:\/\/hrdays.net\/?page_id=8369"},"modified":"2024-03-18T13:18:22","modified_gmt":"2024-03-18T12:18:22","slug":"radionica-jednaka-placa-za-jednak-rad-by-selectio","status":"publish","type":"page","link":"https:\/\/hrdays.net\/en\/radionica-jednaka-placa-za-jednak-rad-by-selectio\/","title":{"rendered":"WORKSHOP: Equal pay for Equal Work by Selectio"},"content":{"rendered":"<p>We're sure you're committed to a transparent and equal pay system, but do you know what steps you need to take to achieve long-term equality and reach a pay gap of less than 5%?<\/p>\n<p>At this case study workshop, you will learn first-hand information about the market and best practices that are defined as part of the Equal Pay Champion certificate, the first project in Croatia for reducing the pay gap. You will also hear the experience of two guests, representatives of successful Croatian companies that lead in this area.<\/p>\n<p>You will learn how to:<\/p>\n<ul>\n<li>Build the foundations for a transparent and equal payment system<\/li>\n<li>Create an organizational culture that encourages transparency and openness<\/li>\n<li>Prevent unconscious bias in hiring, promotion and salary negotiations<\/li>\n<\/ul>\n<p>Take the opportunity to share your experience and be one step closer to the EU standards that every company will have to incorporate by 2026!<\/p>","protected":false},"excerpt":{"rendered":"<p>Sigurni smo da dr\u017eite do transparentnog i ravnopravnog sustava pla\u0107a no znate li koje korake trebate poduzeti kako biste postigli dugoro\u010dnu ravnopravnost i dosegnuli razliku u pla\u0107ama manju od 5%? Na case study radionici \u0107ete iz prve ruke saznati informacije&#8230;<\/p>","protected":false},"author":119,"featured_media":0,"parent":0,"menu_order":0,"comment_status":"closed","ping_status":"closed","template":"","meta":{"_monsterinsights_skip_tracking":false,"_monsterinsights_sitenote_active":false,"_monsterinsights_sitenote_note":"","_monsterinsights_sitenote_category":0,"footnotes":""},"categories":[],"tags":[],"class_list":["post-8369","page","type-page","status-publish","hentry"],"yoast_head":"<!-- This site is optimized with the Yoast SEO plugin v25.3 - https:\/\/yoast.com\/wordpress\/plugins\/seo\/ -->\n<title>RADIONICA: Jednaka pla\u0107a za jednak rad by Selectio - HR Days<\/title>\n<meta name=\"robots\" content=\"index, follow, max-snippet:-1, max-image-preview:large, max-video-preview:-1\" \/>\n<link rel=\"canonical\" href=\"https:\/\/hrdays.net\/en\/radionica-jednaka-placa-za-jednak-rad-by-selectio\/\" \/>\n<meta property=\"og:locale\" content=\"en_GB\" \/>\n<meta property=\"og:type\" content=\"article\" \/>\n<meta property=\"og:title\" content=\"RADIONICA: Jednaka pla\u0107a za jednak rad by Selectio - HR Days\" \/>\n<meta property=\"og:description\" content=\"Sigurni smo da dr\u017eite do transparentnog i ravnopravnog sustava pla\u0107a no znate li koje korake trebate poduzeti kako biste postigli dugoro\u010dnu ravnopravnost i dosegnuli razliku u pla\u0107ama manju od 5%? Na case study radionici \u0107ete iz prve ruke saznati informacije...\" \/>\n<meta property=\"og:url\" content=\"https:\/\/hrdays.net\/en\/radionica-jednaka-placa-za-jednak-rad-by-selectio\/\" \/>\n<meta property=\"og:site_name\" content=\"HR Days\" \/>\n<meta property=\"article:modified_time\" content=\"2024-03-18T12:18:22+00:00\" \/>\n<meta property=\"og:image\" content=\"https:\/\/hrdays.net\/wp-content\/uploads\/2021\/03\/rovinj-conference-2.jpg\" \/>\n\t<meta property=\"og:image:width\" content=\"1200\" \/>\n\t<meta property=\"og:image:height\" content=\"573\" \/>\n\t<meta property=\"og:image:type\" content=\"image\/jpeg\" \/>\n<meta name=\"twitter:card\" content=\"summary_large_image\" \/>\n<meta name=\"twitter:label1\" content=\"Estimated reading time\" \/>\n\t<meta name=\"twitter:data1\" content=\"1 minute\" \/>\n<script type=\"application\/ld+json\" class=\"yoast-schema-graph\">{\"@context\":\"https:\/\/schema.org\",\"@graph\":[{\"@type\":\"WebPage\",\"@id\":\"https:\/\/hrdays.net\/en\/radionica-jednaka-placa-za-jednak-rad-by-selectio\/\",\"url\":\"https:\/\/hrdays.net\/en\/radionica-jednaka-placa-za-jednak-rad-by-selectio\/\",\"name\":\"RADIONICA: Jednaka pla\u0107a za jednak rad by Selectio - HR Days\",\"isPartOf\":{\"@id\":\"https:\/\/hrdays.net\/#website\"},\"datePublished\":\"2024-03-14T11:28:08+00:00\",\"dateModified\":\"2024-03-18T12:18:22+00:00\",\"breadcrumb\":{\"@id\":\"https:\/\/hrdays.net\/en\/radionica-jednaka-placa-za-jednak-rad-by-selectio\/#breadcrumb\"},\"inLanguage\":\"en-GB\",\"potentialAction\":[{\"@type\":\"ReadAction\",\"target\":[\"https:\/\/hrdays.net\/en\/radionica-jednaka-placa-za-jednak-rad-by-selectio\/\"]}]},{\"@type\":\"BreadcrumbList\",\"@id\":\"https:\/\/hrdays.net\/en\/radionica-jednaka-placa-za-jednak-rad-by-selectio\/#breadcrumb\",\"itemListElement\":[{\"@type\":\"ListItem\",\"position\":1,\"name\":\"Home\",\"item\":\"https:\/\/hrdays.net\/\"},{\"@type\":\"ListItem\",\"position\":2,\"name\":\"RADIONICA: Jednaka pla\u0107a za jednak rad by Selectio\"}]},{\"@type\":\"WebSite\",\"@id\":\"https:\/\/hrdays.net\/#website\",\"url\":\"https:\/\/hrdays.net\/\",\"name\":\"HR Days\",\"description\":\"HRDays - konferencija o upravljanju ljudskim resursima\",\"potentialAction\":[{\"@type\":\"SearchAction\",\"target\":{\"@type\":\"EntryPoint\",\"urlTemplate\":\"https:\/\/hrdays.net\/?s={search_term_string}\"},\"query-input\":{\"@type\":\"PropertyValueSpecification\",\"valueRequired\":true,\"valueName\":\"search_term_string\"}}],\"inLanguage\":\"en-GB\"}]}<\/script>\n<!-- \/ Yoast SEO plugin. -->","yoast_head_json":{"title":"RADIONICA: Jednaka pla\u0107a za jednak rad by Selectio - HR Days","robots":{"index":"index","follow":"follow","max-snippet":"max-snippet:-1","max-image-preview":"max-image-preview:large","max-video-preview":"max-video-preview:-1"},"canonical":"https:\/\/hrdays.net\/en\/radionica-jednaka-placa-za-jednak-rad-by-selectio\/","og_locale":"en_GB","og_type":"article","og_title":"RADIONICA: Jednaka pla\u0107a za jednak rad by Selectio - HR Days","og_description":"Sigurni smo da dr\u017eite do transparentnog i ravnopravnog sustava pla\u0107a no znate li koje korake trebate poduzeti kako biste postigli dugoro\u010dnu ravnopravnost i dosegnuli razliku u pla\u0107ama manju od 5%? Na case study radionici \u0107ete iz prve ruke saznati informacije...","og_url":"https:\/\/hrdays.net\/en\/radionica-jednaka-placa-za-jednak-rad-by-selectio\/","og_site_name":"HR Days","article_modified_time":"2024-03-18T12:18:22+00:00","og_image":[{"width":1200,"height":573,"url":"https:\/\/hrdays.net\/wp-content\/uploads\/2021\/03\/rovinj-conference-2.jpg","type":"image\/jpeg"}],"twitter_card":"summary_large_image","twitter_misc":{"Estimated reading time":"1 minute"},"schema":{"@context":"https:\/\/schema.org","@graph":[{"@type":"WebPage","@id":"https:\/\/hrdays.net\/en\/radionica-jednaka-placa-za-jednak-rad-by-selectio\/","url":"https:\/\/hrdays.net\/en\/radionica-jednaka-placa-za-jednak-rad-by-selectio\/","name":"RADIONICA: Jednaka pla\u0107a za jednak rad by Selectio - HR Days","isPartOf":{"@id":"https:\/\/hrdays.net\/#website"},"datePublished":"2024-03-14T11:28:08+00:00","dateModified":"2024-03-18T12:18:22+00:00","breadcrumb":{"@id":"https:\/\/hrdays.net\/en\/radionica-jednaka-placa-za-jednak-rad-by-selectio\/#breadcrumb"},"inLanguage":"en-GB","potentialAction":[{"@type":"ReadAction","target":["https:\/\/hrdays.net\/en\/radionica-jednaka-placa-za-jednak-rad-by-selectio\/"]}]},{"@type":"BreadcrumbList","@id":"https:\/\/hrdays.net\/en\/radionica-jednaka-placa-za-jednak-rad-by-selectio\/#breadcrumb","itemListElement":[{"@type":"ListItem","position":1,"name":"Home","item":"https:\/\/hrdays.net\/"},{"@type":"ListItem","position":2,"name":"RADIONICA: Jednaka pla\u0107a za jednak rad by Selectio"}]},{"@type":"WebSite","@id":"https:\/\/hrdays.net\/#website","url":"https:\/\/hrdays.net\/","name":"HR Days","description":"HRDays - konferencija o upravljanju ljudskim resursima","potentialAction":[{"@type":"SearchAction","target":{"@type":"EntryPoint","urlTemplate":"https:\/\/hrdays.net\/?s={search_term_string}"},"query-input":{"@type":"PropertyValueSpecification","valueRequired":true,"valueName":"search_term_string"}}],"inLanguage":"en-GB"}]}},"_links":{"self":[{"href":"https:\/\/hrdays.net\/en\/wp-json\/wp\/v2\/pages\/8369","targetHints":{"allow":["GET"]}}],"collection":[{"href":"https:\/\/hrdays.net\/en\/wp-json\/wp\/v2\/pages"}],"about":[{"href":"https:\/\/hrdays.net\/en\/wp-json\/wp\/v2\/types\/page"}],"author":[{"embeddable":true,"href":"https:\/\/hrdays.net\/en\/wp-json\/wp\/v2\/users\/119"}],"replies":[{"embeddable":true,"href":"https:\/\/hrdays.net\/en\/wp-json\/wp\/v2\/comments?post=8369"}],"version-history":[{"count":2,"href":"https:\/\/hrdays.net\/en\/wp-json\/wp\/v2\/pages\/8369\/revisions"}],"predecessor-version":[{"id":8405,"href":"https:\/\/hrdays.net\/en\/wp-json\/wp\/v2\/pages\/8369\/revisions\/8405"}],"wp:attachment":[{"href":"https:\/\/hrdays.net\/en\/wp-json\/wp\/v2\/media?parent=8369"}],"wp:term":[{"taxonomy":"category","embeddable":true,"href":"https:\/\/hrdays.net\/en\/wp-json\/wp\/v2\/categories?post=8369"},{"taxonomy":"post_tag","embeddable":true,"href":"https:\/\/hrdays.net\/en\/wp-json\/wp\/v2\/tags?post=8369"}],"curies":[{"name":"wp","href":"https:\/\/api.w.org\/{rel}","templated":true}]}}