{"id":8366,"date":"2024-03-14T12:15:13","date_gmt":"2024-03-14T11:15:13","guid":{"rendered":"https:\/\/hrdays.net\/?page_id=8366"},"modified":"2024-03-14T14:05:44","modified_gmt":"2024-03-14T13:05:44","slug":"radionica-mozemo-li-postati-otporni-na-stres-by-selectio","status":"publish","type":"page","link":"https:\/\/hrdays.net\/en\/radionica-mozemo-li-postati-otporni-na-stres-by-selectio\/","title":{"rendered":"WORKSHOP: Unlocking Future Resilience: How to master Stress and Anxiety? by Selectio"},"content":{"rendered":"<p>In a world buzzing with constant change and challenges, it's time to equip ourselves with the tools to navigate through it all with confidence and resilience. Today, we embark on a journey aimed at harnessing the power of self-awareness, centered on a cognitive-behavioral approach meticulously tailored to help you conquer stress and anxiety in the most effective ways.<br \/><br \/>\n\nGuided by Ana Petelin\u0161ek from SELECTIO Group, this interactive experience promises practical strategies to enhance your resilience capabilities.<br \/><br \/>\n\nWorkshop Highlights:<\/p>\n<ol>\n<li class=\"translation-block\"><b>Identifying Individual Stressors<\/b>: Gain awareness of the unique triggers that contribute to stress and anxiety in your life.<\/li>\n<li class=\"translation-block\"><b>Thought Patterns<\/b>: Explore how thoughts influence emotions and reactions, as well as learn how to recognize maladaptive patterns.<\/li>\n<li class=\"translation-block\"><b>Prioritizing Health<\/b>: Examine the impact of stress on health and discover strategies for reducing its symptoms and causes.<\/li>\n<li class=\"translation-block\"><b>Conquering Overwhelm<\/b>: Develop techniques for managing the feeling of being overwhelmed, fostering a sense of control and clarity.<\/li>\n<li class=\"translation-block\"><b>Navigating Thoughts, Emotions, and Behaviors<\/b>: Understand the interconnectedness of thoughts, emotions, and behaviors, and utilize this understanding for positive change.<\/li>\n<li class=\"translation-block\"><b>Empowering Resilience<\/b>: Equip yourself with practical tools and insights to build resilience and thrive in the face of adversity.<\/li>\n<\/ol>\n<p>Don't miss out on this opportunity to build resilience and thrive in the face of challenges.<br \/><br \/>\n\nJoin us at the Future Resilience Workshop by SELECTIO, where you'll uncover the keys to mastering stress and anxiety.<br \/><br \/>\n\nInvest in your well-being, invest in your resilience!<\/p>","protected":false},"excerpt":{"rendered":"<p>U svijetu koji vrvi promjenama i izazovima otkrivamo kognitivno-bihevioralne alate za izgradnju otpornosti na stres. Ova je radionica putovanje na kojemu \u0107ete osvijestiti svoje misli i nau\u010diti kako one utje\u010du na emocije koje su izvor stresa i anksioznosti u poslovnom&#8230;<\/p>","protected":false},"author":119,"featured_media":0,"parent":0,"menu_order":0,"comment_status":"closed","ping_status":"closed","template":"","meta":{"_monsterinsights_skip_tracking":false,"_monsterinsights_sitenote_active":false,"_monsterinsights_sitenote_note":"","_monsterinsights_sitenote_category":0,"footnotes":""},"categories":[],"tags":[],"class_list":["post-8366","page","type-page","status-publish","hentry"],"yoast_head":"<!-- This site is optimized with the Yoast SEO plugin v25.3 - https:\/\/yoast.com\/wordpress\/plugins\/seo\/ -->\n<title>RADIONICA: Mo\u017eemo li postati otporni na stres? by Selectio - HR Days<\/title>\n<meta name=\"robots\" content=\"index, follow, max-snippet:-1, max-image-preview:large, max-video-preview:-1\" \/>\n<link rel=\"canonical\" href=\"https:\/\/hrdays.net\/en\/radionica-mozemo-li-postati-otporni-na-stres-by-selectio\/\" \/>\n<meta property=\"og:locale\" content=\"en_GB\" \/>\n<meta property=\"og:type\" content=\"article\" \/>\n<meta property=\"og:title\" content=\"RADIONICA: Mo\u017eemo li postati otporni na stres? by Selectio - HR Days\" \/>\n<meta property=\"og:description\" content=\"U svijetu koji vrvi promjenama i izazovima otkrivamo kognitivno-bihevioralne alate za izgradnju otpornosti na stres. Ova je radionica putovanje na kojemu \u0107ete osvijestiti svoje misli i nau\u010diti kako one utje\u010du na emocije koje su izvor stresa i anksioznosti u poslovnom...\" \/>\n<meta property=\"og:url\" content=\"https:\/\/hrdays.net\/en\/radionica-mozemo-li-postati-otporni-na-stres-by-selectio\/\" \/>\n<meta property=\"og:site_name\" content=\"HR Days\" \/>\n<meta property=\"article:modified_time\" content=\"2024-03-14T13:05:44+00:00\" \/>\n<meta property=\"og:image\" content=\"https:\/\/hrdays.net\/wp-content\/uploads\/2021\/03\/rovinj-conference-2.jpg\" \/>\n\t<meta property=\"og:image:width\" content=\"1200\" \/>\n\t<meta property=\"og:image:height\" content=\"573\" \/>\n\t<meta property=\"og:image:type\" content=\"image\/jpeg\" \/>\n<meta name=\"twitter:card\" content=\"summary_large_image\" \/>\n<meta name=\"twitter:label1\" content=\"Estimated reading time\" \/>\n\t<meta name=\"twitter:data1\" content=\"1 minute\" \/>\n<script type=\"application\/ld+json\" class=\"yoast-schema-graph\">{\"@context\":\"https:\/\/schema.org\",\"@graph\":[{\"@type\":\"WebPage\",\"@id\":\"https:\/\/hrdays.net\/en\/radionica-mozemo-li-postati-otporni-na-stres-by-selectio\/\",\"url\":\"https:\/\/hrdays.net\/en\/radionica-mozemo-li-postati-otporni-na-stres-by-selectio\/\",\"name\":\"RADIONICA: Mo\u017eemo li postati otporni na stres? by Selectio - HR Days\",\"isPartOf\":{\"@id\":\"https:\/\/hrdays.net\/#website\"},\"datePublished\":\"2024-03-14T11:15:13+00:00\",\"dateModified\":\"2024-03-14T13:05:44+00:00\",\"breadcrumb\":{\"@id\":\"https:\/\/hrdays.net\/en\/radionica-mozemo-li-postati-otporni-na-stres-by-selectio\/#breadcrumb\"},\"inLanguage\":\"en-GB\",\"potentialAction\":[{\"@type\":\"ReadAction\",\"target\":[\"https:\/\/hrdays.net\/en\/radionica-mozemo-li-postati-otporni-na-stres-by-selectio\/\"]}]},{\"@type\":\"BreadcrumbList\",\"@id\":\"https:\/\/hrdays.net\/en\/radionica-mozemo-li-postati-otporni-na-stres-by-selectio\/#breadcrumb\",\"itemListElement\":[{\"@type\":\"ListItem\",\"position\":1,\"name\":\"Home\",\"item\":\"https:\/\/hrdays.net\/\"},{\"@type\":\"ListItem\",\"position\":2,\"name\":\"RADIONICA: Mo\u017eemo li postati otporni na stres? by Selectio\"}]},{\"@type\":\"WebSite\",\"@id\":\"https:\/\/hrdays.net\/#website\",\"url\":\"https:\/\/hrdays.net\/\",\"name\":\"HR Days\",\"description\":\"HRDays - konferencija o upravljanju ljudskim resursima\",\"potentialAction\":[{\"@type\":\"SearchAction\",\"target\":{\"@type\":\"EntryPoint\",\"urlTemplate\":\"https:\/\/hrdays.net\/?s={search_term_string}\"},\"query-input\":{\"@type\":\"PropertyValueSpecification\",\"valueRequired\":true,\"valueName\":\"search_term_string\"}}],\"inLanguage\":\"en-GB\"}]}<\/script>\n<!-- \/ Yoast SEO plugin. -->","yoast_head_json":{"title":"RADIONICA: Mo\u017eemo li postati otporni na stres? by Selectio - HR Days","robots":{"index":"index","follow":"follow","max-snippet":"max-snippet:-1","max-image-preview":"max-image-preview:large","max-video-preview":"max-video-preview:-1"},"canonical":"https:\/\/hrdays.net\/en\/radionica-mozemo-li-postati-otporni-na-stres-by-selectio\/","og_locale":"en_GB","og_type":"article","og_title":"RADIONICA: Mo\u017eemo li postati otporni na stres? by Selectio - HR Days","og_description":"U svijetu koji vrvi promjenama i izazovima otkrivamo kognitivno-bihevioralne alate za izgradnju otpornosti na stres. Ova je radionica putovanje na kojemu \u0107ete osvijestiti svoje misli i nau\u010diti kako one utje\u010du na emocije koje su izvor stresa i anksioznosti u poslovnom...","og_url":"https:\/\/hrdays.net\/en\/radionica-mozemo-li-postati-otporni-na-stres-by-selectio\/","og_site_name":"HR Days","article_modified_time":"2024-03-14T13:05:44+00:00","og_image":[{"width":1200,"height":573,"url":"https:\/\/hrdays.net\/wp-content\/uploads\/2021\/03\/rovinj-conference-2.jpg","type":"image\/jpeg"}],"twitter_card":"summary_large_image","twitter_misc":{"Estimated reading time":"1 minute"},"schema":{"@context":"https:\/\/schema.org","@graph":[{"@type":"WebPage","@id":"https:\/\/hrdays.net\/en\/radionica-mozemo-li-postati-otporni-na-stres-by-selectio\/","url":"https:\/\/hrdays.net\/en\/radionica-mozemo-li-postati-otporni-na-stres-by-selectio\/","name":"RADIONICA: Mo\u017eemo li postati otporni na stres? by Selectio - HR Days","isPartOf":{"@id":"https:\/\/hrdays.net\/#website"},"datePublished":"2024-03-14T11:15:13+00:00","dateModified":"2024-03-14T13:05:44+00:00","breadcrumb":{"@id":"https:\/\/hrdays.net\/en\/radionica-mozemo-li-postati-otporni-na-stres-by-selectio\/#breadcrumb"},"inLanguage":"en-GB","potentialAction":[{"@type":"ReadAction","target":["https:\/\/hrdays.net\/en\/radionica-mozemo-li-postati-otporni-na-stres-by-selectio\/"]}]},{"@type":"BreadcrumbList","@id":"https:\/\/hrdays.net\/en\/radionica-mozemo-li-postati-otporni-na-stres-by-selectio\/#breadcrumb","itemListElement":[{"@type":"ListItem","position":1,"name":"Home","item":"https:\/\/hrdays.net\/"},{"@type":"ListItem","position":2,"name":"RADIONICA: Mo\u017eemo li postati otporni na stres? by Selectio"}]},{"@type":"WebSite","@id":"https:\/\/hrdays.net\/#website","url":"https:\/\/hrdays.net\/","name":"HR Days","description":"HRDays - konferencija o upravljanju ljudskim resursima","potentialAction":[{"@type":"SearchAction","target":{"@type":"EntryPoint","urlTemplate":"https:\/\/hrdays.net\/?s={search_term_string}"},"query-input":{"@type":"PropertyValueSpecification","valueRequired":true,"valueName":"search_term_string"}}],"inLanguage":"en-GB"}]}},"_links":{"self":[{"href":"https:\/\/hrdays.net\/en\/wp-json\/wp\/v2\/pages\/8366","targetHints":{"allow":["GET"]}}],"collection":[{"href":"https:\/\/hrdays.net\/en\/wp-json\/wp\/v2\/pages"}],"about":[{"href":"https:\/\/hrdays.net\/en\/wp-json\/wp\/v2\/types\/page"}],"author":[{"embeddable":true,"href":"https:\/\/hrdays.net\/en\/wp-json\/wp\/v2\/users\/119"}],"replies":[{"embeddable":true,"href":"https:\/\/hrdays.net\/en\/wp-json\/wp\/v2\/comments?post=8366"}],"version-history":[{"count":2,"href":"https:\/\/hrdays.net\/en\/wp-json\/wp\/v2\/pages\/8366\/revisions"}],"predecessor-version":[{"id":8381,"href":"https:\/\/hrdays.net\/en\/wp-json\/wp\/v2\/pages\/8366\/revisions\/8381"}],"wp:attachment":[{"href":"https:\/\/hrdays.net\/en\/wp-json\/wp\/v2\/media?parent=8366"}],"wp:term":[{"taxonomy":"category","embeddable":true,"href":"https:\/\/hrdays.net\/en\/wp-json\/wp\/v2\/categories?post=8366"},{"taxonomy":"post_tag","embeddable":true,"href":"https:\/\/hrdays.net\/en\/wp-json\/wp\/v2\/tags?post=8366"}],"curies":[{"name":"wp","href":"https:\/\/api.w.org\/{rel}","templated":true}]}}