{"id":7621,"date":"2023-08-18T14:11:01","date_gmt":"2023-08-18T12:11:01","guid":{"rendered":"https:\/\/hrdays.net\/?page_id=7621"},"modified":"2026-03-11T11:31:58","modified_gmt":"2026-03-11T10:31:58","slug":"wine-tasting-i-speed-dating","status":"publish","type":"page","link":"https:\/\/hrdays.net\/en\/wine-tasting-i-speed-dating\/","title":{"rendered":"Wine tasting &amp; HR speed dating"},"content":{"rendered":"<p>For a great start to the HR Days conference, we invite you to a relaxed introduction through Wine Tasting &amp; HR Speed Dating. Although the name includes \"HR,\" our evening gathering will not be just about business. At five tables, you will have the chance to share your stories, joys, challenges, and the little things that make life special, across various topics. You will meet new colleagues, form new friendships and collaborations, and perhaps find inspiration in the experiences of others.<\/p>\n\n\n\n<p class=\"translation-block\">During this one-hour gathering, you will enjoy Malvazija, Merlot, and Muscat, all thanks to <a href=\"https:\/\/vinafuhtar.com\/\" target=\"_self\">Vinarija Fuhtar<\/a>. This family-run winery from Nede\u0161\u0107ina near Labin has been preserving Istrian traditions for many years, and through this tasting, they will present their wines, giving you the opportunity to feel the charms of Istria in every sip.<\/p>","protected":false},"excerpt":{"rendered":"<p>Za odli\u010dan po\u010detak HR Days konferencije pozivamo vas na opu\u0161teno upoznavanje kroz Wine Tasting &amp; HR Speed Dating. Iako naziv sadr\u017ei &#8220;HR&#8221;, na\u0161e ve\u010dernje dru\u017eenje ne\u0107e biti samo poslovno. Na pet stolova imat \u0107ete priliku podijeliti svoje pri\u010de, radosti, izazove&#8230;<\/p>","protected":false},"author":119,"featured_media":0,"parent":0,"menu_order":0,"comment_status":"closed","ping_status":"closed","template":"","meta":{"_monsterinsights_skip_tracking":false,"_monsterinsights_sitenote_active":false,"_monsterinsights_sitenote_note":"","_monsterinsights_sitenote_category":0,"footnotes":""},"categories":[],"tags":[],"class_list":["post-7621","page","type-page","status-publish","hentry"],"yoast_head":"<!-- This site is optimized with the Yoast SEO plugin v25.3 - https:\/\/yoast.com\/wordpress\/plugins\/seo\/ -->\n<title>Wine tasting i HR speed dating - HR Days<\/title>\n<meta name=\"robots\" content=\"index, follow, max-snippet:-1, max-image-preview:large, max-video-preview:-1\" \/>\n<link rel=\"canonical\" href=\"https:\/\/hrdays.net\/en\/wine-tasting-i-speed-dating\/\" \/>\n<meta property=\"og:locale\" content=\"en_GB\" \/>\n<meta property=\"og:type\" content=\"article\" \/>\n<meta property=\"og:title\" content=\"Wine tasting i HR speed dating - HR Days\" \/>\n<meta property=\"og:description\" content=\"Za odli\u010dan po\u010detak HR Days konferencije pozivamo vas na opu\u0161teno upoznavanje kroz Wine Tasting &amp; HR Speed Dating. Iako naziv sadr\u017ei &#8220;HR&#8221;, na\u0161e ve\u010dernje dru\u017eenje ne\u0107e biti samo poslovno. Na pet stolova imat \u0107ete priliku podijeliti svoje pri\u010de, radosti, izazove...\" \/>\n<meta property=\"og:url\" content=\"https:\/\/hrdays.net\/en\/wine-tasting-i-speed-dating\/\" \/>\n<meta property=\"og:site_name\" content=\"HR Days\" \/>\n<meta property=\"article:modified_time\" content=\"2026-03-11T10:31:58+00:00\" \/>\n<meta property=\"og:image\" content=\"https:\/\/hrdays.net\/wp-content\/uploads\/2021\/03\/rovinj-conference-2.jpg\" \/>\n\t<meta property=\"og:image:width\" content=\"1200\" \/>\n\t<meta property=\"og:image:height\" content=\"573\" \/>\n\t<meta property=\"og:image:type\" content=\"image\/jpeg\" \/>\n<meta name=\"twitter:card\" content=\"summary_large_image\" \/>\n<meta name=\"twitter:label1\" content=\"Estimated reading time\" \/>\n\t<meta name=\"twitter:data1\" content=\"1 minute\" \/>\n<script type=\"application\/ld+json\" class=\"yoast-schema-graph\">{\"@context\":\"https:\/\/schema.org\",\"@graph\":[{\"@type\":\"WebPage\",\"@id\":\"https:\/\/hrdays.net\/wine-tasting-i-speed-dating\/\",\"url\":\"https:\/\/hrdays.net\/wine-tasting-i-speed-dating\/\",\"name\":\"Wine tasting i HR speed dating - HR Days\",\"isPartOf\":{\"@id\":\"https:\/\/hrdays.net\/#website\"},\"datePublished\":\"2023-08-18T12:11:01+00:00\",\"dateModified\":\"2026-03-11T10:31:58+00:00\",\"breadcrumb\":{\"@id\":\"https:\/\/hrdays.net\/wine-tasting-i-speed-dating\/#breadcrumb\"},\"inLanguage\":\"en-GB\",\"potentialAction\":[{\"@type\":\"ReadAction\",\"target\":[\"https:\/\/hrdays.net\/wine-tasting-i-speed-dating\/\"]}]},{\"@type\":\"BreadcrumbList\",\"@id\":\"https:\/\/hrdays.net\/wine-tasting-i-speed-dating\/#breadcrumb\",\"itemListElement\":[{\"@type\":\"ListItem\",\"position\":1,\"name\":\"Home\",\"item\":\"https:\/\/hrdays.net\/\"},{\"@type\":\"ListItem\",\"position\":2,\"name\":\"Wine tasting i HR speed dating\"}]},{\"@type\":\"WebSite\",\"@id\":\"https:\/\/hrdays.net\/#website\",\"url\":\"https:\/\/hrdays.net\/\",\"name\":\"HR Days\",\"description\":\"HRDays - konferencija o upravljanju ljudskim resursima\",\"potentialAction\":[{\"@type\":\"SearchAction\",\"target\":{\"@type\":\"EntryPoint\",\"urlTemplate\":\"https:\/\/hrdays.net\/?s={search_term_string}\"},\"query-input\":{\"@type\":\"PropertyValueSpecification\",\"valueRequired\":true,\"valueName\":\"search_term_string\"}}],\"inLanguage\":\"en-GB\"}]}<\/script>\n<!-- \/ Yoast SEO plugin. -->","yoast_head_json":{"title":"Wine tasting i HR speed dating - HR Days","robots":{"index":"index","follow":"follow","max-snippet":"max-snippet:-1","max-image-preview":"max-image-preview:large","max-video-preview":"max-video-preview:-1"},"canonical":"https:\/\/hrdays.net\/en\/wine-tasting-i-speed-dating\/","og_locale":"en_GB","og_type":"article","og_title":"Wine tasting i HR speed dating - HR Days","og_description":"Za odli\u010dan po\u010detak HR Days konferencije pozivamo vas na opu\u0161teno upoznavanje kroz Wine Tasting &amp; HR Speed Dating. Iako naziv sadr\u017ei &#8220;HR&#8221;, na\u0161e ve\u010dernje dru\u017eenje ne\u0107e biti samo poslovno. Na pet stolova imat \u0107ete priliku podijeliti svoje pri\u010de, radosti, izazove...","og_url":"https:\/\/hrdays.net\/en\/wine-tasting-i-speed-dating\/","og_site_name":"HR Days","article_modified_time":"2026-03-11T10:31:58+00:00","og_image":[{"width":1200,"height":573,"url":"https:\/\/hrdays.net\/wp-content\/uploads\/2021\/03\/rovinj-conference-2.jpg","type":"image\/jpeg"}],"twitter_card":"summary_large_image","twitter_misc":{"Estimated reading time":"1 minute"},"schema":{"@context":"https:\/\/schema.org","@graph":[{"@type":"WebPage","@id":"https:\/\/hrdays.net\/wine-tasting-i-speed-dating\/","url":"https:\/\/hrdays.net\/wine-tasting-i-speed-dating\/","name":"Wine tasting i HR speed dating - HR Days","isPartOf":{"@id":"https:\/\/hrdays.net\/#website"},"datePublished":"2023-08-18T12:11:01+00:00","dateModified":"2026-03-11T10:31:58+00:00","breadcrumb":{"@id":"https:\/\/hrdays.net\/wine-tasting-i-speed-dating\/#breadcrumb"},"inLanguage":"en-GB","potentialAction":[{"@type":"ReadAction","target":["https:\/\/hrdays.net\/wine-tasting-i-speed-dating\/"]}]},{"@type":"BreadcrumbList","@id":"https:\/\/hrdays.net\/wine-tasting-i-speed-dating\/#breadcrumb","itemListElement":[{"@type":"ListItem","position":1,"name":"Home","item":"https:\/\/hrdays.net\/"},{"@type":"ListItem","position":2,"name":"Wine tasting i HR speed dating"}]},{"@type":"WebSite","@id":"https:\/\/hrdays.net\/#website","url":"https:\/\/hrdays.net\/","name":"HR Days","description":"HRDays - konferencija o upravljanju ljudskim resursima","potentialAction":[{"@type":"SearchAction","target":{"@type":"EntryPoint","urlTemplate":"https:\/\/hrdays.net\/?s={search_term_string}"},"query-input":{"@type":"PropertyValueSpecification","valueRequired":true,"valueName":"search_term_string"}}],"inLanguage":"en-GB"}]}},"_links":{"self":[{"href":"https:\/\/hrdays.net\/en\/wp-json\/wp\/v2\/pages\/7621","targetHints":{"allow":["GET"]}}],"collection":[{"href":"https:\/\/hrdays.net\/en\/wp-json\/wp\/v2\/pages"}],"about":[{"href":"https:\/\/hrdays.net\/en\/wp-json\/wp\/v2\/types\/page"}],"author":[{"embeddable":true,"href":"https:\/\/hrdays.net\/en\/wp-json\/wp\/v2\/users\/119"}],"replies":[{"embeddable":true,"href":"https:\/\/hrdays.net\/en\/wp-json\/wp\/v2\/comments?post=7621"}],"version-history":[{"count":11,"href":"https:\/\/hrdays.net\/en\/wp-json\/wp\/v2\/pages\/7621\/revisions"}],"predecessor-version":[{"id":10613,"href":"https:\/\/hrdays.net\/en\/wp-json\/wp\/v2\/pages\/7621\/revisions\/10613"}],"wp:attachment":[{"href":"https:\/\/hrdays.net\/en\/wp-json\/wp\/v2\/media?parent=7621"}],"wp:term":[{"taxonomy":"category","embeddable":true,"href":"https:\/\/hrdays.net\/en\/wp-json\/wp\/v2\/categories?post=7621"},{"taxonomy":"post_tag","embeddable":true,"href":"https:\/\/hrdays.net\/en\/wp-json\/wp\/v2\/tags?post=7621"}],"curies":[{"name":"wp","href":"https:\/\/api.w.org\/{rel}","templated":true}]}}