{"id":7379,"date":"2023-07-21T13:57:28","date_gmt":"2023-07-21T11:57:28","guid":{"rendered":"https:\/\/hrdays.net\/?page_id=7379"},"modified":"2023-08-22T14:57:24","modified_gmt":"2023-08-22T12:57:24","slug":"radionica-putovanje-kroz-mastu-tajna-krvavog-mosta-by-lego-serious-play","status":"publish","type":"page","link":"https:\/\/hrdays.net\/en\/radionica-putovanje-kroz-mastu-tajna-krvavog-mosta-by-lego-serious-play\/","title":{"rendered":"WORKSHOP: Journey Through the Imagination: Secret of the Bloody Bridge for Team Synergy and a New Level of Mutual Understanding and Creativity by Lego Serious Play"},"content":{"rendered":"<p>Although it seems impossible to connect Lego bricks, psychology and the novel Marija Juri\u0107 Zagorka: \u201cThe secret of the Bloody Bridge\u201d, we are pleased to announce a unique and interactive workshop.<\/p>\n\n\n\n<p>This workshop will allow you to immerse yourself in the tense atmosphere of one of the most intriguing works of Croatian literature - \"The Secret of the Bloody Bridge\" by Marija Juri\u0107 Zagorka, all with the psychological concept of the Johari Window.<\/p>\n\n\n\n<p>With the help of the Lego Serious Play methodology, these workshops will provide you with a unique opportunity for a deeper understanding, in this case of the main protagonists of the novel, and later of yourself and your collaborators, exploring hidden aspects of personality.<\/p>\n\n\n\n<p>\u201cThe secret of the Bloody Bridge\u201d is a masterpiece that draws us into its mystery from the past, asking questions that beg for answers. Using Lego bricks as a means of expression, together we will explore the layers of this incredible story and discover hidden details and meanings.<\/p>\n\n\n\n<p>But to understand why this workshop has the potential for transformation, we need to explore the psychological concept of the Johari window.<\/p>\n\n\n\n<p>The Johari window provides insight into our self-concept and our perception of other people. Through various activities and discussions, using Lego as a means of expression, it will enable us to discover new aspects of our personality and understand how our behavior reflects on others.<\/p>\n\n\n\n<p>The Lego Serious Play methodology allows us to create metaphorical models that represent the inner world of the main characters. Through playing with Lego bricks, you will create visual representations of your ideas, experiences and feelings related to The secret of the Bloody Bridge.<\/p>\n\n\n\n<p>This creative and engaging activity encourages deeper thinking, teamwork and paves the way for new insights.<\/p>\n\n\n\n<p>Our workshop will give you the opportunity to:<\/p>\n\n\n\n<ul class=\"wp-block-list\">\n<li>emphasize and expand your knowledge about yourself,<\/li>\n\n\n\n<li>develop teamwork and communication skills<\/li>\n\n\n\n<li>connect with other conference participants on a deeper level<\/li>\n\n\n\n<li>explore new perspectives, solutions, and strategies in the work environment<\/li>\n<\/ul>\n\n\n\n<p>Our goal is to create a stimulating and supportive environment in which each participant will be able to freely express their ideas and experiences of the novel, i.e., the main characters.<\/p>\n\n\n\n<p>Everyone is welcome, regardless of their level of experience with Legos or psychological concepts.<\/p>\n\n\n\n<p>Indulge in an adventure that will guide you through  the secret of the Bloody Bridge, discovering new aspects of the human personality and creating strong bonds with fellow participants.<\/p>\n\n\n<div class=\"wp-block-image\">\n<figure class=\"aligncenter size-full\"><img loading=\"lazy\" decoding=\"async\" width=\"387\" height=\"303\" src=\"https:\/\/hrdays.net\/wp-content\/uploads\/2023\/07\/lego-johari-eng.png\" alt=\"\" class=\"wp-image-7381\"\/><\/figure>\n<\/div>","protected":false},"excerpt":{"rendered":"<p>Iako se \u010dini nemogu\u0107e povezati Lego kockice, psihologiju i roman Marije Juri\u0107 Zagorke: \u201eTajna krvavog mosta\u201c, imamo zadovoljstvo najaviti jedinstvenu i interaktivnu radionicu. Ova radionica \u0107e vam omogu\u0107iti da uronite u napetu atmosferu jednog od najintrigantnijih djela hrvatske knji\u017eevnosti &#8211;&#8230;<\/p>","protected":false},"author":119,"featured_media":0,"parent":0,"menu_order":0,"comment_status":"closed","ping_status":"closed","template":"","meta":{"_monsterinsights_skip_tracking":false,"_monsterinsights_sitenote_active":false,"_monsterinsights_sitenote_note":"","_monsterinsights_sitenote_category":0,"footnotes":""},"categories":[],"tags":[],"class_list":["post-7379","page","type-page","status-publish","hentry"],"yoast_head":"<!-- This site is optimized with the Yoast SEO plugin v25.3 - https:\/\/yoast.com\/wordpress\/plugins\/seo\/ -->\n<title>RADIONICA: Putovanje kroz ma\u0161tu: Tajna krvavog mosta za timsku sinergiju te novu razinu me\u0111usobnog razumijevanja i kreativnosti by Lego Serious Play - HR Days<\/title>\n<meta name=\"robots\" content=\"index, follow, max-snippet:-1, max-image-preview:large, max-video-preview:-1\" \/>\n<link rel=\"canonical\" href=\"https:\/\/hrdays.net\/en\/radionica-putovanje-kroz-mastu-tajna-krvavog-mosta-by-lego-serious-play\/\" \/>\n<meta property=\"og:locale\" content=\"en_GB\" \/>\n<meta property=\"og:type\" content=\"article\" \/>\n<meta property=\"og:title\" content=\"RADIONICA: Putovanje kroz ma\u0161tu: Tajna krvavog mosta za timsku sinergiju te novu razinu me\u0111usobnog razumijevanja i kreativnosti by Lego Serious Play - HR Days\" \/>\n<meta property=\"og:description\" content=\"Iako se \u010dini nemogu\u0107e povezati Lego kockice, psihologiju i roman Marije Juri\u0107 Zagorke: \u201eTajna krvavog mosta\u201c, imamo zadovoljstvo najaviti jedinstvenu i interaktivnu radionicu. Ova radionica \u0107e vam omogu\u0107iti da uronite u napetu atmosferu jednog od najintrigantnijih djela hrvatske knji\u017eevnosti &#8211;...\" \/>\n<meta property=\"og:url\" content=\"https:\/\/hrdays.net\/en\/radionica-putovanje-kroz-mastu-tajna-krvavog-mosta-by-lego-serious-play\/\" \/>\n<meta property=\"og:site_name\" content=\"HR Days\" \/>\n<meta property=\"article:modified_time\" content=\"2023-08-22T12:57:24+00:00\" \/>\n<meta property=\"og:image\" content=\"https:\/\/hrdays.net\/wp-content\/uploads\/2023\/07\/hrd-lego-serious-play-johari-prozor.png\" \/>\n<meta name=\"twitter:card\" content=\"summary_large_image\" \/>\n<meta name=\"twitter:label1\" content=\"Estimated reading time\" \/>\n\t<meta name=\"twitter:data1\" content=\"2 minutes\" \/>\n<script type=\"application\/ld+json\" class=\"yoast-schema-graph\">{\"@context\":\"https:\/\/schema.org\",\"@graph\":[{\"@type\":\"WebPage\",\"@id\":\"https:\/\/hrdays.net\/radionica-putovanje-kroz-mastu-tajna-krvavog-mosta-by-lego-serious-play\/\",\"url\":\"https:\/\/hrdays.net\/radionica-putovanje-kroz-mastu-tajna-krvavog-mosta-by-lego-serious-play\/\",\"name\":\"RADIONICA: Putovanje kroz ma\u0161tu: Tajna krvavog mosta za timsku sinergiju te novu razinu me\u0111usobnog razumijevanja i kreativnosti by Lego Serious Play - HR Days\",\"isPartOf\":{\"@id\":\"https:\/\/hrdays.net\/#website\"},\"primaryImageOfPage\":{\"@id\":\"https:\/\/hrdays.net\/radionica-putovanje-kroz-mastu-tajna-krvavog-mosta-by-lego-serious-play\/#primaryimage\"},\"image\":{\"@id\":\"https:\/\/hrdays.net\/radionica-putovanje-kroz-mastu-tajna-krvavog-mosta-by-lego-serious-play\/#primaryimage\"},\"thumbnailUrl\":\"https:\/\/hrdays.net\/wp-content\/uploads\/2023\/07\/hrd-lego-serious-play-johari-prozor.png\",\"datePublished\":\"2023-07-21T11:57:28+00:00\",\"dateModified\":\"2023-08-22T12:57:24+00:00\",\"breadcrumb\":{\"@id\":\"https:\/\/hrdays.net\/radionica-putovanje-kroz-mastu-tajna-krvavog-mosta-by-lego-serious-play\/#breadcrumb\"},\"inLanguage\":\"en-GB\",\"potentialAction\":[{\"@type\":\"ReadAction\",\"target\":[\"https:\/\/hrdays.net\/radionica-putovanje-kroz-mastu-tajna-krvavog-mosta-by-lego-serious-play\/\"]}]},{\"@type\":\"ImageObject\",\"inLanguage\":\"en-GB\",\"@id\":\"https:\/\/hrdays.net\/radionica-putovanje-kroz-mastu-tajna-krvavog-mosta-by-lego-serious-play\/#primaryimage\",\"url\":\"https:\/\/hrdays.net\/wp-content\/uploads\/2023\/07\/hrd-lego-serious-play-johari-prozor.png\",\"contentUrl\":\"https:\/\/hrdays.net\/wp-content\/uploads\/2023\/07\/hrd-lego-serious-play-johari-prozor.png\"},{\"@type\":\"BreadcrumbList\",\"@id\":\"https:\/\/hrdays.net\/radionica-putovanje-kroz-mastu-tajna-krvavog-mosta-by-lego-serious-play\/#breadcrumb\",\"itemListElement\":[{\"@type\":\"ListItem\",\"position\":1,\"name\":\"Home\",\"item\":\"https:\/\/hrdays.net\/\"},{\"@type\":\"ListItem\",\"position\":2,\"name\":\"RADIONICA: Putovanje kroz ma\u0161tu: Tajna krvavog mosta za timsku sinergiju te novu razinu me\u0111usobnog razumijevanja i kreativnosti by Lego Serious Play\"}]},{\"@type\":\"WebSite\",\"@id\":\"https:\/\/hrdays.net\/#website\",\"url\":\"https:\/\/hrdays.net\/\",\"name\":\"HR Days\",\"description\":\"HRDays - konferencija o upravljanju ljudskim resursima\",\"potentialAction\":[{\"@type\":\"SearchAction\",\"target\":{\"@type\":\"EntryPoint\",\"urlTemplate\":\"https:\/\/hrdays.net\/?s={search_term_string}\"},\"query-input\":{\"@type\":\"PropertyValueSpecification\",\"valueRequired\":true,\"valueName\":\"search_term_string\"}}],\"inLanguage\":\"en-GB\"}]}<\/script>\n<!-- \/ Yoast SEO plugin. -->","yoast_head_json":{"title":"RADIONICA: Putovanje kroz ma\u0161tu: Tajna krvavog mosta za timsku sinergiju te novu razinu me\u0111usobnog razumijevanja i kreativnosti by Lego Serious Play - HR Days","robots":{"index":"index","follow":"follow","max-snippet":"max-snippet:-1","max-image-preview":"max-image-preview:large","max-video-preview":"max-video-preview:-1"},"canonical":"https:\/\/hrdays.net\/en\/radionica-putovanje-kroz-mastu-tajna-krvavog-mosta-by-lego-serious-play\/","og_locale":"en_GB","og_type":"article","og_title":"RADIONICA: Putovanje kroz ma\u0161tu: Tajna krvavog mosta za timsku sinergiju te novu razinu me\u0111usobnog razumijevanja i kreativnosti by Lego Serious Play - HR Days","og_description":"Iako se \u010dini nemogu\u0107e povezati Lego kockice, psihologiju i roman Marije Juri\u0107 Zagorke: \u201eTajna krvavog mosta\u201c, imamo zadovoljstvo najaviti jedinstvenu i interaktivnu radionicu. Ova radionica \u0107e vam omogu\u0107iti da uronite u napetu atmosferu jednog od najintrigantnijih djela hrvatske knji\u017eevnosti &#8211;...","og_url":"https:\/\/hrdays.net\/en\/radionica-putovanje-kroz-mastu-tajna-krvavog-mosta-by-lego-serious-play\/","og_site_name":"HR Days","article_modified_time":"2023-08-22T12:57:24+00:00","og_image":[{"url":"https:\/\/hrdays.net\/wp-content\/uploads\/2023\/07\/hrd-lego-serious-play-johari-prozor.png","type":"","width":"","height":""}],"twitter_card":"summary_large_image","twitter_misc":{"Estimated reading time":"2 minutes"},"schema":{"@context":"https:\/\/schema.org","@graph":[{"@type":"WebPage","@id":"https:\/\/hrdays.net\/radionica-putovanje-kroz-mastu-tajna-krvavog-mosta-by-lego-serious-play\/","url":"https:\/\/hrdays.net\/radionica-putovanje-kroz-mastu-tajna-krvavog-mosta-by-lego-serious-play\/","name":"RADIONICA: Putovanje kroz ma\u0161tu: Tajna krvavog mosta za timsku sinergiju te novu razinu me\u0111usobnog razumijevanja i kreativnosti by Lego Serious Play - HR Days","isPartOf":{"@id":"https:\/\/hrdays.net\/#website"},"primaryImageOfPage":{"@id":"https:\/\/hrdays.net\/radionica-putovanje-kroz-mastu-tajna-krvavog-mosta-by-lego-serious-play\/#primaryimage"},"image":{"@id":"https:\/\/hrdays.net\/radionica-putovanje-kroz-mastu-tajna-krvavog-mosta-by-lego-serious-play\/#primaryimage"},"thumbnailUrl":"https:\/\/hrdays.net\/wp-content\/uploads\/2023\/07\/hrd-lego-serious-play-johari-prozor.png","datePublished":"2023-07-21T11:57:28+00:00","dateModified":"2023-08-22T12:57:24+00:00","breadcrumb":{"@id":"https:\/\/hrdays.net\/radionica-putovanje-kroz-mastu-tajna-krvavog-mosta-by-lego-serious-play\/#breadcrumb"},"inLanguage":"en-GB","potentialAction":[{"@type":"ReadAction","target":["https:\/\/hrdays.net\/radionica-putovanje-kroz-mastu-tajna-krvavog-mosta-by-lego-serious-play\/"]}]},{"@type":"ImageObject","inLanguage":"en-GB","@id":"https:\/\/hrdays.net\/radionica-putovanje-kroz-mastu-tajna-krvavog-mosta-by-lego-serious-play\/#primaryimage","url":"https:\/\/hrdays.net\/wp-content\/uploads\/2023\/07\/hrd-lego-serious-play-johari-prozor.png","contentUrl":"https:\/\/hrdays.net\/wp-content\/uploads\/2023\/07\/hrd-lego-serious-play-johari-prozor.png"},{"@type":"BreadcrumbList","@id":"https:\/\/hrdays.net\/radionica-putovanje-kroz-mastu-tajna-krvavog-mosta-by-lego-serious-play\/#breadcrumb","itemListElement":[{"@type":"ListItem","position":1,"name":"Home","item":"https:\/\/hrdays.net\/"},{"@type":"ListItem","position":2,"name":"RADIONICA: Putovanje kroz ma\u0161tu: Tajna krvavog mosta za timsku sinergiju te novu razinu me\u0111usobnog razumijevanja i kreativnosti by Lego Serious Play"}]},{"@type":"WebSite","@id":"https:\/\/hrdays.net\/#website","url":"https:\/\/hrdays.net\/","name":"HR Days","description":"HRDays - konferencija o upravljanju ljudskim resursima","potentialAction":[{"@type":"SearchAction","target":{"@type":"EntryPoint","urlTemplate":"https:\/\/hrdays.net\/?s={search_term_string}"},"query-input":{"@type":"PropertyValueSpecification","valueRequired":true,"valueName":"search_term_string"}}],"inLanguage":"en-GB"}]}},"_links":{"self":[{"href":"https:\/\/hrdays.net\/en\/wp-json\/wp\/v2\/pages\/7379","targetHints":{"allow":["GET"]}}],"collection":[{"href":"https:\/\/hrdays.net\/en\/wp-json\/wp\/v2\/pages"}],"about":[{"href":"https:\/\/hrdays.net\/en\/wp-json\/wp\/v2\/types\/page"}],"author":[{"embeddable":true,"href":"https:\/\/hrdays.net\/en\/wp-json\/wp\/v2\/users\/119"}],"replies":[{"embeddable":true,"href":"https:\/\/hrdays.net\/en\/wp-json\/wp\/v2\/comments?post=7379"}],"version-history":[{"count":5,"href":"https:\/\/hrdays.net\/en\/wp-json\/wp\/v2\/pages\/7379\/revisions"}],"predecessor-version":[{"id":7643,"href":"https:\/\/hrdays.net\/en\/wp-json\/wp\/v2\/pages\/7379\/revisions\/7643"}],"wp:attachment":[{"href":"https:\/\/hrdays.net\/en\/wp-json\/wp\/v2\/media?parent=7379"}],"wp:term":[{"taxonomy":"category","embeddable":true,"href":"https:\/\/hrdays.net\/en\/wp-json\/wp\/v2\/categories?post=7379"},{"taxonomy":"post_tag","embeddable":true,"href":"https:\/\/hrdays.net\/en\/wp-json\/wp\/v2\/tags?post=7379"}],"curies":[{"name":"wp","href":"https:\/\/api.w.org\/{rel}","templated":true}]}}