{"id":6680,"date":"2022-10-17T16:11:17","date_gmt":"2022-10-17T14:11:17","guid":{"rendered":"https:\/\/hrdays.net\/?page_id=6680"},"modified":"2023-07-21T15:19:20","modified_gmt":"2023-07-21T13:19:20","slug":"govornici-2022","status":"publish","type":"page","link":"https:\/\/hrdays.net\/en\/govornici-2022\/","title":{"rendered":"Speakers 2022"},"content":{"rendered":"<div class=\"wpb-content-wrapper\">\r\n<div class=\"vc_row wpb_row vc_row-fluid gt-background-position-initial gt-background-attachment-initial gt-overflow-hidden gt-text-default\"><div class=\"wpb_column vc_column_container vc_col-sm-12\"><div class=\"vc_column-inner\"><div class=\"wpb_wrapper\"><div class=\"gt-speakers-listing gt-style-1\"><div class=\"gt-columns gt-column-3 gt-column-space-0\"><div class=\"gt-col\"><div class=\"gt-inner\"><div class=\"gt-speaker gt-style-5\"><div class=\"gt-image\"><a href=\"https:\/\/hrdays.net\/en\/speaker\/antoni-lacinai\/\"><img loading=\"lazy\" decoding=\"async\" width=\"615\" height=\"640\" src=\"https:\/\/hrdays.net\/wp-content\/uploads\/2022\/04\/Antoni-Lacinai-615x640.png\" class=\"attachment-eventchamp-speaker size-eventchamp-speaker\" alt=\"Antoni Lacinai\" 0=\"\" srcset=\"https:\/\/hrdays.net\/wp-content\/uploads\/2022\/04\/Antoni-Lacinai.png 615w, https:\/\/hrdays.net\/wp-content\/uploads\/2022\/04\/Antoni-Lacinai-288x300.png 288w, https:\/\/hrdays.net\/wp-content\/uploads\/2022\/04\/Antoni-Lacinai-12x12.png 12w\" sizes=\"auto, (max-width: 615px) 100vw, 615px\" \/><\/a><\/div><div class=\"gt-content\"><div class=\"gt-name\"><a href=\"https:\/\/hrdays.net\/en\/speaker\/antoni-lacinai\/\">Antoni Lacinai<\/a><\/div><div class=\"gt-text\">You get the team you deSERVE<\/div><\/div><\/div><\/div><\/div><div class=\"gt-col\"><div class=\"gt-inner\"><div class=\"gt-speaker gt-style-5\"><div class=\"gt-image\"><a href=\"https:\/\/hrdays.net\/en\/speaker\/claude-silver\/\"><img loading=\"lazy\" decoding=\"async\" width=\"615\" height=\"640\" src=\"https:\/\/hrdays.net\/wp-content\/uploads\/2022\/04\/Claude-Silver-615x640.png\" class=\"attachment-eventchamp-speaker size-eventchamp-speaker\" alt=\"Claude Silver\" 0=\"\" srcset=\"https:\/\/hrdays.net\/wp-content\/uploads\/2022\/04\/Claude-Silver.png 615w, https:\/\/hrdays.net\/wp-content\/uploads\/2022\/04\/Claude-Silver-288x300.png 288w, https:\/\/hrdays.net\/wp-content\/uploads\/2022\/04\/Claude-Silver-12x12.png 12w\" sizes=\"auto, (max-width: 615px) 100vw, 615px\" \/><\/a><\/div><div class=\"gt-content\"><div class=\"gt-name\"><a href=\"https:\/\/hrdays.net\/en\/speaker\/claude-silver\/\">Claude Silver<\/a><\/div><div class=\"gt-text\">Bringing humanity back to work<\/div><\/div><\/div><\/div><\/div><div class=\"gt-col\"><div class=\"gt-inner\"><div class=\"gt-speaker gt-style-5\"><div class=\"gt-image\"><a href=\"https:\/\/hrdays.net\/en\/speaker\/evi-prokopi\/\"><img loading=\"lazy\" decoding=\"async\" width=\"615\" height=\"640\" src=\"https:\/\/hrdays.net\/wp-content\/uploads\/2022\/05\/EviPro-615x640.jpg\" class=\"attachment-eventchamp-speaker size-eventchamp-speaker\" alt=\"\" 0=\"\" srcset=\"https:\/\/hrdays.net\/wp-content\/uploads\/2022\/05\/EviPro.jpg 615w, https:\/\/hrdays.net\/wp-content\/uploads\/2022\/05\/EviPro-288x300.jpg 288w, https:\/\/hrdays.net\/wp-content\/uploads\/2022\/05\/EviPro-12x12.jpg 12w\" sizes=\"auto, (max-width: 615px) 100vw, 615px\" \/><\/a><\/div><div class=\"gt-content\"><div class=\"gt-name\"><a href=\"https:\/\/hrdays.net\/en\/speaker\/evi-prokopi\/\">Evi Prokopi<\/a><\/div><div class=\"gt-text\">Responsible Leadership as a key factor for future of work in 2025<\/div><\/div><\/div><\/div><\/div><div class=\"gt-col\"><div class=\"gt-inner\"><div class=\"gt-speaker gt-style-5\"><div class=\"gt-image\"><a href=\"https:\/\/hrdays.net\/en\/speaker\/daniela-landherr\/\"><img loading=\"lazy\" decoding=\"async\" width=\"615\" height=\"640\" src=\"https:\/\/hrdays.net\/wp-content\/uploads\/2022\/05\/Daniela-Landherr_Color-7-615x640.jpg\" class=\"attachment-eventchamp-speaker size-eventchamp-speaker\" alt=\"\" \/><\/a><\/div><div class=\"gt-content\"><div class=\"gt-name\"><a href=\"https:\/\/hrdays.net\/en\/speaker\/daniela-landherr\/\">Daniela Landherr<\/a><\/div><div class=\"gt-text\">How working culture drives innovation<\/div><\/div><\/div><\/div><\/div><div class=\"gt-col\"><div class=\"gt-inner\"><div class=\"gt-speaker gt-style-5\"><div class=\"gt-image\"><a href=\"https:\/\/hrdays.net\/en\/speaker\/johan-driessens\/\"><img loading=\"lazy\" decoding=\"async\" width=\"615\" height=\"640\" src=\"https:\/\/hrdays.net\/wp-content\/uploads\/2022\/06\/Johan-Driessens-1-615x640.png\" class=\"attachment-eventchamp-speaker size-eventchamp-speaker\" alt=\"\" 0=\"\" srcset=\"https:\/\/hrdays.net\/wp-content\/uploads\/2022\/06\/Johan-Driessens-1.png 615w, https:\/\/hrdays.net\/wp-content\/uploads\/2022\/06\/Johan-Driessens-1-288x300.png 288w, https:\/\/hrdays.net\/wp-content\/uploads\/2022\/06\/Johan-Driessens-1-12x12.png 12w\" sizes=\"auto, (max-width: 615px) 100vw, 615px\" \/><\/a><\/div><div class=\"gt-content\"><div class=\"gt-name\"><a href=\"https:\/\/hrdays.net\/en\/speaker\/johan-driessens\/\">Johan Driessens<\/a><\/div><div class=\"gt-text\">The immersive employer brand<\/div><\/div><\/div><\/div><\/div><div class=\"gt-col\"><div class=\"gt-inner\"><div class=\"gt-speaker gt-style-5\"><div class=\"gt-image\"><a href=\"https:\/\/hrdays.net\/en\/speaker\/pilar-cabral-majerovic\/\"><img loading=\"lazy\" decoding=\"async\" width=\"615\" height=\"640\" src=\"https:\/\/hrdays.net\/wp-content\/uploads\/2022\/07\/Pilar-Majerovic-615x640.png\" class=\"attachment-eventchamp-speaker size-eventchamp-speaker\" alt=\"\" 0=\"\" srcset=\"https:\/\/hrdays.net\/wp-content\/uploads\/2022\/07\/Pilar-Majerovic.png 615w, https:\/\/hrdays.net\/wp-content\/uploads\/2022\/07\/Pilar-Majerovic-288x300.png 288w, https:\/\/hrdays.net\/wp-content\/uploads\/2022\/07\/Pilar-Majerovic-12x12.png 12w\" sizes=\"auto, (max-width: 615px) 100vw, 615px\" \/><\/a><\/div><div class=\"gt-content\"><div class=\"gt-name\"><a href=\"https:\/\/hrdays.net\/en\/speaker\/pilar-cabral-majerovic\/\">Pilar Cabral Majerovi\u0107<\/a><\/div><div class=\"gt-text\">Unlocking emotions in the business world... unlocking what?<\/div><\/div><\/div><\/div><\/div><div class=\"gt-col\"><div class=\"gt-inner\"><div class=\"gt-speaker gt-style-5\"><div class=\"gt-image\"><a href=\"https:\/\/hrdays.net\/en\/speaker\/vesa-pekka-kirsi\/\"><img loading=\"lazy\" decoding=\"async\" width=\"615\" height=\"640\" src=\"https:\/\/hrdays.net\/wp-content\/uploads\/2022\/08\/vesku-out-615x640.jpg\" class=\"attachment-eventchamp-speaker size-eventchamp-speaker\" alt=\"\" 0=\"\" srcset=\"https:\/\/hrdays.net\/wp-content\/uploads\/2022\/08\/vesku-out.jpg 615w, https:\/\/hrdays.net\/wp-content\/uploads\/2022\/08\/vesku-out-288x300.jpg 288w, https:\/\/hrdays.net\/wp-content\/uploads\/2022\/08\/vesku-out-12x12.jpg 12w\" sizes=\"auto, (max-width: 615px) 100vw, 615px\" \/><\/a><\/div><div class=\"gt-content\"><div class=\"gt-name\"><a href=\"https:\/\/hrdays.net\/en\/speaker\/vesa-pekka-kirsi\/\">Vesa-Pekka Kirsi<\/a><\/div><div class=\"gt-text\">Leadership: Finding Balance between External Demands and our own Internal Limitations<\/div><\/div><\/div><\/div><\/div><div class=\"gt-col\"><div class=\"gt-inner\"><div class=\"gt-speaker gt-style-5\"><div class=\"gt-image\"><a href=\"https:\/\/hrdays.net\/en\/speaker\/maja-parmac-kovacic-2\/\"><img loading=\"lazy\" decoding=\"async\" width=\"615\" height=\"640\" src=\"https:\/\/hrdays.net\/wp-content\/uploads\/2022\/07\/MicrosoftTeams-image-18-615x640.png\" class=\"attachment-eventchamp-speaker size-eventchamp-speaker\" alt=\"\" srcset=\"https:\/\/hrdays.net\/wp-content\/uploads\/2022\/07\/MicrosoftTeams-image-18.png 615w, https:\/\/hrdays.net\/wp-content\/uploads\/2022\/07\/MicrosoftTeams-image-18-288x300.png 288w, https:\/\/hrdays.net\/wp-content\/uploads\/2022\/07\/MicrosoftTeams-image-18-12x12.png 12w\" sizes=\"auto, (max-width: 615px) 100vw, 615px\" \/><\/a><\/div><div class=\"gt-content\"><div class=\"gt-name\"><a href=\"https:\/\/hrdays.net\/en\/speaker\/maja-parmac-kovacic-2\/\">Maja Parma\u010d Kova\u010di\u0107<\/a><\/div><div class=\"gt-text\">Leaders in the era of Big Quit: Five key skills of people management<\/div><\/div><\/div><\/div><\/div><div class=\"gt-col\"><div class=\"gt-inner\"><div class=\"gt-speaker gt-style-5\"><div class=\"gt-image\"><a href=\"https:\/\/hrdays.net\/en\/speaker\/zvonimir-galic\/\"><img loading=\"lazy\" decoding=\"async\" width=\"615\" height=\"640\" src=\"https:\/\/hrdays.net\/wp-content\/uploads\/2022\/07\/MicrosoftTeams-image-16-615x640.png\" class=\"attachment-eventchamp-speaker size-eventchamp-speaker\" alt=\"\" 0=\"\" srcset=\"https:\/\/hrdays.net\/wp-content\/uploads\/2022\/07\/MicrosoftTeams-image-16.png 615w, https:\/\/hrdays.net\/wp-content\/uploads\/2022\/07\/MicrosoftTeams-image-16-288x300.png 288w, https:\/\/hrdays.net\/wp-content\/uploads\/2022\/07\/MicrosoftTeams-image-16-12x12.png 12w\" sizes=\"auto, (max-width: 615px) 100vw, 615px\" \/><\/a><\/div><div class=\"gt-content\"><div class=\"gt-name\"><a href=\"https:\/\/hrdays.net\/en\/speaker\/zvonimir-galic\/\">Zvonimir Gali\u0107<\/a><\/div><div class=\"gt-text\">Leaders in the era of Big Quit: Five key skills of people management<\/div><\/div><\/div><\/div><\/div><div class=\"gt-col\"><div class=\"gt-inner\"><div class=\"gt-speaker gt-style-5\"><div class=\"gt-image\"><a href=\"https:\/\/hrdays.net\/en\/speaker\/mihaela-smadilo\/\"><img loading=\"lazy\" decoding=\"async\" width=\"615\" height=\"640\" src=\"https:\/\/hrdays.net\/wp-content\/uploads\/2022\/09\/MicrosoftTeams-image-41-615x640.png\" class=\"attachment-eventchamp-speaker size-eventchamp-speaker\" alt=\"\" 0=\"\" srcset=\"https:\/\/hrdays.net\/wp-content\/uploads\/2022\/09\/MicrosoftTeams-image-41.png 615w, https:\/\/hrdays.net\/wp-content\/uploads\/2022\/09\/MicrosoftTeams-image-41-288x300.png 288w, https:\/\/hrdays.net\/wp-content\/uploads\/2022\/09\/MicrosoftTeams-image-41-12x12.png 12w\" sizes=\"auto, (max-width: 615px) 100vw, 615px\" \/><\/a><\/div><div class=\"gt-content\"><div class=\"gt-name\"><a href=\"https:\/\/hrdays.net\/en\/speaker\/mihaela-smadilo\/\">Mihaela Smadilo<\/a><\/div><div class=\"gt-text\">HR from 2012 - 2022 with a view into the future<\/div><\/div><\/div><\/div><\/div><div class=\"gt-col\"><div class=\"gt-inner\"><div class=\"gt-speaker gt-style-5\"><div class=\"gt-image\"><a href=\"https:\/\/hrdays.net\/en\/speaker\/zijah-sokolovic\/\"><img loading=\"lazy\" decoding=\"async\" width=\"615\" height=\"640\" src=\"https:\/\/hrdays.net\/wp-content\/uploads\/2022\/07\/MicrosoftTeams-image-20-615x640.png\" class=\"attachment-eventchamp-speaker size-eventchamp-speaker\" alt=\"\" 0=\"\" srcset=\"https:\/\/hrdays.net\/wp-content\/uploads\/2022\/07\/MicrosoftTeams-image-20.png 615w, https:\/\/hrdays.net\/wp-content\/uploads\/2022\/07\/MicrosoftTeams-image-20-288x300.png 288w, https:\/\/hrdays.net\/wp-content\/uploads\/2022\/07\/MicrosoftTeams-image-20-12x12.png 12w\" sizes=\"auto, (max-width: 615px) 100vw, 615px\" \/><\/a><\/div><div class=\"gt-content\"><div class=\"gt-name\"><a href=\"https:\/\/hrdays.net\/en\/speaker\/zijah-sokolovic\/\">Zijah Sokolovi\u0107<\/a><\/div><div class=\"gt-text\">Lijevo, desno, glumac<\/div><\/div><\/div><\/div><\/div><div class=\"gt-col\"><div class=\"gt-inner\"><div class=\"gt-speaker gt-style-5\"><div class=\"gt-image\"><a href=\"https:\/\/hrdays.net\/en\/speaker\/sandra-cupurdija\/\"><img loading=\"lazy\" decoding=\"async\" width=\"615\" height=\"640\" src=\"https:\/\/hrdays.net\/wp-content\/uploads\/2022\/07\/MicrosoftTeams-image-22-615x640.png\" class=\"attachment-eventchamp-speaker size-eventchamp-speaker\" alt=\"\" 0=\"\" srcset=\"https:\/\/hrdays.net\/wp-content\/uploads\/2022\/07\/MicrosoftTeams-image-22.png 615w, https:\/\/hrdays.net\/wp-content\/uploads\/2022\/07\/MicrosoftTeams-image-22-288x300.png 288w, https:\/\/hrdays.net\/wp-content\/uploads\/2022\/07\/MicrosoftTeams-image-22-12x12.png 12w\" sizes=\"auto, (max-width: 615px) 100vw, 615px\" \/><\/a><\/div><div class=\"gt-content\"><div class=\"gt-name\"><a href=\"https:\/\/hrdays.net\/en\/speaker\/sandra-cupurdija\/\">Sandra \u0106upurdija<\/a><\/div><div class=\"gt-text\">What is the connection between leadership and sick leave?<\/div><\/div><\/div><\/div><\/div><div class=\"gt-col\"><div class=\"gt-inner\"><div class=\"gt-speaker gt-style-5\"><div class=\"gt-image\"><a href=\"https:\/\/hrdays.net\/en\/speaker\/maja-vucic\/\"><img loading=\"lazy\" decoding=\"async\" width=\"615\" height=\"640\" src=\"https:\/\/hrdays.net\/wp-content\/uploads\/2022\/07\/maja-out-615x640.jpg\" class=\"attachment-eventchamp-speaker size-eventchamp-speaker\" alt=\"\" 0=\"\" srcset=\"https:\/\/hrdays.net\/wp-content\/uploads\/2022\/07\/maja-out.jpg 615w, https:\/\/hrdays.net\/wp-content\/uploads\/2022\/07\/maja-out-288x300.jpg 288w, https:\/\/hrdays.net\/wp-content\/uploads\/2022\/07\/maja-out-12x12.jpg 12w\" sizes=\"auto, (max-width: 615px) 100vw, 615px\" \/><\/a><\/div><div class=\"gt-content\"><div class=\"gt-name\"><a href=\"https:\/\/hrdays.net\/en\/speaker\/maja-vucic\/\">Maja Vu\u010di\u0107<\/a><\/div><div class=\"gt-text\">Gen Z - management challenges, expectations, tips &amp; tricks;\nFluctuation hell - How to make them stay?<\/div><\/div><\/div><\/div><\/div><\/div><\/div><\/div><\/div><\/div><\/div><div class=\"vc_row wpb_row vc_row-fluid gt-background-position-initial gt-background-attachment-initial gt-overflow-hidden gt-text-default\"><div class=\"wpb_column vc_column_container vc_col-sm-12\"><div class=\"vc_column-inner\"><div class=\"wpb_wrapper\">\n\t<div class=\"wpb_text_column wpb_content_element\" >\n\t\t<div class=\"wpb_wrapper\">\n\t\t\t\n\t\t<\/div>\n\t<\/div>\n<\/div><\/div><\/div><\/div>\r\n<\/div>","protected":false},"excerpt":{"rendered":"Maja Vu\u010di\u0107 se bavi organizacijskom psihologijom od 2006. godine, od utvr\u0111ivanja uzroka problema unutar tvrtke, dijagnoze slabih i jakih strana ljudskih potencijala,&nbsp;selekcije zaposlenika po principu \u201cprava osoba na pravom mjestu\u201d i razvojem prakti\u010dnih i primjenjivih edukacija po mjeri u podru\u010dju...","protected":false},"author":4,"featured_media":0,"parent":0,"menu_order":0,"comment_status":"closed","ping_status":"closed","template":"","meta":{"_monsterinsights_skip_tracking":false,"_monsterinsights_sitenote_active":false,"_monsterinsights_sitenote_note":"","_monsterinsights_sitenote_category":0,"footnotes":""},"categories":[155],"tags":[],"class_list":["post-6680","page","type-page","status-publish","hentry","category-predavaci"],"yoast_head":"<!-- This site is optimized with the Yoast SEO plugin v25.3 - https:\/\/yoast.com\/wordpress\/plugins\/seo\/ -->\n<title>Govornici 2022 - HR Days<\/title>\n<meta name=\"description\" content=\"HR Days konferencija odr\u017eat \u0107e se 21. i 22. rujna u Rovinju te obilje\u017eiti 10. godi\u0161njicu okupljanja HR zajednice.Ne propustite deseto izdanje regionalne konferencije gdje vas ponovno o\u010dekuju inspirativna predavanja doma\u0107ih i stranih HR stru\u010dnjaka, prakti\u010dne radionice, networking, paneli o aktualnim temama te nezaboravni provod i iskustvo.\" \/>\n<meta name=\"robots\" content=\"index, follow, max-snippet:-1, max-image-preview:large, max-video-preview:-1\" \/>\n<link rel=\"canonical\" href=\"https:\/\/hrdays.net\/en\/govornici-2022\/\" \/>\n<meta property=\"og:locale\" content=\"en_GB\" \/>\n<meta property=\"og:type\" content=\"article\" \/>\n<meta property=\"og:title\" content=\"Govornici 2022 - HR Days\" \/>\n<meta property=\"og:description\" content=\"HR Days konferencija odr\u017eat \u0107e se 21. i 22. rujna u Rovinju te obilje\u017eiti 10. godi\u0161njicu okupljanja HR zajednice.Ne propustite deseto izdanje regionalne konferencije gdje vas ponovno o\u010dekuju inspirativna predavanja doma\u0107ih i stranih HR stru\u010dnjaka, prakti\u010dne radionice, networking, paneli o aktualnim temama te nezaboravni provod i iskustvo.\" \/>\n<meta property=\"og:url\" content=\"https:\/\/hrdays.net\/en\/govornici-2022\/\" \/>\n<meta property=\"og:site_name\" content=\"HR Days\" \/>\n<meta property=\"article:modified_time\" content=\"2023-07-21T13:19:20+00:00\" \/>\n<meta property=\"og:image\" content=\"https:\/\/hrdays.net\/wp-content\/uploads\/2021\/10\/NG__3964.jpg\" \/>\n\t<meta property=\"og:image:width\" content=\"2048\" \/>\n\t<meta property=\"og:image:height\" content=\"1365\" \/>\n\t<meta property=\"og:image:type\" content=\"image\/jpeg\" \/>\n<meta name=\"twitter:card\" content=\"summary_large_image\" \/>\n<meta name=\"twitter:image\" content=\"https:\/\/hrdays.net\/wp-content\/uploads\/2021\/10\/NG__3964.jpg\" \/>\n<meta name=\"twitter:label1\" content=\"Estimated reading time\" \/>\n\t<meta name=\"twitter:data1\" content=\"1 minute\" \/>\n<script type=\"application\/ld+json\" class=\"yoast-schema-graph\">{\"@context\":\"https:\/\/schema.org\",\"@graph\":[{\"@type\":\"WebPage\",\"@id\":\"https:\/\/hrdays.net\/govornici-2022\/\",\"url\":\"https:\/\/hrdays.net\/govornici-2022\/\",\"name\":\"Govornici 2022 - HR Days\",\"isPartOf\":{\"@id\":\"https:\/\/hrdays.net\/#website\"},\"datePublished\":\"2022-10-17T14:11:17+00:00\",\"dateModified\":\"2023-07-21T13:19:20+00:00\",\"description\":\"HR Days konferencija odr\u017eat \u0107e se 21. i 22. rujna u Rovinju te obilje\u017eiti 10. godi\u0161njicu okupljanja HR zajednice.Ne propustite deseto izdanje regionalne konferencije gdje vas ponovno o\u010dekuju inspirativna predavanja doma\u0107ih i stranih HR stru\u010dnjaka, prakti\u010dne radionice, networking, paneli o aktualnim temama te nezaboravni provod i iskustvo.\",\"breadcrumb\":{\"@id\":\"https:\/\/hrdays.net\/govornici-2022\/#breadcrumb\"},\"inLanguage\":\"en-GB\",\"potentialAction\":[{\"@type\":\"ReadAction\",\"target\":[\"https:\/\/hrdays.net\/govornici-2022\/\"]}]},{\"@type\":\"BreadcrumbList\",\"@id\":\"https:\/\/hrdays.net\/govornici-2022\/#breadcrumb\",\"itemListElement\":[{\"@type\":\"ListItem\",\"position\":1,\"name\":\"Home\",\"item\":\"https:\/\/hrdays.net\/\"},{\"@type\":\"ListItem\",\"position\":2,\"name\":\"Govornici 2022\"}]},{\"@type\":\"WebSite\",\"@id\":\"https:\/\/hrdays.net\/#website\",\"url\":\"https:\/\/hrdays.net\/\",\"name\":\"HR Days\",\"description\":\"HRDays - konferencija o upravljanju ljudskim resursima\",\"potentialAction\":[{\"@type\":\"SearchAction\",\"target\":{\"@type\":\"EntryPoint\",\"urlTemplate\":\"https:\/\/hrdays.net\/?s={search_term_string}\"},\"query-input\":{\"@type\":\"PropertyValueSpecification\",\"valueRequired\":true,\"valueName\":\"search_term_string\"}}],\"inLanguage\":\"en-GB\"}]}<\/script>\n<!-- \/ Yoast SEO plugin. -->","yoast_head_json":{"title":"Govornici 2022 - HR Days","description":"HR Days konferencija odr\u017eat \u0107e se 21. i 22. rujna u Rovinju te obilje\u017eiti 10. godi\u0161njicu okupljanja HR zajednice.Ne propustite deseto izdanje regionalne konferencije gdje vas ponovno o\u010dekuju inspirativna predavanja doma\u0107ih i stranih HR stru\u010dnjaka, prakti\u010dne radionice, networking, paneli o aktualnim temama te nezaboravni provod i iskustvo.","robots":{"index":"index","follow":"follow","max-snippet":"max-snippet:-1","max-image-preview":"max-image-preview:large","max-video-preview":"max-video-preview:-1"},"canonical":"https:\/\/hrdays.net\/en\/govornici-2022\/","og_locale":"en_GB","og_type":"article","og_title":"Govornici 2022 - HR Days","og_description":"HR Days konferencija odr\u017eat \u0107e se 21. i 22. rujna u Rovinju te obilje\u017eiti 10. godi\u0161njicu okupljanja HR zajednice.Ne propustite deseto izdanje regionalne konferencije gdje vas ponovno o\u010dekuju inspirativna predavanja doma\u0107ih i stranih HR stru\u010dnjaka, prakti\u010dne radionice, networking, paneli o aktualnim temama te nezaboravni provod i iskustvo.","og_url":"https:\/\/hrdays.net\/en\/govornici-2022\/","og_site_name":"HR Days","article_modified_time":"2023-07-21T13:19:20+00:00","og_image":[{"width":2048,"height":1365,"url":"https:\/\/hrdays.net\/wp-content\/uploads\/2021\/10\/NG__3964.jpg","type":"image\/jpeg"}],"twitter_card":"summary_large_image","twitter_image":"https:\/\/hrdays.net\/wp-content\/uploads\/2021\/10\/NG__3964.jpg","twitter_misc":{"Estimated reading time":"1 minute"},"schema":{"@context":"https:\/\/schema.org","@graph":[{"@type":"WebPage","@id":"https:\/\/hrdays.net\/govornici-2022\/","url":"https:\/\/hrdays.net\/govornici-2022\/","name":"Govornici 2022 - HR Days","isPartOf":{"@id":"https:\/\/hrdays.net\/#website"},"datePublished":"2022-10-17T14:11:17+00:00","dateModified":"2023-07-21T13:19:20+00:00","description":"HR Days konferencija odr\u017eat \u0107e se 21. i 22. rujna u Rovinju te obilje\u017eiti 10. godi\u0161njicu okupljanja HR zajednice.Ne propustite deseto izdanje regionalne konferencije gdje vas ponovno o\u010dekuju inspirativna predavanja doma\u0107ih i stranih HR stru\u010dnjaka, prakti\u010dne radionice, networking, paneli o aktualnim temama te nezaboravni provod i iskustvo.","breadcrumb":{"@id":"https:\/\/hrdays.net\/govornici-2022\/#breadcrumb"},"inLanguage":"en-GB","potentialAction":[{"@type":"ReadAction","target":["https:\/\/hrdays.net\/govornici-2022\/"]}]},{"@type":"BreadcrumbList","@id":"https:\/\/hrdays.net\/govornici-2022\/#breadcrumb","itemListElement":[{"@type":"ListItem","position":1,"name":"Home","item":"https:\/\/hrdays.net\/"},{"@type":"ListItem","position":2,"name":"Govornici 2022"}]},{"@type":"WebSite","@id":"https:\/\/hrdays.net\/#website","url":"https:\/\/hrdays.net\/","name":"HR Days","description":"HRDays - konferencija o upravljanju ljudskim resursima","potentialAction":[{"@type":"SearchAction","target":{"@type":"EntryPoint","urlTemplate":"https:\/\/hrdays.net\/?s={search_term_string}"},"query-input":{"@type":"PropertyValueSpecification","valueRequired":true,"valueName":"search_term_string"}}],"inLanguage":"en-GB"}]}},"_links":{"self":[{"href":"https:\/\/hrdays.net\/en\/wp-json\/wp\/v2\/pages\/6680","targetHints":{"allow":["GET"]}}],"collection":[{"href":"https:\/\/hrdays.net\/en\/wp-json\/wp\/v2\/pages"}],"about":[{"href":"https:\/\/hrdays.net\/en\/wp-json\/wp\/v2\/types\/page"}],"author":[{"embeddable":true,"href":"https:\/\/hrdays.net\/en\/wp-json\/wp\/v2\/users\/4"}],"replies":[{"embeddable":true,"href":"https:\/\/hrdays.net\/en\/wp-json\/wp\/v2\/comments?post=6680"}],"version-history":[{"count":4,"href":"https:\/\/hrdays.net\/en\/wp-json\/wp\/v2\/pages\/6680\/revisions"}],"predecessor-version":[{"id":7403,"href":"https:\/\/hrdays.net\/en\/wp-json\/wp\/v2\/pages\/6680\/revisions\/7403"}],"wp:attachment":[{"href":"https:\/\/hrdays.net\/en\/wp-json\/wp\/v2\/media?parent=6680"}],"wp:term":[{"taxonomy":"category","embeddable":true,"href":"https:\/\/hrdays.net\/en\/wp-json\/wp\/v2\/categories?post=6680"},{"taxonomy":"post_tag","embeddable":true,"href":"https:\/\/hrdays.net\/en\/wp-json\/wp\/v2\/tags?post=6680"}],"curies":[{"name":"wp","href":"https:\/\/api.w.org\/{rel}","templated":true}]}}