{"id":4163,"date":"2021-07-29T14:52:38","date_gmt":"2021-07-29T12:52:38","guid":{"rendered":"https:\/\/hrdays.net\/?page_id=4163"},"modified":"2024-09-17T12:59:04","modified_gmt":"2024-09-17T10:59:04","slug":"govornici-2013","status":"publish","type":"page","link":"https:\/\/hrdays.net\/en\/govornici-2013\/","title":{"rendered":"Govornici 2013"},"content":{"rendered":"<div class=\"wpb-content-wrapper\"><div class=\"vc_row wpb_row vc_row-fluid gt-background-position-initial gt-background-attachment-initial gt-overflow-hidden gt-text-default\"><div class=\"wpb_column vc_column_container vc_col-sm-12\"><div class=\"vc_column-inner\"><div class=\"wpb_wrapper\"><div class=\"gt-speakers-listing gt-style-1\"><div class=\"gt-columns gt-column-4 gt-column-space-0\"><div class=\"gt-col\"><div class=\"gt-inner\"><div class=\"gt-speaker gt-style-5\"><div class=\"gt-image\"><a href=\"https:\/\/hrdays.net\/en\/speaker\/mr-sc-mislav-balkovic\/\"><img loading=\"lazy\" decoding=\"async\" width=\"615\" height=\"640\" src=\"https:\/\/hrdays.net\/wp-content\/uploads\/2021\/07\/mislav-balkovic-615x640.png\" class=\"attachment-eventchamp-speaker size-eventchamp-speaker\" alt=\"\" 0=\"\" srcset=\"https:\/\/hrdays.net\/wp-content\/uploads\/2021\/07\/mislav-balkovic.png 615w, https:\/\/hrdays.net\/wp-content\/uploads\/2021\/07\/mislav-balkovic-288x300.png 288w, https:\/\/hrdays.net\/wp-content\/uploads\/2021\/07\/mislav-balkovic-12x12.png 12w\" sizes=\"auto, (max-width: 615px) 100vw, 615px\" \/><\/a><\/div><div class=\"gt-content\"><div class=\"gt-name\"><a href=\"https:\/\/hrdays.net\/en\/speaker\/mr-sc-mislav-balkovic\/\">mr. sc. Mislav Balkovi\u0107<\/a><\/div><\/div><\/div><\/div><\/div><div class=\"gt-col\"><div class=\"gt-inner\"><div class=\"gt-speaker gt-style-5\"><div class=\"gt-image\"><a href=\"https:\/\/hrdays.net\/en\/speaker\/blagica-petrovac-sikic\/\"><img loading=\"lazy\" decoding=\"async\" width=\"615\" height=\"640\" src=\"https:\/\/hrdays.net\/wp-content\/uploads\/2021\/07\/blagica-petrovac-615x640.png\" class=\"attachment-eventchamp-speaker size-eventchamp-speaker\" alt=\"\" 0=\"\" srcset=\"https:\/\/hrdays.net\/wp-content\/uploads\/2021\/07\/blagica-petrovac.png 615w, https:\/\/hrdays.net\/wp-content\/uploads\/2021\/07\/blagica-petrovac-288x300.png 288w, https:\/\/hrdays.net\/wp-content\/uploads\/2021\/07\/blagica-petrovac-12x12.png 12w\" sizes=\"auto, (max-width: 615px) 100vw, 615px\" \/><\/a><\/div><div class=\"gt-content\"><div class=\"gt-name\"><a href=\"https:\/\/hrdays.net\/en\/speaker\/blagica-petrovac-sikic\/\">Blagica Petrovac \u0160iki\u0107<\/a><\/div><\/div><\/div><\/div><\/div><div class=\"gt-col\"><div class=\"gt-inner\"><div class=\"gt-speaker gt-style-5\"><div class=\"gt-image\"><a href=\"https:\/\/hrdays.net\/en\/speaker\/tatjana-dalic\/\"><img loading=\"lazy\" decoding=\"async\" width=\"615\" height=\"640\" src=\"https:\/\/hrdays.net\/wp-content\/uploads\/2021\/07\/tanja-dalic-615x640.png\" class=\"attachment-eventchamp-speaker size-eventchamp-speaker\" alt=\"\" 0=\"\" srcset=\"https:\/\/hrdays.net\/wp-content\/uploads\/2021\/07\/tanja-dalic.png 615w, https:\/\/hrdays.net\/wp-content\/uploads\/2021\/07\/tanja-dalic-288x300.png 288w, https:\/\/hrdays.net\/wp-content\/uploads\/2021\/07\/tanja-dalic-12x12.png 12w\" sizes=\"auto, (max-width: 615px) 100vw, 615px\" \/><\/a><\/div><div class=\"gt-content\"><div class=\"gt-name\"><a href=\"https:\/\/hrdays.net\/en\/speaker\/tatjana-dalic\/\">Tatjana Dali\u0107<\/a><\/div><\/div><\/div><\/div><\/div><div class=\"gt-col\"><div class=\"gt-inner\"><div class=\"gt-speaker gt-style-5\"><div class=\"gt-image\"><a href=\"https:\/\/hrdays.net\/en\/speaker\/ana-vojnic-tunic\/\"><img loading=\"lazy\" decoding=\"async\" width=\"615\" height=\"640\" src=\"https:\/\/hrdays.net\/wp-content\/uploads\/2021\/07\/ana-miletic-615x640.png\" class=\"attachment-eventchamp-speaker size-eventchamp-speaker\" alt=\"\" 0=\"\" srcset=\"https:\/\/hrdays.net\/wp-content\/uploads\/2021\/07\/ana-miletic.png 615w, https:\/\/hrdays.net\/wp-content\/uploads\/2021\/07\/ana-miletic-288x300.png 288w, https:\/\/hrdays.net\/wp-content\/uploads\/2021\/07\/ana-miletic-12x12.png 12w\" sizes=\"auto, (max-width: 615px) 100vw, 615px\" \/><\/a><\/div><div class=\"gt-content\"><div class=\"gt-name\"><a href=\"https:\/\/hrdays.net\/en\/speaker\/ana-vojnic-tunic\/\">Ana Vojni\u0107 Tuni\u0107<\/a><\/div><\/div><\/div><\/div><\/div><div class=\"gt-col\"><div class=\"gt-inner\"><div class=\"gt-speaker gt-style-5\"><div class=\"gt-image\"><a href=\"https:\/\/hrdays.net\/en\/speaker\/martina-bajs\/\"><img loading=\"lazy\" decoding=\"async\" width=\"615\" height=\"640\" src=\"https:\/\/hrdays.net\/wp-content\/uploads\/2021\/07\/martina-bajs-615x640.png\" class=\"attachment-eventchamp-speaker size-eventchamp-speaker\" alt=\"\" 0=\"\" srcset=\"https:\/\/hrdays.net\/wp-content\/uploads\/2021\/07\/martina-bajs.png 615w, https:\/\/hrdays.net\/wp-content\/uploads\/2021\/07\/martina-bajs-288x300.png 288w, https:\/\/hrdays.net\/wp-content\/uploads\/2021\/07\/martina-bajs-12x12.png 12w\" sizes=\"auto, (max-width: 615px) 100vw, 615px\" \/><\/a><\/div><div class=\"gt-content\"><div class=\"gt-name\"><a href=\"https:\/\/hrdays.net\/en\/speaker\/martina-bajs\/\">Martina Bajs<\/a><\/div><\/div><\/div><\/div><\/div><div class=\"gt-col\"><div class=\"gt-inner\"><div class=\"gt-speaker gt-style-5\"><div class=\"gt-image\"><a href=\"https:\/\/hrdays.net\/en\/speaker\/tanya-splajt-brainovic-2\/\"><img loading=\"lazy\" decoding=\"async\" width=\"615\" height=\"640\" src=\"https:\/\/hrdays.net\/wp-content\/uploads\/2021\/07\/tanya-splajt-615x640.png\" class=\"attachment-eventchamp-speaker size-eventchamp-speaker\" alt=\"\" 0=\"\" srcset=\"https:\/\/hrdays.net\/wp-content\/uploads\/2021\/07\/tanya-splajt.png 615w, https:\/\/hrdays.net\/wp-content\/uploads\/2021\/07\/tanya-splajt-288x300.png 288w, https:\/\/hrdays.net\/wp-content\/uploads\/2021\/07\/tanya-splajt-12x12.png 12w\" sizes=\"auto, (max-width: 615px) 100vw, 615px\" \/><\/a><\/div><div class=\"gt-content\"><div class=\"gt-name\"><a href=\"https:\/\/hrdays.net\/en\/speaker\/tanya-splajt-brainovic-2\/\">Tanya \u0160plajt Brainovi\u0107<\/a><\/div><\/div><\/div><\/div><\/div><div class=\"gt-col\"><div class=\"gt-inner\"><div class=\"gt-speaker gt-style-5\"><div class=\"gt-image\"><a href=\"https:\/\/hrdays.net\/en\/speaker\/mojca-domiter-2\/\"><img loading=\"lazy\" decoding=\"async\" width=\"615\" height=\"640\" src=\"https:\/\/hrdays.net\/wp-content\/uploads\/2021\/07\/mojca-domiter-615x640.png\" class=\"attachment-eventchamp-speaker size-eventchamp-speaker\" alt=\"\" 0=\"\" srcset=\"https:\/\/hrdays.net\/wp-content\/uploads\/2021\/07\/mojca-domiter.png 615w, https:\/\/hrdays.net\/wp-content\/uploads\/2021\/07\/mojca-domiter-288x300.png 288w, https:\/\/hrdays.net\/wp-content\/uploads\/2021\/07\/mojca-domiter-12x12.png 12w\" sizes=\"auto, (max-width: 615px) 100vw, 615px\" \/><\/a><\/div><div class=\"gt-content\"><div class=\"gt-name\"><a href=\"https:\/\/hrdays.net\/en\/speaker\/mojca-domiter-2\/\">Mojca Domiter<\/a><\/div><\/div><\/div><\/div><\/div><div class=\"gt-col\"><div class=\"gt-inner\"><div class=\"gt-speaker gt-style-5\"><div class=\"gt-image\"><a href=\"https:\/\/hrdays.net\/en\/speaker\/rajka-markovic\/\"><img loading=\"lazy\" decoding=\"async\" width=\"615\" height=\"640\" src=\"https:\/\/hrdays.net\/wp-content\/uploads\/2021\/07\/rajka-markovic-615x640.png\" class=\"attachment-eventchamp-speaker size-eventchamp-speaker\" alt=\"\" 0=\"\" srcset=\"https:\/\/hrdays.net\/wp-content\/uploads\/2021\/07\/rajka-markovic.png 615w, https:\/\/hrdays.net\/wp-content\/uploads\/2021\/07\/rajka-markovic-288x300.png 288w, https:\/\/hrdays.net\/wp-content\/uploads\/2021\/07\/rajka-markovic-12x12.png 12w\" sizes=\"auto, (max-width: 615px) 100vw, 615px\" \/><\/a><\/div><div class=\"gt-content\"><div class=\"gt-name\"><a href=\"https:\/\/hrdays.net\/en\/speaker\/rajka-markovic\/\">Rajka Markovi\u0107<\/a><\/div><\/div><\/div><\/div><\/div><div class=\"gt-col\"><div class=\"gt-inner\"><div class=\"gt-speaker gt-style-5\"><div class=\"gt-image\"><a href=\"https:\/\/hrdays.net\/en\/speaker\/marko-kristof\/\"><img loading=\"lazy\" decoding=\"async\" width=\"615\" height=\"640\" src=\"https:\/\/hrdays.net\/wp-content\/uploads\/2021\/07\/marko-kristof-615x640.png\" class=\"attachment-eventchamp-speaker size-eventchamp-speaker\" alt=\"\" 0=\"\" srcset=\"https:\/\/hrdays.net\/wp-content\/uploads\/2021\/07\/marko-kristof.png 615w, https:\/\/hrdays.net\/wp-content\/uploads\/2021\/07\/marko-kristof-288x300.png 288w, https:\/\/hrdays.net\/wp-content\/uploads\/2021\/07\/marko-kristof-12x12.png 12w\" sizes=\"auto, (max-width: 615px) 100vw, 615px\" \/><\/a><\/div><div class=\"gt-content\"><div class=\"gt-name\"><a href=\"https:\/\/hrdays.net\/en\/speaker\/marko-kristof\/\">Marko Kri\u0161tof<\/a><\/div><\/div><\/div><\/div><\/div><div class=\"gt-col\"><div class=\"gt-inner\"><div class=\"gt-speaker gt-style-5\"><div class=\"gt-image\"><a href=\"https:\/\/hrdays.net\/en\/speaker\/dr-ian-sutherland\/\"><img loading=\"lazy\" decoding=\"async\" width=\"615\" height=\"640\" src=\"https:\/\/hrdays.net\/wp-content\/uploads\/2021\/07\/ian-sutherland-615x640.png\" class=\"attachment-eventchamp-speaker size-eventchamp-speaker\" alt=\"\" 0=\"\" srcset=\"https:\/\/hrdays.net\/wp-content\/uploads\/2021\/07\/ian-sutherland.png 615w, https:\/\/hrdays.net\/wp-content\/uploads\/2021\/07\/ian-sutherland-288x300.png 288w, https:\/\/hrdays.net\/wp-content\/uploads\/2021\/07\/ian-sutherland-12x12.png 12w\" sizes=\"auto, (max-width: 615px) 100vw, 615px\" \/><\/a><\/div><div class=\"gt-content\"><div class=\"gt-name\"><a href=\"https:\/\/hrdays.net\/en\/speaker\/dr-ian-sutherland\/\">Dr. Ian Sutherland<\/a><\/div><\/div><\/div><\/div><\/div><div class=\"gt-col\"><div class=\"gt-inner\"><div class=\"gt-speaker gt-style-5\"><div class=\"gt-image\"><a href=\"https:\/\/hrdays.net\/en\/speaker\/viviane-harnois\/\"><img loading=\"lazy\" decoding=\"async\" width=\"615\" height=\"640\" src=\"https:\/\/hrdays.net\/wp-content\/uploads\/2021\/07\/viviane-harnois-615x640.png\" class=\"attachment-eventchamp-speaker size-eventchamp-speaker\" alt=\"\" 0=\"\" srcset=\"https:\/\/hrdays.net\/wp-content\/uploads\/2021\/07\/viviane-harnois.png 615w, https:\/\/hrdays.net\/wp-content\/uploads\/2021\/07\/viviane-harnois-288x300.png 288w, https:\/\/hrdays.net\/wp-content\/uploads\/2021\/07\/viviane-harnois-12x12.png 12w\" sizes=\"auto, (max-width: 615px) 100vw, 615px\" \/><\/a><\/div><div class=\"gt-content\"><div class=\"gt-name\"><a href=\"https:\/\/hrdays.net\/en\/speaker\/viviane-harnois\/\">Viviane Harnois<\/a><\/div><\/div><\/div><\/div><\/div><div class=\"gt-col\"><div class=\"gt-inner\"><div class=\"gt-speaker gt-style-5\"><div class=\"gt-image\"><a href=\"https:\/\/hrdays.net\/en\/speaker\/sue-mathews\/\"><img loading=\"lazy\" decoding=\"async\" width=\"615\" height=\"640\" src=\"https:\/\/hrdays.net\/wp-content\/uploads\/2021\/07\/sue-mathews-615x640.png\" class=\"attachment-eventchamp-speaker size-eventchamp-speaker\" alt=\"\" 0=\"\" srcset=\"https:\/\/hrdays.net\/wp-content\/uploads\/2021\/07\/sue-mathews.png 615w, https:\/\/hrdays.net\/wp-content\/uploads\/2021\/07\/sue-mathews-288x300.png 288w, https:\/\/hrdays.net\/wp-content\/uploads\/2021\/07\/sue-mathews-12x12.png 12w\" sizes=\"auto, (max-width: 615px) 100vw, 615px\" \/><\/a><\/div><div class=\"gt-content\"><div class=\"gt-name\"><a href=\"https:\/\/hrdays.net\/en\/speaker\/sue-mathews\/\">Sue Mathews<\/a><\/div><\/div><\/div><\/div><\/div><div class=\"gt-col\"><div class=\"gt-inner\"><div class=\"gt-speaker gt-style-5\"><div class=\"gt-image\"><a href=\"https:\/\/hrdays.net\/en\/speaker\/marek-mos\/\"><img loading=\"lazy\" decoding=\"async\" width=\"615\" height=\"640\" src=\"https:\/\/hrdays.net\/wp-content\/uploads\/2021\/07\/marek-mos-615x640.png\" class=\"attachment-eventchamp-speaker size-eventchamp-speaker\" alt=\"\" 0=\"\" srcset=\"https:\/\/hrdays.net\/wp-content\/uploads\/2021\/07\/marek-mos.png 615w, https:\/\/hrdays.net\/wp-content\/uploads\/2021\/07\/marek-mos-288x300.png 288w, https:\/\/hrdays.net\/wp-content\/uploads\/2021\/07\/marek-mos-12x12.png 12w\" sizes=\"auto, (max-width: 615px) 100vw, 615px\" \/><\/a><\/div><div class=\"gt-content\"><div class=\"gt-name\"><a href=\"https:\/\/hrdays.net\/en\/speaker\/marek-mos\/\">Marek Mos<\/a><\/div><\/div><\/div><\/div><\/div><div class=\"gt-col\"><div class=\"gt-inner\"><div class=\"gt-speaker gt-style-5\"><div class=\"gt-image\"><a href=\"https:\/\/hrdays.net\/en\/speaker\/prof-dr-sc-mirando-mrsic-dr-med\/\"><img loading=\"lazy\" decoding=\"async\" width=\"615\" height=\"640\" src=\"https:\/\/hrdays.net\/wp-content\/uploads\/2021\/07\/mirando-mrsic-615x640.png\" class=\"attachment-eventchamp-speaker size-eventchamp-speaker\" alt=\"\" 0=\"\" srcset=\"https:\/\/hrdays.net\/wp-content\/uploads\/2021\/07\/mirando-mrsic.png 615w, https:\/\/hrdays.net\/wp-content\/uploads\/2021\/07\/mirando-mrsic-288x300.png 288w, https:\/\/hrdays.net\/wp-content\/uploads\/2021\/07\/mirando-mrsic-12x12.png 12w\" sizes=\"auto, (max-width: 615px) 100vw, 615px\" \/><\/a><\/div><div class=\"gt-content\"><div class=\"gt-name\"><a href=\"https:\/\/hrdays.net\/en\/speaker\/prof-dr-sc-mirando-mrsic-dr-med\/\">prof. dr. sc. Mirando Mrsi\u0107, dr. med.<\/a><\/div><\/div><\/div><\/div><\/div><\/div><\/div><\/div><\/div><\/div><\/div>\n<\/div>","protected":false},"excerpt":{"rendered":"Prim. dr. Mirando Mrsi\u0107, Ministar rada i mirovinskog sustava, lije\u010dnik je i izvanredni profesor na Katedri za internu medicinu zagreba\u010dkoga Medicinskog fakulteta. Diplomirao je i doktorirao na Medicinskom fakultetu u Zagrebu, a primarijus je postao 2004. Kao internist-hematolog bio je...","protected":false},"author":2,"featured_media":0,"parent":0,"menu_order":0,"comment_status":"closed","ping_status":"closed","template":"","meta":{"_monsterinsights_skip_tracking":false,"_monsterinsights_sitenote_active":false,"_monsterinsights_sitenote_note":"","_monsterinsights_sitenote_category":0,"footnotes":""},"categories":[155],"tags":[],"class_list":["post-4163","page","type-page","status-publish","hentry","category-predavaci"],"yoast_head":"<!-- This site is optimized with the Yoast SEO plugin v25.3 - https:\/\/yoast.com\/wordpress\/plugins\/seo\/ -->\n<title>Govornici 2013 - HR Days<\/title>\n<meta name=\"robots\" content=\"index, follow, max-snippet:-1, max-image-preview:large, max-video-preview:-1\" \/>\n<link rel=\"canonical\" href=\"https:\/\/hrdays.net\/en\/govornici-2013\/\" \/>\n<meta property=\"og:locale\" content=\"en_GB\" \/>\n<meta property=\"og:type\" content=\"article\" \/>\n<meta property=\"og:title\" content=\"HR Days Predava\u010di\" \/>\n<meta property=\"og:url\" content=\"https:\/\/hrdays.net\/en\/govornici-2013\/\" \/>\n<meta property=\"og:site_name\" content=\"HR Days\" \/>\n<meta property=\"article:modified_time\" content=\"2024-09-17T10:59:04+00:00\" \/>\n<meta property=\"og:image\" content=\"https:\/\/hrdays.net\/wp-content\/uploads\/2021\/04\/4W5A8236.jpg\" \/>\n\t<meta property=\"og:image:width\" content=\"1920\" \/>\n\t<meta property=\"og:image:height\" content=\"1280\" \/>\n\t<meta property=\"og:image:type\" content=\"image\/jpeg\" \/>\n<meta name=\"twitter:card\" content=\"summary_large_image\" \/>\n<meta name=\"twitter:title\" content=\"HR Days Predava\u010di\" \/>\n<meta name=\"twitter:image\" content=\"https:\/\/hrdays.net\/wp-content\/uploads\/2021\/04\/4W5A8236.jpg\" \/>\n<meta name=\"twitter:label1\" content=\"Estimated reading time\" \/>\n\t<meta name=\"twitter:data1\" content=\"1 minute\" \/>\n<script type=\"application\/ld+json\" class=\"yoast-schema-graph\">{\"@context\":\"https:\/\/schema.org\",\"@graph\":[{\"@type\":\"WebPage\",\"@id\":\"https:\/\/hrdays.net\/en\/govornici-2013\/\",\"url\":\"https:\/\/hrdays.net\/en\/govornici-2013\/\",\"name\":\"Govornici 2013 - HR Days\",\"isPartOf\":{\"@id\":\"https:\/\/hrdays.net\/#website\"},\"datePublished\":\"2021-07-29T12:52:38+00:00\",\"dateModified\":\"2024-09-17T10:59:04+00:00\",\"breadcrumb\":{\"@id\":\"https:\/\/hrdays.net\/en\/govornici-2013\/#breadcrumb\"},\"inLanguage\":\"en-GB\",\"potentialAction\":[{\"@type\":\"ReadAction\",\"target\":[\"https:\/\/hrdays.net\/en\/govornici-2013\/\"]}]},{\"@type\":\"BreadcrumbList\",\"@id\":\"https:\/\/hrdays.net\/en\/govornici-2013\/#breadcrumb\",\"itemListElement\":[{\"@type\":\"ListItem\",\"position\":1,\"name\":\"Home\",\"item\":\"https:\/\/hrdays.net\/\"},{\"@type\":\"ListItem\",\"position\":2,\"name\":\"Govornici 2013\"}]},{\"@type\":\"WebSite\",\"@id\":\"https:\/\/hrdays.net\/#website\",\"url\":\"https:\/\/hrdays.net\/\",\"name\":\"HR Days\",\"description\":\"HRDays - konferencija o upravljanju ljudskim resursima\",\"potentialAction\":[{\"@type\":\"SearchAction\",\"target\":{\"@type\":\"EntryPoint\",\"urlTemplate\":\"https:\/\/hrdays.net\/?s={search_term_string}\"},\"query-input\":{\"@type\":\"PropertyValueSpecification\",\"valueRequired\":true,\"valueName\":\"search_term_string\"}}],\"inLanguage\":\"en-GB\"}]}<\/script>\n<!-- \/ Yoast SEO plugin. -->","yoast_head_json":{"title":"Govornici 2013 - HR Days","robots":{"index":"index","follow":"follow","max-snippet":"max-snippet:-1","max-image-preview":"max-image-preview:large","max-video-preview":"max-video-preview:-1"},"canonical":"https:\/\/hrdays.net\/en\/govornici-2013\/","og_locale":"en_GB","og_type":"article","og_title":"HR Days Predava\u010di","og_url":"https:\/\/hrdays.net\/en\/govornici-2013\/","og_site_name":"HR Days","article_modified_time":"2024-09-17T10:59:04+00:00","og_image":[{"width":1920,"height":1280,"url":"https:\/\/hrdays.net\/wp-content\/uploads\/2021\/04\/4W5A8236.jpg","type":"image\/jpeg"}],"twitter_card":"summary_large_image","twitter_title":"HR Days Predava\u010di","twitter_image":"https:\/\/hrdays.net\/wp-content\/uploads\/2021\/04\/4W5A8236.jpg","twitter_misc":{"Estimated reading time":"1 minute"},"schema":{"@context":"https:\/\/schema.org","@graph":[{"@type":"WebPage","@id":"https:\/\/hrdays.net\/en\/govornici-2013\/","url":"https:\/\/hrdays.net\/en\/govornici-2013\/","name":"Govornici 2013 - HR Days","isPartOf":{"@id":"https:\/\/hrdays.net\/#website"},"datePublished":"2021-07-29T12:52:38+00:00","dateModified":"2024-09-17T10:59:04+00:00","breadcrumb":{"@id":"https:\/\/hrdays.net\/en\/govornici-2013\/#breadcrumb"},"inLanguage":"en-GB","potentialAction":[{"@type":"ReadAction","target":["https:\/\/hrdays.net\/en\/govornici-2013\/"]}]},{"@type":"BreadcrumbList","@id":"https:\/\/hrdays.net\/en\/govornici-2013\/#breadcrumb","itemListElement":[{"@type":"ListItem","position":1,"name":"Home","item":"https:\/\/hrdays.net\/"},{"@type":"ListItem","position":2,"name":"Govornici 2013"}]},{"@type":"WebSite","@id":"https:\/\/hrdays.net\/#website","url":"https:\/\/hrdays.net\/","name":"HR Days","description":"HRDays - konferencija o upravljanju ljudskim resursima","potentialAction":[{"@type":"SearchAction","target":{"@type":"EntryPoint","urlTemplate":"https:\/\/hrdays.net\/?s={search_term_string}"},"query-input":{"@type":"PropertyValueSpecification","valueRequired":true,"valueName":"search_term_string"}}],"inLanguage":"en-GB"}]}},"_links":{"self":[{"href":"https:\/\/hrdays.net\/en\/wp-json\/wp\/v2\/pages\/4163","targetHints":{"allow":["GET"]}}],"collection":[{"href":"https:\/\/hrdays.net\/en\/wp-json\/wp\/v2\/pages"}],"about":[{"href":"https:\/\/hrdays.net\/en\/wp-json\/wp\/v2\/types\/page"}],"author":[{"embeddable":true,"href":"https:\/\/hrdays.net\/en\/wp-json\/wp\/v2\/users\/2"}],"replies":[{"embeddable":true,"href":"https:\/\/hrdays.net\/en\/wp-json\/wp\/v2\/comments?post=4163"}],"version-history":[{"count":20,"href":"https:\/\/hrdays.net\/en\/wp-json\/wp\/v2\/pages\/4163\/revisions"}],"predecessor-version":[{"id":9035,"href":"https:\/\/hrdays.net\/en\/wp-json\/wp\/v2\/pages\/4163\/revisions\/9035"}],"wp:attachment":[{"href":"https:\/\/hrdays.net\/en\/wp-json\/wp\/v2\/media?parent=4163"}],"wp:term":[{"taxonomy":"category","embeddable":true,"href":"https:\/\/hrdays.net\/en\/wp-json\/wp\/v2\/categories?post=4163"},{"taxonomy":"post_tag","embeddable":true,"href":"https:\/\/hrdays.net\/en\/wp-json\/wp\/v2\/tags?post=4163"}],"curies":[{"name":"wp","href":"https:\/\/api.w.org\/{rel}","templated":true}]}}