{"id":4003,"date":"2021-07-28T16:08:12","date_gmt":"2021-07-28T14:08:12","guid":{"rendered":"https:\/\/hrdays.net\/?page_id=4003"},"modified":"2024-09-17T12:58:40","modified_gmt":"2024-09-17T10:58:40","slug":"govornici-2015","status":"publish","type":"page","link":"https:\/\/hrdays.net\/en\/govornici-2015\/","title":{"rendered":"Govornici 2015"},"content":{"rendered":"<div class=\"wpb-content-wrapper\"><div class=\"vc_row wpb_row vc_row-fluid gt-background-position-initial gt-background-attachment-initial gt-overflow-hidden gt-text-default\"><div class=\"wpb_column vc_column_container vc_col-sm-12\"><div class=\"vc_column-inner\"><div class=\"wpb_wrapper\"><div class=\"gt-speakers-listing gt-style-1\"><div class=\"gt-columns gt-column-4 gt-column-space-0\"><div class=\"gt-col\"><div class=\"gt-inner\"><div class=\"gt-speaker gt-style-5\"><div class=\"gt-image\"><a href=\"https:\/\/hrdays.net\/en\/speaker\/dr-lynne-montgomery\/\"><img loading=\"lazy\" decoding=\"async\" width=\"615\" height=\"640\" src=\"https:\/\/hrdays.net\/wp-content\/uploads\/2021\/07\/lynne-montgomery-615x640.png\" class=\"attachment-eventchamp-speaker size-eventchamp-speaker\" alt=\"\" 0=\"\" srcset=\"https:\/\/hrdays.net\/wp-content\/uploads\/2021\/07\/lynne-montgomery.png 615w, https:\/\/hrdays.net\/wp-content\/uploads\/2021\/07\/lynne-montgomery-288x300.png 288w, https:\/\/hrdays.net\/wp-content\/uploads\/2021\/07\/lynne-montgomery-12x12.png 12w\" sizes=\"auto, (max-width: 615px) 100vw, 615px\" \/><\/a><\/div><div class=\"gt-content\"><div class=\"gt-name\"><a href=\"https:\/\/hrdays.net\/en\/speaker\/dr-lynne-montgomery\/\">Dr. Lynne Montgomery<\/a><\/div><\/div><\/div><\/div><\/div><div class=\"gt-col\"><div class=\"gt-inner\"><div class=\"gt-speaker gt-style-5\"><div class=\"gt-image\"><a href=\"https:\/\/hrdays.net\/en\/speaker\/ivan-bilac\/\"><img loading=\"lazy\" decoding=\"async\" width=\"615\" height=\"640\" src=\"https:\/\/hrdays.net\/wp-content\/uploads\/2021\/07\/ivan-bilac-615x640.png\" class=\"attachment-eventchamp-speaker size-eventchamp-speaker\" alt=\"\" 0=\"\" srcset=\"https:\/\/hrdays.net\/wp-content\/uploads\/2021\/07\/ivan-bilac.png 615w, https:\/\/hrdays.net\/wp-content\/uploads\/2021\/07\/ivan-bilac-288x300.png 288w, https:\/\/hrdays.net\/wp-content\/uploads\/2021\/07\/ivan-bilac-12x12.png 12w\" sizes=\"auto, (max-width: 615px) 100vw, 615px\" \/><\/a><\/div><div class=\"gt-content\"><div class=\"gt-name\"><a href=\"https:\/\/hrdays.net\/en\/speaker\/ivan-bilac\/\">Ivan Bila\u0107<\/a><\/div><\/div><\/div><\/div><\/div><div class=\"gt-col\"><div class=\"gt-inner\"><div class=\"gt-speaker gt-style-5\"><div class=\"gt-image\"><a href=\"https:\/\/hrdays.net\/en\/speaker\/anja-andersen\/\"><img loading=\"lazy\" decoding=\"async\" width=\"615\" height=\"640\" src=\"https:\/\/hrdays.net\/wp-content\/uploads\/2021\/07\/anja-andersen-615x640.png\" class=\"attachment-eventchamp-speaker size-eventchamp-speaker\" alt=\"\" 0=\"\" srcset=\"https:\/\/hrdays.net\/wp-content\/uploads\/2021\/07\/anja-andersen.png 615w, https:\/\/hrdays.net\/wp-content\/uploads\/2021\/07\/anja-andersen-288x300.png 288w, https:\/\/hrdays.net\/wp-content\/uploads\/2021\/07\/anja-andersen-12x12.png 12w\" sizes=\"auto, (max-width: 615px) 100vw, 615px\" \/><\/a><\/div><div class=\"gt-content\"><div class=\"gt-name\"><a href=\"https:\/\/hrdays.net\/en\/speaker\/anja-andersen\/\">Anja Andersen<\/a><\/div><\/div><\/div><\/div><\/div><div class=\"gt-col\"><div class=\"gt-inner\"><div class=\"gt-speaker gt-style-5\"><div class=\"gt-image\"><a href=\"https:\/\/hrdays.net\/en\/speaker\/bill-boorman\/\"><img loading=\"lazy\" decoding=\"async\" width=\"615\" height=\"640\" src=\"https:\/\/hrdays.net\/wp-content\/uploads\/2021\/07\/bill-boorman-615x640.png\" class=\"attachment-eventchamp-speaker size-eventchamp-speaker\" alt=\"\" 0=\"\" srcset=\"https:\/\/hrdays.net\/wp-content\/uploads\/2021\/07\/bill-boorman.png 615w, https:\/\/hrdays.net\/wp-content\/uploads\/2021\/07\/bill-boorman-288x300.png 288w, https:\/\/hrdays.net\/wp-content\/uploads\/2021\/07\/bill-boorman-12x12.png 12w\" sizes=\"auto, (max-width: 615px) 100vw, 615px\" \/><\/a><\/div><div class=\"gt-content\"><div class=\"gt-name\"><a href=\"https:\/\/hrdays.net\/en\/speaker\/bill-boorman\/\">Bill Boorman<\/a><\/div><\/div><\/div><\/div><\/div><div class=\"gt-col\"><div class=\"gt-inner\"><div class=\"gt-speaker gt-style-5\"><div class=\"gt-image\"><a href=\"https:\/\/hrdays.net\/en\/speaker\/meredith-taghi\/\"><img loading=\"lazy\" decoding=\"async\" width=\"615\" height=\"640\" src=\"https:\/\/hrdays.net\/wp-content\/uploads\/2021\/07\/meredith-taghi-615x640.png\" class=\"attachment-eventchamp-speaker size-eventchamp-speaker\" alt=\"\" 0=\"\" srcset=\"https:\/\/hrdays.net\/wp-content\/uploads\/2021\/07\/meredith-taghi.png 615w, https:\/\/hrdays.net\/wp-content\/uploads\/2021\/07\/meredith-taghi-288x300.png 288w, https:\/\/hrdays.net\/wp-content\/uploads\/2021\/07\/meredith-taghi-12x12.png 12w\" sizes=\"auto, (max-width: 615px) 100vw, 615px\" \/><\/a><\/div><div class=\"gt-content\"><div class=\"gt-name\"><a href=\"https:\/\/hrdays.net\/en\/speaker\/meredith-taghi\/\">Meredith Taghi<\/a><\/div><\/div><\/div><\/div><\/div><div class=\"gt-col\"><div class=\"gt-inner\"><div class=\"gt-speaker gt-style-5\"><div class=\"gt-image\"><a href=\"https:\/\/hrdays.net\/en\/speaker\/damir-ciglar\/\"><img loading=\"lazy\" decoding=\"async\" width=\"615\" height=\"640\" src=\"https:\/\/hrdays.net\/wp-content\/uploads\/2021\/07\/damir-ciglar-615x640.png\" class=\"attachment-eventchamp-speaker size-eventchamp-speaker\" alt=\"\" 0=\"\" srcset=\"https:\/\/hrdays.net\/wp-content\/uploads\/2021\/07\/damir-ciglar.png 615w, https:\/\/hrdays.net\/wp-content\/uploads\/2021\/07\/damir-ciglar-288x300.png 288w, https:\/\/hrdays.net\/wp-content\/uploads\/2021\/07\/damir-ciglar-12x12.png 12w\" sizes=\"auto, (max-width: 615px) 100vw, 615px\" \/><\/a><\/div><div class=\"gt-content\"><div class=\"gt-name\"><a href=\"https:\/\/hrdays.net\/en\/speaker\/damir-ciglar\/\">Damir Ciglar<\/a><\/div><\/div><\/div><\/div><\/div><div class=\"gt-col\"><div class=\"gt-inner\"><div class=\"gt-speaker gt-style-5\"><div class=\"gt-image\"><a href=\"https:\/\/hrdays.net\/en\/speaker\/senka-kovacic\/\"><img loading=\"lazy\" decoding=\"async\" width=\"615\" height=\"640\" src=\"https:\/\/hrdays.net\/wp-content\/uploads\/2021\/07\/senka-kovacic-615x640.png\" class=\"attachment-eventchamp-speaker size-eventchamp-speaker\" alt=\"\" 0=\"\" srcset=\"https:\/\/hrdays.net\/wp-content\/uploads\/2021\/07\/senka-kovacic.png 615w, https:\/\/hrdays.net\/wp-content\/uploads\/2021\/07\/senka-kovacic-288x300.png 288w, https:\/\/hrdays.net\/wp-content\/uploads\/2021\/07\/senka-kovacic-12x12.png 12w\" sizes=\"auto, (max-width: 615px) 100vw, 615px\" \/><\/a><\/div><div class=\"gt-content\"><div class=\"gt-name\"><a href=\"https:\/\/hrdays.net\/en\/speaker\/senka-kovacic\/\">Senka Kova\u010di\u0107<\/a><\/div><\/div><\/div><\/div><\/div><div class=\"gt-col\"><div class=\"gt-inner\"><div class=\"gt-speaker gt-style-5\"><div class=\"gt-image\"><a href=\"https:\/\/hrdays.net\/en\/speaker\/daniel-rafaelic\/\"><img loading=\"lazy\" decoding=\"async\" width=\"615\" height=\"640\" src=\"https:\/\/hrdays.net\/wp-content\/uploads\/2021\/07\/daniel-rafaelic-615x640.png\" class=\"attachment-eventchamp-speaker size-eventchamp-speaker\" alt=\"\" 0=\"\" srcset=\"https:\/\/hrdays.net\/wp-content\/uploads\/2021\/07\/daniel-rafaelic.png 615w, https:\/\/hrdays.net\/wp-content\/uploads\/2021\/07\/daniel-rafaelic-288x300.png 288w, https:\/\/hrdays.net\/wp-content\/uploads\/2021\/07\/daniel-rafaelic-12x12.png 12w\" sizes=\"auto, (max-width: 615px) 100vw, 615px\" \/><\/a><\/div><div class=\"gt-content\"><div class=\"gt-name\"><a href=\"https:\/\/hrdays.net\/en\/speaker\/daniel-rafaelic\/\">Daniel Rafaeli\u0107<\/a><\/div><\/div><\/div><\/div><\/div><div class=\"gt-col\"><div class=\"gt-inner\"><div class=\"gt-speaker gt-style-5\"><div class=\"gt-image\"><a href=\"https:\/\/hrdays.net\/en\/speaker\/tanja-prekodravac-2\/\"><img loading=\"lazy\" decoding=\"async\" width=\"615\" height=\"640\" src=\"https:\/\/hrdays.net\/wp-content\/uploads\/2021\/07\/tanja-prekodravac-615x640.png\" class=\"attachment-eventchamp-speaker size-eventchamp-speaker\" alt=\"\" 0=\"\" srcset=\"https:\/\/hrdays.net\/wp-content\/uploads\/2021\/07\/tanja-prekodravac.png 615w, https:\/\/hrdays.net\/wp-content\/uploads\/2021\/07\/tanja-prekodravac-288x300.png 288w, https:\/\/hrdays.net\/wp-content\/uploads\/2021\/07\/tanja-prekodravac-12x12.png 12w\" sizes=\"auto, (max-width: 615px) 100vw, 615px\" \/><\/a><\/div><div class=\"gt-content\"><div class=\"gt-name\"><a href=\"https:\/\/hrdays.net\/en\/speaker\/tanja-prekodravac-2\/\">Tanja Prekodravac<\/a><\/div><\/div><\/div><\/div><\/div><div class=\"gt-col\"><div class=\"gt-inner\"><div class=\"gt-speaker gt-style-5\"><div class=\"gt-image\"><a href=\"https:\/\/hrdays.net\/en\/speaker\/martina-basic\/\"><img loading=\"lazy\" decoding=\"async\" width=\"615\" height=\"640\" src=\"https:\/\/hrdays.net\/wp-content\/uploads\/2021\/07\/martina-basic-615x640.png\" class=\"attachment-eventchamp-speaker size-eventchamp-speaker\" alt=\"\" 0=\"\" srcset=\"https:\/\/hrdays.net\/wp-content\/uploads\/2021\/07\/martina-basic.png 615w, https:\/\/hrdays.net\/wp-content\/uploads\/2021\/07\/martina-basic-288x300.png 288w, https:\/\/hrdays.net\/wp-content\/uploads\/2021\/07\/martina-basic-12x12.png 12w\" sizes=\"auto, (max-width: 615px) 100vw, 615px\" \/><\/a><\/div><div class=\"gt-content\"><div class=\"gt-name\"><a href=\"https:\/\/hrdays.net\/en\/speaker\/martina-basic\/\">Martina Ba\u0161i\u0107<\/a><\/div><\/div><\/div><\/div><\/div><div class=\"gt-col\"><div class=\"gt-inner\"><div class=\"gt-speaker gt-style-5\"><div class=\"gt-image\"><a href=\"https:\/\/hrdays.net\/en\/speaker\/maja-crnjak\/\"><img loading=\"lazy\" decoding=\"async\" width=\"615\" height=\"640\" src=\"https:\/\/hrdays.net\/wp-content\/uploads\/2021\/07\/maja-crnjak-615x640.png\" class=\"attachment-eventchamp-speaker size-eventchamp-speaker\" alt=\"\" 0=\"\" srcset=\"https:\/\/hrdays.net\/wp-content\/uploads\/2021\/07\/maja-crnjak.png 615w, https:\/\/hrdays.net\/wp-content\/uploads\/2021\/07\/maja-crnjak-288x300.png 288w, https:\/\/hrdays.net\/wp-content\/uploads\/2021\/07\/maja-crnjak-12x12.png 12w\" sizes=\"auto, (max-width: 615px) 100vw, 615px\" \/><\/a><\/div><div class=\"gt-content\"><div class=\"gt-name\"><a href=\"https:\/\/hrdays.net\/en\/speaker\/maja-crnjak\/\">Maja Crnjak<\/a><\/div><\/div><\/div><\/div><\/div><div class=\"gt-col\"><div class=\"gt-inner\"><div class=\"gt-speaker gt-style-5\"><div class=\"gt-image\"><a href=\"https:\/\/hrdays.net\/en\/speaker\/manuela-sola\/\"><img loading=\"lazy\" decoding=\"async\" width=\"615\" height=\"640\" src=\"https:\/\/hrdays.net\/wp-content\/uploads\/2021\/07\/manuela-sola-615x640.png\" class=\"attachment-eventchamp-speaker size-eventchamp-speaker\" alt=\"\" 0=\"\" srcset=\"https:\/\/hrdays.net\/wp-content\/uploads\/2021\/07\/manuela-sola.png 615w, https:\/\/hrdays.net\/wp-content\/uploads\/2021\/07\/manuela-sola-288x300.png 288w, https:\/\/hrdays.net\/wp-content\/uploads\/2021\/07\/manuela-sola-12x12.png 12w\" sizes=\"auto, (max-width: 615px) 100vw, 615px\" \/><\/a><\/div><div class=\"gt-content\"><div class=\"gt-name\"><a href=\"https:\/\/hrdays.net\/en\/speaker\/manuela-sola\/\">Manuela \u0160ola<\/a><\/div><\/div><\/div><\/div><\/div><div class=\"gt-col\"><div class=\"gt-inner\"><div class=\"gt-speaker gt-style-5\"><div class=\"gt-image\"><a href=\"https:\/\/hrdays.net\/en\/speaker\/jasmina-lukacevic\/\"><img loading=\"lazy\" decoding=\"async\" width=\"615\" height=\"640\" src=\"https:\/\/hrdays.net\/wp-content\/uploads\/2021\/07\/jasmina-lukacevic-615x640.png\" class=\"attachment-eventchamp-speaker size-eventchamp-speaker\" alt=\"\" 0=\"\" srcset=\"https:\/\/hrdays.net\/wp-content\/uploads\/2021\/07\/jasmina-lukacevic.png 615w, https:\/\/hrdays.net\/wp-content\/uploads\/2021\/07\/jasmina-lukacevic-288x300.png 288w, https:\/\/hrdays.net\/wp-content\/uploads\/2021\/07\/jasmina-lukacevic-12x12.png 12w\" sizes=\"auto, (max-width: 615px) 100vw, 615px\" \/><\/a><\/div><div class=\"gt-content\"><div class=\"gt-name\"><a href=\"https:\/\/hrdays.net\/en\/speaker\/jasmina-lukacevic\/\">Jasmina Luka\u010devi\u0107<\/a><\/div><\/div><\/div><\/div><\/div><div class=\"gt-col\"><div class=\"gt-inner\"><div class=\"gt-speaker gt-style-5\"><div class=\"gt-image\"><a href=\"https:\/\/hrdays.net\/en\/speaker\/elisabeth-burgis\/\"><img loading=\"lazy\" decoding=\"async\" width=\"615\" height=\"640\" src=\"https:\/\/hrdays.net\/wp-content\/uploads\/2021\/07\/elisabeth-burgis-615x640.png\" class=\"attachment-eventchamp-speaker size-eventchamp-speaker\" alt=\"\" 0=\"\" srcset=\"https:\/\/hrdays.net\/wp-content\/uploads\/2021\/07\/elisabeth-burgis.png 615w, https:\/\/hrdays.net\/wp-content\/uploads\/2021\/07\/elisabeth-burgis-288x300.png 288w, https:\/\/hrdays.net\/wp-content\/uploads\/2021\/07\/elisabeth-burgis-12x12.png 12w\" sizes=\"auto, (max-width: 615px) 100vw, 615px\" \/><\/a><\/div><div class=\"gt-content\"><div class=\"gt-name\"><a href=\"https:\/\/hrdays.net\/en\/speaker\/elisabeth-burgis\/\">Elisabeth Burgis<\/a><\/div><\/div><\/div><\/div><\/div><div class=\"gt-col\"><div class=\"gt-inner\"><div class=\"gt-speaker gt-style-5\"><div class=\"gt-image\"><a href=\"https:\/\/hrdays.net\/en\/speaker\/keith-robinson\/\"><img loading=\"lazy\" decoding=\"async\" width=\"615\" height=\"640\" src=\"https:\/\/hrdays.net\/wp-content\/uploads\/2021\/07\/keith-robinson-615x640.png\" class=\"attachment-eventchamp-speaker size-eventchamp-speaker\" alt=\"\" 0=\"\" srcset=\"https:\/\/hrdays.net\/wp-content\/uploads\/2021\/07\/keith-robinson.png 615w, https:\/\/hrdays.net\/wp-content\/uploads\/2021\/07\/keith-robinson-288x300.png 288w, https:\/\/hrdays.net\/wp-content\/uploads\/2021\/07\/keith-robinson-12x12.png 12w\" sizes=\"auto, (max-width: 615px) 100vw, 615px\" \/><\/a><\/div><div class=\"gt-content\"><div class=\"gt-name\"><a href=\"https:\/\/hrdays.net\/en\/speaker\/keith-robinson\/\">Keith Robinson<\/a><\/div><\/div><\/div><\/div><\/div><div class=\"gt-col\"><div class=\"gt-inner\"><div class=\"gt-speaker gt-style-5\"><div class=\"gt-image\"><a href=\"https:\/\/hrdays.net\/en\/speaker\/jasna-rilovic\/\"><img loading=\"lazy\" decoding=\"async\" width=\"615\" height=\"640\" src=\"https:\/\/hrdays.net\/wp-content\/uploads\/2021\/07\/jasna-rilovic-615x640.png\" class=\"attachment-eventchamp-speaker size-eventchamp-speaker\" alt=\"\" 0=\"\" srcset=\"https:\/\/hrdays.net\/wp-content\/uploads\/2021\/07\/jasna-rilovic.png 615w, https:\/\/hrdays.net\/wp-content\/uploads\/2021\/07\/jasna-rilovic-288x300.png 288w, https:\/\/hrdays.net\/wp-content\/uploads\/2021\/07\/jasna-rilovic-12x12.png 12w\" sizes=\"auto, (max-width: 615px) 100vw, 615px\" \/><\/a><\/div><div class=\"gt-content\"><div class=\"gt-name\"><a href=\"https:\/\/hrdays.net\/en\/speaker\/jasna-rilovic\/\">Jasna Rilovi\u0107<\/a><\/div><\/div><\/div><\/div><\/div><div class=\"gt-col\"><div class=\"gt-inner\"><div class=\"gt-speaker gt-style-5\"><div class=\"gt-image\"><a href=\"https:\/\/hrdays.net\/en\/speaker\/jurica-sarcevic\/\"><img loading=\"lazy\" decoding=\"async\" width=\"615\" height=\"640\" src=\"https:\/\/hrdays.net\/wp-content\/uploads\/2021\/07\/jurica-sarcevic-615x640.png\" class=\"attachment-eventchamp-speaker size-eventchamp-speaker\" alt=\"\" 0=\"\" srcset=\"https:\/\/hrdays.net\/wp-content\/uploads\/2021\/07\/jurica-sarcevic.png 615w, https:\/\/hrdays.net\/wp-content\/uploads\/2021\/07\/jurica-sarcevic-288x300.png 288w, https:\/\/hrdays.net\/wp-content\/uploads\/2021\/07\/jurica-sarcevic-12x12.png 12w\" sizes=\"auto, (max-width: 615px) 100vw, 615px\" \/><\/a><\/div><div class=\"gt-content\"><div class=\"gt-name\"><a href=\"https:\/\/hrdays.net\/en\/speaker\/jurica-sarcevic\/\">Jurica \u0160ar\u010devi\u0107<\/a><\/div><\/div><\/div><\/div><\/div><div class=\"gt-col\"><div class=\"gt-inner\"><div class=\"gt-speaker gt-style-5\"><div class=\"gt-image\"><a href=\"https:\/\/hrdays.net\/en\/speaker\/tomislav-grubisic\/\"><img loading=\"lazy\" decoding=\"async\" width=\"615\" height=\"640\" src=\"https:\/\/hrdays.net\/wp-content\/uploads\/2021\/07\/tomislav-grubisic-615x640.png\" class=\"attachment-eventchamp-speaker size-eventchamp-speaker\" alt=\"\" 0=\"\" srcset=\"https:\/\/hrdays.net\/wp-content\/uploads\/2021\/07\/tomislav-grubisic.png 615w, https:\/\/hrdays.net\/wp-content\/uploads\/2021\/07\/tomislav-grubisic-288x300.png 288w, https:\/\/hrdays.net\/wp-content\/uploads\/2021\/07\/tomislav-grubisic-12x12.png 12w\" sizes=\"auto, (max-width: 615px) 100vw, 615px\" \/><\/a><\/div><div class=\"gt-content\"><div class=\"gt-name\"><a href=\"https:\/\/hrdays.net\/en\/speaker\/tomislav-grubisic\/\">Tomislav Grubi\u0161i\u0107<\/a><\/div><\/div><\/div><\/div><\/div><div class=\"gt-col\"><div class=\"gt-inner\"><div class=\"gt-speaker gt-style-5\"><div class=\"gt-image\"><a href=\"https:\/\/hrdays.net\/en\/speaker\/ana-curo\/\"><img loading=\"lazy\" decoding=\"async\" width=\"615\" height=\"640\" src=\"https:\/\/hrdays.net\/wp-content\/uploads\/2021\/07\/ana-curo-615x640.png\" class=\"attachment-eventchamp-speaker size-eventchamp-speaker\" alt=\"\" 0=\"\" srcset=\"https:\/\/hrdays.net\/wp-content\/uploads\/2021\/07\/ana-curo.png 615w, https:\/\/hrdays.net\/wp-content\/uploads\/2021\/07\/ana-curo-288x300.png 288w, https:\/\/hrdays.net\/wp-content\/uploads\/2021\/07\/ana-curo-12x12.png 12w\" sizes=\"auto, (max-width: 615px) 100vw, 615px\" \/><\/a><\/div><div class=\"gt-content\"><div class=\"gt-name\"><a href=\"https:\/\/hrdays.net\/en\/speaker\/ana-curo\/\">Ana \u0106uro<\/a><\/div><\/div><\/div><\/div><\/div><\/div><\/div><\/div><\/div><\/div><\/div>\n<\/div>","protected":false},"excerpt":{"rendered":"Ana \u0106uro, po struci diplomirani ekonomist (smjer marketing), tijekom obrazovanja i volontiranja u me\u0111unarodnoj studentskoj udruzi otkriva interes prema prou\u010davanju timske dinamike i osobnog razvoja.Od 2012. godine dio je Degordian tima gdje po\u010dinje raditi na razvoju odjela ljudskih resursa unutar...","protected":false},"author":2,"featured_media":0,"parent":0,"menu_order":0,"comment_status":"closed","ping_status":"closed","template":"","meta":{"_monsterinsights_skip_tracking":false,"_monsterinsights_sitenote_active":false,"_monsterinsights_sitenote_note":"","_monsterinsights_sitenote_category":0,"footnotes":""},"categories":[155],"tags":[],"class_list":["post-4003","page","type-page","status-publish","hentry","category-predavaci"],"yoast_head":"<!-- This site is optimized with the Yoast SEO plugin v25.3 - https:\/\/yoast.com\/wordpress\/plugins\/seo\/ -->\n<title>Govornici 2015 - HR Days<\/title>\n<meta name=\"robots\" content=\"index, follow, max-snippet:-1, max-image-preview:large, max-video-preview:-1\" \/>\n<link rel=\"canonical\" href=\"https:\/\/hrdays.net\/en\/govornici-2015\/\" \/>\n<meta property=\"og:locale\" content=\"en_GB\" \/>\n<meta property=\"og:type\" content=\"article\" \/>\n<meta property=\"og:title\" content=\"HR Days Predava\u010di\" \/>\n<meta property=\"og:url\" content=\"https:\/\/hrdays.net\/en\/govornici-2015\/\" \/>\n<meta property=\"og:site_name\" content=\"HR Days\" \/>\n<meta property=\"article:modified_time\" content=\"2024-09-17T10:58:40+00:00\" \/>\n<meta property=\"og:image\" content=\"https:\/\/hrdays.net\/wp-content\/uploads\/2021\/04\/4W5A8236.jpg\" \/>\n\t<meta property=\"og:image:width\" content=\"1920\" \/>\n\t<meta property=\"og:image:height\" content=\"1280\" \/>\n\t<meta property=\"og:image:type\" content=\"image\/jpeg\" \/>\n<meta name=\"twitter:card\" content=\"summary_large_image\" \/>\n<meta name=\"twitter:title\" content=\"HR Days Predava\u010di\" \/>\n<meta name=\"twitter:image\" content=\"https:\/\/hrdays.net\/wp-content\/uploads\/2021\/04\/4W5A8236.jpg\" \/>\n<meta name=\"twitter:label1\" content=\"Estimated reading time\" \/>\n\t<meta name=\"twitter:data1\" content=\"1 minute\" \/>\n<script type=\"application\/ld+json\" class=\"yoast-schema-graph\">{\"@context\":\"https:\/\/schema.org\",\"@graph\":[{\"@type\":\"WebPage\",\"@id\":\"https:\/\/hrdays.net\/govornici-2015\/\",\"url\":\"https:\/\/hrdays.net\/govornici-2015\/\",\"name\":\"Govornici 2015 - HR Days\",\"isPartOf\":{\"@id\":\"https:\/\/hrdays.net\/#website\"},\"datePublished\":\"2021-07-28T14:08:12+00:00\",\"dateModified\":\"2024-09-17T10:58:40+00:00\",\"breadcrumb\":{\"@id\":\"https:\/\/hrdays.net\/govornici-2015\/#breadcrumb\"},\"inLanguage\":\"en-GB\",\"potentialAction\":[{\"@type\":\"ReadAction\",\"target\":[\"https:\/\/hrdays.net\/govornici-2015\/\"]}]},{\"@type\":\"BreadcrumbList\",\"@id\":\"https:\/\/hrdays.net\/govornici-2015\/#breadcrumb\",\"itemListElement\":[{\"@type\":\"ListItem\",\"position\":1,\"name\":\"Home\",\"item\":\"https:\/\/hrdays.net\/\"},{\"@type\":\"ListItem\",\"position\":2,\"name\":\"Govornici 2015\"}]},{\"@type\":\"WebSite\",\"@id\":\"https:\/\/hrdays.net\/#website\",\"url\":\"https:\/\/hrdays.net\/\",\"name\":\"HR Days\",\"description\":\"HRDays - konferencija o upravljanju ljudskim resursima\",\"potentialAction\":[{\"@type\":\"SearchAction\",\"target\":{\"@type\":\"EntryPoint\",\"urlTemplate\":\"https:\/\/hrdays.net\/?s={search_term_string}\"},\"query-input\":{\"@type\":\"PropertyValueSpecification\",\"valueRequired\":true,\"valueName\":\"search_term_string\"}}],\"inLanguage\":\"en-GB\"}]}<\/script>\n<!-- \/ Yoast SEO plugin. -->","yoast_head_json":{"title":"Govornici 2015 - HR Days","robots":{"index":"index","follow":"follow","max-snippet":"max-snippet:-1","max-image-preview":"max-image-preview:large","max-video-preview":"max-video-preview:-1"},"canonical":"https:\/\/hrdays.net\/en\/govornici-2015\/","og_locale":"en_GB","og_type":"article","og_title":"HR Days Predava\u010di","og_url":"https:\/\/hrdays.net\/en\/govornici-2015\/","og_site_name":"HR Days","article_modified_time":"2024-09-17T10:58:40+00:00","og_image":[{"width":1920,"height":1280,"url":"https:\/\/hrdays.net\/wp-content\/uploads\/2021\/04\/4W5A8236.jpg","type":"image\/jpeg"}],"twitter_card":"summary_large_image","twitter_title":"HR Days Predava\u010di","twitter_image":"https:\/\/hrdays.net\/wp-content\/uploads\/2021\/04\/4W5A8236.jpg","twitter_misc":{"Estimated reading time":"1 minute"},"schema":{"@context":"https:\/\/schema.org","@graph":[{"@type":"WebPage","@id":"https:\/\/hrdays.net\/govornici-2015\/","url":"https:\/\/hrdays.net\/govornici-2015\/","name":"Govornici 2015 - HR Days","isPartOf":{"@id":"https:\/\/hrdays.net\/#website"},"datePublished":"2021-07-28T14:08:12+00:00","dateModified":"2024-09-17T10:58:40+00:00","breadcrumb":{"@id":"https:\/\/hrdays.net\/govornici-2015\/#breadcrumb"},"inLanguage":"en-GB","potentialAction":[{"@type":"ReadAction","target":["https:\/\/hrdays.net\/govornici-2015\/"]}]},{"@type":"BreadcrumbList","@id":"https:\/\/hrdays.net\/govornici-2015\/#breadcrumb","itemListElement":[{"@type":"ListItem","position":1,"name":"Home","item":"https:\/\/hrdays.net\/"},{"@type":"ListItem","position":2,"name":"Govornici 2015"}]},{"@type":"WebSite","@id":"https:\/\/hrdays.net\/#website","url":"https:\/\/hrdays.net\/","name":"HR Days","description":"HRDays - konferencija o upravljanju ljudskim resursima","potentialAction":[{"@type":"SearchAction","target":{"@type":"EntryPoint","urlTemplate":"https:\/\/hrdays.net\/?s={search_term_string}"},"query-input":{"@type":"PropertyValueSpecification","valueRequired":true,"valueName":"search_term_string"}}],"inLanguage":"en-GB"}]}},"_links":{"self":[{"href":"https:\/\/hrdays.net\/en\/wp-json\/wp\/v2\/pages\/4003","targetHints":{"allow":["GET"]}}],"collection":[{"href":"https:\/\/hrdays.net\/en\/wp-json\/wp\/v2\/pages"}],"about":[{"href":"https:\/\/hrdays.net\/en\/wp-json\/wp\/v2\/types\/page"}],"author":[{"embeddable":true,"href":"https:\/\/hrdays.net\/en\/wp-json\/wp\/v2\/users\/2"}],"replies":[{"embeddable":true,"href":"https:\/\/hrdays.net\/en\/wp-json\/wp\/v2\/comments?post=4003"}],"version-history":[{"count":21,"href":"https:\/\/hrdays.net\/en\/wp-json\/wp\/v2\/pages\/4003\/revisions"}],"predecessor-version":[{"id":9033,"href":"https:\/\/hrdays.net\/en\/wp-json\/wp\/v2\/pages\/4003\/revisions\/9033"}],"wp:attachment":[{"href":"https:\/\/hrdays.net\/en\/wp-json\/wp\/v2\/media?parent=4003"}],"wp:term":[{"taxonomy":"category","embeddable":true,"href":"https:\/\/hrdays.net\/en\/wp-json\/wp\/v2\/categories?post=4003"},{"taxonomy":"post_tag","embeddable":true,"href":"https:\/\/hrdays.net\/en\/wp-json\/wp\/v2\/tags?post=4003"}],"curies":[{"name":"wp","href":"https:\/\/api.w.org\/{rel}","templated":true}]}}