{"id":3708,"date":"2021-06-24T15:34:10","date_gmt":"2021-06-24T13:34:10","guid":{"rendered":"https:\/\/hrdays.net\/?page_id=3708"},"modified":"2024-09-17T12:50:40","modified_gmt":"2024-09-17T10:50:40","slug":"govornici-2020","status":"publish","type":"page","link":"https:\/\/hrdays.net\/en\/govornici-2020\/","title":{"rendered":"Govornici 2020"},"content":{"rendered":"<div class=\"wpb-content-wrapper\"><div class=\"vc_row wpb_row vc_row-fluid gt-background-position-initial gt-background-attachment-initial gt-overflow-hidden gt-text-default\"><div class=\"wpb_column vc_column_container vc_col-sm-12\"><div class=\"vc_column-inner\"><div class=\"wpb_wrapper\"><div class=\"gt-speakers-listing gt-style-1\"><div class=\"gt-columns gt-column-4 gt-column-space-0\"><div class=\"gt-col\"><div class=\"gt-inner\"><div class=\"gt-speaker gt-style-5\"><div class=\"gt-image\"><a href=\"https:\/\/hrdays.net\/en\/speaker\/dave-ulrich\/\"><img loading=\"lazy\" decoding=\"async\" width=\"615\" height=\"640\" src=\"https:\/\/hrdays.net\/wp-content\/uploads\/2021\/06\/dave-ulrich-615x640.jpg\" class=\"attachment-eventchamp-speaker size-eventchamp-speaker\" alt=\"\" 0=\"\" srcset=\"https:\/\/hrdays.net\/wp-content\/uploads\/2021\/06\/dave-ulrich.jpg 615w, https:\/\/hrdays.net\/wp-content\/uploads\/2021\/06\/dave-ulrich-288x300.jpg 288w, https:\/\/hrdays.net\/wp-content\/uploads\/2021\/06\/dave-ulrich-12x12.jpg 12w\" sizes=\"auto, (max-width: 615px) 100vw, 615px\" \/><\/a><\/div><div class=\"gt-content\"><div class=\"gt-name\"><a href=\"https:\/\/hrdays.net\/en\/speaker\/dave-ulrich\/\">Dave Ulrich<\/a><\/div><div class=\"gt-text\">Value Creation Through HR: Why is this the great time to be in HR<\/div><\/div><\/div><\/div><\/div><div class=\"gt-col\"><div class=\"gt-inner\"><div class=\"gt-speaker gt-style-5\"><div class=\"gt-image\"><a href=\"https:\/\/hrdays.net\/en\/speaker\/ranko-rajovic\/\"><img loading=\"lazy\" decoding=\"async\" width=\"615\" height=\"640\" src=\"https:\/\/hrdays.net\/wp-content\/uploads\/2021\/06\/ranko-rajovic-615x640.jpg\" class=\"attachment-eventchamp-speaker size-eventchamp-speaker\" alt=\"\" 0=\"\" srcset=\"https:\/\/hrdays.net\/wp-content\/uploads\/2021\/06\/ranko-rajovic.jpg 615w, https:\/\/hrdays.net\/wp-content\/uploads\/2021\/06\/ranko-rajovic-288x300.jpg 288w, https:\/\/hrdays.net\/wp-content\/uploads\/2021\/06\/ranko-rajovic-12x12.jpg 12w\" sizes=\"auto, (max-width: 615px) 100vw, 615px\" \/><\/a><\/div><div class=\"gt-content\"><div class=\"gt-name\"><a href=\"https:\/\/hrdays.net\/en\/speaker\/ranko-rajovic\/\">Ranko Rajovi\u0107<\/a><\/div><div class=\"gt-text\">Jesu li nam djeca spremna za poslove budu\u0107nosti?<\/div><\/div><\/div><\/div><\/div><div class=\"gt-col\"><div class=\"gt-inner\"><div class=\"gt-speaker gt-style-5\"><div class=\"gt-image\"><a href=\"https:\/\/hrdays.net\/en\/speaker\/kate-rand\/\"><img loading=\"lazy\" decoding=\"async\" width=\"615\" height=\"639\" src=\"https:\/\/hrdays.net\/wp-content\/uploads\/2021\/06\/kate-rand.png\" class=\"attachment-eventchamp-speaker size-eventchamp-speaker\" alt=\"\" 0=\"\" srcset=\"https:\/\/hrdays.net\/wp-content\/uploads\/2021\/06\/kate-rand.png 616w, https:\/\/hrdays.net\/wp-content\/uploads\/2021\/06\/kate-rand-289x300.png 289w, https:\/\/hrdays.net\/wp-content\/uploads\/2021\/06\/kate-rand-12x12.png 12w\" sizes=\"auto, (max-width: 615px) 100vw, 615px\" \/><\/a><\/div><div class=\"gt-content\"><div class=\"gt-name\"><a href=\"https:\/\/hrdays.net\/en\/speaker\/kate-rand\/\">Kate Rand<\/a><\/div><div class=\"gt-text\">Agile HR and HR\u2019s role in Agile transformations<\/div><\/div><\/div><\/div><\/div><div class=\"gt-col\"><div class=\"gt-inner\"><div class=\"gt-speaker gt-style-5\"><div class=\"gt-image\"><a href=\"https:\/\/hrdays.net\/en\/speaker\/johan-driessens-2\/\"><img loading=\"lazy\" decoding=\"async\" width=\"614\" height=\"640\" src=\"https:\/\/hrdays.net\/wp-content\/uploads\/2022\/06\/johan-driessens.png\" class=\"attachment-eventchamp-speaker size-eventchamp-speaker\" alt=\"\" 0=\"\" srcset=\"https:\/\/hrdays.net\/wp-content\/uploads\/2022\/06\/johan-driessens.png 615w, https:\/\/hrdays.net\/wp-content\/uploads\/2022\/06\/johan-driessens-288x300.png 288w, https:\/\/hrdays.net\/wp-content\/uploads\/2022\/06\/johan-driessens-12x12.png 12w\" sizes=\"auto, (max-width: 614px) 100vw, 614px\" \/><\/a><\/div><div class=\"gt-content\"><div class=\"gt-name\"><a href=\"https:\/\/hrdays.net\/en\/speaker\/johan-driessens-2\/\">Johan Driessens<\/a><\/div><div class=\"gt-text\">Creating a valuable employer branding experience<\/div><\/div><\/div><\/div><\/div><div class=\"gt-col\"><div class=\"gt-inner\"><div class=\"gt-speaker gt-style-5\"><div class=\"gt-image\"><a href=\"https:\/\/hrdays.net\/en\/speaker\/blaire-palmer\/\"><img loading=\"lazy\" decoding=\"async\" width=\"615\" height=\"639\" src=\"https:\/\/hrdays.net\/wp-content\/uploads\/2021\/06\/blaire-palmer.png\" class=\"attachment-eventchamp-speaker size-eventchamp-speaker\" alt=\"\" 0=\"\" srcset=\"https:\/\/hrdays.net\/wp-content\/uploads\/2021\/06\/blaire-palmer.png 616w, https:\/\/hrdays.net\/wp-content\/uploads\/2021\/06\/blaire-palmer-289x300.png 289w, https:\/\/hrdays.net\/wp-content\/uploads\/2021\/06\/blaire-palmer-12x12.png 12w\" sizes=\"auto, (max-width: 615px) 100vw, 615px\" \/><\/a><\/div><div class=\"gt-content\"><div class=\"gt-name\"><a href=\"https:\/\/hrdays.net\/en\/speaker\/blaire-palmer\/\">Blaire Palmer<\/a><\/div><div class=\"gt-text\">Leadership and change<\/div><\/div><\/div><\/div><\/div><div class=\"gt-col\"><div class=\"gt-inner\"><div class=\"gt-speaker gt-style-5\"><div class=\"gt-image\"><a href=\"https:\/\/hrdays.net\/en\/speaker\/debra-corey\/\"><img loading=\"lazy\" decoding=\"async\" width=\"614\" height=\"640\" src=\"https:\/\/hrdays.net\/wp-content\/uploads\/2021\/06\/debra-corey.png\" class=\"attachment-eventchamp-speaker size-eventchamp-speaker\" alt=\"\" 0=\"\" srcset=\"https:\/\/hrdays.net\/wp-content\/uploads\/2021\/06\/debra-corey.png 614w, https:\/\/hrdays.net\/wp-content\/uploads\/2021\/06\/debra-corey-288x300.png 288w, https:\/\/hrdays.net\/wp-content\/uploads\/2021\/06\/debra-corey-12x12.png 12w\" sizes=\"auto, (max-width: 614px) 100vw, 614px\" \/><\/a><\/div><div class=\"gt-content\"><div class=\"gt-name\"><a href=\"https:\/\/hrdays.net\/en\/speaker\/debra-corey\/\">Debra Corey<\/a><\/div><div class=\"gt-text\">Employee engagement<\/div><\/div><\/div><\/div><\/div><div class=\"gt-col\"><div class=\"gt-inner\"><div class=\"gt-speaker gt-style-5\"><div class=\"gt-image\"><a href=\"https:\/\/hrdays.net\/en\/speaker\/matej-sakoman\/\"><img loading=\"lazy\" decoding=\"async\" width=\"614\" height=\"640\" src=\"https:\/\/hrdays.net\/wp-content\/uploads\/2021\/06\/matej-sakoman.png\" class=\"attachment-eventchamp-speaker size-eventchamp-speaker\" alt=\"\" 0=\"\" srcset=\"https:\/\/hrdays.net\/wp-content\/uploads\/2021\/06\/matej-sakoman.png 614w, https:\/\/hrdays.net\/wp-content\/uploads\/2021\/06\/matej-sakoman-288x300.png 288w, https:\/\/hrdays.net\/wp-content\/uploads\/2021\/06\/matej-sakoman-12x12.png 12w\" sizes=\"auto, (max-width: 614px) 100vw, 614px\" \/><\/a><\/div><div class=\"gt-content\"><div class=\"gt-name\"><a href=\"https:\/\/hrdays.net\/en\/speaker\/matej-sakoman\/\">Matej Sakoman<\/a><\/div><div class=\"gt-text\">Boji\u0161nica uma za zaposlenike, menad\u017eere, neurotike i ne neurotike - mentalno kondicioniranje i druga dopu\u0161tena sredstva osna\u017eivanja<\/div><\/div><\/div><\/div><\/div><div class=\"gt-col\"><div class=\"gt-inner\"><div class=\"gt-speaker gt-style-5\"><div class=\"gt-image\"><a href=\"https:\/\/hrdays.net\/en\/speaker\/daria-mateljak\/\"><img loading=\"lazy\" decoding=\"async\" width=\"614\" height=\"640\" src=\"https:\/\/hrdays.net\/wp-content\/uploads\/2021\/06\/daria-mateljak.png\" class=\"attachment-eventchamp-speaker size-eventchamp-speaker\" alt=\"\" 0=\"\" srcset=\"https:\/\/hrdays.net\/wp-content\/uploads\/2021\/06\/daria-mateljak.png 614w, https:\/\/hrdays.net\/wp-content\/uploads\/2021\/06\/daria-mateljak-288x300.png 288w, https:\/\/hrdays.net\/wp-content\/uploads\/2021\/06\/daria-mateljak-12x12.png 12w\" sizes=\"auto, (max-width: 614px) 100vw, 614px\" \/><\/a><\/div><div class=\"gt-content\"><div class=\"gt-name\"><a href=\"https:\/\/hrdays.net\/en\/speaker\/daria-mateljak\/\">Daria Mateljak<\/a><\/div><div class=\"gt-text\">From fear to trust: communicating difficult topics<\/div><\/div><\/div><\/div><\/div><\/div><\/div><\/div><\/div><\/div><\/div>\n<\/div>","protected":false},"excerpt":{"rendered":"Daria Mateljak je konzultantica iz podru\u010dja korporativnih odnosa, odr\u017eivog razvoja i dru\u0161tveno odgovornog poslovanja. U skoro trideset godina karijere u vladinom i korporativnom sektoru sudjelovala je u rje\u0161avanju slo\u017eenih problema i kriznih situacija. Vodi konzultantsku ku\u0107u Hauska &amp; Partner i...","protected":false},"author":2,"featured_media":0,"parent":0,"menu_order":0,"comment_status":"closed","ping_status":"closed","template":"","meta":{"_monsterinsights_skip_tracking":false,"_monsterinsights_sitenote_active":false,"_monsterinsights_sitenote_note":"","_monsterinsights_sitenote_category":0,"footnotes":""},"categories":[155],"tags":[],"class_list":["post-3708","page","type-page","status-publish","hentry","category-predavaci"],"yoast_head":"<!-- This site is optimized with the Yoast SEO plugin v25.3 - https:\/\/yoast.com\/wordpress\/plugins\/seo\/ -->\n<title>Govornici 2020 - HR Days<\/title>\n<meta name=\"robots\" content=\"index, follow, max-snippet:-1, max-image-preview:large, max-video-preview:-1\" \/>\n<link rel=\"canonical\" href=\"https:\/\/hrdays.net\/en\/govornici-2020\/\" \/>\n<meta property=\"og:locale\" content=\"en_GB\" \/>\n<meta property=\"og:type\" content=\"article\" \/>\n<meta property=\"og:title\" content=\"HR Days Predava\u010di\" \/>\n<meta property=\"og:url\" content=\"https:\/\/hrdays.net\/en\/govornici-2020\/\" \/>\n<meta property=\"og:site_name\" content=\"HR Days\" \/>\n<meta property=\"article:modified_time\" content=\"2024-09-17T10:50:40+00:00\" \/>\n<meta property=\"og:image\" content=\"https:\/\/hrdays.net\/wp-content\/uploads\/2021\/04\/4W5A8236.jpg\" \/>\n\t<meta property=\"og:image:width\" content=\"1920\" \/>\n\t<meta property=\"og:image:height\" content=\"1280\" \/>\n\t<meta property=\"og:image:type\" content=\"image\/jpeg\" \/>\n<meta name=\"twitter:card\" content=\"summary_large_image\" \/>\n<meta name=\"twitter:title\" content=\"HR Days Predava\u010di\" \/>\n<meta name=\"twitter:image\" content=\"https:\/\/hrdays.net\/wp-content\/uploads\/2021\/04\/4W5A8236.jpg\" \/>\n<meta name=\"twitter:label1\" content=\"Estimated reading time\" \/>\n\t<meta name=\"twitter:data1\" content=\"1 minute\" \/>\n<script type=\"application\/ld+json\" class=\"yoast-schema-graph\">{\"@context\":\"https:\/\/schema.org\",\"@graph\":[{\"@type\":\"WebPage\",\"@id\":\"https:\/\/hrdays.net\/govornici-2020\/\",\"url\":\"https:\/\/hrdays.net\/govornici-2020\/\",\"name\":\"Govornici 2020 - HR Days\",\"isPartOf\":{\"@id\":\"https:\/\/hrdays.net\/#website\"},\"datePublished\":\"2021-06-24T13:34:10+00:00\",\"dateModified\":\"2024-09-17T10:50:40+00:00\",\"breadcrumb\":{\"@id\":\"https:\/\/hrdays.net\/govornici-2020\/#breadcrumb\"},\"inLanguage\":\"en-GB\",\"potentialAction\":[{\"@type\":\"ReadAction\",\"target\":[\"https:\/\/hrdays.net\/govornici-2020\/\"]}]},{\"@type\":\"BreadcrumbList\",\"@id\":\"https:\/\/hrdays.net\/govornici-2020\/#breadcrumb\",\"itemListElement\":[{\"@type\":\"ListItem\",\"position\":1,\"name\":\"Home\",\"item\":\"https:\/\/hrdays.net\/\"},{\"@type\":\"ListItem\",\"position\":2,\"name\":\"Govornici 2020\"}]},{\"@type\":\"WebSite\",\"@id\":\"https:\/\/hrdays.net\/#website\",\"url\":\"https:\/\/hrdays.net\/\",\"name\":\"HR Days\",\"description\":\"HRDays - konferencija o upravljanju ljudskim resursima\",\"potentialAction\":[{\"@type\":\"SearchAction\",\"target\":{\"@type\":\"EntryPoint\",\"urlTemplate\":\"https:\/\/hrdays.net\/?s={search_term_string}\"},\"query-input\":{\"@type\":\"PropertyValueSpecification\",\"valueRequired\":true,\"valueName\":\"search_term_string\"}}],\"inLanguage\":\"en-GB\"}]}<\/script>\n<!-- \/ Yoast SEO plugin. -->","yoast_head_json":{"title":"Govornici 2020 - HR Days","robots":{"index":"index","follow":"follow","max-snippet":"max-snippet:-1","max-image-preview":"max-image-preview:large","max-video-preview":"max-video-preview:-1"},"canonical":"https:\/\/hrdays.net\/en\/govornici-2020\/","og_locale":"en_GB","og_type":"article","og_title":"HR Days Predava\u010di","og_url":"https:\/\/hrdays.net\/en\/govornici-2020\/","og_site_name":"HR Days","article_modified_time":"2024-09-17T10:50:40+00:00","og_image":[{"width":1920,"height":1280,"url":"https:\/\/hrdays.net\/wp-content\/uploads\/2021\/04\/4W5A8236.jpg","type":"image\/jpeg"}],"twitter_card":"summary_large_image","twitter_title":"HR Days Predava\u010di","twitter_image":"https:\/\/hrdays.net\/wp-content\/uploads\/2021\/04\/4W5A8236.jpg","twitter_misc":{"Estimated reading time":"1 minute"},"schema":{"@context":"https:\/\/schema.org","@graph":[{"@type":"WebPage","@id":"https:\/\/hrdays.net\/govornici-2020\/","url":"https:\/\/hrdays.net\/govornici-2020\/","name":"Govornici 2020 - HR Days","isPartOf":{"@id":"https:\/\/hrdays.net\/#website"},"datePublished":"2021-06-24T13:34:10+00:00","dateModified":"2024-09-17T10:50:40+00:00","breadcrumb":{"@id":"https:\/\/hrdays.net\/govornici-2020\/#breadcrumb"},"inLanguage":"en-GB","potentialAction":[{"@type":"ReadAction","target":["https:\/\/hrdays.net\/govornici-2020\/"]}]},{"@type":"BreadcrumbList","@id":"https:\/\/hrdays.net\/govornici-2020\/#breadcrumb","itemListElement":[{"@type":"ListItem","position":1,"name":"Home","item":"https:\/\/hrdays.net\/"},{"@type":"ListItem","position":2,"name":"Govornici 2020"}]},{"@type":"WebSite","@id":"https:\/\/hrdays.net\/#website","url":"https:\/\/hrdays.net\/","name":"HR Days","description":"HRDays - konferencija o upravljanju ljudskim resursima","potentialAction":[{"@type":"SearchAction","target":{"@type":"EntryPoint","urlTemplate":"https:\/\/hrdays.net\/?s={search_term_string}"},"query-input":{"@type":"PropertyValueSpecification","valueRequired":true,"valueName":"search_term_string"}}],"inLanguage":"en-GB"}]}},"_links":{"self":[{"href":"https:\/\/hrdays.net\/en\/wp-json\/wp\/v2\/pages\/3708","targetHints":{"allow":["GET"]}}],"collection":[{"href":"https:\/\/hrdays.net\/en\/wp-json\/wp\/v2\/pages"}],"about":[{"href":"https:\/\/hrdays.net\/en\/wp-json\/wp\/v2\/types\/page"}],"author":[{"embeddable":true,"href":"https:\/\/hrdays.net\/en\/wp-json\/wp\/v2\/users\/2"}],"replies":[{"embeddable":true,"href":"https:\/\/hrdays.net\/en\/wp-json\/wp\/v2\/comments?post=3708"}],"version-history":[{"count":16,"href":"https:\/\/hrdays.net\/en\/wp-json\/wp\/v2\/pages\/3708\/revisions"}],"predecessor-version":[{"id":7446,"href":"https:\/\/hrdays.net\/en\/wp-json\/wp\/v2\/pages\/3708\/revisions\/7446"}],"wp:attachment":[{"href":"https:\/\/hrdays.net\/en\/wp-json\/wp\/v2\/media?parent=3708"}],"wp:term":[{"taxonomy":"category","embeddable":true,"href":"https:\/\/hrdays.net\/en\/wp-json\/wp\/v2\/categories?post=3708"},{"taxonomy":"post_tag","embeddable":true,"href":"https:\/\/hrdays.net\/en\/wp-json\/wp\/v2\/tags?post=3708"}],"curies":[{"name":"wp","href":"https:\/\/api.w.org\/{rel}","templated":true}]}}