{"id":1104,"date":"2018-12-03T15:40:39","date_gmt":"2018-12-03T15:40:39","guid":{"rendered":"https:\/\/demo.gloriathemes.com\/eventchamp\/demo\/?page_id=1104"},"modified":"2024-09-17T12:51:37","modified_gmt":"2024-09-17T10:51:37","slug":"govornici-2021","status":"publish","type":"page","link":"https:\/\/hrdays.net\/en\/govornici-2021\/","title":{"rendered":"Govornici 2021"},"content":{"rendered":"<div class=\"wpb-content-wrapper\"><div class=\"vc_row wpb_row vc_row-fluid gt-background-position-initial gt-background-attachment-initial gt-overflow-hidden gt-text-default\"><div class=\"wpb_column vc_column_container vc_col-sm-12\"><div class=\"vc_column-inner\"><div class=\"wpb_wrapper\"><div class=\"gt-speakers-listing gt-style-1\"><div class=\"gt-columns gt-column-3 gt-column-space-0\"><div class=\"gt-col\"><div class=\"gt-inner\"><div class=\"gt-speaker gt-style-5\"><div class=\"gt-image\"><a href=\"https:\/\/hrdays.net\/en\/speaker\/adrian-furnham\/\"><img loading=\"lazy\" decoding=\"async\" width=\"615\" height=\"640\" src=\"https:\/\/hrdays.net\/wp-content\/uploads\/2021\/08\/adrian-furnham-615x640.png\" class=\"attachment-eventchamp-speaker size-eventchamp-speaker\" alt=\"\" 0=\"\" srcset=\"https:\/\/hrdays.net\/wp-content\/uploads\/2021\/08\/adrian-furnham.png 615w, https:\/\/hrdays.net\/wp-content\/uploads\/2021\/08\/adrian-furnham-288x300.png 288w, https:\/\/hrdays.net\/wp-content\/uploads\/2021\/08\/adrian-furnham-12x12.png 12w\" sizes=\"auto, (max-width: 615px) 100vw, 615px\" \/><\/a><\/div><div class=\"gt-content\"><div class=\"gt-name\"><a href=\"https:\/\/hrdays.net\/en\/speaker\/adrian-furnham\/\">Adrian Furnham<\/a><\/div><div class=\"gt-text\">How to select potential leaders?<\/div><\/div><\/div><\/div><\/div><div class=\"gt-col\"><div class=\"gt-inner\"><div class=\"gt-speaker gt-style-5\"><div class=\"gt-image\"><a href=\"https:\/\/hrdays.net\/en\/speaker\/skip-bowman\/\"><img loading=\"lazy\" decoding=\"async\" width=\"615\" height=\"639\" src=\"https:\/\/hrdays.net\/wp-content\/uploads\/2021\/08\/skipp-2.png\" class=\"attachment-eventchamp-speaker size-eventchamp-speaker\" alt=\"\" 0=\"\" srcset=\"https:\/\/hrdays.net\/wp-content\/uploads\/2021\/08\/skipp-2.png 616w, https:\/\/hrdays.net\/wp-content\/uploads\/2021\/08\/skipp-2-289x300.png 289w, https:\/\/hrdays.net\/wp-content\/uploads\/2021\/08\/skipp-2-12x12.png 12w\" sizes=\"auto, (max-width: 615px) 100vw, 615px\" \/><\/a><\/div><div class=\"gt-content\"><div class=\"gt-name\"><a href=\"https:\/\/hrdays.net\/en\/speaker\/skip-bowman\/\">Skip Bowman<\/a><\/div><div class=\"gt-text\">Growth mindset<\/div><\/div><\/div><\/div><\/div><div class=\"gt-col\"><div class=\"gt-inner\"><div class=\"gt-speaker gt-style-5\"><div class=\"gt-image\"><a href=\"https:\/\/hrdays.net\/en\/speaker\/clint-pulver\/\"><img loading=\"lazy\" decoding=\"async\" width=\"615\" height=\"640\" src=\"https:\/\/hrdays.net\/wp-content\/uploads\/2021\/06\/High-Res-Clint-Pulver-615x640.png\" class=\"attachment-eventchamp-speaker size-eventchamp-speaker\" alt=\"\" 0=\"\" \/><\/a><\/div><div class=\"gt-content\"><div class=\"gt-name\"><a href=\"https:\/\/hrdays.net\/en\/speaker\/clint-pulver\/\">Clint Pulver<\/a><\/div><div class=\"gt-text\">People Motivation; Employee Retention; Leaders of tomorrow<\/div><\/div><\/div><\/div><\/div><div class=\"gt-col\"><div class=\"gt-inner\"><div class=\"gt-speaker gt-style-5\"><div class=\"gt-image\"><a href=\"https:\/\/hrdays.net\/en\/speaker\/ivana-stulic\/\"><img loading=\"lazy\" decoding=\"async\" width=\"615\" height=\"640\" src=\"https:\/\/hrdays.net\/wp-content\/uploads\/2021\/08\/ivana-stulic-615x640.png\" class=\"attachment-eventchamp-speaker size-eventchamp-speaker\" alt=\"\" 0=\"\" srcset=\"https:\/\/hrdays.net\/wp-content\/uploads\/2021\/08\/ivana-stulic.png 615w, https:\/\/hrdays.net\/wp-content\/uploads\/2021\/08\/ivana-stulic-288x300.png 288w, https:\/\/hrdays.net\/wp-content\/uploads\/2021\/08\/ivana-stulic-12x12.png 12w\" sizes=\"auto, (max-width: 615px) 100vw, 615px\" \/><\/a><\/div><div class=\"gt-content\"><div class=\"gt-name\"><a href=\"https:\/\/hrdays.net\/en\/speaker\/ivana-stulic\/\">Ivana \u0160tuli\u0107<\/a><\/div><div class=\"gt-text\">Employee wellbeing - is it worth investing and in what specifically?<\/div><\/div><\/div><\/div><\/div><div class=\"gt-col\"><div class=\"gt-inner\"><div class=\"gt-speaker gt-style-5\"><div class=\"gt-image\"><a href=\"https:\/\/hrdays.net\/en\/speaker\/katarina-pavlisa\/\"><img loading=\"lazy\" decoding=\"async\" width=\"615\" height=\"640\" src=\"https:\/\/hrdays.net\/wp-content\/uploads\/2021\/08\/katarina-pavlisa-615x640.png\" class=\"attachment-eventchamp-speaker size-eventchamp-speaker\" alt=\"\" 0=\"\" srcset=\"https:\/\/hrdays.net\/wp-content\/uploads\/2021\/08\/katarina-pavlisa.png 615w, https:\/\/hrdays.net\/wp-content\/uploads\/2021\/08\/katarina-pavlisa-288x300.png 288w, https:\/\/hrdays.net\/wp-content\/uploads\/2021\/08\/katarina-pavlisa-12x12.png 12w\" sizes=\"auto, (max-width: 615px) 100vw, 615px\" \/><\/a><\/div><div class=\"gt-content\"><div class=\"gt-name\"><a href=\"https:\/\/hrdays.net\/en\/speaker\/katarina-pavlisa\/\">Katarina Pavli\u0161a<\/a><\/div><div class=\"gt-text\">Mindfulness@Work<\/div><\/div><\/div><\/div><\/div><div class=\"gt-col\"><div class=\"gt-inner\"><div class=\"gt-speaker gt-style-5\"><div class=\"gt-image\"><a href=\"https:\/\/hrdays.net\/en\/speaker\/zana-goic-petricevic\/\"><img loading=\"lazy\" decoding=\"async\" width=\"615\" height=\"640\" src=\"https:\/\/hrdays.net\/wp-content\/uploads\/2021\/06\/zana-profi-1-615x640.png\" class=\"attachment-eventchamp-speaker size-eventchamp-speaker\" alt=\"\" 0=\"\" srcset=\"https:\/\/hrdays.net\/wp-content\/uploads\/2021\/06\/zana-profi-1.png 615w, https:\/\/hrdays.net\/wp-content\/uploads\/2021\/06\/zana-profi-1-288x300.png 288w, https:\/\/hrdays.net\/wp-content\/uploads\/2021\/06\/zana-profi-1-12x12.png 12w\" sizes=\"auto, (max-width: 615px) 100vw, 615px\" \/><\/a><\/div><div class=\"gt-content\"><div class=\"gt-name\"><a href=\"https:\/\/hrdays.net\/en\/speaker\/zana-goic-petricevic\/\">\u017dana Goi\u0107 Petri\u010devi\u0107<\/a><\/div><div class=\"gt-text translation-block\"><strong>Creating (from) chaos:<\/strong> 21st century leadership competence<\/div><\/div><\/div><\/div><\/div><div class=\"gt-col\"><div class=\"gt-inner\"><div class=\"gt-speaker gt-style-5\"><div class=\"gt-image\"><a href=\"https:\/\/hrdays.net\/en\/speaker\/lisa-belanger\/\"><img loading=\"lazy\" decoding=\"async\" width=\"615\" height=\"640\" src=\"https:\/\/hrdays.net\/wp-content\/uploads\/2021\/06\/lisa-615x640.png\" class=\"attachment-eventchamp-speaker size-eventchamp-speaker\" alt=\"\" 0=\"\" \/><\/a><\/div><div class=\"gt-content\"><div class=\"gt-name\"><a href=\"https:\/\/hrdays.net\/en\/speaker\/lisa-belanger\/\">Dr. Lisa B\u00e9langer<\/a><\/div><div class=\"gt-text\">Habitual Behaviours: The Science of Creating Lifelong Habits<\/div><\/div><\/div><\/div><\/div><div class=\"gt-col\"><div class=\"gt-inner\"><div class=\"gt-speaker gt-style-5\"><div class=\"gt-image\"><a href=\"https:\/\/hrdays.net\/en\/speaker\/virginia-colurcio\/\"><img loading=\"lazy\" decoding=\"async\" width=\"615\" height=\"640\" src=\"https:\/\/hrdays.net\/wp-content\/uploads\/2021\/05\/virginia-colurcio-615x640.jpg\" class=\"attachment-eventchamp-speaker size-eventchamp-speaker\" alt=\"\" 0=\"\" \/><\/a><\/div><div class=\"gt-content\"><div class=\"gt-name\"><a href=\"https:\/\/hrdays.net\/en\/speaker\/virginia-colurcio\/\">Virginia Colurcio<\/a><\/div><div class=\"gt-text\">New world of (HR) work<\/div><\/div><\/div><\/div><\/div><\/div><\/div><\/div><\/div><\/div><\/div>\n<\/div>","protected":false},"excerpt":{"rendered":"New world of (HR) work Virginia trenutno radi kao potpredsjednica za ljude i kulturu EMEA u Prologisu. Diplomirala je pravo na Sveu\u010dili\u0161tu u Napulju (Italija), integriranom studijima na Sveu\u010dili\u0161tu Cambridge (UK) Gent (Belgija) i Sveu\u010dili\u0161tu Groningen (Nizozemska). Prije Prologisa radila...","protected":false},"author":2,"featured_media":0,"parent":0,"menu_order":0,"comment_status":"closed","ping_status":"closed","template":"","meta":{"_monsterinsights_skip_tracking":false,"_monsterinsights_sitenote_active":false,"_monsterinsights_sitenote_note":"","_monsterinsights_sitenote_category":0,"footnotes":""},"categories":[155],"tags":[],"class_list":["post-1104","page","type-page","status-publish","hentry","category-predavaci"],"yoast_head":"<!-- This site is optimized with the Yoast SEO plugin v25.3 - https:\/\/yoast.com\/wordpress\/plugins\/seo\/ -->\n<title>Govornici 2021 - HR Days<\/title>\n<meta name=\"robots\" content=\"index, follow, max-snippet:-1, max-image-preview:large, max-video-preview:-1\" \/>\n<link rel=\"canonical\" href=\"https:\/\/hrdays.net\/en\/govornici-2021\/\" \/>\n<meta property=\"og:locale\" content=\"en_GB\" \/>\n<meta property=\"og:type\" content=\"article\" \/>\n<meta property=\"og:title\" content=\"HR Days Predava\u010di\" \/>\n<meta property=\"og:url\" content=\"https:\/\/hrdays.net\/en\/govornici-2021\/\" \/>\n<meta property=\"og:site_name\" content=\"HR Days\" \/>\n<meta property=\"article:modified_time\" content=\"2024-09-17T10:51:37+00:00\" \/>\n<meta property=\"og:image\" content=\"https:\/\/hrdays.net\/wp-content\/uploads\/2021\/04\/4W5A8236.jpg\" \/>\n\t<meta property=\"og:image:width\" content=\"1920\" \/>\n\t<meta property=\"og:image:height\" content=\"1280\" \/>\n\t<meta property=\"og:image:type\" content=\"image\/jpeg\" \/>\n<meta name=\"twitter:card\" content=\"summary_large_image\" \/>\n<meta name=\"twitter:title\" content=\"HR Days Predava\u010di\" \/>\n<meta name=\"twitter:image\" content=\"https:\/\/hrdays.net\/wp-content\/uploads\/2021\/04\/4W5A8236.jpg\" \/>\n<meta name=\"twitter:label1\" content=\"Estimated reading time\" \/>\n\t<meta name=\"twitter:data1\" content=\"1 minute\" \/>\n<script type=\"application\/ld+json\" class=\"yoast-schema-graph\">{\"@context\":\"https:\/\/schema.org\",\"@graph\":[{\"@type\":\"WebPage\",\"@id\":\"https:\/\/hrdays.net\/en\/govornici-2021\/\",\"url\":\"https:\/\/hrdays.net\/en\/govornici-2021\/\",\"name\":\"Govornici 2021 - HR Days\",\"isPartOf\":{\"@id\":\"https:\/\/hrdays.net\/#website\"},\"datePublished\":\"2018-12-03T15:40:39+00:00\",\"dateModified\":\"2024-09-17T10:51:37+00:00\",\"breadcrumb\":{\"@id\":\"https:\/\/hrdays.net\/en\/govornici-2021\/#breadcrumb\"},\"inLanguage\":\"en-GB\",\"potentialAction\":[{\"@type\":\"ReadAction\",\"target\":[\"https:\/\/hrdays.net\/en\/govornici-2021\/\"]}]},{\"@type\":\"BreadcrumbList\",\"@id\":\"https:\/\/hrdays.net\/en\/govornici-2021\/#breadcrumb\",\"itemListElement\":[{\"@type\":\"ListItem\",\"position\":1,\"name\":\"Home\",\"item\":\"https:\/\/hrdays.net\/\"},{\"@type\":\"ListItem\",\"position\":2,\"name\":\"Govornici 2021\"}]},{\"@type\":\"WebSite\",\"@id\":\"https:\/\/hrdays.net\/#website\",\"url\":\"https:\/\/hrdays.net\/\",\"name\":\"HR Days\",\"description\":\"HRDays - konferencija o upravljanju ljudskim resursima\",\"potentialAction\":[{\"@type\":\"SearchAction\",\"target\":{\"@type\":\"EntryPoint\",\"urlTemplate\":\"https:\/\/hrdays.net\/?s={search_term_string}\"},\"query-input\":{\"@type\":\"PropertyValueSpecification\",\"valueRequired\":true,\"valueName\":\"search_term_string\"}}],\"inLanguage\":\"en-GB\"}]}<\/script>\n<!-- \/ Yoast SEO plugin. -->","yoast_head_json":{"title":"Govornici 2021 - HR Days","robots":{"index":"index","follow":"follow","max-snippet":"max-snippet:-1","max-image-preview":"max-image-preview:large","max-video-preview":"max-video-preview:-1"},"canonical":"https:\/\/hrdays.net\/en\/govornici-2021\/","og_locale":"en_GB","og_type":"article","og_title":"HR Days Predava\u010di","og_url":"https:\/\/hrdays.net\/en\/govornici-2021\/","og_site_name":"HR Days","article_modified_time":"2024-09-17T10:51:37+00:00","og_image":[{"width":1920,"height":1280,"url":"https:\/\/hrdays.net\/wp-content\/uploads\/2021\/04\/4W5A8236.jpg","type":"image\/jpeg"}],"twitter_card":"summary_large_image","twitter_title":"HR Days Predava\u010di","twitter_image":"https:\/\/hrdays.net\/wp-content\/uploads\/2021\/04\/4W5A8236.jpg","twitter_misc":{"Estimated reading time":"1 minute"},"schema":{"@context":"https:\/\/schema.org","@graph":[{"@type":"WebPage","@id":"https:\/\/hrdays.net\/en\/govornici-2021\/","url":"https:\/\/hrdays.net\/en\/govornici-2021\/","name":"Govornici 2021 - HR Days","isPartOf":{"@id":"https:\/\/hrdays.net\/#website"},"datePublished":"2018-12-03T15:40:39+00:00","dateModified":"2024-09-17T10:51:37+00:00","breadcrumb":{"@id":"https:\/\/hrdays.net\/en\/govornici-2021\/#breadcrumb"},"inLanguage":"en-GB","potentialAction":[{"@type":"ReadAction","target":["https:\/\/hrdays.net\/en\/govornici-2021\/"]}]},{"@type":"BreadcrumbList","@id":"https:\/\/hrdays.net\/en\/govornici-2021\/#breadcrumb","itemListElement":[{"@type":"ListItem","position":1,"name":"Home","item":"https:\/\/hrdays.net\/"},{"@type":"ListItem","position":2,"name":"Govornici 2021"}]},{"@type":"WebSite","@id":"https:\/\/hrdays.net\/#website","url":"https:\/\/hrdays.net\/","name":"HR Days","description":"HRDays - konferencija o upravljanju ljudskim resursima","potentialAction":[{"@type":"SearchAction","target":{"@type":"EntryPoint","urlTemplate":"https:\/\/hrdays.net\/?s={search_term_string}"},"query-input":{"@type":"PropertyValueSpecification","valueRequired":true,"valueName":"search_term_string"}}],"inLanguage":"en-GB"}]}},"_links":{"self":[{"href":"https:\/\/hrdays.net\/en\/wp-json\/wp\/v2\/pages\/1104","targetHints":{"allow":["GET"]}}],"collection":[{"href":"https:\/\/hrdays.net\/en\/wp-json\/wp\/v2\/pages"}],"about":[{"href":"https:\/\/hrdays.net\/en\/wp-json\/wp\/v2\/types\/page"}],"author":[{"embeddable":true,"href":"https:\/\/hrdays.net\/en\/wp-json\/wp\/v2\/users\/2"}],"replies":[{"embeddable":true,"href":"https:\/\/hrdays.net\/en\/wp-json\/wp\/v2\/comments?post=1104"}],"version-history":[{"count":34,"href":"https:\/\/hrdays.net\/en\/wp-json\/wp\/v2\/pages\/1104\/revisions"}],"predecessor-version":[{"id":9026,"href":"https:\/\/hrdays.net\/en\/wp-json\/wp\/v2\/pages\/1104\/revisions\/9026"}],"wp:attachment":[{"href":"https:\/\/hrdays.net\/en\/wp-json\/wp\/v2\/media?parent=1104"}],"wp:term":[{"taxonomy":"category","embeddable":true,"href":"https:\/\/hrdays.net\/en\/wp-json\/wp\/v2\/categories?post=1104"},{"taxonomy":"post_tag","embeddable":true,"href":"https:\/\/hrdays.net\/en\/wp-json\/wp\/v2\/tags?post=1104"}],"curies":[{"name":"wp","href":"https:\/\/api.w.org\/{rel}","templated":true}]}}