{"id":10719,"date":"2026-03-31T13:39:09","date_gmt":"2026-03-31T11:39:09","guid":{"rendered":"https:\/\/hrdays.net\/?page_id=10719"},"modified":"2026-04-14T09:23:30","modified_gmt":"2026-04-14T07:23:30","slug":"radionica-bootcamp-od-jada-jada-do-wow-oglasa","status":"publish","type":"page","link":"https:\/\/hrdays.net\/en\/radionica-bootcamp-od-jada-jada-do-wow-oglasa\/","title":{"rendered":"WORKSHOP: Bootcamp: From 'jada jada' to WOW ads"},"content":{"rendered":"<p>How many times have you published a job ad full of phrases like \u201cdynamic environment,\u201d \u201cteam player,\u201d and \u201ccompetitive salary,\u201d secretly knowing it wouldn\u2019t make any real difference? If it sounds like everyone else, why would anyone choose to apply to you?<\/p>\n\n\n\n<p>Radionica se bavi jednim od osnovnih zadataka u zapo\u0161ljavanju danas \u2013 pisanjem autenti\u010dnih oglasa za posao koji doista privla\u010de prave kandidate. Polaznici \u0107e kroz konkretne primjere i prakti\u010dan rad uvidjeti da pisanje oglasa nije bauk i da autenti\u010dan oglas mo\u017eete kreirati u svega nekoliko minuta, ako imate prave alate. Poseban naglasak stavljen je na autenti\u010dnost, emociju i realna obe\u0107anja koja poslodavac mo\u017ee ispuniti.<\/p>\n\n\n\n<p>&nbsp;In the second part of the workshop, we take things to the next level: from paper to video. In teams, you\u2019ll conceptualize and film a short video that clearly communicates who you are as an employer, without production crews, but with authenticity that can\u2019t be faked. If you want to start attracting the people you actually need, this is the workshop for you.<\/p>\n\n\n\n<p>\u00a0The workshop is intended for recruiters and anyone who is involved in writing job advertisements as part of their daily tasks.<\/p>\n\n\n\n<p><\/p>\n\n\n\n<p><\/p>","protected":false},"excerpt":{"rendered":"<p>Koliko puta ste objavili oglas prepun fraza poput \u201cdinami\u010dno okru\u017eenje\u201d, \u201ctimski igra\u010d\u201d i \u201ckonkurentna primanja\u201d &nbsp;i potajno znali da ne\u0107e napraviti nikakvu razliku? Ako zvu\u010di kao i svi drugi, za\u0161to bi se itko prijavio ba\u0161 vama? Radionica se bavi jednim&#8230;<\/p>","protected":false},"author":119,"featured_media":0,"parent":0,"menu_order":0,"comment_status":"closed","ping_status":"closed","template":"","meta":{"_monsterinsights_skip_tracking":false,"_monsterinsights_sitenote_active":false,"_monsterinsights_sitenote_note":"","_monsterinsights_sitenote_category":0,"footnotes":""},"categories":[],"tags":[],"class_list":["post-10719","page","type-page","status-publish","hentry"],"yoast_head":"<!-- This site is optimized with the Yoast SEO plugin v25.3 - https:\/\/yoast.com\/wordpress\/plugins\/seo\/ -->\n<title>RADIONICA: Bootcamp: Od \u2018jada jada\u2019 do WOW oglasa - HR Days<\/title>\n<meta name=\"robots\" content=\"index, follow, max-snippet:-1, max-image-preview:large, max-video-preview:-1\" \/>\n<link rel=\"canonical\" href=\"https:\/\/hrdays.net\/en\/radionica-bootcamp-od-jada-jada-do-wow-oglasa\/\" \/>\n<meta property=\"og:locale\" content=\"en_GB\" \/>\n<meta property=\"og:type\" content=\"article\" \/>\n<meta property=\"og:title\" content=\"RADIONICA: Bootcamp: Od \u2018jada jada\u2019 do WOW oglasa - HR Days\" \/>\n<meta property=\"og:description\" content=\"Koliko puta ste objavili oglas prepun fraza poput \u201cdinami\u010dno okru\u017eenje\u201d, \u201ctimski igra\u010d\u201d i \u201ckonkurentna primanja\u201d &nbsp;i potajno znali da ne\u0107e napraviti nikakvu razliku? Ako zvu\u010di kao i svi drugi, za\u0161to bi se itko prijavio ba\u0161 vama? Radionica se bavi jednim...\" \/>\n<meta property=\"og:url\" content=\"https:\/\/hrdays.net\/en\/radionica-bootcamp-od-jada-jada-do-wow-oglasa\/\" \/>\n<meta property=\"og:site_name\" content=\"HR Days\" \/>\n<meta property=\"article:modified_time\" content=\"2026-04-14T07:23:30+00:00\" \/>\n<meta property=\"og:image\" content=\"https:\/\/hrdays.net\/wp-content\/uploads\/2021\/03\/rovinj-conference-2.jpg\" \/>\n\t<meta property=\"og:image:width\" content=\"1200\" \/>\n\t<meta property=\"og:image:height\" content=\"573\" \/>\n\t<meta property=\"og:image:type\" content=\"image\/jpeg\" \/>\n<meta name=\"twitter:card\" content=\"summary_large_image\" \/>\n<meta name=\"twitter:label1\" content=\"Estimated reading time\" \/>\n\t<meta name=\"twitter:data1\" content=\"1 minute\" \/>\n<script type=\"application\/ld+json\" class=\"yoast-schema-graph\">{\"@context\":\"https:\/\/schema.org\",\"@graph\":[{\"@type\":\"WebPage\",\"@id\":\"https:\/\/hrdays.net\/radionica-bootcamp-od-jada-jada-do-wow-oglasa\/\",\"url\":\"https:\/\/hrdays.net\/radionica-bootcamp-od-jada-jada-do-wow-oglasa\/\",\"name\":\"RADIONICA: Bootcamp: Od \u2018jada jada\u2019 do WOW oglasa - HR Days\",\"isPartOf\":{\"@id\":\"https:\/\/hrdays.net\/#website\"},\"datePublished\":\"2026-03-31T11:39:09+00:00\",\"dateModified\":\"2026-04-14T07:23:30+00:00\",\"breadcrumb\":{\"@id\":\"https:\/\/hrdays.net\/radionica-bootcamp-od-jada-jada-do-wow-oglasa\/#breadcrumb\"},\"inLanguage\":\"en-GB\",\"potentialAction\":[{\"@type\":\"ReadAction\",\"target\":[\"https:\/\/hrdays.net\/radionica-bootcamp-od-jada-jada-do-wow-oglasa\/\"]}]},{\"@type\":\"BreadcrumbList\",\"@id\":\"https:\/\/hrdays.net\/radionica-bootcamp-od-jada-jada-do-wow-oglasa\/#breadcrumb\",\"itemListElement\":[{\"@type\":\"ListItem\",\"position\":1,\"name\":\"Home\",\"item\":\"https:\/\/hrdays.net\/\"},{\"@type\":\"ListItem\",\"position\":2,\"name\":\"RADIONICA: Bootcamp: Od \u2018jada jada\u2019 do WOW oglasa\"}]},{\"@type\":\"WebSite\",\"@id\":\"https:\/\/hrdays.net\/#website\",\"url\":\"https:\/\/hrdays.net\/\",\"name\":\"HR Days\",\"description\":\"HRDays - konferencija o upravljanju ljudskim resursima\",\"potentialAction\":[{\"@type\":\"SearchAction\",\"target\":{\"@type\":\"EntryPoint\",\"urlTemplate\":\"https:\/\/hrdays.net\/?s={search_term_string}\"},\"query-input\":{\"@type\":\"PropertyValueSpecification\",\"valueRequired\":true,\"valueName\":\"search_term_string\"}}],\"inLanguage\":\"en-GB\"}]}<\/script>\n<!-- \/ Yoast SEO plugin. -->","yoast_head_json":{"title":"RADIONICA: Bootcamp: Od \u2018jada jada\u2019 do WOW oglasa - HR Days","robots":{"index":"index","follow":"follow","max-snippet":"max-snippet:-1","max-image-preview":"max-image-preview:large","max-video-preview":"max-video-preview:-1"},"canonical":"https:\/\/hrdays.net\/en\/radionica-bootcamp-od-jada-jada-do-wow-oglasa\/","og_locale":"en_GB","og_type":"article","og_title":"RADIONICA: Bootcamp: Od \u2018jada jada\u2019 do WOW oglasa - HR Days","og_description":"Koliko puta ste objavili oglas prepun fraza poput \u201cdinami\u010dno okru\u017eenje\u201d, \u201ctimski igra\u010d\u201d i \u201ckonkurentna primanja\u201d &nbsp;i potajno znali da ne\u0107e napraviti nikakvu razliku? Ako zvu\u010di kao i svi drugi, za\u0161to bi se itko prijavio ba\u0161 vama? Radionica se bavi jednim...","og_url":"https:\/\/hrdays.net\/en\/radionica-bootcamp-od-jada-jada-do-wow-oglasa\/","og_site_name":"HR Days","article_modified_time":"2026-04-14T07:23:30+00:00","og_image":[{"width":1200,"height":573,"url":"https:\/\/hrdays.net\/wp-content\/uploads\/2021\/03\/rovinj-conference-2.jpg","type":"image\/jpeg"}],"twitter_card":"summary_large_image","twitter_misc":{"Estimated reading time":"1 minute"},"schema":{"@context":"https:\/\/schema.org","@graph":[{"@type":"WebPage","@id":"https:\/\/hrdays.net\/radionica-bootcamp-od-jada-jada-do-wow-oglasa\/","url":"https:\/\/hrdays.net\/radionica-bootcamp-od-jada-jada-do-wow-oglasa\/","name":"RADIONICA: Bootcamp: Od \u2018jada jada\u2019 do WOW oglasa - HR Days","isPartOf":{"@id":"https:\/\/hrdays.net\/#website"},"datePublished":"2026-03-31T11:39:09+00:00","dateModified":"2026-04-14T07:23:30+00:00","breadcrumb":{"@id":"https:\/\/hrdays.net\/radionica-bootcamp-od-jada-jada-do-wow-oglasa\/#breadcrumb"},"inLanguage":"en-GB","potentialAction":[{"@type":"ReadAction","target":["https:\/\/hrdays.net\/radionica-bootcamp-od-jada-jada-do-wow-oglasa\/"]}]},{"@type":"BreadcrumbList","@id":"https:\/\/hrdays.net\/radionica-bootcamp-od-jada-jada-do-wow-oglasa\/#breadcrumb","itemListElement":[{"@type":"ListItem","position":1,"name":"Home","item":"https:\/\/hrdays.net\/"},{"@type":"ListItem","position":2,"name":"RADIONICA: Bootcamp: Od \u2018jada jada\u2019 do WOW oglasa"}]},{"@type":"WebSite","@id":"https:\/\/hrdays.net\/#website","url":"https:\/\/hrdays.net\/","name":"HR Days","description":"HRDays - konferencija o upravljanju ljudskim resursima","potentialAction":[{"@type":"SearchAction","target":{"@type":"EntryPoint","urlTemplate":"https:\/\/hrdays.net\/?s={search_term_string}"},"query-input":{"@type":"PropertyValueSpecification","valueRequired":true,"valueName":"search_term_string"}}],"inLanguage":"en-GB"}]}},"_links":{"self":[{"href":"https:\/\/hrdays.net\/en\/wp-json\/wp\/v2\/pages\/10719","targetHints":{"allow":["GET"]}}],"collection":[{"href":"https:\/\/hrdays.net\/en\/wp-json\/wp\/v2\/pages"}],"about":[{"href":"https:\/\/hrdays.net\/en\/wp-json\/wp\/v2\/types\/page"}],"author":[{"embeddable":true,"href":"https:\/\/hrdays.net\/en\/wp-json\/wp\/v2\/users\/119"}],"replies":[{"embeddable":true,"href":"https:\/\/hrdays.net\/en\/wp-json\/wp\/v2\/comments?post=10719"}],"version-history":[{"count":2,"href":"https:\/\/hrdays.net\/en\/wp-json\/wp\/v2\/pages\/10719\/revisions"}],"predecessor-version":[{"id":10758,"href":"https:\/\/hrdays.net\/en\/wp-json\/wp\/v2\/pages\/10719\/revisions\/10758"}],"wp:attachment":[{"href":"https:\/\/hrdays.net\/en\/wp-json\/wp\/v2\/media?parent=10719"}],"wp:term":[{"taxonomy":"category","embeddable":true,"href":"https:\/\/hrdays.net\/en\/wp-json\/wp\/v2\/categories?post=10719"},{"taxonomy":"post_tag","embeddable":true,"href":"https:\/\/hrdays.net\/en\/wp-json\/wp\/v2\/tags?post=10719"}],"curies":[{"name":"wp","href":"https:\/\/api.w.org\/{rel}","templated":true}]}}