{"id":10634,"date":"2026-03-12T09:37:43","date_gmt":"2026-03-12T08:37:43","guid":{"rendered":"https:\/\/hrdays.net\/?page_id=10634"},"modified":"2026-03-12T09:37:45","modified_gmt":"2026-03-12T08:37:45","slug":"masterclass-new-leadership-at-the-edge-of-change","status":"publish","type":"page","link":"https:\/\/hrdays.net\/en\/masterclass-new-leadership-at-the-edge-of-change\/","title":{"rendered":"MASTERCLASS: New Leadership at the Edge of Change"},"content":{"rendered":"<p>We are entering a period of unprecedented technological and organizational transformations that will significantly affect employees across all industries, the way work is done, people\u2019s expectations, and the very foundations of organizational success. In such a context, it will no longer be enough simply to introduce new tools, processes, and structures; it will become equally important how organizations build the capacity to guide people through transition in a way that creates trust, clarity, and readiness for change.<\/p>\n\n\n\n<p>This exclusive two-hour masterclass creates space for something that organizations often lack time for: for leaders to briefly step out of operational speed and, with greater clarity and awareness, observe emerging trends, the system they lead, and their own leadership approach.<\/p>\n\n\n\n<p>Employee engagement will not be influenced only by changes in processes, tools, and ways of working, but equally by the quality of leadership: the level of presence, emotional stability, the ability to handle complexity, and the way leaders communicate direction, meaning, and psychological safety during times of change.<\/p>\n\n\n\n<p>For this reason, the key question is no longer only how to lead transformation, but from which inner level a leader leads that transformation. How, then, can we connect a leader\u2019s personal development, operational excellence, strategic vision, change implementation, and both personal and organizational purpose\u2014and develop leadership that is mature enough to carry complexity, clear enough to guide change, and strong enough to create real, long-term organizational shift? Let\u2019s explore this together.<\/p>","protected":false},"excerpt":{"rendered":"<p>Pred nama je razdoblje dosad nezabilje\u017eenih tehnolo\u0161kih i organizacijskih transformacija koje \u0107e sna\u017eno utjecati na zaposlenike u svim industrijama, na na\u010din rada, o\u010dekivanja ljudi i same temelje organizacijske uspje\u0161nosti. U takvom kontekstu, vi\u0161e ne\u0107e biti dovoljno samo uvoditi nove alate,&#8230;<\/p>","protected":false},"author":119,"featured_media":0,"parent":0,"menu_order":0,"comment_status":"closed","ping_status":"closed","template":"","meta":{"_monsterinsights_skip_tracking":false,"_monsterinsights_sitenote_active":false,"_monsterinsights_sitenote_note":"","_monsterinsights_sitenote_category":0,"footnotes":""},"categories":[],"tags":[],"class_list":["post-10634","page","type-page","status-publish","hentry"],"yoast_head":"<!-- This site is optimized with the Yoast SEO plugin v25.3 - https:\/\/yoast.com\/wordpress\/plugins\/seo\/ -->\n<title>MASTERCLASS: New Leadership at the Edge of Change - HR Days<\/title>\n<meta name=\"robots\" content=\"index, follow, max-snippet:-1, max-image-preview:large, max-video-preview:-1\" \/>\n<link rel=\"canonical\" href=\"https:\/\/hrdays.net\/en\/masterclass-new-leadership-at-the-edge-of-change\/\" \/>\n<meta property=\"og:locale\" content=\"en_GB\" \/>\n<meta property=\"og:type\" content=\"article\" \/>\n<meta property=\"og:title\" content=\"MASTERCLASS: New Leadership at the Edge of Change - HR Days\" \/>\n<meta property=\"og:description\" content=\"Pred nama je razdoblje dosad nezabilje\u017eenih tehnolo\u0161kih i organizacijskih transformacija koje \u0107e sna\u017eno utjecati na zaposlenike u svim industrijama, na na\u010din rada, o\u010dekivanja ljudi i same temelje organizacijske uspje\u0161nosti. U takvom kontekstu, vi\u0161e ne\u0107e biti dovoljno samo uvoditi nove alate,...\" \/>\n<meta property=\"og:url\" content=\"https:\/\/hrdays.net\/en\/masterclass-new-leadership-at-the-edge-of-change\/\" \/>\n<meta property=\"og:site_name\" content=\"HR Days\" \/>\n<meta property=\"article:modified_time\" content=\"2026-03-12T08:37:45+00:00\" \/>\n<meta property=\"og:image\" content=\"https:\/\/hrdays.net\/wp-content\/uploads\/2021\/03\/rovinj-conference-2.jpg\" \/>\n\t<meta property=\"og:image:width\" content=\"1200\" \/>\n\t<meta property=\"og:image:height\" content=\"573\" \/>\n\t<meta property=\"og:image:type\" content=\"image\/jpeg\" \/>\n<meta name=\"twitter:card\" content=\"summary_large_image\" \/>\n<meta name=\"twitter:label1\" content=\"Estimated reading time\" \/>\n\t<meta name=\"twitter:data1\" content=\"2 minutes\" \/>\n<script type=\"application\/ld+json\" class=\"yoast-schema-graph\">{\"@context\":\"https:\/\/schema.org\",\"@graph\":[{\"@type\":\"WebPage\",\"@id\":\"https:\/\/hrdays.net\/masterclass-new-leadership-at-the-edge-of-change\/\",\"url\":\"https:\/\/hrdays.net\/masterclass-new-leadership-at-the-edge-of-change\/\",\"name\":\"MASTERCLASS: New Leadership at the Edge of Change - HR Days\",\"isPartOf\":{\"@id\":\"https:\/\/hrdays.net\/#website\"},\"datePublished\":\"2026-03-12T08:37:43+00:00\",\"dateModified\":\"2026-03-12T08:37:45+00:00\",\"breadcrumb\":{\"@id\":\"https:\/\/hrdays.net\/masterclass-new-leadership-at-the-edge-of-change\/#breadcrumb\"},\"inLanguage\":\"en-GB\",\"potentialAction\":[{\"@type\":\"ReadAction\",\"target\":[\"https:\/\/hrdays.net\/masterclass-new-leadership-at-the-edge-of-change\/\"]}]},{\"@type\":\"BreadcrumbList\",\"@id\":\"https:\/\/hrdays.net\/masterclass-new-leadership-at-the-edge-of-change\/#breadcrumb\",\"itemListElement\":[{\"@type\":\"ListItem\",\"position\":1,\"name\":\"Home\",\"item\":\"https:\/\/hrdays.net\/\"},{\"@type\":\"ListItem\",\"position\":2,\"name\":\"MASTERCLASS: New Leadership at the Edge of Change\"}]},{\"@type\":\"WebSite\",\"@id\":\"https:\/\/hrdays.net\/#website\",\"url\":\"https:\/\/hrdays.net\/\",\"name\":\"HR Days\",\"description\":\"HRDays - konferencija o upravljanju ljudskim resursima\",\"potentialAction\":[{\"@type\":\"SearchAction\",\"target\":{\"@type\":\"EntryPoint\",\"urlTemplate\":\"https:\/\/hrdays.net\/?s={search_term_string}\"},\"query-input\":{\"@type\":\"PropertyValueSpecification\",\"valueRequired\":true,\"valueName\":\"search_term_string\"}}],\"inLanguage\":\"en-GB\"}]}<\/script>\n<!-- \/ Yoast SEO plugin. -->","yoast_head_json":{"title":"MASTERCLASS: New Leadership at the Edge of Change - HR Days","robots":{"index":"index","follow":"follow","max-snippet":"max-snippet:-1","max-image-preview":"max-image-preview:large","max-video-preview":"max-video-preview:-1"},"canonical":"https:\/\/hrdays.net\/en\/masterclass-new-leadership-at-the-edge-of-change\/","og_locale":"en_GB","og_type":"article","og_title":"MASTERCLASS: New Leadership at the Edge of Change - HR Days","og_description":"Pred nama je razdoblje dosad nezabilje\u017eenih tehnolo\u0161kih i organizacijskih transformacija koje \u0107e sna\u017eno utjecati na zaposlenike u svim industrijama, na na\u010din rada, o\u010dekivanja ljudi i same temelje organizacijske uspje\u0161nosti. U takvom kontekstu, vi\u0161e ne\u0107e biti dovoljno samo uvoditi nove alate,...","og_url":"https:\/\/hrdays.net\/en\/masterclass-new-leadership-at-the-edge-of-change\/","og_site_name":"HR Days","article_modified_time":"2026-03-12T08:37:45+00:00","og_image":[{"width":1200,"height":573,"url":"https:\/\/hrdays.net\/wp-content\/uploads\/2021\/03\/rovinj-conference-2.jpg","type":"image\/jpeg"}],"twitter_card":"summary_large_image","twitter_misc":{"Estimated reading time":"2 minutes"},"schema":{"@context":"https:\/\/schema.org","@graph":[{"@type":"WebPage","@id":"https:\/\/hrdays.net\/masterclass-new-leadership-at-the-edge-of-change\/","url":"https:\/\/hrdays.net\/masterclass-new-leadership-at-the-edge-of-change\/","name":"MASTERCLASS: New Leadership at the Edge of Change - HR Days","isPartOf":{"@id":"https:\/\/hrdays.net\/#website"},"datePublished":"2026-03-12T08:37:43+00:00","dateModified":"2026-03-12T08:37:45+00:00","breadcrumb":{"@id":"https:\/\/hrdays.net\/masterclass-new-leadership-at-the-edge-of-change\/#breadcrumb"},"inLanguage":"en-GB","potentialAction":[{"@type":"ReadAction","target":["https:\/\/hrdays.net\/masterclass-new-leadership-at-the-edge-of-change\/"]}]},{"@type":"BreadcrumbList","@id":"https:\/\/hrdays.net\/masterclass-new-leadership-at-the-edge-of-change\/#breadcrumb","itemListElement":[{"@type":"ListItem","position":1,"name":"Home","item":"https:\/\/hrdays.net\/"},{"@type":"ListItem","position":2,"name":"MASTERCLASS: New Leadership at the Edge of Change"}]},{"@type":"WebSite","@id":"https:\/\/hrdays.net\/#website","url":"https:\/\/hrdays.net\/","name":"HR Days","description":"HRDays - konferencija o upravljanju ljudskim resursima","potentialAction":[{"@type":"SearchAction","target":{"@type":"EntryPoint","urlTemplate":"https:\/\/hrdays.net\/?s={search_term_string}"},"query-input":{"@type":"PropertyValueSpecification","valueRequired":true,"valueName":"search_term_string"}}],"inLanguage":"en-GB"}]}},"_links":{"self":[{"href":"https:\/\/hrdays.net\/en\/wp-json\/wp\/v2\/pages\/10634","targetHints":{"allow":["GET"]}}],"collection":[{"href":"https:\/\/hrdays.net\/en\/wp-json\/wp\/v2\/pages"}],"about":[{"href":"https:\/\/hrdays.net\/en\/wp-json\/wp\/v2\/types\/page"}],"author":[{"embeddable":true,"href":"https:\/\/hrdays.net\/en\/wp-json\/wp\/v2\/users\/119"}],"replies":[{"embeddable":true,"href":"https:\/\/hrdays.net\/en\/wp-json\/wp\/v2\/comments?post=10634"}],"version-history":[{"count":1,"href":"https:\/\/hrdays.net\/en\/wp-json\/wp\/v2\/pages\/10634\/revisions"}],"predecessor-version":[{"id":10635,"href":"https:\/\/hrdays.net\/en\/wp-json\/wp\/v2\/pages\/10634\/revisions\/10635"}],"wp:attachment":[{"href":"https:\/\/hrdays.net\/en\/wp-json\/wp\/v2\/media?parent=10634"}],"wp:term":[{"taxonomy":"category","embeddable":true,"href":"https:\/\/hrdays.net\/en\/wp-json\/wp\/v2\/categories?post=10634"},{"taxonomy":"post_tag","embeddable":true,"href":"https:\/\/hrdays.net\/en\/wp-json\/wp\/v2\/tags?post=10634"}],"curies":[{"name":"wp","href":"https:\/\/api.w.org\/{rel}","templated":true}]}}