{"id":10618,"date":"2026-03-11T11:40:45","date_gmt":"2026-03-11T10:40:45","guid":{"rendered":"https:\/\/hrdays.net\/?page_id=10618"},"modified":"2026-03-11T11:40:55","modified_gmt":"2026-03-11T10:40:55","slug":"stand-up-smijeh-istina-i-hr-realnost-u-jednom","status":"publish","type":"page","link":"https:\/\/hrdays.net\/en\/stand-up-smijeh-istina-i-hr-realnost-u-jednom\/","title":{"rendered":"Stand-Up: Laughter, Truth, and HR Reality in One Unforgettable Experience!"},"content":{"rendered":"<p>Comedian Vlatko \u0160tampar, from \u010cakovec, started his career in the late 80s by putting a smile on his mother\u2019s face after the unimaginable pains of childbirth. Following that first and \"bloodiest\" gig, young Vlatko realized early on that he loved making people laugh.\n\nJust 20-some years later, rumors began spreading through Zagreb\u2019s stand-up underground about a gentle giant with a sharp wit. Starting at the now-legendary open-mic nights at Purgeraj, this \"misfit\" from the Me\u0111imurje region quickly became a crowd favorite.\n\nBy helping build the Zagreb stand-up scene from the ground up, Vlatko \u0160tampar has become an essential name in comedy across the region\u2014except, perhaps, in Hungary.<\/p>\n\n\n\n<p>He performs at stand-up nights and comedy festivals in cities across the former Yugoslavia. Despite the language barrier\u2014his mother tongue being the specific Me\u0111imurje dialect\u2014he manages to make thousands laugh with an unusual physical ease.\n\nFor years, Vlatko has been a staple at Zagreb\u2019s Studio Smijeha, where he relentlessly exposes his own warped worldview and a rich imagination populated by animals that talk (nonsense) and forbidden perversions that might\u2014out of context\u2014be considered a criminal offense.\n\nFor those who haven\u2019t \"tried\" him yet, Vlatko remains the personification of all those insane thoughts we all have in that part of the mind we choose to ignore. For those who have experienced him, he is a release valve for wild associations that, combined with his unique style, inevitably trigger laughter. He is truly one of the best comedians in the region.\n\nExcept, of course, in Hungary.&nbsp;<\/p>","protected":false},"excerpt":{"rendered":"<p>\u010cakove\u010dki komi\u010dar Vlatko \u0160tampar karijeru zapo\u010dinje krajem 80-ih, izmamiv\u0161i vlastitoj majci osmjeh na lice nakon nezamislivih porodiljnih muka. Nakon te prve i najkrvavije ga\u017ee u \u017eivotu, mladi je Vlatko na samom po\u010detku zavolio nasmijavati ljude oko&nbsp;sebe. Samo 20-kusur godina kasnije,&nbsp;stand-up&nbsp;podzemljem&#8230;<\/p>","protected":false},"author":119,"featured_media":0,"parent":0,"menu_order":0,"comment_status":"closed","ping_status":"closed","template":"","meta":{"_monsterinsights_skip_tracking":false,"_monsterinsights_sitenote_active":false,"_monsterinsights_sitenote_note":"","_monsterinsights_sitenote_category":0,"footnotes":""},"categories":[],"tags":[],"class_list":["post-10618","page","type-page","status-publish","hentry"],"yoast_head":"<!-- This site is optimized with the Yoast SEO plugin v25.3 - https:\/\/yoast.com\/wordpress\/plugins\/seo\/ -->\n<title>Stand-Up: Smijeh, istina i HR realnost u jednom! - HR Days<\/title>\n<meta name=\"robots\" content=\"index, follow, max-snippet:-1, max-image-preview:large, max-video-preview:-1\" \/>\n<link rel=\"canonical\" href=\"https:\/\/hrdays.net\/en\/stand-up-smijeh-istina-i-hr-realnost-u-jednom\/\" \/>\n<meta property=\"og:locale\" content=\"en_GB\" \/>\n<meta property=\"og:type\" content=\"article\" \/>\n<meta property=\"og:title\" content=\"Stand-Up: Smijeh, istina i HR realnost u jednom! - HR Days\" \/>\n<meta property=\"og:description\" content=\"\u010cakove\u010dki komi\u010dar Vlatko \u0160tampar karijeru zapo\u010dinje krajem 80-ih, izmamiv\u0161i vlastitoj majci osmjeh na lice nakon nezamislivih porodiljnih muka. Nakon te prve i najkrvavije ga\u017ee u \u017eivotu, mladi je Vlatko na samom po\u010detku zavolio nasmijavati ljude oko&nbsp;sebe. Samo 20-kusur godina kasnije,&nbsp;stand-up&nbsp;podzemljem...\" \/>\n<meta property=\"og:url\" content=\"https:\/\/hrdays.net\/en\/stand-up-smijeh-istina-i-hr-realnost-u-jednom\/\" \/>\n<meta property=\"og:site_name\" content=\"HR Days\" \/>\n<meta property=\"article:modified_time\" content=\"2026-03-11T10:40:55+00:00\" \/>\n<meta property=\"og:image\" content=\"https:\/\/hrdays.net\/wp-content\/uploads\/2021\/03\/rovinj-conference-2.jpg\" \/>\n\t<meta property=\"og:image:width\" content=\"1200\" \/>\n\t<meta property=\"og:image:height\" content=\"573\" \/>\n\t<meta property=\"og:image:type\" content=\"image\/jpeg\" \/>\n<meta name=\"twitter:card\" content=\"summary_large_image\" \/>\n<meta name=\"twitter:label1\" content=\"Estimated reading time\" \/>\n\t<meta name=\"twitter:data1\" content=\"2 minutes\" \/>\n<script type=\"application\/ld+json\" class=\"yoast-schema-graph\">{\"@context\":\"https:\/\/schema.org\",\"@graph\":[{\"@type\":\"WebPage\",\"@id\":\"https:\/\/hrdays.net\/stand-up-smijeh-istina-i-hr-realnost-u-jednom\/\",\"url\":\"https:\/\/hrdays.net\/stand-up-smijeh-istina-i-hr-realnost-u-jednom\/\",\"name\":\"Stand-Up: Smijeh, istina i HR realnost u jednom! - HR Days\",\"isPartOf\":{\"@id\":\"https:\/\/hrdays.net\/#website\"},\"datePublished\":\"2026-03-11T10:40:45+00:00\",\"dateModified\":\"2026-03-11T10:40:55+00:00\",\"breadcrumb\":{\"@id\":\"https:\/\/hrdays.net\/stand-up-smijeh-istina-i-hr-realnost-u-jednom\/#breadcrumb\"},\"inLanguage\":\"en-GB\",\"potentialAction\":[{\"@type\":\"ReadAction\",\"target\":[\"https:\/\/hrdays.net\/stand-up-smijeh-istina-i-hr-realnost-u-jednom\/\"]}]},{\"@type\":\"BreadcrumbList\",\"@id\":\"https:\/\/hrdays.net\/stand-up-smijeh-istina-i-hr-realnost-u-jednom\/#breadcrumb\",\"itemListElement\":[{\"@type\":\"ListItem\",\"position\":1,\"name\":\"Home\",\"item\":\"https:\/\/hrdays.net\/\"},{\"@type\":\"ListItem\",\"position\":2,\"name\":\"Stand-Up: Smijeh, istina i HR realnost u jednom!\"}]},{\"@type\":\"WebSite\",\"@id\":\"https:\/\/hrdays.net\/#website\",\"url\":\"https:\/\/hrdays.net\/\",\"name\":\"HR Days\",\"description\":\"HRDays - konferencija o upravljanju ljudskim resursima\",\"potentialAction\":[{\"@type\":\"SearchAction\",\"target\":{\"@type\":\"EntryPoint\",\"urlTemplate\":\"https:\/\/hrdays.net\/?s={search_term_string}\"},\"query-input\":{\"@type\":\"PropertyValueSpecification\",\"valueRequired\":true,\"valueName\":\"search_term_string\"}}],\"inLanguage\":\"en-GB\"}]}<\/script>\n<!-- \/ Yoast SEO plugin. -->","yoast_head_json":{"title":"Stand-Up: Smijeh, istina i HR realnost u jednom! - HR Days","robots":{"index":"index","follow":"follow","max-snippet":"max-snippet:-1","max-image-preview":"max-image-preview:large","max-video-preview":"max-video-preview:-1"},"canonical":"https:\/\/hrdays.net\/en\/stand-up-smijeh-istina-i-hr-realnost-u-jednom\/","og_locale":"en_GB","og_type":"article","og_title":"Stand-Up: Smijeh, istina i HR realnost u jednom! - HR Days","og_description":"\u010cakove\u010dki komi\u010dar Vlatko \u0160tampar karijeru zapo\u010dinje krajem 80-ih, izmamiv\u0161i vlastitoj majci osmjeh na lice nakon nezamislivih porodiljnih muka. Nakon te prve i najkrvavije ga\u017ee u \u017eivotu, mladi je Vlatko na samom po\u010detku zavolio nasmijavati ljude oko&nbsp;sebe. Samo 20-kusur godina kasnije,&nbsp;stand-up&nbsp;podzemljem...","og_url":"https:\/\/hrdays.net\/en\/stand-up-smijeh-istina-i-hr-realnost-u-jednom\/","og_site_name":"HR Days","article_modified_time":"2026-03-11T10:40:55+00:00","og_image":[{"width":1200,"height":573,"url":"https:\/\/hrdays.net\/wp-content\/uploads\/2021\/03\/rovinj-conference-2.jpg","type":"image\/jpeg"}],"twitter_card":"summary_large_image","twitter_misc":{"Estimated reading time":"2 minutes"},"schema":{"@context":"https:\/\/schema.org","@graph":[{"@type":"WebPage","@id":"https:\/\/hrdays.net\/stand-up-smijeh-istina-i-hr-realnost-u-jednom\/","url":"https:\/\/hrdays.net\/stand-up-smijeh-istina-i-hr-realnost-u-jednom\/","name":"Stand-Up: Smijeh, istina i HR realnost u jednom! - HR Days","isPartOf":{"@id":"https:\/\/hrdays.net\/#website"},"datePublished":"2026-03-11T10:40:45+00:00","dateModified":"2026-03-11T10:40:55+00:00","breadcrumb":{"@id":"https:\/\/hrdays.net\/stand-up-smijeh-istina-i-hr-realnost-u-jednom\/#breadcrumb"},"inLanguage":"en-GB","potentialAction":[{"@type":"ReadAction","target":["https:\/\/hrdays.net\/stand-up-smijeh-istina-i-hr-realnost-u-jednom\/"]}]},{"@type":"BreadcrumbList","@id":"https:\/\/hrdays.net\/stand-up-smijeh-istina-i-hr-realnost-u-jednom\/#breadcrumb","itemListElement":[{"@type":"ListItem","position":1,"name":"Home","item":"https:\/\/hrdays.net\/"},{"@type":"ListItem","position":2,"name":"Stand-Up: Smijeh, istina i HR realnost u jednom!"}]},{"@type":"WebSite","@id":"https:\/\/hrdays.net\/#website","url":"https:\/\/hrdays.net\/","name":"HR Days","description":"HRDays - konferencija o upravljanju ljudskim resursima","potentialAction":[{"@type":"SearchAction","target":{"@type":"EntryPoint","urlTemplate":"https:\/\/hrdays.net\/?s={search_term_string}"},"query-input":{"@type":"PropertyValueSpecification","valueRequired":true,"valueName":"search_term_string"}}],"inLanguage":"en-GB"}]}},"_links":{"self":[{"href":"https:\/\/hrdays.net\/en\/wp-json\/wp\/v2\/pages\/10618","targetHints":{"allow":["GET"]}}],"collection":[{"href":"https:\/\/hrdays.net\/en\/wp-json\/wp\/v2\/pages"}],"about":[{"href":"https:\/\/hrdays.net\/en\/wp-json\/wp\/v2\/types\/page"}],"author":[{"embeddable":true,"href":"https:\/\/hrdays.net\/en\/wp-json\/wp\/v2\/users\/119"}],"replies":[{"embeddable":true,"href":"https:\/\/hrdays.net\/en\/wp-json\/wp\/v2\/comments?post=10618"}],"version-history":[{"count":2,"href":"https:\/\/hrdays.net\/en\/wp-json\/wp\/v2\/pages\/10618\/revisions"}],"predecessor-version":[{"id":10620,"href":"https:\/\/hrdays.net\/en\/wp-json\/wp\/v2\/pages\/10618\/revisions\/10620"}],"wp:attachment":[{"href":"https:\/\/hrdays.net\/en\/wp-json\/wp\/v2\/media?parent=10618"}],"wp:term":[{"taxonomy":"category","embeddable":true,"href":"https:\/\/hrdays.net\/en\/wp-json\/wp\/v2\/categories?post=10618"},{"taxonomy":"post_tag","embeddable":true,"href":"https:\/\/hrdays.net\/en\/wp-json\/wp\/v2\/tags?post=10618"}],"curies":[{"name":"wp","href":"https:\/\/api.w.org\/{rel}","templated":true}]}}