{"id":10616,"date":"2026-03-11T11:38:40","date_gmt":"2026-03-11T10:38:40","guid":{"rendered":"https:\/\/hrdays.net\/?page_id=10616"},"modified":"2026-03-11T11:38:42","modified_gmt":"2026-03-11T10:38:42","slug":"predavanje-elevating-your-performance-from-being-a-swimmer-to-a-waterwalker","status":"publish","type":"page","link":"https:\/\/hrdays.net\/en\/predavanje-elevating-your-performance-from-being-a-swimmer-to-a-waterwalker\/","title":{"rendered":"LECTURE: Elevating Your Performance from Being a \u2018Swimmer\u2019 to a \u2018Waterwalker"},"content":{"rendered":"<p>Most individuals and teams are good performers. \u00a0They know how to \u201cswim\u201d. \u00a0<\/p>\n\n\n\n<p>However, in any organization or team there are those very few at the top who go beyond swimming to \u201cwater walking\u201d. \u00a0They simply take performance to a whole new level!\u00a0<\/p>\n\n\n\n<p>Making this shift from being a swimmer to a waterwalker is not genetic nor based on any inherent advantages; it\u2019s simply a matter of adopting the right strategies and attitudes.\u00a0<\/p>\n\n\n\n<p>Based on a study of Waterwalkers in sports, yet with 100% applicable-to-business learnings, this dynamic presentation uses the world of sports as an engaging teaching tool to teach participants these strategies and attitudes. \u00a0Participants can start elevating their performance to \u201cWaterwalker\u201d levels the next day!\u00a0<\/p>","protected":false},"excerpt":{"rendered":"<p>Ve\u0107ina pojedinaca i timova dobri su izvo\u0111a\u010di. Znaju kako \u201eplivati\u201c. Me\u0111utim, u svakoj organizaciji ili timu postoji onih nekoliko na samom vrhu koji nadilaze plivanje i prelaze na \u201ehodanje po vodi\u201c. Oni jednostavno podi\u017eu razinu izvedbe na potpuno novu razinu!&#8230;<\/p>","protected":false},"author":119,"featured_media":0,"parent":0,"menu_order":0,"comment_status":"closed","ping_status":"closed","template":"","meta":{"_monsterinsights_skip_tracking":false,"_monsterinsights_sitenote_active":false,"_monsterinsights_sitenote_note":"","_monsterinsights_sitenote_category":0,"footnotes":""},"categories":[],"tags":[],"class_list":["post-10616","page","type-page","status-publish","hentry"],"yoast_head":"<!-- This site is optimized with the Yoast SEO plugin v25.3 - https:\/\/yoast.com\/wordpress\/plugins\/seo\/ -->\n<title>PREDAVANJE: Elevating Your Performance from Being a \u2018Swimmer\u2019 to a \u2018Waterwalker - HR Days<\/title>\n<meta name=\"robots\" content=\"index, follow, max-snippet:-1, max-image-preview:large, max-video-preview:-1\" \/>\n<link rel=\"canonical\" href=\"https:\/\/hrdays.net\/en\/predavanje-elevating-your-performance-from-being-a-swimmer-to-a-waterwalker\/\" \/>\n<meta property=\"og:locale\" content=\"en_GB\" \/>\n<meta property=\"og:type\" content=\"article\" \/>\n<meta property=\"og:title\" content=\"PREDAVANJE: Elevating Your Performance from Being a \u2018Swimmer\u2019 to a \u2018Waterwalker - HR Days\" \/>\n<meta property=\"og:description\" content=\"Ve\u0107ina pojedinaca i timova dobri su izvo\u0111a\u010di. Znaju kako \u201eplivati\u201c. Me\u0111utim, u svakoj organizaciji ili timu postoji onih nekoliko na samom vrhu koji nadilaze plivanje i prelaze na \u201ehodanje po vodi\u201c. Oni jednostavno podi\u017eu razinu izvedbe na potpuno novu razinu!...\" \/>\n<meta property=\"og:url\" content=\"https:\/\/hrdays.net\/en\/predavanje-elevating-your-performance-from-being-a-swimmer-to-a-waterwalker\/\" \/>\n<meta property=\"og:site_name\" content=\"HR Days\" \/>\n<meta property=\"article:modified_time\" content=\"2026-03-11T10:38:42+00:00\" \/>\n<meta property=\"og:image\" content=\"https:\/\/hrdays.net\/wp-content\/uploads\/2021\/03\/rovinj-conference-2.jpg\" \/>\n\t<meta property=\"og:image:width\" content=\"1200\" \/>\n\t<meta property=\"og:image:height\" content=\"573\" \/>\n\t<meta property=\"og:image:type\" content=\"image\/jpeg\" \/>\n<meta name=\"twitter:card\" content=\"summary_large_image\" \/>\n<meta name=\"twitter:label1\" content=\"Estimated reading time\" \/>\n\t<meta name=\"twitter:data1\" content=\"1 minute\" \/>\n<script type=\"application\/ld+json\" class=\"yoast-schema-graph\">{\"@context\":\"https:\/\/schema.org\",\"@graph\":[{\"@type\":\"WebPage\",\"@id\":\"https:\/\/hrdays.net\/predavanje-elevating-your-performance-from-being-a-swimmer-to-a-waterwalker\/\",\"url\":\"https:\/\/hrdays.net\/predavanje-elevating-your-performance-from-being-a-swimmer-to-a-waterwalker\/\",\"name\":\"PREDAVANJE: Elevating Your Performance from Being a \u2018Swimmer\u2019 to a \u2018Waterwalker - HR Days\",\"isPartOf\":{\"@id\":\"https:\/\/hrdays.net\/#website\"},\"datePublished\":\"2026-03-11T10:38:40+00:00\",\"dateModified\":\"2026-03-11T10:38:42+00:00\",\"breadcrumb\":{\"@id\":\"https:\/\/hrdays.net\/predavanje-elevating-your-performance-from-being-a-swimmer-to-a-waterwalker\/#breadcrumb\"},\"inLanguage\":\"en-GB\",\"potentialAction\":[{\"@type\":\"ReadAction\",\"target\":[\"https:\/\/hrdays.net\/predavanje-elevating-your-performance-from-being-a-swimmer-to-a-waterwalker\/\"]}]},{\"@type\":\"BreadcrumbList\",\"@id\":\"https:\/\/hrdays.net\/predavanje-elevating-your-performance-from-being-a-swimmer-to-a-waterwalker\/#breadcrumb\",\"itemListElement\":[{\"@type\":\"ListItem\",\"position\":1,\"name\":\"Home\",\"item\":\"https:\/\/hrdays.net\/\"},{\"@type\":\"ListItem\",\"position\":2,\"name\":\"PREDAVANJE: Elevating Your Performance from Being a \u2018Swimmer\u2019 to a \u2018Waterwalker\"}]},{\"@type\":\"WebSite\",\"@id\":\"https:\/\/hrdays.net\/#website\",\"url\":\"https:\/\/hrdays.net\/\",\"name\":\"HR Days\",\"description\":\"HRDays - konferencija o upravljanju ljudskim resursima\",\"potentialAction\":[{\"@type\":\"SearchAction\",\"target\":{\"@type\":\"EntryPoint\",\"urlTemplate\":\"https:\/\/hrdays.net\/?s={search_term_string}\"},\"query-input\":{\"@type\":\"PropertyValueSpecification\",\"valueRequired\":true,\"valueName\":\"search_term_string\"}}],\"inLanguage\":\"en-GB\"}]}<\/script>\n<!-- \/ Yoast SEO plugin. -->","yoast_head_json":{"title":"PREDAVANJE: Elevating Your Performance from Being a \u2018Swimmer\u2019 to a \u2018Waterwalker - HR Days","robots":{"index":"index","follow":"follow","max-snippet":"max-snippet:-1","max-image-preview":"max-image-preview:large","max-video-preview":"max-video-preview:-1"},"canonical":"https:\/\/hrdays.net\/en\/predavanje-elevating-your-performance-from-being-a-swimmer-to-a-waterwalker\/","og_locale":"en_GB","og_type":"article","og_title":"PREDAVANJE: Elevating Your Performance from Being a \u2018Swimmer\u2019 to a \u2018Waterwalker - HR Days","og_description":"Ve\u0107ina pojedinaca i timova dobri su izvo\u0111a\u010di. Znaju kako \u201eplivati\u201c. Me\u0111utim, u svakoj organizaciji ili timu postoji onih nekoliko na samom vrhu koji nadilaze plivanje i prelaze na \u201ehodanje po vodi\u201c. Oni jednostavno podi\u017eu razinu izvedbe na potpuno novu razinu!...","og_url":"https:\/\/hrdays.net\/en\/predavanje-elevating-your-performance-from-being-a-swimmer-to-a-waterwalker\/","og_site_name":"HR Days","article_modified_time":"2026-03-11T10:38:42+00:00","og_image":[{"width":1200,"height":573,"url":"https:\/\/hrdays.net\/wp-content\/uploads\/2021\/03\/rovinj-conference-2.jpg","type":"image\/jpeg"}],"twitter_card":"summary_large_image","twitter_misc":{"Estimated reading time":"1 minute"},"schema":{"@context":"https:\/\/schema.org","@graph":[{"@type":"WebPage","@id":"https:\/\/hrdays.net\/predavanje-elevating-your-performance-from-being-a-swimmer-to-a-waterwalker\/","url":"https:\/\/hrdays.net\/predavanje-elevating-your-performance-from-being-a-swimmer-to-a-waterwalker\/","name":"PREDAVANJE: Elevating Your Performance from Being a \u2018Swimmer\u2019 to a \u2018Waterwalker - HR Days","isPartOf":{"@id":"https:\/\/hrdays.net\/#website"},"datePublished":"2026-03-11T10:38:40+00:00","dateModified":"2026-03-11T10:38:42+00:00","breadcrumb":{"@id":"https:\/\/hrdays.net\/predavanje-elevating-your-performance-from-being-a-swimmer-to-a-waterwalker\/#breadcrumb"},"inLanguage":"en-GB","potentialAction":[{"@type":"ReadAction","target":["https:\/\/hrdays.net\/predavanje-elevating-your-performance-from-being-a-swimmer-to-a-waterwalker\/"]}]},{"@type":"BreadcrumbList","@id":"https:\/\/hrdays.net\/predavanje-elevating-your-performance-from-being-a-swimmer-to-a-waterwalker\/#breadcrumb","itemListElement":[{"@type":"ListItem","position":1,"name":"Home","item":"https:\/\/hrdays.net\/"},{"@type":"ListItem","position":2,"name":"PREDAVANJE: Elevating Your Performance from Being a \u2018Swimmer\u2019 to a \u2018Waterwalker"}]},{"@type":"WebSite","@id":"https:\/\/hrdays.net\/#website","url":"https:\/\/hrdays.net\/","name":"HR Days","description":"HRDays - konferencija o upravljanju ljudskim resursima","potentialAction":[{"@type":"SearchAction","target":{"@type":"EntryPoint","urlTemplate":"https:\/\/hrdays.net\/?s={search_term_string}"},"query-input":{"@type":"PropertyValueSpecification","valueRequired":true,"valueName":"search_term_string"}}],"inLanguage":"en-GB"}]}},"_links":{"self":[{"href":"https:\/\/hrdays.net\/en\/wp-json\/wp\/v2\/pages\/10616","targetHints":{"allow":["GET"]}}],"collection":[{"href":"https:\/\/hrdays.net\/en\/wp-json\/wp\/v2\/pages"}],"about":[{"href":"https:\/\/hrdays.net\/en\/wp-json\/wp\/v2\/types\/page"}],"author":[{"embeddable":true,"href":"https:\/\/hrdays.net\/en\/wp-json\/wp\/v2\/users\/119"}],"replies":[{"embeddable":true,"href":"https:\/\/hrdays.net\/en\/wp-json\/wp\/v2\/comments?post=10616"}],"version-history":[{"count":1,"href":"https:\/\/hrdays.net\/en\/wp-json\/wp\/v2\/pages\/10616\/revisions"}],"predecessor-version":[{"id":10617,"href":"https:\/\/hrdays.net\/en\/wp-json\/wp\/v2\/pages\/10616\/revisions\/10617"}],"wp:attachment":[{"href":"https:\/\/hrdays.net\/en\/wp-json\/wp\/v2\/media?parent=10616"}],"wp:term":[{"taxonomy":"category","embeddable":true,"href":"https:\/\/hrdays.net\/en\/wp-json\/wp\/v2\/categories?post=10616"},{"taxonomy":"post_tag","embeddable":true,"href":"https:\/\/hrdays.net\/en\/wp-json\/wp\/v2\/tags?post=10616"}],"curies":[{"name":"wp","href":"https:\/\/api.w.org\/{rel}","templated":true}]}}