{"id":10614,"date":"2026-03-11T11:36:52","date_gmt":"2026-03-11T10:36:52","guid":{"rendered":"https:\/\/hrdays.net\/?page_id=10614"},"modified":"2026-03-11T11:36:53","modified_gmt":"2026-03-11T10:36:53","slug":"predavanje-attract-retain-comply-a-fresh-blueprint-for-benefits-in-the-age-of-pay-transparency","status":"publish","type":"page","link":"https:\/\/hrdays.net\/en\/predavanje-attract-retain-comply-a-fresh-blueprint-for-benefits-in-the-age-of-pay-transparency\/","title":{"rendered":"LECTURE: Attract. Retain. Comply \u2013 A Fresh Blueprint for Benefits in the Age of Pay Transparency"},"content":{"rendered":"<p>Are your employee benefits actually working for your business?<\/p>\n\n\n\n<p>Most companies are investing more in benefits than ever before - yet very few can clearly connect that investment to measurable business outcomes. Too often, benefit programs grow over time without a clear strategy, becoming complex, expensive, and misaligned with what employees truly value. The real challenge today is not about cutting costs, it's about spending smarter. It\u2019s about designing benefits that support your people\u2019s real needs while directly reinforcing your company\u2019s talent strategy and business goals.<\/p>\n\n\n\n<p>At the same time, the landscape is rapidly changing. Employees are expecting more transparency, more personalization, and a clearer understanding of the total value of their compensation. Organizations that fail to evolve risk losing both trust and talent.<\/p>\n\n\n\n<p>And now, the stakes are even higher. The EU Pay Transparency Directive is set to reshape how companies approach total compensation \u2014 and yes, that includes your benefits and pension plans. What used to sit quietly in the background will soon be part of a much more visible and accountable compensation framework.<\/p>\n\n\n\n<p>Ignore these changes, and you may find yourself scrambling to adapt. But companies that rethink their benefits strategy now have a unique opportunity: to build transparent, data-driven, and strategically aligned programs that attract talent, retain key people, and remain fully compliant with the new regulatory environment.<\/p>\n\n\n\n<p>In this session, we\u2019ll explore how organizations can move beyond traditional benefits thinking and create a modern, sustainable benefits blueprint \u2014 one that balances employee expectations, regulatory requirements, and business performance.<\/p>","protected":false},"excerpt":{"rendered":"<p>Funkcioniraju li va\u0161i benefiti za zaposlenike doista u korist va\u0161eg poslovanja? Ve\u0107ina kompanija ula\u017ee u benefite vi\u0161e nego ikada prije, no vrlo mali broj njih mo\u017ee jasno povezati ta ulaganja s mjerljivim poslovnim rezultatima. Pre\u010desto se programi benefita s vremenom&#8230;<\/p>","protected":false},"author":119,"featured_media":0,"parent":0,"menu_order":0,"comment_status":"closed","ping_status":"closed","template":"","meta":{"_monsterinsights_skip_tracking":false,"_monsterinsights_sitenote_active":false,"_monsterinsights_sitenote_note":"","_monsterinsights_sitenote_category":0,"footnotes":""},"categories":[],"tags":[],"class_list":["post-10614","page","type-page","status-publish","hentry"],"yoast_head":"<!-- This site is optimized with the Yoast SEO plugin v25.3 - https:\/\/yoast.com\/wordpress\/plugins\/seo\/ -->\n<title>PREDAVANJE: Attract. Retain. Comply \u2013 A Fresh Blueprint for Benefits in the Age of Pay Transparency - HR Days<\/title>\n<meta name=\"robots\" content=\"index, follow, max-snippet:-1, max-image-preview:large, max-video-preview:-1\" \/>\n<link rel=\"canonical\" href=\"https:\/\/hrdays.net\/en\/predavanje-attract-retain-comply-a-fresh-blueprint-for-benefits-in-the-age-of-pay-transparency\/\" \/>\n<meta property=\"og:locale\" content=\"en_GB\" \/>\n<meta property=\"og:type\" content=\"article\" \/>\n<meta property=\"og:title\" content=\"PREDAVANJE: Attract. Retain. Comply \u2013 A Fresh Blueprint for Benefits in the Age of Pay Transparency - HR Days\" \/>\n<meta property=\"og:description\" content=\"Funkcioniraju li va\u0161i benefiti za zaposlenike doista u korist va\u0161eg poslovanja? Ve\u0107ina kompanija ula\u017ee u benefite vi\u0161e nego ikada prije, no vrlo mali broj njih mo\u017ee jasno povezati ta ulaganja s mjerljivim poslovnim rezultatima. Pre\u010desto se programi benefita s vremenom...\" \/>\n<meta property=\"og:url\" content=\"https:\/\/hrdays.net\/en\/predavanje-attract-retain-comply-a-fresh-blueprint-for-benefits-in-the-age-of-pay-transparency\/\" \/>\n<meta property=\"og:site_name\" content=\"HR Days\" \/>\n<meta property=\"article:modified_time\" content=\"2026-03-11T10:36:53+00:00\" \/>\n<meta property=\"og:image\" content=\"https:\/\/hrdays.net\/wp-content\/uploads\/2021\/03\/rovinj-conference-2.jpg\" \/>\n\t<meta property=\"og:image:width\" content=\"1200\" \/>\n\t<meta property=\"og:image:height\" content=\"573\" \/>\n\t<meta property=\"og:image:type\" content=\"image\/jpeg\" \/>\n<meta name=\"twitter:card\" content=\"summary_large_image\" \/>\n<meta name=\"twitter:label1\" content=\"Estimated reading time\" \/>\n\t<meta name=\"twitter:data1\" content=\"2 minutes\" \/>\n<script type=\"application\/ld+json\" class=\"yoast-schema-graph\">{\"@context\":\"https:\/\/schema.org\",\"@graph\":[{\"@type\":\"WebPage\",\"@id\":\"https:\/\/hrdays.net\/predavanje-attract-retain-comply-a-fresh-blueprint-for-benefits-in-the-age-of-pay-transparency\/\",\"url\":\"https:\/\/hrdays.net\/predavanje-attract-retain-comply-a-fresh-blueprint-for-benefits-in-the-age-of-pay-transparency\/\",\"name\":\"PREDAVANJE: Attract. Retain. Comply \u2013 A Fresh Blueprint for Benefits in the Age of Pay Transparency - HR Days\",\"isPartOf\":{\"@id\":\"https:\/\/hrdays.net\/#website\"},\"datePublished\":\"2026-03-11T10:36:52+00:00\",\"dateModified\":\"2026-03-11T10:36:53+00:00\",\"breadcrumb\":{\"@id\":\"https:\/\/hrdays.net\/predavanje-attract-retain-comply-a-fresh-blueprint-for-benefits-in-the-age-of-pay-transparency\/#breadcrumb\"},\"inLanguage\":\"en-GB\",\"potentialAction\":[{\"@type\":\"ReadAction\",\"target\":[\"https:\/\/hrdays.net\/predavanje-attract-retain-comply-a-fresh-blueprint-for-benefits-in-the-age-of-pay-transparency\/\"]}]},{\"@type\":\"BreadcrumbList\",\"@id\":\"https:\/\/hrdays.net\/predavanje-attract-retain-comply-a-fresh-blueprint-for-benefits-in-the-age-of-pay-transparency\/#breadcrumb\",\"itemListElement\":[{\"@type\":\"ListItem\",\"position\":1,\"name\":\"Home\",\"item\":\"https:\/\/hrdays.net\/\"},{\"@type\":\"ListItem\",\"position\":2,\"name\":\"PREDAVANJE: Attract. Retain. Comply \u2013 A Fresh Blueprint for Benefits in the Age of Pay Transparency\"}]},{\"@type\":\"WebSite\",\"@id\":\"https:\/\/hrdays.net\/#website\",\"url\":\"https:\/\/hrdays.net\/\",\"name\":\"HR Days\",\"description\":\"HRDays - konferencija o upravljanju ljudskim resursima\",\"potentialAction\":[{\"@type\":\"SearchAction\",\"target\":{\"@type\":\"EntryPoint\",\"urlTemplate\":\"https:\/\/hrdays.net\/?s={search_term_string}\"},\"query-input\":{\"@type\":\"PropertyValueSpecification\",\"valueRequired\":true,\"valueName\":\"search_term_string\"}}],\"inLanguage\":\"en-GB\"}]}<\/script>\n<!-- \/ Yoast SEO plugin. -->","yoast_head_json":{"title":"PREDAVANJE: Attract. Retain. Comply \u2013 A Fresh Blueprint for Benefits in the Age of Pay Transparency - HR Days","robots":{"index":"index","follow":"follow","max-snippet":"max-snippet:-1","max-image-preview":"max-image-preview:large","max-video-preview":"max-video-preview:-1"},"canonical":"https:\/\/hrdays.net\/en\/predavanje-attract-retain-comply-a-fresh-blueprint-for-benefits-in-the-age-of-pay-transparency\/","og_locale":"en_GB","og_type":"article","og_title":"PREDAVANJE: Attract. Retain. Comply \u2013 A Fresh Blueprint for Benefits in the Age of Pay Transparency - HR Days","og_description":"Funkcioniraju li va\u0161i benefiti za zaposlenike doista u korist va\u0161eg poslovanja? Ve\u0107ina kompanija ula\u017ee u benefite vi\u0161e nego ikada prije, no vrlo mali broj njih mo\u017ee jasno povezati ta ulaganja s mjerljivim poslovnim rezultatima. Pre\u010desto se programi benefita s vremenom...","og_url":"https:\/\/hrdays.net\/en\/predavanje-attract-retain-comply-a-fresh-blueprint-for-benefits-in-the-age-of-pay-transparency\/","og_site_name":"HR Days","article_modified_time":"2026-03-11T10:36:53+00:00","og_image":[{"width":1200,"height":573,"url":"https:\/\/hrdays.net\/wp-content\/uploads\/2021\/03\/rovinj-conference-2.jpg","type":"image\/jpeg"}],"twitter_card":"summary_large_image","twitter_misc":{"Estimated reading time":"2 minutes"},"schema":{"@context":"https:\/\/schema.org","@graph":[{"@type":"WebPage","@id":"https:\/\/hrdays.net\/predavanje-attract-retain-comply-a-fresh-blueprint-for-benefits-in-the-age-of-pay-transparency\/","url":"https:\/\/hrdays.net\/predavanje-attract-retain-comply-a-fresh-blueprint-for-benefits-in-the-age-of-pay-transparency\/","name":"PREDAVANJE: Attract. Retain. Comply \u2013 A Fresh Blueprint for Benefits in the Age of Pay Transparency - HR Days","isPartOf":{"@id":"https:\/\/hrdays.net\/#website"},"datePublished":"2026-03-11T10:36:52+00:00","dateModified":"2026-03-11T10:36:53+00:00","breadcrumb":{"@id":"https:\/\/hrdays.net\/predavanje-attract-retain-comply-a-fresh-blueprint-for-benefits-in-the-age-of-pay-transparency\/#breadcrumb"},"inLanguage":"en-GB","potentialAction":[{"@type":"ReadAction","target":["https:\/\/hrdays.net\/predavanje-attract-retain-comply-a-fresh-blueprint-for-benefits-in-the-age-of-pay-transparency\/"]}]},{"@type":"BreadcrumbList","@id":"https:\/\/hrdays.net\/predavanje-attract-retain-comply-a-fresh-blueprint-for-benefits-in-the-age-of-pay-transparency\/#breadcrumb","itemListElement":[{"@type":"ListItem","position":1,"name":"Home","item":"https:\/\/hrdays.net\/"},{"@type":"ListItem","position":2,"name":"PREDAVANJE: Attract. Retain. Comply \u2013 A Fresh Blueprint for Benefits in the Age of Pay Transparency"}]},{"@type":"WebSite","@id":"https:\/\/hrdays.net\/#website","url":"https:\/\/hrdays.net\/","name":"HR Days","description":"HRDays - konferencija o upravljanju ljudskim resursima","potentialAction":[{"@type":"SearchAction","target":{"@type":"EntryPoint","urlTemplate":"https:\/\/hrdays.net\/?s={search_term_string}"},"query-input":{"@type":"PropertyValueSpecification","valueRequired":true,"valueName":"search_term_string"}}],"inLanguage":"en-GB"}]}},"_links":{"self":[{"href":"https:\/\/hrdays.net\/en\/wp-json\/wp\/v2\/pages\/10614","targetHints":{"allow":["GET"]}}],"collection":[{"href":"https:\/\/hrdays.net\/en\/wp-json\/wp\/v2\/pages"}],"about":[{"href":"https:\/\/hrdays.net\/en\/wp-json\/wp\/v2\/types\/page"}],"author":[{"embeddable":true,"href":"https:\/\/hrdays.net\/en\/wp-json\/wp\/v2\/users\/119"}],"replies":[{"embeddable":true,"href":"https:\/\/hrdays.net\/en\/wp-json\/wp\/v2\/comments?post=10614"}],"version-history":[{"count":1,"href":"https:\/\/hrdays.net\/en\/wp-json\/wp\/v2\/pages\/10614\/revisions"}],"predecessor-version":[{"id":10615,"href":"https:\/\/hrdays.net\/en\/wp-json\/wp\/v2\/pages\/10614\/revisions\/10615"}],"wp:attachment":[{"href":"https:\/\/hrdays.net\/en\/wp-json\/wp\/v2\/media?parent=10614"}],"wp:term":[{"taxonomy":"category","embeddable":true,"href":"https:\/\/hrdays.net\/en\/wp-json\/wp\/v2\/categories?post=10614"},{"taxonomy":"post_tag","embeddable":true,"href":"https:\/\/hrdays.net\/en\/wp-json\/wp\/v2\/tags?post=10614"}],"curies":[{"name":"wp","href":"https:\/\/api.w.org\/{rel}","templated":true}]}}