{"id":10597,"date":"2026-03-10T12:12:17","date_gmt":"2026-03-10T11:12:17","guid":{"rendered":"https:\/\/hrdays.net\/?page_id=10597"},"modified":"2026-03-10T12:12:19","modified_gmt":"2026-03-10T11:12:19","slug":"radionica-benefiti-na-testu-od-troska-do-strategije","status":"publish","type":"page","link":"https:\/\/hrdays.net\/en\/radionica-benefiti-na-testu-od-troska-do-strategije\/","title":{"rendered":"WORKSHOP: Benefits on Trial: From Cost to Strategy"},"content":{"rendered":"<p class=\"translation-block\">If benefits don\u2019t change employee behavior, it\u2019s hard to say they serve any real purpose.\nAnd without a clear purpose, HR is not managing one of the key business risks: turnover, burnout, declining productivity, and rising healthcare costs.<\/p>\n\n\n\n<p>U ve\u0107ini organizacija benefiti su jo\u0161 uvijek samo popis pogodnosti. U najboljem slu\u010daju, oni su administrativni alat. Rijetko su ono \u0161to bi trebali biti \u2013 instrument za dono\u0161enje poslovnih odluka.<\/p>\n\n\n\n<p>This is not another HR workshop where we simply talk about benefits.<\/p>\n\n\n\n<p>This is a business challenge where we will turn benefits into strategy. Through teamwork and real business scenarios, you will step into the role of management with a clear task: make decisions that change employee behavior and directly impact business results. Because in the end, the real question is not what you offer employees, but whether you are solving real challenges or simply financing them.<\/p>","protected":false},"excerpt":{"rendered":"<p>Ako benefiti ne mijenjaju pona\u0161anje zaposlenika, te\u0161ko je re\u0107i da uop\u0107e imaju stvarnu svrhu.A bez jasne svrhe, kao HR ne upravljate jednim od klju\u010dnih poslovnih rizika: fluktuacijom, burnoutom, padom produktivnosti i rastu\u0107im tro\u0161kovima zdravstvene za\u0161tite. U ve\u0107ini organizacija benefiti su&#8230;<\/p>","protected":false},"author":119,"featured_media":0,"parent":0,"menu_order":0,"comment_status":"closed","ping_status":"closed","template":"","meta":{"_monsterinsights_skip_tracking":false,"_monsterinsights_sitenote_active":false,"_monsterinsights_sitenote_note":"","_monsterinsights_sitenote_category":0,"footnotes":""},"categories":[],"tags":[],"class_list":["post-10597","page","type-page","status-publish","hentry"],"yoast_head":"<!-- This site is optimized with the Yoast SEO plugin v25.3 - https:\/\/yoast.com\/wordpress\/plugins\/seo\/ -->\n<title>RADIONICA: Benefiti na testu: od tro\u0161ka do strategije - HR Days<\/title>\n<meta name=\"robots\" content=\"index, follow, max-snippet:-1, max-image-preview:large, max-video-preview:-1\" \/>\n<link rel=\"canonical\" href=\"https:\/\/hrdays.net\/en\/radionica-benefiti-na-testu-od-troska-do-strategije\/\" \/>\n<meta property=\"og:locale\" content=\"en_GB\" \/>\n<meta property=\"og:type\" content=\"article\" \/>\n<meta property=\"og:title\" content=\"RADIONICA: Benefiti na testu: od tro\u0161ka do strategije - HR Days\" \/>\n<meta property=\"og:description\" content=\"Ako benefiti ne mijenjaju pona\u0161anje zaposlenika, te\u0161ko je re\u0107i da uop\u0107e imaju stvarnu svrhu.A bez jasne svrhe, kao HR ne upravljate jednim od klju\u010dnih poslovnih rizika: fluktuacijom, burnoutom, padom produktivnosti i rastu\u0107im tro\u0161kovima zdravstvene za\u0161tite. U ve\u0107ini organizacija benefiti su...\" \/>\n<meta property=\"og:url\" content=\"https:\/\/hrdays.net\/en\/radionica-benefiti-na-testu-od-troska-do-strategije\/\" \/>\n<meta property=\"og:site_name\" content=\"HR Days\" \/>\n<meta property=\"article:modified_time\" content=\"2026-03-10T11:12:19+00:00\" \/>\n<meta property=\"og:image\" content=\"https:\/\/hrdays.net\/wp-content\/uploads\/2021\/03\/rovinj-conference-2.jpg\" \/>\n\t<meta property=\"og:image:width\" content=\"1200\" \/>\n\t<meta property=\"og:image:height\" content=\"573\" \/>\n\t<meta property=\"og:image:type\" content=\"image\/jpeg\" \/>\n<meta name=\"twitter:card\" content=\"summary_large_image\" \/>\n<meta name=\"twitter:label1\" content=\"Estimated reading time\" \/>\n\t<meta name=\"twitter:data1\" content=\"1 minute\" \/>\n<script type=\"application\/ld+json\" class=\"yoast-schema-graph\">{\"@context\":\"https:\/\/schema.org\",\"@graph\":[{\"@type\":\"WebPage\",\"@id\":\"https:\/\/hrdays.net\/radionica-benefiti-na-testu-od-troska-do-strategije\/\",\"url\":\"https:\/\/hrdays.net\/radionica-benefiti-na-testu-od-troska-do-strategije\/\",\"name\":\"RADIONICA: Benefiti na testu: od tro\u0161ka do strategije - HR Days\",\"isPartOf\":{\"@id\":\"https:\/\/hrdays.net\/#website\"},\"datePublished\":\"2026-03-10T11:12:17+00:00\",\"dateModified\":\"2026-03-10T11:12:19+00:00\",\"breadcrumb\":{\"@id\":\"https:\/\/hrdays.net\/radionica-benefiti-na-testu-od-troska-do-strategije\/#breadcrumb\"},\"inLanguage\":\"en-GB\",\"potentialAction\":[{\"@type\":\"ReadAction\",\"target\":[\"https:\/\/hrdays.net\/radionica-benefiti-na-testu-od-troska-do-strategije\/\"]}]},{\"@type\":\"BreadcrumbList\",\"@id\":\"https:\/\/hrdays.net\/radionica-benefiti-na-testu-od-troska-do-strategije\/#breadcrumb\",\"itemListElement\":[{\"@type\":\"ListItem\",\"position\":1,\"name\":\"Home\",\"item\":\"https:\/\/hrdays.net\/\"},{\"@type\":\"ListItem\",\"position\":2,\"name\":\"RADIONICA: Benefiti na testu: od tro\u0161ka do strategije\"}]},{\"@type\":\"WebSite\",\"@id\":\"https:\/\/hrdays.net\/#website\",\"url\":\"https:\/\/hrdays.net\/\",\"name\":\"HR Days\",\"description\":\"HRDays - konferencija o upravljanju ljudskim resursima\",\"potentialAction\":[{\"@type\":\"SearchAction\",\"target\":{\"@type\":\"EntryPoint\",\"urlTemplate\":\"https:\/\/hrdays.net\/?s={search_term_string}\"},\"query-input\":{\"@type\":\"PropertyValueSpecification\",\"valueRequired\":true,\"valueName\":\"search_term_string\"}}],\"inLanguage\":\"en-GB\"}]}<\/script>\n<!-- \/ Yoast SEO plugin. -->","yoast_head_json":{"title":"RADIONICA: Benefiti na testu: od tro\u0161ka do strategije - HR Days","robots":{"index":"index","follow":"follow","max-snippet":"max-snippet:-1","max-image-preview":"max-image-preview:large","max-video-preview":"max-video-preview:-1"},"canonical":"https:\/\/hrdays.net\/en\/radionica-benefiti-na-testu-od-troska-do-strategije\/","og_locale":"en_GB","og_type":"article","og_title":"RADIONICA: Benefiti na testu: od tro\u0161ka do strategije - HR Days","og_description":"Ako benefiti ne mijenjaju pona\u0161anje zaposlenika, te\u0161ko je re\u0107i da uop\u0107e imaju stvarnu svrhu.A bez jasne svrhe, kao HR ne upravljate jednim od klju\u010dnih poslovnih rizika: fluktuacijom, burnoutom, padom produktivnosti i rastu\u0107im tro\u0161kovima zdravstvene za\u0161tite. U ve\u0107ini organizacija benefiti su...","og_url":"https:\/\/hrdays.net\/en\/radionica-benefiti-na-testu-od-troska-do-strategije\/","og_site_name":"HR Days","article_modified_time":"2026-03-10T11:12:19+00:00","og_image":[{"width":1200,"height":573,"url":"https:\/\/hrdays.net\/wp-content\/uploads\/2021\/03\/rovinj-conference-2.jpg","type":"image\/jpeg"}],"twitter_card":"summary_large_image","twitter_misc":{"Estimated reading time":"1 minute"},"schema":{"@context":"https:\/\/schema.org","@graph":[{"@type":"WebPage","@id":"https:\/\/hrdays.net\/radionica-benefiti-na-testu-od-troska-do-strategije\/","url":"https:\/\/hrdays.net\/radionica-benefiti-na-testu-od-troska-do-strategije\/","name":"RADIONICA: Benefiti na testu: od tro\u0161ka do strategije - HR Days","isPartOf":{"@id":"https:\/\/hrdays.net\/#website"},"datePublished":"2026-03-10T11:12:17+00:00","dateModified":"2026-03-10T11:12:19+00:00","breadcrumb":{"@id":"https:\/\/hrdays.net\/radionica-benefiti-na-testu-od-troska-do-strategije\/#breadcrumb"},"inLanguage":"en-GB","potentialAction":[{"@type":"ReadAction","target":["https:\/\/hrdays.net\/radionica-benefiti-na-testu-od-troska-do-strategije\/"]}]},{"@type":"BreadcrumbList","@id":"https:\/\/hrdays.net\/radionica-benefiti-na-testu-od-troska-do-strategije\/#breadcrumb","itemListElement":[{"@type":"ListItem","position":1,"name":"Home","item":"https:\/\/hrdays.net\/"},{"@type":"ListItem","position":2,"name":"RADIONICA: Benefiti na testu: od tro\u0161ka do strategije"}]},{"@type":"WebSite","@id":"https:\/\/hrdays.net\/#website","url":"https:\/\/hrdays.net\/","name":"HR Days","description":"HRDays - konferencija o upravljanju ljudskim resursima","potentialAction":[{"@type":"SearchAction","target":{"@type":"EntryPoint","urlTemplate":"https:\/\/hrdays.net\/?s={search_term_string}"},"query-input":{"@type":"PropertyValueSpecification","valueRequired":true,"valueName":"search_term_string"}}],"inLanguage":"en-GB"}]}},"_links":{"self":[{"href":"https:\/\/hrdays.net\/en\/wp-json\/wp\/v2\/pages\/10597","targetHints":{"allow":["GET"]}}],"collection":[{"href":"https:\/\/hrdays.net\/en\/wp-json\/wp\/v2\/pages"}],"about":[{"href":"https:\/\/hrdays.net\/en\/wp-json\/wp\/v2\/types\/page"}],"author":[{"embeddable":true,"href":"https:\/\/hrdays.net\/en\/wp-json\/wp\/v2\/users\/119"}],"replies":[{"embeddable":true,"href":"https:\/\/hrdays.net\/en\/wp-json\/wp\/v2\/comments?post=10597"}],"version-history":[{"count":1,"href":"https:\/\/hrdays.net\/en\/wp-json\/wp\/v2\/pages\/10597\/revisions"}],"predecessor-version":[{"id":10598,"href":"https:\/\/hrdays.net\/en\/wp-json\/wp\/v2\/pages\/10597\/revisions\/10598"}],"wp:attachment":[{"href":"https:\/\/hrdays.net\/en\/wp-json\/wp\/v2\/media?parent=10597"}],"wp:term":[{"taxonomy":"category","embeddable":true,"href":"https:\/\/hrdays.net\/en\/wp-json\/wp\/v2\/categories?post=10597"},{"taxonomy":"post_tag","embeddable":true,"href":"https:\/\/hrdays.net\/en\/wp-json\/wp\/v2\/tags?post=10597"}],"curies":[{"name":"wp","href":"https:\/\/api.w.org\/{rel}","templated":true}]}}