{"id":10592,"date":"2026-03-10T12:06:21","date_gmt":"2026-03-10T11:06:21","guid":{"rendered":"https:\/\/hrdays.net\/?page_id=10592"},"modified":"2026-03-10T12:06:22","modified_gmt":"2026-03-10T11:06:22","slug":"radionica-employee-journey-kao-temelj-dobrog-employee-experience-a-od-prvog-kontakta-do-odlaska-zaposlenika","status":"publish","type":"page","link":"https:\/\/hrdays.net\/en\/radionica-employee-journey-kao-temelj-dobrog-employee-experience-a-od-prvog-kontakta-do-odlaska-zaposlenika\/","title":{"rendered":"WORKSHOP: Employee Journey as the Foundation of a Great Employee Experience \u2013 From First Contact to Offboarding"},"content":{"rendered":"<p>Employee Experience does not happen by chance. It is the result of how an organization communicates, makes decisions, and acts toward its employees on a daily basis. Research shows that these experiences have a direct impact on engagement, productivity, and talent retention. According to Gallup, only 23% of employees globally are engaged (and just 7% in Croatia), while organizations that consciously manage the employee experience report lower turnover and higher profitability. Deloitte also highlights that most organizations still develop Employee Experience only partially, through isolated HR initiatives, rather than through a systematically designed Employee Journey.<\/p>\n\n\n\n<p>The Employee Journey provides exactly that systematic perspective. It involves mapping the key touchpoints employees go through during their \u201clifecycle\u201d within an organization\u2014from the first contact with a candidate, through onboarding and everyday work, to the moment they leave. These moments, consciously or unconsciously, strongly shape employee engagement, performance, and the decision to stay with the company.<\/p>\n\n\n\n<p>During this workshop, through a practical demo approach, we will show how to:<\/p>\n\n\n\n<ul class=\"wp-block-list\">\n<li>map the Employee Journey from the employee\u2019s perspective<\/li>\n\n\n\n<li class=\"translation-block\">identify the key moments that matter that have the greatest impact on experience, engagement, and employer branding<\/li>\n\n\n\n<li>design an Employee Experience aligned with the organization\u2019s values, culture, and identity<\/li>\n\n\n\n<li>connect the Employee Journey with concrete HR activities and processes<\/li>\n<\/ul>\n\n\n\n<p>Participants will gain a clear, practical framework and real-life examples that they can immediately apply in their HR work, regardless of the size of their organization or the maturity level of their HR function.<\/p>","protected":false},"excerpt":{"rendered":"<p>Employee Experience ne nastaje slu\u010dajno. On je rezultat na\u010dina na koji organizacija svakodnevno komunicira, odlu\u010duje i djeluje prema svojim zaposlenicima. Istra\u017eivanja potvr\u0111uju da takva iskustva imaju izravan utjecaj na anga\u017eiranost, produktivnost i zadr\u017eavanje talenata.&nbsp; Prema podacima Gallup-a, samo 23 %&#8230;<\/p>","protected":false},"author":119,"featured_media":0,"parent":0,"menu_order":0,"comment_status":"closed","ping_status":"closed","template":"","meta":{"_monsterinsights_skip_tracking":false,"_monsterinsights_sitenote_active":false,"_monsterinsights_sitenote_note":"","_monsterinsights_sitenote_category":0,"footnotes":""},"categories":[],"tags":[],"class_list":["post-10592","page","type-page","status-publish","hentry"],"yoast_head":"<!-- This site is optimized with the Yoast SEO plugin v25.3 - https:\/\/yoast.com\/wordpress\/plugins\/seo\/ -->\n<title>RADIONICA: Employee Journey kao temelj dobrog Employee Experience-a \u2013 Od prvog kontakta do odlaska zaposlenika - HR Days<\/title>\n<meta name=\"robots\" content=\"index, follow, max-snippet:-1, max-image-preview:large, max-video-preview:-1\" \/>\n<link rel=\"canonical\" href=\"https:\/\/hrdays.net\/en\/radionica-employee-journey-kao-temelj-dobrog-employee-experience-a-od-prvog-kontakta-do-odlaska-zaposlenika\/\" \/>\n<meta property=\"og:locale\" content=\"en_GB\" \/>\n<meta property=\"og:type\" content=\"article\" \/>\n<meta property=\"og:title\" content=\"RADIONICA: Employee Journey kao temelj dobrog Employee Experience-a \u2013 Od prvog kontakta do odlaska zaposlenika - HR Days\" \/>\n<meta property=\"og:description\" content=\"Employee Experience ne nastaje slu\u010dajno. On je rezultat na\u010dina na koji organizacija svakodnevno komunicira, odlu\u010duje i djeluje prema svojim zaposlenicima. Istra\u017eivanja potvr\u0111uju da takva iskustva imaju izravan utjecaj na anga\u017eiranost, produktivnost i zadr\u017eavanje talenata.&nbsp; Prema podacima Gallup-a, samo 23 %...\" \/>\n<meta property=\"og:url\" content=\"https:\/\/hrdays.net\/en\/radionica-employee-journey-kao-temelj-dobrog-employee-experience-a-od-prvog-kontakta-do-odlaska-zaposlenika\/\" \/>\n<meta property=\"og:site_name\" content=\"HR Days\" \/>\n<meta property=\"article:modified_time\" content=\"2026-03-10T11:06:22+00:00\" \/>\n<meta property=\"og:image\" content=\"https:\/\/hrdays.net\/wp-content\/uploads\/2021\/03\/rovinj-conference-2.jpg\" \/>\n\t<meta property=\"og:image:width\" content=\"1200\" \/>\n\t<meta property=\"og:image:height\" content=\"573\" \/>\n\t<meta property=\"og:image:type\" content=\"image\/jpeg\" \/>\n<meta name=\"twitter:card\" content=\"summary_large_image\" \/>\n<meta name=\"twitter:label1\" content=\"Estimated reading time\" \/>\n\t<meta name=\"twitter:data1\" content=\"2 minutes\" \/>\n<script type=\"application\/ld+json\" class=\"yoast-schema-graph\">{\"@context\":\"https:\/\/schema.org\",\"@graph\":[{\"@type\":\"WebPage\",\"@id\":\"https:\/\/hrdays.net\/radionica-employee-journey-kao-temelj-dobrog-employee-experience-a-od-prvog-kontakta-do-odlaska-zaposlenika\/\",\"url\":\"https:\/\/hrdays.net\/radionica-employee-journey-kao-temelj-dobrog-employee-experience-a-od-prvog-kontakta-do-odlaska-zaposlenika\/\",\"name\":\"RADIONICA: Employee Journey kao temelj dobrog Employee Experience-a \u2013 Od prvog kontakta do odlaska zaposlenika - HR Days\",\"isPartOf\":{\"@id\":\"https:\/\/hrdays.net\/#website\"},\"datePublished\":\"2026-03-10T11:06:21+00:00\",\"dateModified\":\"2026-03-10T11:06:22+00:00\",\"breadcrumb\":{\"@id\":\"https:\/\/hrdays.net\/radionica-employee-journey-kao-temelj-dobrog-employee-experience-a-od-prvog-kontakta-do-odlaska-zaposlenika\/#breadcrumb\"},\"inLanguage\":\"en-GB\",\"potentialAction\":[{\"@type\":\"ReadAction\",\"target\":[\"https:\/\/hrdays.net\/radionica-employee-journey-kao-temelj-dobrog-employee-experience-a-od-prvog-kontakta-do-odlaska-zaposlenika\/\"]}]},{\"@type\":\"BreadcrumbList\",\"@id\":\"https:\/\/hrdays.net\/radionica-employee-journey-kao-temelj-dobrog-employee-experience-a-od-prvog-kontakta-do-odlaska-zaposlenika\/#breadcrumb\",\"itemListElement\":[{\"@type\":\"ListItem\",\"position\":1,\"name\":\"Home\",\"item\":\"https:\/\/hrdays.net\/\"},{\"@type\":\"ListItem\",\"position\":2,\"name\":\"RADIONICA: Employee Journey kao temelj dobrog Employee Experience-a \u2013 Od prvog kontakta do odlaska zaposlenika\"}]},{\"@type\":\"WebSite\",\"@id\":\"https:\/\/hrdays.net\/#website\",\"url\":\"https:\/\/hrdays.net\/\",\"name\":\"HR Days\",\"description\":\"HRDays - konferencija o upravljanju ljudskim resursima\",\"potentialAction\":[{\"@type\":\"SearchAction\",\"target\":{\"@type\":\"EntryPoint\",\"urlTemplate\":\"https:\/\/hrdays.net\/?s={search_term_string}\"},\"query-input\":{\"@type\":\"PropertyValueSpecification\",\"valueRequired\":true,\"valueName\":\"search_term_string\"}}],\"inLanguage\":\"en-GB\"}]}<\/script>\n<!-- \/ Yoast SEO plugin. -->","yoast_head_json":{"title":"RADIONICA: Employee Journey kao temelj dobrog Employee Experience-a \u2013 Od prvog kontakta do odlaska zaposlenika - HR Days","robots":{"index":"index","follow":"follow","max-snippet":"max-snippet:-1","max-image-preview":"max-image-preview:large","max-video-preview":"max-video-preview:-1"},"canonical":"https:\/\/hrdays.net\/en\/radionica-employee-journey-kao-temelj-dobrog-employee-experience-a-od-prvog-kontakta-do-odlaska-zaposlenika\/","og_locale":"en_GB","og_type":"article","og_title":"RADIONICA: Employee Journey kao temelj dobrog Employee Experience-a \u2013 Od prvog kontakta do odlaska zaposlenika - HR Days","og_description":"Employee Experience ne nastaje slu\u010dajno. On je rezultat na\u010dina na koji organizacija svakodnevno komunicira, odlu\u010duje i djeluje prema svojim zaposlenicima. Istra\u017eivanja potvr\u0111uju da takva iskustva imaju izravan utjecaj na anga\u017eiranost, produktivnost i zadr\u017eavanje talenata.&nbsp; Prema podacima Gallup-a, samo 23 %...","og_url":"https:\/\/hrdays.net\/en\/radionica-employee-journey-kao-temelj-dobrog-employee-experience-a-od-prvog-kontakta-do-odlaska-zaposlenika\/","og_site_name":"HR Days","article_modified_time":"2026-03-10T11:06:22+00:00","og_image":[{"width":1200,"height":573,"url":"https:\/\/hrdays.net\/wp-content\/uploads\/2021\/03\/rovinj-conference-2.jpg","type":"image\/jpeg"}],"twitter_card":"summary_large_image","twitter_misc":{"Estimated reading time":"2 minutes"},"schema":{"@context":"https:\/\/schema.org","@graph":[{"@type":"WebPage","@id":"https:\/\/hrdays.net\/radionica-employee-journey-kao-temelj-dobrog-employee-experience-a-od-prvog-kontakta-do-odlaska-zaposlenika\/","url":"https:\/\/hrdays.net\/radionica-employee-journey-kao-temelj-dobrog-employee-experience-a-od-prvog-kontakta-do-odlaska-zaposlenika\/","name":"RADIONICA: Employee Journey kao temelj dobrog Employee Experience-a \u2013 Od prvog kontakta do odlaska zaposlenika - HR Days","isPartOf":{"@id":"https:\/\/hrdays.net\/#website"},"datePublished":"2026-03-10T11:06:21+00:00","dateModified":"2026-03-10T11:06:22+00:00","breadcrumb":{"@id":"https:\/\/hrdays.net\/radionica-employee-journey-kao-temelj-dobrog-employee-experience-a-od-prvog-kontakta-do-odlaska-zaposlenika\/#breadcrumb"},"inLanguage":"en-GB","potentialAction":[{"@type":"ReadAction","target":["https:\/\/hrdays.net\/radionica-employee-journey-kao-temelj-dobrog-employee-experience-a-od-prvog-kontakta-do-odlaska-zaposlenika\/"]}]},{"@type":"BreadcrumbList","@id":"https:\/\/hrdays.net\/radionica-employee-journey-kao-temelj-dobrog-employee-experience-a-od-prvog-kontakta-do-odlaska-zaposlenika\/#breadcrumb","itemListElement":[{"@type":"ListItem","position":1,"name":"Home","item":"https:\/\/hrdays.net\/"},{"@type":"ListItem","position":2,"name":"RADIONICA: Employee Journey kao temelj dobrog Employee Experience-a \u2013 Od prvog kontakta do odlaska zaposlenika"}]},{"@type":"WebSite","@id":"https:\/\/hrdays.net\/#website","url":"https:\/\/hrdays.net\/","name":"HR Days","description":"HRDays - konferencija o upravljanju ljudskim resursima","potentialAction":[{"@type":"SearchAction","target":{"@type":"EntryPoint","urlTemplate":"https:\/\/hrdays.net\/?s={search_term_string}"},"query-input":{"@type":"PropertyValueSpecification","valueRequired":true,"valueName":"search_term_string"}}],"inLanguage":"en-GB"}]}},"_links":{"self":[{"href":"https:\/\/hrdays.net\/en\/wp-json\/wp\/v2\/pages\/10592","targetHints":{"allow":["GET"]}}],"collection":[{"href":"https:\/\/hrdays.net\/en\/wp-json\/wp\/v2\/pages"}],"about":[{"href":"https:\/\/hrdays.net\/en\/wp-json\/wp\/v2\/types\/page"}],"author":[{"embeddable":true,"href":"https:\/\/hrdays.net\/en\/wp-json\/wp\/v2\/users\/119"}],"replies":[{"embeddable":true,"href":"https:\/\/hrdays.net\/en\/wp-json\/wp\/v2\/comments?post=10592"}],"version-history":[{"count":1,"href":"https:\/\/hrdays.net\/en\/wp-json\/wp\/v2\/pages\/10592\/revisions"}],"predecessor-version":[{"id":10594,"href":"https:\/\/hrdays.net\/en\/wp-json\/wp\/v2\/pages\/10592\/revisions\/10594"}],"wp:attachment":[{"href":"https:\/\/hrdays.net\/en\/wp-json\/wp\/v2\/media?parent=10592"}],"wp:term":[{"taxonomy":"category","embeddable":true,"href":"https:\/\/hrdays.net\/en\/wp-json\/wp\/v2\/categories?post=10592"},{"taxonomy":"post_tag","embeddable":true,"href":"https:\/\/hrdays.net\/en\/wp-json\/wp\/v2\/tags?post=10592"}],"curies":[{"name":"wp","href":"https:\/\/api.w.org\/{rel}","templated":true}]}}