{"id":10546,"date":"2026-03-09T14:39:28","date_gmt":"2026-03-09T13:39:28","guid":{"rendered":"https:\/\/hrdays.net\/?page_id=10546"},"modified":"2026-03-09T14:39:30","modified_gmt":"2026-03-09T13:39:30","slug":"predavanje-leadership-je-emocionalni-proces-zato-vam-ai-tu-ne-moze-pomoci-i-nece-jos-dugo","status":"publish","type":"page","link":"https:\/\/hrdays.net\/en\/predavanje-leadership-je-emocionalni-proces-zato-vam-ai-tu-ne-moze-pomoci-i-nece-jos-dugo\/","title":{"rendered":"LECTURE: Leadership is an emotional process \u2014 that\u2019s why AI can\u2019t help you here (and won\u2019t for a long time)"},"content":{"rendered":"<p class=\"translation-block\">While everyone is talking about how artificial intelligence will change the world, one thing remains brutally clear: AI can manage processes, but it cannot lead people. And that\u2019s where the real difference between management and leadership begins - between control and influence.<\/p>\n\n\n\n<p class=\"translation-block\">In this talk, Ivica Vran\u010di\u0107 will dive into what many leaders overlook today: leadership as an emotional discipline. If you think making decisions and delegating tasks is enough, prepare for a cold shower. True leaders create relationships, build trust, and develop people.<\/p>\n\n\n\n<p class=\"translation-block\">We will unlock the emotional intelligence (EI) model and show why it is the most powerful tool of the modern leader. (Spoiler: AI doesn\u2019t have it.) You\u2019ll see how EI changes the way you resolve conflicts and motivate your team.<\/p>\n\n\n\n<p class=\"translation-block\">And to make sure this doesn\u2019t remain just a \u201cfeel-good\u201d story, Ivica will share data, insights, and concrete recommendations that clearly show one thing: leaders who develop emotional intelligence - win.<\/p>\n\n\n\n<p>If you want to be a leader people choose to follow, this is where the real lesson begins.&nbsp;<\/p>","protected":false},"excerpt":{"rendered":"<p>Dok svi pri\u010daju o tome kako \u0107e umjetna inteligencija promijeniti svijet, jedna stvar ostaje brutalno jasna:&nbsp;AI mo\u017ee voditi procese, ali ne mo\u017ee voditi ljude.&nbsp;I tu po\u010dinje prava razlika izme\u0111u&nbsp;managementa&nbsp;i&nbsp;leadershipa&nbsp;\u2013 izme\u0111u upravljanja i utjecaja.&nbsp; U ovom predavanju Ivica Vran\u010di\u0107 zaronit \u0107e&#8230;<\/p>","protected":false},"author":119,"featured_media":0,"parent":0,"menu_order":0,"comment_status":"closed","ping_status":"closed","template":"","meta":{"_monsterinsights_skip_tracking":false,"_monsterinsights_sitenote_active":false,"_monsterinsights_sitenote_note":"","_monsterinsights_sitenote_category":0,"footnotes":""},"categories":[],"tags":[],"class_list":["post-10546","page","type-page","status-publish","hentry"],"yoast_head":"<!-- This site is optimized with the Yoast SEO plugin v25.3 - https:\/\/yoast.com\/wordpress\/plugins\/seo\/ -->\n<title>PREDAVANJE: Leadership\u00a0je emocionalni proces \u2013 zato vam AI tu ne mo\u017ee pomo\u0107i (i ne\u0107e jo\u0161 dugo) - HR Days<\/title>\n<meta name=\"robots\" content=\"index, follow, max-snippet:-1, max-image-preview:large, max-video-preview:-1\" \/>\n<link rel=\"canonical\" href=\"https:\/\/hrdays.net\/en\/predavanje-leadership-je-emocionalni-proces-zato-vam-ai-tu-ne-moze-pomoci-i-nece-jos-dugo\/\" \/>\n<meta property=\"og:locale\" content=\"en_GB\" \/>\n<meta property=\"og:type\" content=\"article\" \/>\n<meta property=\"og:title\" content=\"PREDAVANJE: Leadership\u00a0je emocionalni proces \u2013 zato vam AI tu ne mo\u017ee pomo\u0107i (i ne\u0107e jo\u0161 dugo) - HR Days\" \/>\n<meta property=\"og:description\" content=\"Dok svi pri\u010daju o tome kako \u0107e umjetna inteligencija promijeniti svijet, jedna stvar ostaje brutalno jasna:&nbsp;AI mo\u017ee voditi procese, ali ne mo\u017ee voditi ljude.&nbsp;I tu po\u010dinje prava razlika izme\u0111u&nbsp;managementa&nbsp;i&nbsp;leadershipa&nbsp;\u2013 izme\u0111u upravljanja i utjecaja.&nbsp; U ovom predavanju Ivica Vran\u010di\u0107 zaronit \u0107e...\" \/>\n<meta property=\"og:url\" content=\"https:\/\/hrdays.net\/en\/predavanje-leadership-je-emocionalni-proces-zato-vam-ai-tu-ne-moze-pomoci-i-nece-jos-dugo\/\" \/>\n<meta property=\"og:site_name\" content=\"HR Days\" \/>\n<meta property=\"article:modified_time\" content=\"2026-03-09T13:39:30+00:00\" \/>\n<meta property=\"og:image\" content=\"https:\/\/hrdays.net\/wp-content\/uploads\/2021\/03\/rovinj-conference-2.jpg\" \/>\n\t<meta property=\"og:image:width\" content=\"1200\" \/>\n\t<meta property=\"og:image:height\" content=\"573\" \/>\n\t<meta property=\"og:image:type\" content=\"image\/jpeg\" \/>\n<meta name=\"twitter:card\" content=\"summary_large_image\" \/>\n<meta name=\"twitter:label1\" content=\"Estimated reading time\" \/>\n\t<meta name=\"twitter:data1\" content=\"1 minute\" \/>\n<script type=\"application\/ld+json\" class=\"yoast-schema-graph\">{\"@context\":\"https:\/\/schema.org\",\"@graph\":[{\"@type\":\"WebPage\",\"@id\":\"https:\/\/hrdays.net\/predavanje-leadership-je-emocionalni-proces-zato-vam-ai-tu-ne-moze-pomoci-i-nece-jos-dugo\/\",\"url\":\"https:\/\/hrdays.net\/predavanje-leadership-je-emocionalni-proces-zato-vam-ai-tu-ne-moze-pomoci-i-nece-jos-dugo\/\",\"name\":\"PREDAVANJE: Leadership\u00a0je emocionalni proces \u2013 zato vam AI tu ne mo\u017ee pomo\u0107i (i ne\u0107e jo\u0161 dugo) - HR Days\",\"isPartOf\":{\"@id\":\"https:\/\/hrdays.net\/#website\"},\"datePublished\":\"2026-03-09T13:39:28+00:00\",\"dateModified\":\"2026-03-09T13:39:30+00:00\",\"breadcrumb\":{\"@id\":\"https:\/\/hrdays.net\/predavanje-leadership-je-emocionalni-proces-zato-vam-ai-tu-ne-moze-pomoci-i-nece-jos-dugo\/#breadcrumb\"},\"inLanguage\":\"en-GB\",\"potentialAction\":[{\"@type\":\"ReadAction\",\"target\":[\"https:\/\/hrdays.net\/predavanje-leadership-je-emocionalni-proces-zato-vam-ai-tu-ne-moze-pomoci-i-nece-jos-dugo\/\"]}]},{\"@type\":\"BreadcrumbList\",\"@id\":\"https:\/\/hrdays.net\/predavanje-leadership-je-emocionalni-proces-zato-vam-ai-tu-ne-moze-pomoci-i-nece-jos-dugo\/#breadcrumb\",\"itemListElement\":[{\"@type\":\"ListItem\",\"position\":1,\"name\":\"Home\",\"item\":\"https:\/\/hrdays.net\/\"},{\"@type\":\"ListItem\",\"position\":2,\"name\":\"PREDAVANJE: Leadership\u00a0je emocionalni proces \u2013 zato vam AI tu ne mo\u017ee pomo\u0107i (i ne\u0107e jo\u0161 dugo)\"}]},{\"@type\":\"WebSite\",\"@id\":\"https:\/\/hrdays.net\/#website\",\"url\":\"https:\/\/hrdays.net\/\",\"name\":\"HR Days\",\"description\":\"HRDays - konferencija o upravljanju ljudskim resursima\",\"potentialAction\":[{\"@type\":\"SearchAction\",\"target\":{\"@type\":\"EntryPoint\",\"urlTemplate\":\"https:\/\/hrdays.net\/?s={search_term_string}\"},\"query-input\":{\"@type\":\"PropertyValueSpecification\",\"valueRequired\":true,\"valueName\":\"search_term_string\"}}],\"inLanguage\":\"en-GB\"}]}<\/script>\n<!-- \/ Yoast SEO plugin. -->","yoast_head_json":{"title":"PREDAVANJE: Leadership\u00a0je emocionalni proces \u2013 zato vam AI tu ne mo\u017ee pomo\u0107i (i ne\u0107e jo\u0161 dugo) - HR Days","robots":{"index":"index","follow":"follow","max-snippet":"max-snippet:-1","max-image-preview":"max-image-preview:large","max-video-preview":"max-video-preview:-1"},"canonical":"https:\/\/hrdays.net\/en\/predavanje-leadership-je-emocionalni-proces-zato-vam-ai-tu-ne-moze-pomoci-i-nece-jos-dugo\/","og_locale":"en_GB","og_type":"article","og_title":"PREDAVANJE: Leadership\u00a0je emocionalni proces \u2013 zato vam AI tu ne mo\u017ee pomo\u0107i (i ne\u0107e jo\u0161 dugo) - HR Days","og_description":"Dok svi pri\u010daju o tome kako \u0107e umjetna inteligencija promijeniti svijet, jedna stvar ostaje brutalno jasna:&nbsp;AI mo\u017ee voditi procese, ali ne mo\u017ee voditi ljude.&nbsp;I tu po\u010dinje prava razlika izme\u0111u&nbsp;managementa&nbsp;i&nbsp;leadershipa&nbsp;\u2013 izme\u0111u upravljanja i utjecaja.&nbsp; U ovom predavanju Ivica Vran\u010di\u0107 zaronit \u0107e...","og_url":"https:\/\/hrdays.net\/en\/predavanje-leadership-je-emocionalni-proces-zato-vam-ai-tu-ne-moze-pomoci-i-nece-jos-dugo\/","og_site_name":"HR Days","article_modified_time":"2026-03-09T13:39:30+00:00","og_image":[{"width":1200,"height":573,"url":"https:\/\/hrdays.net\/wp-content\/uploads\/2021\/03\/rovinj-conference-2.jpg","type":"image\/jpeg"}],"twitter_card":"summary_large_image","twitter_misc":{"Estimated reading time":"1 minute"},"schema":{"@context":"https:\/\/schema.org","@graph":[{"@type":"WebPage","@id":"https:\/\/hrdays.net\/predavanje-leadership-je-emocionalni-proces-zato-vam-ai-tu-ne-moze-pomoci-i-nece-jos-dugo\/","url":"https:\/\/hrdays.net\/predavanje-leadership-je-emocionalni-proces-zato-vam-ai-tu-ne-moze-pomoci-i-nece-jos-dugo\/","name":"PREDAVANJE: Leadership\u00a0je emocionalni proces \u2013 zato vam AI tu ne mo\u017ee pomo\u0107i (i ne\u0107e jo\u0161 dugo) - HR Days","isPartOf":{"@id":"https:\/\/hrdays.net\/#website"},"datePublished":"2026-03-09T13:39:28+00:00","dateModified":"2026-03-09T13:39:30+00:00","breadcrumb":{"@id":"https:\/\/hrdays.net\/predavanje-leadership-je-emocionalni-proces-zato-vam-ai-tu-ne-moze-pomoci-i-nece-jos-dugo\/#breadcrumb"},"inLanguage":"en-GB","potentialAction":[{"@type":"ReadAction","target":["https:\/\/hrdays.net\/predavanje-leadership-je-emocionalni-proces-zato-vam-ai-tu-ne-moze-pomoci-i-nece-jos-dugo\/"]}]},{"@type":"BreadcrumbList","@id":"https:\/\/hrdays.net\/predavanje-leadership-je-emocionalni-proces-zato-vam-ai-tu-ne-moze-pomoci-i-nece-jos-dugo\/#breadcrumb","itemListElement":[{"@type":"ListItem","position":1,"name":"Home","item":"https:\/\/hrdays.net\/"},{"@type":"ListItem","position":2,"name":"PREDAVANJE: Leadership\u00a0je emocionalni proces \u2013 zato vam AI tu ne mo\u017ee pomo\u0107i (i ne\u0107e jo\u0161 dugo)"}]},{"@type":"WebSite","@id":"https:\/\/hrdays.net\/#website","url":"https:\/\/hrdays.net\/","name":"HR Days","description":"HRDays - konferencija o upravljanju ljudskim resursima","potentialAction":[{"@type":"SearchAction","target":{"@type":"EntryPoint","urlTemplate":"https:\/\/hrdays.net\/?s={search_term_string}"},"query-input":{"@type":"PropertyValueSpecification","valueRequired":true,"valueName":"search_term_string"}}],"inLanguage":"en-GB"}]}},"_links":{"self":[{"href":"https:\/\/hrdays.net\/en\/wp-json\/wp\/v2\/pages\/10546","targetHints":{"allow":["GET"]}}],"collection":[{"href":"https:\/\/hrdays.net\/en\/wp-json\/wp\/v2\/pages"}],"about":[{"href":"https:\/\/hrdays.net\/en\/wp-json\/wp\/v2\/types\/page"}],"author":[{"embeddable":true,"href":"https:\/\/hrdays.net\/en\/wp-json\/wp\/v2\/users\/119"}],"replies":[{"embeddable":true,"href":"https:\/\/hrdays.net\/en\/wp-json\/wp\/v2\/comments?post=10546"}],"version-history":[{"count":1,"href":"https:\/\/hrdays.net\/en\/wp-json\/wp\/v2\/pages\/10546\/revisions"}],"predecessor-version":[{"id":10547,"href":"https:\/\/hrdays.net\/en\/wp-json\/wp\/v2\/pages\/10546\/revisions\/10547"}],"wp:attachment":[{"href":"https:\/\/hrdays.net\/en\/wp-json\/wp\/v2\/media?parent=10546"}],"wp:term":[{"taxonomy":"category","embeddable":true,"href":"https:\/\/hrdays.net\/en\/wp-json\/wp\/v2\/categories?post=10546"},{"taxonomy":"post_tag","embeddable":true,"href":"https:\/\/hrdays.net\/en\/wp-json\/wp\/v2\/tags?post=10546"}],"curies":[{"name":"wp","href":"https:\/\/api.w.org\/{rel}","templated":true}]}}