{"id":10515,"date":"2026-03-06T14:33:38","date_gmt":"2026-03-06T13:33:38","guid":{"rendered":"https:\/\/hrdays.net\/?page_id=10515"},"modified":"2026-03-10T11:11:43","modified_gmt":"2026-03-10T10:11:43","slug":"radionica-from-insight-to-impact-designing-moments-that-matter","status":"publish","type":"page","link":"https:\/\/hrdays.net\/en\/radionica-from-insight-to-impact-designing-moments-that-matter\/","title":{"rendered":"WORKSHOP: From Insight to Impact: Designing Moments That Matter"},"content":{"rendered":"<p class=\"translation-block\">As a continuation of the keynote The Future Memory Engineer, Johan Driessens will host a \u00a0interactive workshop that translates inspiration into action.<\/p>\n\n\n\n<p>In this hands-on session, participants move from thinking about experience to designing it. Through concrete exercises, group interaction and real-life cases, they will learn how to consciously design moments that activate culture, leadership and engagement in their own organizations.<\/p>\n\n\n\n<p>This is not a traditional workshop with models and flipcharts. It\u2019s an experience-driven session where participants feelwhat it means to turn strategy into memorable moments and leave with practical tools they can apply immediately.<\/p>\n\n\n\n<p>What participants will experience and learn:<\/p>\n\n\n\n<ul class=\"wp-block-list\">\n<li>How to identify the key moments that shape employee and leadership experience<\/li>\n\n\n\n<li>How to design small, intentional interventions with a big emotional impact<\/li>\n\n\n\n<li>How to make culture tangible, without extra complexity or bureaucracy<\/li>\n<\/ul>\n\n\n\n<p>The workshop is energetic, highly interactive and designed to spark conversation long after the conference ends,turning insight into action, and ideas into experiences that truly stick.<\/p>","protected":false},"excerpt":{"rendered":"<p>Kao nastavak keynote predavanja\u00a0The Future Memory Engineer,\u00a0Johan Driessens vodi interaktivnu radionicu koja inspiraciju pretvara u konkretno djelovanje. U ovoj prakti\u010dnoj radionici sudionici prelaze s razmi\u0161ljanja o iskustvu na njegovo svjesno dizajniranje. Kroz konkretne vje\u017ebe, grupni rad i primjere iz stvarnog&#8230;<\/p>","protected":false},"author":119,"featured_media":0,"parent":0,"menu_order":0,"comment_status":"closed","ping_status":"closed","template":"","meta":{"_monsterinsights_skip_tracking":false,"_monsterinsights_sitenote_active":false,"_monsterinsights_sitenote_note":"","_monsterinsights_sitenote_category":0,"footnotes":""},"categories":[],"tags":[],"class_list":["post-10515","page","type-page","status-publish","hentry"],"yoast_head":"<!-- This site is optimized with the Yoast SEO plugin v25.3 - https:\/\/yoast.com\/wordpress\/plugins\/seo\/ -->\n<title>RADIONICA: From Insight to Impact: Designing Moments That Matter - HR Days<\/title>\n<meta name=\"robots\" content=\"index, follow, max-snippet:-1, max-image-preview:large, max-video-preview:-1\" \/>\n<link rel=\"canonical\" href=\"https:\/\/hrdays.net\/en\/radionica-from-insight-to-impact-designing-moments-that-matter\/\" \/>\n<meta property=\"og:locale\" content=\"en_GB\" \/>\n<meta property=\"og:type\" content=\"article\" \/>\n<meta property=\"og:title\" content=\"RADIONICA: From Insight to Impact: Designing Moments That Matter - HR Days\" \/>\n<meta property=\"og:description\" content=\"Kao nastavak keynote predavanja\u00a0The Future Memory Engineer,\u00a0Johan Driessens vodi interaktivnu radionicu koja inspiraciju pretvara u konkretno djelovanje. U ovoj prakti\u010dnoj radionici sudionici prelaze s razmi\u0161ljanja o iskustvu na njegovo svjesno dizajniranje. Kroz konkretne vje\u017ebe, grupni rad i primjere iz stvarnog...\" \/>\n<meta property=\"og:url\" content=\"https:\/\/hrdays.net\/en\/radionica-from-insight-to-impact-designing-moments-that-matter\/\" \/>\n<meta property=\"og:site_name\" content=\"HR Days\" \/>\n<meta property=\"article:modified_time\" content=\"2026-03-10T10:11:43+00:00\" \/>\n<meta property=\"og:image\" content=\"https:\/\/hrdays.net\/wp-content\/uploads\/2021\/03\/rovinj-conference-2.jpg\" \/>\n\t<meta property=\"og:image:width\" content=\"1200\" \/>\n\t<meta property=\"og:image:height\" content=\"573\" \/>\n\t<meta property=\"og:image:type\" content=\"image\/jpeg\" \/>\n<meta name=\"twitter:card\" content=\"summary_large_image\" \/>\n<meta name=\"twitter:label1\" content=\"Estimated reading time\" \/>\n\t<meta name=\"twitter:data1\" content=\"1 minute\" \/>\n<script type=\"application\/ld+json\" class=\"yoast-schema-graph\">{\"@context\":\"https:\/\/schema.org\",\"@graph\":[{\"@type\":\"WebPage\",\"@id\":\"https:\/\/hrdays.net\/radionica-from-insight-to-impact-designing-moments-that-matter\/\",\"url\":\"https:\/\/hrdays.net\/radionica-from-insight-to-impact-designing-moments-that-matter\/\",\"name\":\"RADIONICA: From Insight to Impact: Designing Moments That Matter - HR Days\",\"isPartOf\":{\"@id\":\"https:\/\/hrdays.net\/#website\"},\"datePublished\":\"2026-03-06T13:33:38+00:00\",\"dateModified\":\"2026-03-10T10:11:43+00:00\",\"breadcrumb\":{\"@id\":\"https:\/\/hrdays.net\/radionica-from-insight-to-impact-designing-moments-that-matter\/#breadcrumb\"},\"inLanguage\":\"en-GB\",\"potentialAction\":[{\"@type\":\"ReadAction\",\"target\":[\"https:\/\/hrdays.net\/radionica-from-insight-to-impact-designing-moments-that-matter\/\"]}]},{\"@type\":\"BreadcrumbList\",\"@id\":\"https:\/\/hrdays.net\/radionica-from-insight-to-impact-designing-moments-that-matter\/#breadcrumb\",\"itemListElement\":[{\"@type\":\"ListItem\",\"position\":1,\"name\":\"Home\",\"item\":\"https:\/\/hrdays.net\/\"},{\"@type\":\"ListItem\",\"position\":2,\"name\":\"RADIONICA: From Insight to Impact: Designing Moments That Matter\"}]},{\"@type\":\"WebSite\",\"@id\":\"https:\/\/hrdays.net\/#website\",\"url\":\"https:\/\/hrdays.net\/\",\"name\":\"HR Days\",\"description\":\"HRDays - konferencija o upravljanju ljudskim resursima\",\"potentialAction\":[{\"@type\":\"SearchAction\",\"target\":{\"@type\":\"EntryPoint\",\"urlTemplate\":\"https:\/\/hrdays.net\/?s={search_term_string}\"},\"query-input\":{\"@type\":\"PropertyValueSpecification\",\"valueRequired\":true,\"valueName\":\"search_term_string\"}}],\"inLanguage\":\"en-GB\"}]}<\/script>\n<!-- \/ Yoast SEO plugin. -->","yoast_head_json":{"title":"RADIONICA: From Insight to Impact: Designing Moments That Matter - HR Days","robots":{"index":"index","follow":"follow","max-snippet":"max-snippet:-1","max-image-preview":"max-image-preview:large","max-video-preview":"max-video-preview:-1"},"canonical":"https:\/\/hrdays.net\/en\/radionica-from-insight-to-impact-designing-moments-that-matter\/","og_locale":"en_GB","og_type":"article","og_title":"RADIONICA: From Insight to Impact: Designing Moments That Matter - HR Days","og_description":"Kao nastavak keynote predavanja\u00a0The Future Memory Engineer,\u00a0Johan Driessens vodi interaktivnu radionicu koja inspiraciju pretvara u konkretno djelovanje. U ovoj prakti\u010dnoj radionici sudionici prelaze s razmi\u0161ljanja o iskustvu na njegovo svjesno dizajniranje. Kroz konkretne vje\u017ebe, grupni rad i primjere iz stvarnog...","og_url":"https:\/\/hrdays.net\/en\/radionica-from-insight-to-impact-designing-moments-that-matter\/","og_site_name":"HR Days","article_modified_time":"2026-03-10T10:11:43+00:00","og_image":[{"width":1200,"height":573,"url":"https:\/\/hrdays.net\/wp-content\/uploads\/2021\/03\/rovinj-conference-2.jpg","type":"image\/jpeg"}],"twitter_card":"summary_large_image","twitter_misc":{"Estimated reading time":"1 minute"},"schema":{"@context":"https:\/\/schema.org","@graph":[{"@type":"WebPage","@id":"https:\/\/hrdays.net\/radionica-from-insight-to-impact-designing-moments-that-matter\/","url":"https:\/\/hrdays.net\/radionica-from-insight-to-impact-designing-moments-that-matter\/","name":"RADIONICA: From Insight to Impact: Designing Moments That Matter - HR Days","isPartOf":{"@id":"https:\/\/hrdays.net\/#website"},"datePublished":"2026-03-06T13:33:38+00:00","dateModified":"2026-03-10T10:11:43+00:00","breadcrumb":{"@id":"https:\/\/hrdays.net\/radionica-from-insight-to-impact-designing-moments-that-matter\/#breadcrumb"},"inLanguage":"en-GB","potentialAction":[{"@type":"ReadAction","target":["https:\/\/hrdays.net\/radionica-from-insight-to-impact-designing-moments-that-matter\/"]}]},{"@type":"BreadcrumbList","@id":"https:\/\/hrdays.net\/radionica-from-insight-to-impact-designing-moments-that-matter\/#breadcrumb","itemListElement":[{"@type":"ListItem","position":1,"name":"Home","item":"https:\/\/hrdays.net\/"},{"@type":"ListItem","position":2,"name":"RADIONICA: From Insight to Impact: Designing Moments That Matter"}]},{"@type":"WebSite","@id":"https:\/\/hrdays.net\/#website","url":"https:\/\/hrdays.net\/","name":"HR Days","description":"HRDays - konferencija o upravljanju ljudskim resursima","potentialAction":[{"@type":"SearchAction","target":{"@type":"EntryPoint","urlTemplate":"https:\/\/hrdays.net\/?s={search_term_string}"},"query-input":{"@type":"PropertyValueSpecification","valueRequired":true,"valueName":"search_term_string"}}],"inLanguage":"en-GB"}]}},"_links":{"self":[{"href":"https:\/\/hrdays.net\/en\/wp-json\/wp\/v2\/pages\/10515","targetHints":{"allow":["GET"]}}],"collection":[{"href":"https:\/\/hrdays.net\/en\/wp-json\/wp\/v2\/pages"}],"about":[{"href":"https:\/\/hrdays.net\/en\/wp-json\/wp\/v2\/types\/page"}],"author":[{"embeddable":true,"href":"https:\/\/hrdays.net\/en\/wp-json\/wp\/v2\/users\/119"}],"replies":[{"embeddable":true,"href":"https:\/\/hrdays.net\/en\/wp-json\/wp\/v2\/comments?post=10515"}],"version-history":[{"count":2,"href":"https:\/\/hrdays.net\/en\/wp-json\/wp\/v2\/pages\/10515\/revisions"}],"predecessor-version":[{"id":10588,"href":"https:\/\/hrdays.net\/en\/wp-json\/wp\/v2\/pages\/10515\/revisions\/10588"}],"wp:attachment":[{"href":"https:\/\/hrdays.net\/en\/wp-json\/wp\/v2\/media?parent=10515"}],"wp:term":[{"taxonomy":"category","embeddable":true,"href":"https:\/\/hrdays.net\/en\/wp-json\/wp\/v2\/categories?post=10515"},{"taxonomy":"post_tag","embeddable":true,"href":"https:\/\/hrdays.net\/en\/wp-json\/wp\/v2\/tags?post=10515"}],"curies":[{"name":"wp","href":"https:\/\/api.w.org\/{rel}","templated":true}]}}