{"id":10513,"date":"2026-03-06T14:34:35","date_gmt":"2026-03-06T13:34:35","guid":{"rendered":"https:\/\/hrdays.net\/?page_id=10513"},"modified":"2026-03-06T14:34:37","modified_gmt":"2026-03-06T13:34:37","slug":"radionica-hr-speed-lab-osnazivanje-zaposlenika-kroz-zrelu-komunikaciju","status":"publish","type":"page","link":"https:\/\/hrdays.net\/en\/radionica-hr-speed-lab-osnazivanje-zaposlenika-kroz-zrelu-komunikaciju\/","title":{"rendered":"HR Speed \u200b\u200bLab: Empowering employees through mature communication by CREATIVA"},"content":{"rendered":"<p>Imagine HR speed dating\u2014but instead of dates, we discuss employee development! Through this highly interactive format, participants will explore how HR approaches key development processes in practice: competency development, learning and development, career progression, and employee engagement.<\/p>\n\n\n\n<p>Through experience sharing and hands-on exercises, we will uncover unconscious patterns in HR communication that can unintentionally limit employee autonomy or lead HR to take on responsibility instead of employees. Participants will co-create concrete, practical approaches based on mature, clear communication that encourages accountability and builds a true partnership between HR and employees.<\/p>\n\n\n\n<p class=\"translation-block\">This workshop is designed for HR professionals at a minimum of mid-level seniority. It is inspired by Lucy Adams\u2019 HR Disrupted model and enriched with practical elements of transactional analysis, combining experiential learning with actionable tools you can immediately apply in your organization.<\/p>\n\n\n\n<p>Get ready for an intense, interactive, and inspiring session that will open new perspectives on leading and supporting employees!<\/p>","protected":false},"excerpt":{"rendered":"<p>Zamislite HR speed dating, ali umjesto spojeva, raspravljamo o razvoju zaposlenika! Kroz ovaj interaktivni format, sudionici \u0107e istra\u017eiti kako HR u praksi pristupa klju\u010dnim razvojnim procesima: razvoj kompetencija, u\u010denje i razvoj, karijerni napredak i anga\u017eman zaposlenika. Kroz razmjenu iskustava i&#8230;<\/p>","protected":false},"author":119,"featured_media":0,"parent":0,"menu_order":0,"comment_status":"closed","ping_status":"closed","template":"","meta":{"_monsterinsights_skip_tracking":false,"_monsterinsights_sitenote_active":false,"_monsterinsights_sitenote_note":"","_monsterinsights_sitenote_category":0,"footnotes":""},"categories":[],"tags":[],"class_list":["post-10513","page","type-page","status-publish","hentry"],"yoast_head":"<!-- This site is optimized with the Yoast SEO plugin v25.3 - https:\/\/yoast.com\/wordpress\/plugins\/seo\/ -->\n<title>RADIONICA: HR Speed Lab: Osna\u017eivanje zaposlenika kroz zrelu komunikaciju - HR Days<\/title>\n<meta name=\"robots\" content=\"index, follow, max-snippet:-1, max-image-preview:large, max-video-preview:-1\" \/>\n<link rel=\"canonical\" href=\"https:\/\/hrdays.net\/en\/radionica-hr-speed-lab-osnazivanje-zaposlenika-kroz-zrelu-komunikaciju\/\" \/>\n<meta property=\"og:locale\" content=\"en_GB\" \/>\n<meta property=\"og:type\" content=\"article\" \/>\n<meta property=\"og:title\" content=\"RADIONICA: HR Speed Lab: Osna\u017eivanje zaposlenika kroz zrelu komunikaciju - HR Days\" \/>\n<meta property=\"og:description\" content=\"Zamislite HR speed dating, ali umjesto spojeva, raspravljamo o razvoju zaposlenika! Kroz ovaj interaktivni format, sudionici \u0107e istra\u017eiti kako HR u praksi pristupa klju\u010dnim razvojnim procesima: razvoj kompetencija, u\u010denje i razvoj, karijerni napredak i anga\u017eman zaposlenika. Kroz razmjenu iskustava i...\" \/>\n<meta property=\"og:url\" content=\"https:\/\/hrdays.net\/en\/radionica-hr-speed-lab-osnazivanje-zaposlenika-kroz-zrelu-komunikaciju\/\" \/>\n<meta property=\"og:site_name\" content=\"HR Days\" \/>\n<meta property=\"article:modified_time\" content=\"2026-03-06T13:34:37+00:00\" \/>\n<meta property=\"og:image\" content=\"https:\/\/hrdays.net\/wp-content\/uploads\/2021\/03\/rovinj-conference-2.jpg\" \/>\n\t<meta property=\"og:image:width\" content=\"1200\" \/>\n\t<meta property=\"og:image:height\" content=\"573\" \/>\n\t<meta property=\"og:image:type\" content=\"image\/jpeg\" \/>\n<meta name=\"twitter:card\" content=\"summary_large_image\" \/>\n<script type=\"application\/ld+json\" class=\"yoast-schema-graph\">{\"@context\":\"https:\/\/schema.org\",\"@graph\":[{\"@type\":\"WebPage\",\"@id\":\"https:\/\/hrdays.net\/radionica-hr-speed-lab-osnazivanje-zaposlenika-kroz-zrelu-komunikaciju\/\",\"url\":\"https:\/\/hrdays.net\/radionica-hr-speed-lab-osnazivanje-zaposlenika-kroz-zrelu-komunikaciju\/\",\"name\":\"RADIONICA: HR Speed Lab: Osna\u017eivanje zaposlenika kroz zrelu komunikaciju - HR Days\",\"isPartOf\":{\"@id\":\"https:\/\/hrdays.net\/#website\"},\"datePublished\":\"2026-03-06T13:34:35+00:00\",\"dateModified\":\"2026-03-06T13:34:37+00:00\",\"breadcrumb\":{\"@id\":\"https:\/\/hrdays.net\/radionica-hr-speed-lab-osnazivanje-zaposlenika-kroz-zrelu-komunikaciju\/#breadcrumb\"},\"inLanguage\":\"en-GB\",\"potentialAction\":[{\"@type\":\"ReadAction\",\"target\":[\"https:\/\/hrdays.net\/radionica-hr-speed-lab-osnazivanje-zaposlenika-kroz-zrelu-komunikaciju\/\"]}]},{\"@type\":\"BreadcrumbList\",\"@id\":\"https:\/\/hrdays.net\/radionica-hr-speed-lab-osnazivanje-zaposlenika-kroz-zrelu-komunikaciju\/#breadcrumb\",\"itemListElement\":[{\"@type\":\"ListItem\",\"position\":1,\"name\":\"Home\",\"item\":\"https:\/\/hrdays.net\/\"},{\"@type\":\"ListItem\",\"position\":2,\"name\":\"RADIONICA: HR Speed Lab: Osna\u017eivanje zaposlenika kroz zrelu komunikaciju\"}]},{\"@type\":\"WebSite\",\"@id\":\"https:\/\/hrdays.net\/#website\",\"url\":\"https:\/\/hrdays.net\/\",\"name\":\"HR Days\",\"description\":\"HRDays - konferencija o upravljanju ljudskim resursima\",\"potentialAction\":[{\"@type\":\"SearchAction\",\"target\":{\"@type\":\"EntryPoint\",\"urlTemplate\":\"https:\/\/hrdays.net\/?s={search_term_string}\"},\"query-input\":{\"@type\":\"PropertyValueSpecification\",\"valueRequired\":true,\"valueName\":\"search_term_string\"}}],\"inLanguage\":\"en-GB\"}]}<\/script>\n<!-- \/ Yoast SEO plugin. -->","yoast_head_json":{"title":"RADIONICA: HR Speed Lab: Osna\u017eivanje zaposlenika kroz zrelu komunikaciju - HR Days","robots":{"index":"index","follow":"follow","max-snippet":"max-snippet:-1","max-image-preview":"max-image-preview:large","max-video-preview":"max-video-preview:-1"},"canonical":"https:\/\/hrdays.net\/en\/radionica-hr-speed-lab-osnazivanje-zaposlenika-kroz-zrelu-komunikaciju\/","og_locale":"en_GB","og_type":"article","og_title":"RADIONICA: HR Speed Lab: Osna\u017eivanje zaposlenika kroz zrelu komunikaciju - HR Days","og_description":"Zamislite HR speed dating, ali umjesto spojeva, raspravljamo o razvoju zaposlenika! Kroz ovaj interaktivni format, sudionici \u0107e istra\u017eiti kako HR u praksi pristupa klju\u010dnim razvojnim procesima: razvoj kompetencija, u\u010denje i razvoj, karijerni napredak i anga\u017eman zaposlenika. Kroz razmjenu iskustava i...","og_url":"https:\/\/hrdays.net\/en\/radionica-hr-speed-lab-osnazivanje-zaposlenika-kroz-zrelu-komunikaciju\/","og_site_name":"HR Days","article_modified_time":"2026-03-06T13:34:37+00:00","og_image":[{"width":1200,"height":573,"url":"https:\/\/hrdays.net\/wp-content\/uploads\/2021\/03\/rovinj-conference-2.jpg","type":"image\/jpeg"}],"twitter_card":"summary_large_image","schema":{"@context":"https:\/\/schema.org","@graph":[{"@type":"WebPage","@id":"https:\/\/hrdays.net\/radionica-hr-speed-lab-osnazivanje-zaposlenika-kroz-zrelu-komunikaciju\/","url":"https:\/\/hrdays.net\/radionica-hr-speed-lab-osnazivanje-zaposlenika-kroz-zrelu-komunikaciju\/","name":"RADIONICA: HR Speed Lab: Osna\u017eivanje zaposlenika kroz zrelu komunikaciju - HR Days","isPartOf":{"@id":"https:\/\/hrdays.net\/#website"},"datePublished":"2026-03-06T13:34:35+00:00","dateModified":"2026-03-06T13:34:37+00:00","breadcrumb":{"@id":"https:\/\/hrdays.net\/radionica-hr-speed-lab-osnazivanje-zaposlenika-kroz-zrelu-komunikaciju\/#breadcrumb"},"inLanguage":"en-GB","potentialAction":[{"@type":"ReadAction","target":["https:\/\/hrdays.net\/radionica-hr-speed-lab-osnazivanje-zaposlenika-kroz-zrelu-komunikaciju\/"]}]},{"@type":"BreadcrumbList","@id":"https:\/\/hrdays.net\/radionica-hr-speed-lab-osnazivanje-zaposlenika-kroz-zrelu-komunikaciju\/#breadcrumb","itemListElement":[{"@type":"ListItem","position":1,"name":"Home","item":"https:\/\/hrdays.net\/"},{"@type":"ListItem","position":2,"name":"RADIONICA: HR Speed Lab: Osna\u017eivanje zaposlenika kroz zrelu komunikaciju"}]},{"@type":"WebSite","@id":"https:\/\/hrdays.net\/#website","url":"https:\/\/hrdays.net\/","name":"HR Days","description":"HRDays - konferencija o upravljanju ljudskim resursima","potentialAction":[{"@type":"SearchAction","target":{"@type":"EntryPoint","urlTemplate":"https:\/\/hrdays.net\/?s={search_term_string}"},"query-input":{"@type":"PropertyValueSpecification","valueRequired":true,"valueName":"search_term_string"}}],"inLanguage":"en-GB"}]}},"_links":{"self":[{"href":"https:\/\/hrdays.net\/en\/wp-json\/wp\/v2\/pages\/10513","targetHints":{"allow":["GET"]}}],"collection":[{"href":"https:\/\/hrdays.net\/en\/wp-json\/wp\/v2\/pages"}],"about":[{"href":"https:\/\/hrdays.net\/en\/wp-json\/wp\/v2\/types\/page"}],"author":[{"embeddable":true,"href":"https:\/\/hrdays.net\/en\/wp-json\/wp\/v2\/users\/119"}],"replies":[{"embeddable":true,"href":"https:\/\/hrdays.net\/en\/wp-json\/wp\/v2\/comments?post=10513"}],"version-history":[{"count":1,"href":"https:\/\/hrdays.net\/en\/wp-json\/wp\/v2\/pages\/10513\/revisions"}],"predecessor-version":[{"id":10521,"href":"https:\/\/hrdays.net\/en\/wp-json\/wp\/v2\/pages\/10513\/revisions\/10521"}],"wp:attachment":[{"href":"https:\/\/hrdays.net\/en\/wp-json\/wp\/v2\/media?parent=10513"}],"wp:term":[{"taxonomy":"category","embeddable":true,"href":"https:\/\/hrdays.net\/en\/wp-json\/wp\/v2\/categories?post=10513"},{"taxonomy":"post_tag","embeddable":true,"href":"https:\/\/hrdays.net\/en\/wp-json\/wp\/v2\/tags?post=10513"}],"curies":[{"name":"wp","href":"https:\/\/api.w.org\/{rel}","templated":true}]}}