{"id":10511,"date":"2026-03-06T14:34:06","date_gmt":"2026-03-06T13:34:06","guid":{"rendered":"https:\/\/hrdays.net\/?page_id=10511"},"modified":"2026-03-11T11:50:54","modified_gmt":"2026-03-11T10:50:54","slug":"panel-pozicija-hr-a-u-upravi-realnost-prakse","status":"publish","type":"page","link":"https:\/\/hrdays.net\/en\/panel-pozicija-hr-a-u-upravi-realnost-prakse\/","title":{"rendered":"PANEL: The Position of HR in Management: The Reality of Practice"},"content":{"rendered":"<p>This panel brings together HR managers who are also members of their organizations\u2019 management boards - professionals who daily balance business strategy with responsibility toward people. Through personal experiences and concrete examples, we will discuss the evolving role of HR at the highest decision-making level, the new responsibilities that come with such a position, as well as the challenges and pressures HR leaders face as part of the executive team.\n\nThe goal of the panel is to open an honest and realistic conversation about the true impact of HR at the board level, without idealization, but with a clear focus on the future of HR leadership.<\/p>\n\n\n\n<p class=\"translation-block\">The panel brings together HR managers who are also board members of their organizations \u2013 professionals who daily balance business strategy and responsibility toward people. Through personal experiences and concrete examples, we will discuss the changing role of HR at the highest level of decision-making, the new responsibilities such a position brings, and the challenges and pressures HR leaders face as part of the management team. The panel's goal is to open an honest and realistic conversation about the actual influence of HR in the board \u2013 without idealization, but with a clear focus on the future of HR leadership.\n\n\nIn this interesting discussion moderated by Domagoj Lipo\u0161inovi\u0107, the participants will be <a href=\"https:\/\/hrdays.net\/en\/?post_type=speaker&amp;p=10485&amp;preview=true&amp;_thumbnail_id=10489\" target=\"_self\"> Mojca Domiter<\/a>, VP Group People &amp; Culture, Atlantic Grupa, <a href=\"https:\/\/hrdays.net\/en\/?post_type=speaker&amp;p=10486&amp;preview=true&amp;_thumbnail_id=10492\" target=\"_self\">Marin Mlinari\u0107<\/a>, Director People &amp; Culture Croatia and Slovenia \u2013 Member of Management Board at Philip Morris International, Marija Zovko, People &amp; culture director Carlsberg Croatia group and <a href=\"https:\/\/hrdays.net\/en\/?post_type=speaker&amp;p=10487&amp;preview=true&amp;_thumbnail_id=10496\" target=\"_self\"> Marija Felkel <\/a>HR Director, Member of the Executive Board, Perutnina Ptuj Group.<\/p>","protected":false},"excerpt":{"rendered":"<p>Panel okuplja HR managere koji su ujedno i \u010dlanovi uprava svojih organizacija \u2013 profesionalce koji svakodnevno balansiraju izme\u0111u poslovne strategije i odgovornosti prema ljudima. Kroz osobna iskustva i konkretne primjere, razgovarat \u0107emo o promjeni uloge HR-a na najvi\u0161oj razini odlu\u010divanja,&#8230;<\/p>","protected":false},"author":119,"featured_media":0,"parent":0,"menu_order":0,"comment_status":"closed","ping_status":"closed","template":"","meta":{"_monsterinsights_skip_tracking":false,"_monsterinsights_sitenote_active":false,"_monsterinsights_sitenote_note":"","_monsterinsights_sitenote_category":0,"footnotes":""},"categories":[],"tags":[],"class_list":["post-10511","page","type-page","status-publish","hentry"],"yoast_head":"<!-- This site is optimized with the Yoast SEO plugin v25.3 - https:\/\/yoast.com\/wordpress\/plugins\/seo\/ -->\n<title>PANEL: Pozicija HR-a u Upravi: realnost prakse - HR Days<\/title>\n<meta name=\"robots\" content=\"index, follow, max-snippet:-1, max-image-preview:large, max-video-preview:-1\" \/>\n<link rel=\"canonical\" href=\"https:\/\/hrdays.net\/en\/panel-pozicija-hr-a-u-upravi-realnost-prakse\/\" \/>\n<meta property=\"og:locale\" content=\"en_GB\" \/>\n<meta property=\"og:type\" content=\"article\" \/>\n<meta property=\"og:title\" content=\"PANEL: Pozicija HR-a u Upravi: realnost prakse - HR Days\" \/>\n<meta property=\"og:description\" content=\"Panel okuplja HR managere koji su ujedno i \u010dlanovi uprava svojih organizacija \u2013 profesionalce koji svakodnevno balansiraju izme\u0111u poslovne strategije i odgovornosti prema ljudima. Kroz osobna iskustva i konkretne primjere, razgovarat \u0107emo o promjeni uloge HR-a na najvi\u0161oj razini odlu\u010divanja,...\" \/>\n<meta property=\"og:url\" content=\"https:\/\/hrdays.net\/en\/panel-pozicija-hr-a-u-upravi-realnost-prakse\/\" \/>\n<meta property=\"og:site_name\" content=\"HR Days\" \/>\n<meta property=\"article:modified_time\" content=\"2026-03-11T10:50:54+00:00\" \/>\n<meta property=\"og:image\" content=\"https:\/\/hrdays.net\/wp-content\/uploads\/2021\/03\/rovinj-conference-2.jpg\" \/>\n\t<meta property=\"og:image:width\" content=\"1200\" \/>\n\t<meta property=\"og:image:height\" content=\"573\" \/>\n\t<meta property=\"og:image:type\" content=\"image\/jpeg\" \/>\n<meta name=\"twitter:card\" content=\"summary_large_image\" \/>\n<meta name=\"twitter:label1\" content=\"Estimated reading time\" \/>\n\t<meta name=\"twitter:data1\" content=\"1 minute\" \/>\n<script type=\"application\/ld+json\" class=\"yoast-schema-graph\">{\"@context\":\"https:\/\/schema.org\",\"@graph\":[{\"@type\":\"WebPage\",\"@id\":\"https:\/\/hrdays.net\/panel-pozicija-hr-a-u-upravi-realnost-prakse\/\",\"url\":\"https:\/\/hrdays.net\/panel-pozicija-hr-a-u-upravi-realnost-prakse\/\",\"name\":\"PANEL: Pozicija HR-a u Upravi: realnost prakse - HR Days\",\"isPartOf\":{\"@id\":\"https:\/\/hrdays.net\/#website\"},\"datePublished\":\"2026-03-06T13:34:06+00:00\",\"dateModified\":\"2026-03-11T10:50:54+00:00\",\"breadcrumb\":{\"@id\":\"https:\/\/hrdays.net\/panel-pozicija-hr-a-u-upravi-realnost-prakse\/#breadcrumb\"},\"inLanguage\":\"en-GB\",\"potentialAction\":[{\"@type\":\"ReadAction\",\"target\":[\"https:\/\/hrdays.net\/panel-pozicija-hr-a-u-upravi-realnost-prakse\/\"]}]},{\"@type\":\"BreadcrumbList\",\"@id\":\"https:\/\/hrdays.net\/panel-pozicija-hr-a-u-upravi-realnost-prakse\/#breadcrumb\",\"itemListElement\":[{\"@type\":\"ListItem\",\"position\":1,\"name\":\"Home\",\"item\":\"https:\/\/hrdays.net\/\"},{\"@type\":\"ListItem\",\"position\":2,\"name\":\"PANEL: Pozicija HR-a u Upravi: realnost prakse\"}]},{\"@type\":\"WebSite\",\"@id\":\"https:\/\/hrdays.net\/#website\",\"url\":\"https:\/\/hrdays.net\/\",\"name\":\"HR Days\",\"description\":\"HRDays - konferencija o upravljanju ljudskim resursima\",\"potentialAction\":[{\"@type\":\"SearchAction\",\"target\":{\"@type\":\"EntryPoint\",\"urlTemplate\":\"https:\/\/hrdays.net\/?s={search_term_string}\"},\"query-input\":{\"@type\":\"PropertyValueSpecification\",\"valueRequired\":true,\"valueName\":\"search_term_string\"}}],\"inLanguage\":\"en-GB\"}]}<\/script>\n<!-- \/ Yoast SEO plugin. -->","yoast_head_json":{"title":"PANEL: Pozicija HR-a u Upravi: realnost prakse - HR Days","robots":{"index":"index","follow":"follow","max-snippet":"max-snippet:-1","max-image-preview":"max-image-preview:large","max-video-preview":"max-video-preview:-1"},"canonical":"https:\/\/hrdays.net\/en\/panel-pozicija-hr-a-u-upravi-realnost-prakse\/","og_locale":"en_GB","og_type":"article","og_title":"PANEL: Pozicija HR-a u Upravi: realnost prakse - HR Days","og_description":"Panel okuplja HR managere koji su ujedno i \u010dlanovi uprava svojih organizacija \u2013 profesionalce koji svakodnevno balansiraju izme\u0111u poslovne strategije i odgovornosti prema ljudima. Kroz osobna iskustva i konkretne primjere, razgovarat \u0107emo o promjeni uloge HR-a na najvi\u0161oj razini odlu\u010divanja,...","og_url":"https:\/\/hrdays.net\/en\/panel-pozicija-hr-a-u-upravi-realnost-prakse\/","og_site_name":"HR Days","article_modified_time":"2026-03-11T10:50:54+00:00","og_image":[{"width":1200,"height":573,"url":"https:\/\/hrdays.net\/wp-content\/uploads\/2021\/03\/rovinj-conference-2.jpg","type":"image\/jpeg"}],"twitter_card":"summary_large_image","twitter_misc":{"Estimated reading time":"1 minute"},"schema":{"@context":"https:\/\/schema.org","@graph":[{"@type":"WebPage","@id":"https:\/\/hrdays.net\/panel-pozicija-hr-a-u-upravi-realnost-prakse\/","url":"https:\/\/hrdays.net\/panel-pozicija-hr-a-u-upravi-realnost-prakse\/","name":"PANEL: Pozicija HR-a u Upravi: realnost prakse - HR Days","isPartOf":{"@id":"https:\/\/hrdays.net\/#website"},"datePublished":"2026-03-06T13:34:06+00:00","dateModified":"2026-03-11T10:50:54+00:00","breadcrumb":{"@id":"https:\/\/hrdays.net\/panel-pozicija-hr-a-u-upravi-realnost-prakse\/#breadcrumb"},"inLanguage":"en-GB","potentialAction":[{"@type":"ReadAction","target":["https:\/\/hrdays.net\/panel-pozicija-hr-a-u-upravi-realnost-prakse\/"]}]},{"@type":"BreadcrumbList","@id":"https:\/\/hrdays.net\/panel-pozicija-hr-a-u-upravi-realnost-prakse\/#breadcrumb","itemListElement":[{"@type":"ListItem","position":1,"name":"Home","item":"https:\/\/hrdays.net\/"},{"@type":"ListItem","position":2,"name":"PANEL: Pozicija HR-a u Upravi: realnost prakse"}]},{"@type":"WebSite","@id":"https:\/\/hrdays.net\/#website","url":"https:\/\/hrdays.net\/","name":"HR Days","description":"HRDays - konferencija o upravljanju ljudskim resursima","potentialAction":[{"@type":"SearchAction","target":{"@type":"EntryPoint","urlTemplate":"https:\/\/hrdays.net\/?s={search_term_string}"},"query-input":{"@type":"PropertyValueSpecification","valueRequired":true,"valueName":"search_term_string"}}],"inLanguage":"en-GB"}]}},"_links":{"self":[{"href":"https:\/\/hrdays.net\/en\/wp-json\/wp\/v2\/pages\/10511","targetHints":{"allow":["GET"]}}],"collection":[{"href":"https:\/\/hrdays.net\/en\/wp-json\/wp\/v2\/pages"}],"about":[{"href":"https:\/\/hrdays.net\/en\/wp-json\/wp\/v2\/types\/page"}],"author":[{"embeddable":true,"href":"https:\/\/hrdays.net\/en\/wp-json\/wp\/v2\/users\/119"}],"replies":[{"embeddable":true,"href":"https:\/\/hrdays.net\/en\/wp-json\/wp\/v2\/comments?post=10511"}],"version-history":[{"count":2,"href":"https:\/\/hrdays.net\/en\/wp-json\/wp\/v2\/pages\/10511\/revisions"}],"predecessor-version":[{"id":10622,"href":"https:\/\/hrdays.net\/en\/wp-json\/wp\/v2\/pages\/10511\/revisions\/10622"}],"wp:attachment":[{"href":"https:\/\/hrdays.net\/en\/wp-json\/wp\/v2\/media?parent=10511"}],"wp:term":[{"taxonomy":"category","embeddable":true,"href":"https:\/\/hrdays.net\/en\/wp-json\/wp\/v2\/categories?post=10511"},{"taxonomy":"post_tag","embeddable":true,"href":"https:\/\/hrdays.net\/en\/wp-json\/wp\/v2\/tags?post=10511"}],"curies":[{"name":"wp","href":"https:\/\/api.w.org\/{rel}","templated":true}]}}