{"id":10510,"date":"2026-03-06T14:33:52","date_gmt":"2026-03-06T13:33:52","guid":{"rendered":"https:\/\/hrdays.net\/?page_id=10510"},"modified":"2026-03-11T11:48:18","modified_gmt":"2026-03-11T10:48:18","slug":"predavanje-hr-identitet-the-iceberg-is-melting","status":"publish","type":"page","link":"https:\/\/hrdays.net\/en\/predavanje-hr-identitet-the-iceberg-is-melting\/","title":{"rendered":"LECTURE: HR identity: The iceberg is melting"},"content":{"rendered":"<p class=\"translation-block\">The lecture HR Identity: The Iceberg Is Melting is a direct call to reassess the identity of the HR function and the HR manager who has spent too long trying to appear strategic, while often remaining stuck in operations. We are entering an era of profound technological change that will not only transform tools and processes, but also the way people work, collaborate, and experience security. For this very reason, the ability to lead through transition will become one of the decisive competencies of organizations.<\/p>\n\n\n\n<p class=\"translation-block\">This lecture analyzes how HR got to this point \u2014 from personnel administration to the still often unrealized ambition of becoming a strategic partner \u2014 and why its own reactive patterns continue to keep it on the margins. All current trends point to one conclusion: the HR of the future will not survive simply because it is \u201cimportant,\u201d but only if it becomes business-relevant through redefining its identity. The ice is melting. The question we seek to answer is: which old and new elements of HR identity will create value for companies in the near future, and which will remain on the disappearing iceberg?<\/p>","protected":false},"excerpt":{"rendered":"<p>Predavanje&nbsp;HR identitet: The iceberg is melting&nbsp;je direktan poziv na preispitivanje identiteta HR funkcije i HR managera koji predugo poku\u0161ava izgledati strate\u0161ki, a \u010desto je i dalje blokiran u operativi. Ulazimo u eru dubokih tehnolo\u0161kih promjena koje ne\u0107e mijenjati samo alate&#8230;<\/p>","protected":false},"author":119,"featured_media":0,"parent":0,"menu_order":0,"comment_status":"closed","ping_status":"closed","template":"","meta":{"_monsterinsights_skip_tracking":false,"_monsterinsights_sitenote_active":false,"_monsterinsights_sitenote_note":"","_monsterinsights_sitenote_category":0,"footnotes":""},"categories":[],"tags":[],"class_list":["post-10510","page","type-page","status-publish","hentry"],"yoast_head":"<!-- This site is optimized with the Yoast SEO plugin v25.3 - https:\/\/yoast.com\/wordpress\/plugins\/seo\/ -->\n<title>PREDAVANJE: HR identitet: The iceberg is melting - HR Days<\/title>\n<meta name=\"robots\" content=\"index, follow, max-snippet:-1, max-image-preview:large, max-video-preview:-1\" \/>\n<link rel=\"canonical\" href=\"https:\/\/hrdays.net\/en\/predavanje-hr-identitet-the-iceberg-is-melting\/\" \/>\n<meta property=\"og:locale\" content=\"en_GB\" \/>\n<meta property=\"og:type\" content=\"article\" \/>\n<meta property=\"og:title\" content=\"PREDAVANJE: HR identitet: The iceberg is melting - HR Days\" \/>\n<meta property=\"og:description\" content=\"Predavanje&nbsp;HR identitet: The iceberg is melting&nbsp;je direktan poziv na preispitivanje identiteta HR funkcije i HR managera koji predugo poku\u0161ava izgledati strate\u0161ki, a \u010desto je i dalje blokiran u operativi. Ulazimo u eru dubokih tehnolo\u0161kih promjena koje ne\u0107e mijenjati samo alate...\" \/>\n<meta property=\"og:url\" content=\"https:\/\/hrdays.net\/en\/predavanje-hr-identitet-the-iceberg-is-melting\/\" \/>\n<meta property=\"og:site_name\" content=\"HR Days\" \/>\n<meta property=\"article:modified_time\" content=\"2026-03-11T10:48:18+00:00\" \/>\n<meta property=\"og:image\" content=\"https:\/\/hrdays.net\/wp-content\/uploads\/2021\/03\/rovinj-conference-2.jpg\" \/>\n\t<meta property=\"og:image:width\" content=\"1200\" \/>\n\t<meta property=\"og:image:height\" content=\"573\" \/>\n\t<meta property=\"og:image:type\" content=\"image\/jpeg\" \/>\n<meta name=\"twitter:card\" content=\"summary_large_image\" \/>\n<meta name=\"twitter:label1\" content=\"Estimated reading time\" \/>\n\t<meta name=\"twitter:data1\" content=\"1 minute\" \/>\n<script type=\"application\/ld+json\" class=\"yoast-schema-graph\">{\"@context\":\"https:\/\/schema.org\",\"@graph\":[{\"@type\":\"WebPage\",\"@id\":\"https:\/\/hrdays.net\/predavanje-hr-identitet-the-iceberg-is-melting\/\",\"url\":\"https:\/\/hrdays.net\/predavanje-hr-identitet-the-iceberg-is-melting\/\",\"name\":\"PREDAVANJE: HR identitet: The iceberg is melting - HR Days\",\"isPartOf\":{\"@id\":\"https:\/\/hrdays.net\/#website\"},\"datePublished\":\"2026-03-06T13:33:52+00:00\",\"dateModified\":\"2026-03-11T10:48:18+00:00\",\"breadcrumb\":{\"@id\":\"https:\/\/hrdays.net\/predavanje-hr-identitet-the-iceberg-is-melting\/#breadcrumb\"},\"inLanguage\":\"en-GB\",\"potentialAction\":[{\"@type\":\"ReadAction\",\"target\":[\"https:\/\/hrdays.net\/predavanje-hr-identitet-the-iceberg-is-melting\/\"]}]},{\"@type\":\"BreadcrumbList\",\"@id\":\"https:\/\/hrdays.net\/predavanje-hr-identitet-the-iceberg-is-melting\/#breadcrumb\",\"itemListElement\":[{\"@type\":\"ListItem\",\"position\":1,\"name\":\"Home\",\"item\":\"https:\/\/hrdays.net\/\"},{\"@type\":\"ListItem\",\"position\":2,\"name\":\"PREDAVANJE: HR identitet: The iceberg is melting\"}]},{\"@type\":\"WebSite\",\"@id\":\"https:\/\/hrdays.net\/#website\",\"url\":\"https:\/\/hrdays.net\/\",\"name\":\"HR Days\",\"description\":\"HRDays - konferencija o upravljanju ljudskim resursima\",\"potentialAction\":[{\"@type\":\"SearchAction\",\"target\":{\"@type\":\"EntryPoint\",\"urlTemplate\":\"https:\/\/hrdays.net\/?s={search_term_string}\"},\"query-input\":{\"@type\":\"PropertyValueSpecification\",\"valueRequired\":true,\"valueName\":\"search_term_string\"}}],\"inLanguage\":\"en-GB\"}]}<\/script>\n<!-- \/ Yoast SEO plugin. -->","yoast_head_json":{"title":"PREDAVANJE: HR identitet: The iceberg is melting - HR Days","robots":{"index":"index","follow":"follow","max-snippet":"max-snippet:-1","max-image-preview":"max-image-preview:large","max-video-preview":"max-video-preview:-1"},"canonical":"https:\/\/hrdays.net\/en\/predavanje-hr-identitet-the-iceberg-is-melting\/","og_locale":"en_GB","og_type":"article","og_title":"PREDAVANJE: HR identitet: The iceberg is melting - HR Days","og_description":"Predavanje&nbsp;HR identitet: The iceberg is melting&nbsp;je direktan poziv na preispitivanje identiteta HR funkcije i HR managera koji predugo poku\u0161ava izgledati strate\u0161ki, a \u010desto je i dalje blokiran u operativi. Ulazimo u eru dubokih tehnolo\u0161kih promjena koje ne\u0107e mijenjati samo alate...","og_url":"https:\/\/hrdays.net\/en\/predavanje-hr-identitet-the-iceberg-is-melting\/","og_site_name":"HR Days","article_modified_time":"2026-03-11T10:48:18+00:00","og_image":[{"width":1200,"height":573,"url":"https:\/\/hrdays.net\/wp-content\/uploads\/2021\/03\/rovinj-conference-2.jpg","type":"image\/jpeg"}],"twitter_card":"summary_large_image","twitter_misc":{"Estimated reading time":"1 minute"},"schema":{"@context":"https:\/\/schema.org","@graph":[{"@type":"WebPage","@id":"https:\/\/hrdays.net\/predavanje-hr-identitet-the-iceberg-is-melting\/","url":"https:\/\/hrdays.net\/predavanje-hr-identitet-the-iceberg-is-melting\/","name":"PREDAVANJE: HR identitet: The iceberg is melting - HR Days","isPartOf":{"@id":"https:\/\/hrdays.net\/#website"},"datePublished":"2026-03-06T13:33:52+00:00","dateModified":"2026-03-11T10:48:18+00:00","breadcrumb":{"@id":"https:\/\/hrdays.net\/predavanje-hr-identitet-the-iceberg-is-melting\/#breadcrumb"},"inLanguage":"en-GB","potentialAction":[{"@type":"ReadAction","target":["https:\/\/hrdays.net\/predavanje-hr-identitet-the-iceberg-is-melting\/"]}]},{"@type":"BreadcrumbList","@id":"https:\/\/hrdays.net\/predavanje-hr-identitet-the-iceberg-is-melting\/#breadcrumb","itemListElement":[{"@type":"ListItem","position":1,"name":"Home","item":"https:\/\/hrdays.net\/"},{"@type":"ListItem","position":2,"name":"PREDAVANJE: HR identitet: The iceberg is melting"}]},{"@type":"WebSite","@id":"https:\/\/hrdays.net\/#website","url":"https:\/\/hrdays.net\/","name":"HR Days","description":"HRDays - konferencija o upravljanju ljudskim resursima","potentialAction":[{"@type":"SearchAction","target":{"@type":"EntryPoint","urlTemplate":"https:\/\/hrdays.net\/?s={search_term_string}"},"query-input":{"@type":"PropertyValueSpecification","valueRequired":true,"valueName":"search_term_string"}}],"inLanguage":"en-GB"}]}},"_links":{"self":[{"href":"https:\/\/hrdays.net\/en\/wp-json\/wp\/v2\/pages\/10510","targetHints":{"allow":["GET"]}}],"collection":[{"href":"https:\/\/hrdays.net\/en\/wp-json\/wp\/v2\/pages"}],"about":[{"href":"https:\/\/hrdays.net\/en\/wp-json\/wp\/v2\/types\/page"}],"author":[{"embeddable":true,"href":"https:\/\/hrdays.net\/en\/wp-json\/wp\/v2\/users\/119"}],"replies":[{"embeddable":true,"href":"https:\/\/hrdays.net\/en\/wp-json\/wp\/v2\/comments?post=10510"}],"version-history":[{"count":2,"href":"https:\/\/hrdays.net\/en\/wp-json\/wp\/v2\/pages\/10510\/revisions"}],"predecessor-version":[{"id":10621,"href":"https:\/\/hrdays.net\/en\/wp-json\/wp\/v2\/pages\/10510\/revisions\/10621"}],"wp:attachment":[{"href":"https:\/\/hrdays.net\/en\/wp-json\/wp\/v2\/media?parent=10510"}],"wp:term":[{"taxonomy":"category","embeddable":true,"href":"https:\/\/hrdays.net\/en\/wp-json\/wp\/v2\/categories?post=10510"},{"taxonomy":"post_tag","embeddable":true,"href":"https:\/\/hrdays.net\/en\/wp-json\/wp\/v2\/tags?post=10510"}],"curies":[{"name":"wp","href":"https:\/\/api.w.org\/{rel}","templated":true}]}}