{"id":10471,"date":"2026-03-04T15:38:39","date_gmt":"2026-03-04T14:38:39","guid":{"rendered":"https:\/\/hrdays.net\/?page_id=10471"},"modified":"2026-03-04T15:38:40","modified_gmt":"2026-03-04T14:38:40","slug":"radionica-belbin-u-praksi-hr-a","status":"publish","type":"page","link":"https:\/\/hrdays.net\/en\/radionica-belbin-u-praksi-hr-a\/","title":{"rendered":"WORKSHOP: Belbin in HR Practice"},"content":{"rendered":"<p>Why do some teams click while others stall despite having top-tier individuals? In this dynamic workshop, you will discover the practical application of the Belbin Team Roles model and learn how to consciously build complementary, effective, and cohesive teams. The focus is on concrete HR challenges: how to assemble a successful and balanced team, how to identify and constructively resolve conflicts before they escalate, and how to improve communication between different work styles and personalities.<\/p>\n\n\n\n<p>Participants will receive practical tools for identifying team roles, structured conflict resolution, and strengthening collaboration in their daily work. The workshop is led by Ana Petelin\u0161ek, Head of Executive Search and Assessment at SELECTIO Group, who has extensive experience in developing successful managerial and expert teams.<\/p>","protected":false},"excerpt":{"rendered":"<p>Za\u0161to neki timovi kliknu, a drugi zapnu unato\u010d vrhunskim pojedincima? Na ovoj dinami\u010dnoj radionici upoznat \u0107ete prakti\u010dnu primjenu Belbin modela timskih uloga te nau\u010diti kako svjesno graditi komplementarne, u\u010dinkovite i kohezivne timove. Fokus je na konkretnim HR izazovima: kako slo\u017eiti&#8230;<\/p>","protected":false},"author":119,"featured_media":0,"parent":0,"menu_order":0,"comment_status":"closed","ping_status":"closed","template":"","meta":{"_monsterinsights_skip_tracking":false,"_monsterinsights_sitenote_active":false,"_monsterinsights_sitenote_note":"","_monsterinsights_sitenote_category":0,"footnotes":""},"categories":[],"tags":[],"class_list":["post-10471","page","type-page","status-publish","hentry"],"yoast_head":"<!-- This site is optimized with the Yoast SEO plugin v25.3 - https:\/\/yoast.com\/wordpress\/plugins\/seo\/ -->\n<title>RADIONICA: Belbin u praksi HR-a - HR Days<\/title>\n<meta name=\"robots\" content=\"index, follow, max-snippet:-1, max-image-preview:large, max-video-preview:-1\" \/>\n<link rel=\"canonical\" href=\"https:\/\/hrdays.net\/en\/radionica-belbin-u-praksi-hr-a\/\" \/>\n<meta property=\"og:locale\" content=\"en_GB\" \/>\n<meta property=\"og:type\" content=\"article\" \/>\n<meta property=\"og:title\" content=\"RADIONICA: Belbin u praksi HR-a - HR Days\" \/>\n<meta property=\"og:description\" content=\"Za\u0161to neki timovi kliknu, a drugi zapnu unato\u010d vrhunskim pojedincima? Na ovoj dinami\u010dnoj radionici upoznat \u0107ete prakti\u010dnu primjenu Belbin modela timskih uloga te nau\u010diti kako svjesno graditi komplementarne, u\u010dinkovite i kohezivne timove. Fokus je na konkretnim HR izazovima: kako slo\u017eiti...\" \/>\n<meta property=\"og:url\" content=\"https:\/\/hrdays.net\/en\/radionica-belbin-u-praksi-hr-a\/\" \/>\n<meta property=\"og:site_name\" content=\"HR Days\" \/>\n<meta property=\"article:modified_time\" content=\"2026-03-04T14:38:40+00:00\" \/>\n<meta property=\"og:image\" content=\"https:\/\/hrdays.net\/wp-content\/uploads\/2021\/03\/rovinj-conference-2.jpg\" \/>\n\t<meta property=\"og:image:width\" content=\"1200\" \/>\n\t<meta property=\"og:image:height\" content=\"573\" \/>\n\t<meta property=\"og:image:type\" content=\"image\/jpeg\" \/>\n<meta name=\"twitter:card\" content=\"summary_large_image\" \/>\n<meta name=\"twitter:label1\" content=\"Estimated reading time\" \/>\n\t<meta name=\"twitter:data1\" content=\"1 minute\" \/>\n<script type=\"application\/ld+json\" class=\"yoast-schema-graph\">{\"@context\":\"https:\/\/schema.org\",\"@graph\":[{\"@type\":\"WebPage\",\"@id\":\"https:\/\/hrdays.net\/radionica-belbin-u-praksi-hr-a\/\",\"url\":\"https:\/\/hrdays.net\/radionica-belbin-u-praksi-hr-a\/\",\"name\":\"RADIONICA: Belbin u praksi HR-a - HR Days\",\"isPartOf\":{\"@id\":\"https:\/\/hrdays.net\/#website\"},\"datePublished\":\"2026-03-04T14:38:39+00:00\",\"dateModified\":\"2026-03-04T14:38:40+00:00\",\"breadcrumb\":{\"@id\":\"https:\/\/hrdays.net\/radionica-belbin-u-praksi-hr-a\/#breadcrumb\"},\"inLanguage\":\"en-GB\",\"potentialAction\":[{\"@type\":\"ReadAction\",\"target\":[\"https:\/\/hrdays.net\/radionica-belbin-u-praksi-hr-a\/\"]}]},{\"@type\":\"BreadcrumbList\",\"@id\":\"https:\/\/hrdays.net\/radionica-belbin-u-praksi-hr-a\/#breadcrumb\",\"itemListElement\":[{\"@type\":\"ListItem\",\"position\":1,\"name\":\"Home\",\"item\":\"https:\/\/hrdays.net\/\"},{\"@type\":\"ListItem\",\"position\":2,\"name\":\"RADIONICA: Belbin u praksi HR-a\"}]},{\"@type\":\"WebSite\",\"@id\":\"https:\/\/hrdays.net\/#website\",\"url\":\"https:\/\/hrdays.net\/\",\"name\":\"HR Days\",\"description\":\"HRDays - konferencija o upravljanju ljudskim resursima\",\"potentialAction\":[{\"@type\":\"SearchAction\",\"target\":{\"@type\":\"EntryPoint\",\"urlTemplate\":\"https:\/\/hrdays.net\/?s={search_term_string}\"},\"query-input\":{\"@type\":\"PropertyValueSpecification\",\"valueRequired\":true,\"valueName\":\"search_term_string\"}}],\"inLanguage\":\"en-GB\"}]}<\/script>\n<!-- \/ Yoast SEO plugin. -->","yoast_head_json":{"title":"RADIONICA: Belbin u praksi HR-a - HR Days","robots":{"index":"index","follow":"follow","max-snippet":"max-snippet:-1","max-image-preview":"max-image-preview:large","max-video-preview":"max-video-preview:-1"},"canonical":"https:\/\/hrdays.net\/en\/radionica-belbin-u-praksi-hr-a\/","og_locale":"en_GB","og_type":"article","og_title":"RADIONICA: Belbin u praksi HR-a - HR Days","og_description":"Za\u0161to neki timovi kliknu, a drugi zapnu unato\u010d vrhunskim pojedincima? Na ovoj dinami\u010dnoj radionici upoznat \u0107ete prakti\u010dnu primjenu Belbin modela timskih uloga te nau\u010diti kako svjesno graditi komplementarne, u\u010dinkovite i kohezivne timove. Fokus je na konkretnim HR izazovima: kako slo\u017eiti...","og_url":"https:\/\/hrdays.net\/en\/radionica-belbin-u-praksi-hr-a\/","og_site_name":"HR Days","article_modified_time":"2026-03-04T14:38:40+00:00","og_image":[{"width":1200,"height":573,"url":"https:\/\/hrdays.net\/wp-content\/uploads\/2021\/03\/rovinj-conference-2.jpg","type":"image\/jpeg"}],"twitter_card":"summary_large_image","twitter_misc":{"Estimated reading time":"1 minute"},"schema":{"@context":"https:\/\/schema.org","@graph":[{"@type":"WebPage","@id":"https:\/\/hrdays.net\/radionica-belbin-u-praksi-hr-a\/","url":"https:\/\/hrdays.net\/radionica-belbin-u-praksi-hr-a\/","name":"RADIONICA: Belbin u praksi HR-a - HR Days","isPartOf":{"@id":"https:\/\/hrdays.net\/#website"},"datePublished":"2026-03-04T14:38:39+00:00","dateModified":"2026-03-04T14:38:40+00:00","breadcrumb":{"@id":"https:\/\/hrdays.net\/radionica-belbin-u-praksi-hr-a\/#breadcrumb"},"inLanguage":"en-GB","potentialAction":[{"@type":"ReadAction","target":["https:\/\/hrdays.net\/radionica-belbin-u-praksi-hr-a\/"]}]},{"@type":"BreadcrumbList","@id":"https:\/\/hrdays.net\/radionica-belbin-u-praksi-hr-a\/#breadcrumb","itemListElement":[{"@type":"ListItem","position":1,"name":"Home","item":"https:\/\/hrdays.net\/"},{"@type":"ListItem","position":2,"name":"RADIONICA: Belbin u praksi HR-a"}]},{"@type":"WebSite","@id":"https:\/\/hrdays.net\/#website","url":"https:\/\/hrdays.net\/","name":"HR Days","description":"HRDays - konferencija o upravljanju ljudskim resursima","potentialAction":[{"@type":"SearchAction","target":{"@type":"EntryPoint","urlTemplate":"https:\/\/hrdays.net\/?s={search_term_string}"},"query-input":{"@type":"PropertyValueSpecification","valueRequired":true,"valueName":"search_term_string"}}],"inLanguage":"en-GB"}]}},"_links":{"self":[{"href":"https:\/\/hrdays.net\/en\/wp-json\/wp\/v2\/pages\/10471","targetHints":{"allow":["GET"]}}],"collection":[{"href":"https:\/\/hrdays.net\/en\/wp-json\/wp\/v2\/pages"}],"about":[{"href":"https:\/\/hrdays.net\/en\/wp-json\/wp\/v2\/types\/page"}],"author":[{"embeddable":true,"href":"https:\/\/hrdays.net\/en\/wp-json\/wp\/v2\/users\/119"}],"replies":[{"embeddable":true,"href":"https:\/\/hrdays.net\/en\/wp-json\/wp\/v2\/comments?post=10471"}],"version-history":[{"count":1,"href":"https:\/\/hrdays.net\/en\/wp-json\/wp\/v2\/pages\/10471\/revisions"}],"predecessor-version":[{"id":10474,"href":"https:\/\/hrdays.net\/en\/wp-json\/wp\/v2\/pages\/10471\/revisions\/10474"}],"wp:attachment":[{"href":"https:\/\/hrdays.net\/en\/wp-json\/wp\/v2\/media?parent=10471"}],"wp:term":[{"taxonomy":"category","embeddable":true,"href":"https:\/\/hrdays.net\/en\/wp-json\/wp\/v2\/categories?post=10471"},{"taxonomy":"post_tag","embeddable":true,"href":"https:\/\/hrdays.net\/en\/wp-json\/wp\/v2\/tags?post=10471"}],"curies":[{"name":"wp","href":"https:\/\/api.w.org\/{rel}","templated":true}]}}