{"id":10468,"date":"2026-03-04T15:37:07","date_gmt":"2026-03-04T14:37:07","guid":{"rendered":"https:\/\/hrdays.net\/?page_id=10468"},"modified":"2026-03-04T15:37:09","modified_gmt":"2026-03-04T14:37:09","slug":"radionica-kako-sprijeciti-da-se-novi-voditelji-spoticu-u-prvim-mjesecima-godini","status":"publish","type":"page","link":"https:\/\/hrdays.net\/en\/radionica-kako-sprijeciti-da-se-novi-voditelji-spoticu-u-prvim-mjesecima-godini\/","title":{"rendered":"WORKSHOP: How to prevent new leaders from stumbling in their first months\/year"},"content":{"rendered":"<p>This workshop provides you with concrete HR tools and a structure of activities that, when applied, encourage the adaptability and success of new leaders.<\/p>\n\n\n\n<p>We cover the period before taking on the role, during the first weeks\/months, and throughout the crucial first year of leadership. Practical, clear, and immediately applicable.<\/p>\n\n\n\n<p><em>Because proper and timely HR support truly makes a measurable difference!<\/em><\/p>\n\n\n\n<p>&nbsp;<strong>Target group\/audience:<\/strong><\/p>\n\n\n\n<p>HR managers, HR Business Partners, HR associates\/specialists, leaders!<\/p>\n\n\n\n<p><\/p>","protected":false},"excerpt":{"rendered":"<p>Ova radionica donosi vam konkretne HR alate i strukturu aktivnosti koja u primjeni poti\u010de snala\u017eenje i uspje\u0161nost novih voditelja. Prolazimo period prije ulaska u ulogu, tijekom prvih tjedana\/mjeseci te kroz klju\u010dnu prvu godinu vo\u0111enja. Prakti\u010dno, jasno i primjenjivo odmah. Jer&#8230;<\/p>","protected":false},"author":119,"featured_media":0,"parent":0,"menu_order":0,"comment_status":"closed","ping_status":"closed","template":"","meta":{"_monsterinsights_skip_tracking":false,"_monsterinsights_sitenote_active":false,"_monsterinsights_sitenote_note":"","_monsterinsights_sitenote_category":0,"footnotes":""},"categories":[],"tags":[],"class_list":["post-10468","page","type-page","status-publish","hentry"],"yoast_head":"<!-- This site is optimized with the Yoast SEO plugin v25.3 - https:\/\/yoast.com\/wordpress\/plugins\/seo\/ -->\n<title>RADIONICA: Kako sprije\u010diti da se novi voditelji \u201espoti\u010du\u201c u prvim mjesecima\/godini? - HR Days<\/title>\n<meta name=\"robots\" content=\"index, follow, max-snippet:-1, max-image-preview:large, max-video-preview:-1\" \/>\n<link rel=\"canonical\" href=\"https:\/\/hrdays.net\/en\/radionica-kako-sprijeciti-da-se-novi-voditelji-spoticu-u-prvim-mjesecima-godini\/\" \/>\n<meta property=\"og:locale\" content=\"en_GB\" \/>\n<meta property=\"og:type\" content=\"article\" \/>\n<meta property=\"og:title\" content=\"RADIONICA: Kako sprije\u010diti da se novi voditelji \u201espoti\u010du\u201c u prvim mjesecima\/godini? - HR Days\" \/>\n<meta property=\"og:description\" content=\"Ova radionica donosi vam konkretne HR alate i strukturu aktivnosti koja u primjeni poti\u010de snala\u017eenje i uspje\u0161nost novih voditelja. Prolazimo period prije ulaska u ulogu, tijekom prvih tjedana\/mjeseci te kroz klju\u010dnu prvu godinu vo\u0111enja. Prakti\u010dno, jasno i primjenjivo odmah. Jer...\" \/>\n<meta property=\"og:url\" content=\"https:\/\/hrdays.net\/en\/radionica-kako-sprijeciti-da-se-novi-voditelji-spoticu-u-prvim-mjesecima-godini\/\" \/>\n<meta property=\"og:site_name\" content=\"HR Days\" \/>\n<meta property=\"article:modified_time\" content=\"2026-03-04T14:37:09+00:00\" \/>\n<meta property=\"og:image\" content=\"https:\/\/hrdays.net\/wp-content\/uploads\/2021\/03\/rovinj-conference-2.jpg\" \/>\n\t<meta property=\"og:image:width\" content=\"1200\" \/>\n\t<meta property=\"og:image:height\" content=\"573\" \/>\n\t<meta property=\"og:image:type\" content=\"image\/jpeg\" \/>\n<meta name=\"twitter:card\" content=\"summary_large_image\" \/>\n<meta name=\"twitter:label1\" content=\"Estimated reading time\" \/>\n\t<meta name=\"twitter:data1\" content=\"1 minute\" \/>\n<script type=\"application\/ld+json\" class=\"yoast-schema-graph\">{\"@context\":\"https:\/\/schema.org\",\"@graph\":[{\"@type\":\"WebPage\",\"@id\":\"https:\/\/hrdays.net\/radionica-kako-sprijeciti-da-se-novi-voditelji-spoticu-u-prvim-mjesecima-godini\/\",\"url\":\"https:\/\/hrdays.net\/radionica-kako-sprijeciti-da-se-novi-voditelji-spoticu-u-prvim-mjesecima-godini\/\",\"name\":\"RADIONICA: Kako sprije\u010diti da se novi voditelji \u201espoti\u010du\u201c u prvim mjesecima\/godini? - HR Days\",\"isPartOf\":{\"@id\":\"https:\/\/hrdays.net\/#website\"},\"datePublished\":\"2026-03-04T14:37:07+00:00\",\"dateModified\":\"2026-03-04T14:37:09+00:00\",\"breadcrumb\":{\"@id\":\"https:\/\/hrdays.net\/radionica-kako-sprijeciti-da-se-novi-voditelji-spoticu-u-prvim-mjesecima-godini\/#breadcrumb\"},\"inLanguage\":\"en-GB\",\"potentialAction\":[{\"@type\":\"ReadAction\",\"target\":[\"https:\/\/hrdays.net\/radionica-kako-sprijeciti-da-se-novi-voditelji-spoticu-u-prvim-mjesecima-godini\/\"]}]},{\"@type\":\"BreadcrumbList\",\"@id\":\"https:\/\/hrdays.net\/radionica-kako-sprijeciti-da-se-novi-voditelji-spoticu-u-prvim-mjesecima-godini\/#breadcrumb\",\"itemListElement\":[{\"@type\":\"ListItem\",\"position\":1,\"name\":\"Home\",\"item\":\"https:\/\/hrdays.net\/\"},{\"@type\":\"ListItem\",\"position\":2,\"name\":\"RADIONICA: Kako sprije\u010diti da se novi voditelji \u201espoti\u010du\u201c u prvim mjesecima\/godini?\"}]},{\"@type\":\"WebSite\",\"@id\":\"https:\/\/hrdays.net\/#website\",\"url\":\"https:\/\/hrdays.net\/\",\"name\":\"HR Days\",\"description\":\"HRDays - konferencija o upravljanju ljudskim resursima\",\"potentialAction\":[{\"@type\":\"SearchAction\",\"target\":{\"@type\":\"EntryPoint\",\"urlTemplate\":\"https:\/\/hrdays.net\/?s={search_term_string}\"},\"query-input\":{\"@type\":\"PropertyValueSpecification\",\"valueRequired\":true,\"valueName\":\"search_term_string\"}}],\"inLanguage\":\"en-GB\"}]}<\/script>\n<!-- \/ Yoast SEO plugin. -->","yoast_head_json":{"title":"RADIONICA: Kako sprije\u010diti da se novi voditelji \u201espoti\u010du\u201c u prvim mjesecima\/godini? - HR Days","robots":{"index":"index","follow":"follow","max-snippet":"max-snippet:-1","max-image-preview":"max-image-preview:large","max-video-preview":"max-video-preview:-1"},"canonical":"https:\/\/hrdays.net\/en\/radionica-kako-sprijeciti-da-se-novi-voditelji-spoticu-u-prvim-mjesecima-godini\/","og_locale":"en_GB","og_type":"article","og_title":"RADIONICA: Kako sprije\u010diti da se novi voditelji \u201espoti\u010du\u201c u prvim mjesecima\/godini? - HR Days","og_description":"Ova radionica donosi vam konkretne HR alate i strukturu aktivnosti koja u primjeni poti\u010de snala\u017eenje i uspje\u0161nost novih voditelja. Prolazimo period prije ulaska u ulogu, tijekom prvih tjedana\/mjeseci te kroz klju\u010dnu prvu godinu vo\u0111enja. Prakti\u010dno, jasno i primjenjivo odmah. Jer...","og_url":"https:\/\/hrdays.net\/en\/radionica-kako-sprijeciti-da-se-novi-voditelji-spoticu-u-prvim-mjesecima-godini\/","og_site_name":"HR Days","article_modified_time":"2026-03-04T14:37:09+00:00","og_image":[{"width":1200,"height":573,"url":"https:\/\/hrdays.net\/wp-content\/uploads\/2021\/03\/rovinj-conference-2.jpg","type":"image\/jpeg"}],"twitter_card":"summary_large_image","twitter_misc":{"Estimated reading time":"1 minute"},"schema":{"@context":"https:\/\/schema.org","@graph":[{"@type":"WebPage","@id":"https:\/\/hrdays.net\/radionica-kako-sprijeciti-da-se-novi-voditelji-spoticu-u-prvim-mjesecima-godini\/","url":"https:\/\/hrdays.net\/radionica-kako-sprijeciti-da-se-novi-voditelji-spoticu-u-prvim-mjesecima-godini\/","name":"RADIONICA: Kako sprije\u010diti da se novi voditelji \u201espoti\u010du\u201c u prvim mjesecima\/godini? - HR Days","isPartOf":{"@id":"https:\/\/hrdays.net\/#website"},"datePublished":"2026-03-04T14:37:07+00:00","dateModified":"2026-03-04T14:37:09+00:00","breadcrumb":{"@id":"https:\/\/hrdays.net\/radionica-kako-sprijeciti-da-se-novi-voditelji-spoticu-u-prvim-mjesecima-godini\/#breadcrumb"},"inLanguage":"en-GB","potentialAction":[{"@type":"ReadAction","target":["https:\/\/hrdays.net\/radionica-kako-sprijeciti-da-se-novi-voditelji-spoticu-u-prvim-mjesecima-godini\/"]}]},{"@type":"BreadcrumbList","@id":"https:\/\/hrdays.net\/radionica-kako-sprijeciti-da-se-novi-voditelji-spoticu-u-prvim-mjesecima-godini\/#breadcrumb","itemListElement":[{"@type":"ListItem","position":1,"name":"Home","item":"https:\/\/hrdays.net\/"},{"@type":"ListItem","position":2,"name":"RADIONICA: Kako sprije\u010diti da se novi voditelji \u201espoti\u010du\u201c u prvim mjesecima\/godini?"}]},{"@type":"WebSite","@id":"https:\/\/hrdays.net\/#website","url":"https:\/\/hrdays.net\/","name":"HR Days","description":"HRDays - konferencija o upravljanju ljudskim resursima","potentialAction":[{"@type":"SearchAction","target":{"@type":"EntryPoint","urlTemplate":"https:\/\/hrdays.net\/?s={search_term_string}"},"query-input":{"@type":"PropertyValueSpecification","valueRequired":true,"valueName":"search_term_string"}}],"inLanguage":"en-GB"}]}},"_links":{"self":[{"href":"https:\/\/hrdays.net\/en\/wp-json\/wp\/v2\/pages\/10468","targetHints":{"allow":["GET"]}}],"collection":[{"href":"https:\/\/hrdays.net\/en\/wp-json\/wp\/v2\/pages"}],"about":[{"href":"https:\/\/hrdays.net\/en\/wp-json\/wp\/v2\/types\/page"}],"author":[{"embeddable":true,"href":"https:\/\/hrdays.net\/en\/wp-json\/wp\/v2\/users\/119"}],"replies":[{"embeddable":true,"href":"https:\/\/hrdays.net\/en\/wp-json\/wp\/v2\/comments?post=10468"}],"version-history":[{"count":1,"href":"https:\/\/hrdays.net\/en\/wp-json\/wp\/v2\/pages\/10468\/revisions"}],"predecessor-version":[{"id":10472,"href":"https:\/\/hrdays.net\/en\/wp-json\/wp\/v2\/pages\/10468\/revisions\/10472"}],"wp:attachment":[{"href":"https:\/\/hrdays.net\/en\/wp-json\/wp\/v2\/media?parent=10468"}],"wp:term":[{"taxonomy":"category","embeddable":true,"href":"https:\/\/hrdays.net\/en\/wp-json\/wp\/v2\/categories?post=10468"},{"taxonomy":"post_tag","embeddable":true,"href":"https:\/\/hrdays.net\/en\/wp-json\/wp\/v2\/tags?post=10468"}],"curies":[{"name":"wp","href":"https:\/\/api.w.org\/{rel}","templated":true}]}}